{"id":249,"date":"2015-10-20T20:48:10","date_gmt":"2015-10-20T22:48:10","guid":{"rendered":"https:\/\/wp.ufpel.edu.br\/ppgcienciapolitica\/?page_id=249"},"modified":"2019-04-04T17:08:52","modified_gmt":"2019-04-04T20:08:52","slug":"turma-2013-2","status":"publish","type":"page","link":"https:\/\/wp.ufpel.edu.br\/ppgcienciapolitica\/corpo-docente\/mestrado\/turma-2013-2\/","title":{"rendered":"Turma 2013"},"content":{"rendered":"<p>Caroline Bianca Graeff<\/p>\n<p>Daiana Lopes Dias<\/p>\n<p>Daniel de Souza Lemos<\/p>\n<p>Jaqueline B\u00fcttow Signorini<\/p>\n<p>Juliano Oliveira Pizarro<\/p>\n<p>Kamila Lima do Nascimento<\/p>\n<p>Marcia Leite Borges<\/p>\n<p>Marina dos Santos Landa<\/p>\n<p>Rafael Jos\u00e9 Caruccio<\/p>\n<p>Renata da Silva Gon\u00e7alves<\/p>\n<p>Val\u00e9ria Tatsch<\/p>\n","protected":false},"excerpt":{"rendered":"<p>Caroline Bianca Graeff Daiana Lopes Dias Daniel de Souza Lemos Jaqueline B\u00fcttow Signorini Juliano Oliveira Pizarro Kamila Lima do Nascimento Marcia Leite Borges Marina dos Santos Landa Rafael Jos\u00e9 Caruccio Renata da Silva Gon\u00e7alves Val\u00e9ria Tatsch<\/p>\n","protected":false},"author":555,"featured_media":0,"parent":487,"menu_order":0,"comment_status":"closed","ping_status":"closed","template":"","meta":{"footnotes":""},"class_list":["post-249","page","type-page","status-publish","hentry"],"jetpack_sharing_enabled":true,"_links":{"self":[{"href":"https:\/\/wp.ufpel.edu.br\/ppgcienciapolitica\/wp-json\/wp\/v2\/pages\/249","targetHints":{"allow":["GET"]}}],"collection":[{"href":"https:\/\/wp.ufpel.edu.br\/ppgcienciapolitica\/wp-json\/wp\/v2\/pages"}],"about":[{"href":"https:\/\/wp.ufpel.edu.br\/ppgcienciapolitica\/wp-json\/wp\/v2\/types\/page"}],"author":[{"embeddable":true,"href":"https:\/\/wp.ufpel.edu.br\/ppgcienciapolitica\/wp-json\/wp\/v2\/users\/555"}],"replies":[{"embeddable":true,"href":"https:\/\/wp.ufpel.edu.br\/ppgcienciapolitica\/wp-json\/wp\/v2\/comments?post=249"}],"version-history":[{"count":7,"href":"https:\/\/wp.ufpel.edu.br\/ppgcienciapolitica\/wp-json\/wp\/v2\/pages\/249\/revisions"}],"predecessor-version":[{"id":2121,"href":"https:\/\/wp.ufpel.edu.br\/ppgcienciapolitica\/wp-json\/wp\/v2\/pages\/249\/revisions\/2121"}],"up":[{"embeddable":true,"href":"https:\/\/wp.ufpel.edu.br\/ppgcienciapolitica\/wp-json\/wp\/v2\/pages\/487"}],"wp:attachment":[{"href":"https:\/\/wp.ufpel.edu.br\/ppgcienciapolitica\/wp-json\/wp\/v2\/media?parent=249"}],"curies":[{"name":"wp","href":"https:\/\/api.w.org\/{rel}","templated":true}]}}