{"id":2445,"date":"2019-04-18T12:38:48","date_gmt":"2019-04-18T15:38:48","guid":{"rendered":"https:\/\/wp.ufpel.edu.br\/ppgcienciapolitica\/?page_id=2445"},"modified":"2019-04-18T12:38:48","modified_gmt":"2019-04-18T15:38:48","slug":"internship-oriented-teaching","status":"publish","type":"page","link":"https:\/\/wp.ufpel.edu.br\/ppgcienciapolitica\/documents-2\/internship-oriented-teaching\/","title":{"rendered":"Internship oriented teaching"},"content":{"rendered":"<p><a href=\"https:\/\/wp.ufpel.edu.br\/ppgcienciapolitica\/files\/2018\/05\/Resolu\u00e7\u00e3o-47-de-2017-Est\u00e1gio-de-Doc\u00eancia.pdf\">Resolu\u00e7\u00e3o n. 47 de 2017 &#8211; Est\u00e1gio de Doc\u00eancia Orientado<\/a><\/p>\n","protected":false},"excerpt":{"rendered":"<p>Resolu\u00e7\u00e3o n. 47 de 2017 &#8211; Est\u00e1gio de Doc\u00eancia Orientado<\/p>\n","protected":false},"author":555,"featured_media":0,"parent":2355,"menu_order":0,"comment_status":"closed","ping_status":"closed","template":"","meta":{"footnotes":""},"class_list":["post-2445","page","type-page","status-publish","hentry"],"jetpack_sharing_enabled":true,"_links":{"self":[{"href":"https:\/\/wp.ufpel.edu.br\/ppgcienciapolitica\/wp-json\/wp\/v2\/pages\/2445","targetHints":{"allow":["GET"]}}],"collection":[{"href":"https:\/\/wp.ufpel.edu.br\/ppgcienciapolitica\/wp-json\/wp\/v2\/pages"}],"about":[{"href":"https:\/\/wp.ufpel.edu.br\/ppgcienciapolitica\/wp-json\/wp\/v2\/types\/page"}],"author":[{"embeddable":true,"href":"https:\/\/wp.ufpel.edu.br\/ppgcienciapolitica\/wp-json\/wp\/v2\/users\/555"}],"replies":[{"embeddable":true,"href":"https:\/\/wp.ufpel.edu.br\/ppgcienciapolitica\/wp-json\/wp\/v2\/comments?post=2445"}],"version-history":[{"count":1,"href":"https:\/\/wp.ufpel.edu.br\/ppgcienciapolitica\/wp-json\/wp\/v2\/pages\/2445\/revisions"}],"predecessor-version":[{"id":2446,"href":"https:\/\/wp.ufpel.edu.br\/ppgcienciapolitica\/wp-json\/wp\/v2\/pages\/2445\/revisions\/2446"}],"up":[{"embeddable":true,"href":"https:\/\/wp.ufpel.edu.br\/ppgcienciapolitica\/wp-json\/wp\/v2\/pages\/2355"}],"wp:attachment":[{"href":"https:\/\/wp.ufpel.edu.br\/ppgcienciapolitica\/wp-json\/wp\/v2\/media?parent=2445"}],"curies":[{"name":"wp","href":"https:\/\/api.w.org\/{rel}","templated":true}]}}