{"id":2425,"date":"2019-04-18T12:11:45","date_gmt":"2019-04-18T15:11:45","guid":{"rendered":"https:\/\/wp.ufpel.edu.br\/ppgcienciapolitica\/?page_id=2425"},"modified":"2019-04-18T12:11:45","modified_gmt":"2019-04-18T15:11:45","slug":"eventos-vinculados-al-ppgcpol","status":"publish","type":"page","link":"https:\/\/wp.ufpel.edu.br\/ppgcienciapolitica\/eventos-2\/eventos-vinculados-al-ppgcpol\/","title":{"rendered":"Eventos vinculados al PPGCPOL"},"content":{"rendered":"<div><strong><span style=\"color: #993300\">O PPGCPol convida para Palestra<\/span><\/strong><\/div>\n<div>\n<p><a href=\"https:\/\/wp.ufpel.edu.br\/ppgcienciapolitica\/files\/2019\/04\/Palestra-Danusa.-1.jpg\"><img class=\"alignnone size-full wp-image-2380\" src=\"https:\/\/wp.ufpel.edu.br\/ppgcienciapolitica\/files\/2019\/04\/Palestra-Danusa.-1.jpg\" alt=\"\" width=\"1748\" height=\"1241\" srcset=\"https:\/\/wp.ufpel.edu.br\/ppgcienciapolitica\/files\/2019\/04\/Palestra-Danusa.-1.jpg 1748w, https:\/\/wp.ufpel.edu.br\/ppgcienciapolitica\/files\/2019\/04\/Palestra-Danusa.-1-400x284.jpg 400w, https:\/\/wp.ufpel.edu.br\/ppgcienciapolitica\/files\/2019\/04\/Palestra-Danusa.-1-768x545.jpg 768w, https:\/\/wp.ufpel.edu.br\/ppgcienciapolitica\/files\/2019\/04\/Palestra-Danusa.-1-1024x727.jpg 1024w\" sizes=\"(max-width: 1748px) 100vw, 1748px\" \/><\/a><\/p>\n<hr \/>\n<\/div>\n<p>&nbsp;<\/p>\n<p><strong><span style=\"color: #993300\">O PPGCPol convida para Atividade<\/span><\/strong><\/p>\n<p><a href=\"https:\/\/wp.ufpel.edu.br\/ppgcienciapolitica\/files\/2019\/04\/2019-Cartaz-Entre-as-brumas-da-mem\u00f3ria.jpg\"><img class=\"alignnone size-full wp-image-2371\" src=\"https:\/\/wp.ufpel.edu.br\/ppgcienciapolitica\/files\/2019\/04\/2019-Cartaz-Entre-as-brumas-da-mem\u00f3ria.jpg\" alt=\"\" width=\"1121\" height=\"769\" srcset=\"https:\/\/wp.ufpel.edu.br\/ppgcienciapolitica\/files\/2019\/04\/2019-Cartaz-Entre-as-brumas-da-mem\u00f3ria.jpg 1121w, https:\/\/wp.ufpel.edu.br\/ppgcienciapolitica\/files\/2019\/04\/2019-Cartaz-Entre-as-brumas-da-mem\u00f3ria-400x274.jpg 400w, https:\/\/wp.ufpel.edu.br\/ppgcienciapolitica\/files\/2019\/04\/2019-Cartaz-Entre-as-brumas-da-mem\u00f3ria-768x527.jpg 768w, https:\/\/wp.ufpel.edu.br\/ppgcienciapolitica\/files\/2019\/04\/2019-Cartaz-Entre-as-brumas-da-mem\u00f3ria-1024x702.jpg 1024w\" sizes=\"(max-width: 1121px) 100vw, 1121px\" \/><\/a><\/p>\n<p>&nbsp;<\/p>\n<div>\n<hr \/>\n<p>&nbsp;<\/p>\n<p><strong><span style=\"color: #993300\">O PPGCPol convida para Palestra<\/span><\/strong><\/p>\n<p><a href=\"https:\/\/wp.ufpel.edu.br\/ppgcienciapolitica\/files\/2018\/11\/Palestra-Fl\u00e1via.jpg\"><img class=\"alignnone wp-image-1964\" src=\"https:\/\/wp.ufpel.edu.br\/ppgcienciapolitica\/files\/2018\/11\/Palestra-Fl\u00e1via.jpg\" alt=\"\" width=\"645\" height=\"458\" srcset=\"https:\/\/wp.ufpel.edu.br\/ppgcienciapolitica\/files\/2018\/11\/Palestra-Fl\u00e1via.jpg 1749w, https:\/\/wp.ufpel.edu.br\/ppgcienciapolitica\/files\/2018\/11\/Palestra-Fl\u00e1via-400x284.jpg 400w, https:\/\/wp.ufpel.edu.br\/ppgcienciapolitica\/files\/2018\/11\/Palestra-Fl\u00e1via-768x545.jpg 768w, https:\/\/wp.ufpel.edu.br\/ppgcienciapolitica\/files\/2018\/11\/Palestra-Fl\u00e1via-1024x727.jpg 1024w\" sizes=\"(max-width: 645px) 100vw, 645px\" \/><\/a><\/p>\n<hr \/>\n<p>&nbsp;<\/p>\n<p><strong><span style=\"color: #993300\">O PPGCPol convida para o lan\u00e7amento do document\u00e1rio Mundo da Vida &#8211; A Sociologia de Alfred Sch\u00fctz<\/span><\/strong><\/p>\n<p><strong>COMUNICAMOS QUE A SESS\u00c3O EST\u00c1 CANCELADA DEVIDO A PROBLEMAS NO PR\u00c9DIO DO CINE UFPel.<\/strong><br \/>\n<strong>Uma nova data ser\u00e1 comunicada em breve.<\/strong><\/p>\n<\/div>\n<p><a href=\"https:\/\/wp.ufpel.edu.br\/ppgcienciapolitica\/files\/2018\/10\/Flyer-20-x-14-Portugu\u00eas-UFPEL-01.png\"><img class=\"alignnone wp-image-1949\" src=\"https:\/\/wp.ufpel.edu.br\/ppgcienciapolitica\/files\/2018\/10\/Flyer-20-x-14-Portugu\u00eas-UFPEL-01.png\" alt=\"\" width=\"725\" height=\"507\" srcset=\"https:\/\/wp.ufpel.edu.br\/ppgcienciapolitica\/files\/2018\/10\/Flyer-20-x-14-Portugu\u00eas-UFPEL-01.png 945w, https:\/\/wp.ufpel.edu.br\/ppgcienciapolitica\/files\/2018\/10\/Flyer-20-x-14-Portugu\u00eas-UFPEL-01-400x280.png 400w, https:\/\/wp.ufpel.edu.br\/ppgcienciapolitica\/files\/2018\/10\/Flyer-20-x-14-Portugu\u00eas-UFPEL-01-768x538.png 768w\" sizes=\"(max-width: 725px) 100vw, 725px\" \/><\/a><\/p>\n<div>\n<hr \/>\n<p>&nbsp;<\/p>\n<p><strong><span style=\"color: #993300\">III Simp\u00f3sio P\u00f3s-Estruturalismo e Teoria Social: Populismos e Democracias<\/span><\/strong><\/p>\n<p><a href=\"https:\/\/wp.ufpel.edu.br\/ppgcienciapolitica\/files\/2018\/10\/Alterado-com-data.jpg\"><img class=\"wp-image-1942 alignleft\" src=\"https:\/\/wp.ufpel.edu.br\/ppgcienciapolitica\/files\/2018\/10\/Alterado-com-data.jpg\" alt=\"\" width=\"379\" height=\"283\" srcset=\"https:\/\/wp.ufpel.edu.br\/ppgcienciapolitica\/files\/2018\/10\/Alterado-com-data.jpg 5286w, https:\/\/wp.ufpel.edu.br\/ppgcienciapolitica\/files\/2018\/10\/Alterado-com-data-400x299.jpg 400w, https:\/\/wp.ufpel.edu.br\/ppgcienciapolitica\/files\/2018\/10\/Alterado-com-data-768x574.jpg 768w, https:\/\/wp.ufpel.edu.br\/ppgcienciapolitica\/files\/2018\/10\/Alterado-com-data-1024x765.jpg 1024w\" sizes=\"(max-width: 379px) 100vw, 379px\" \/><\/a><\/p>\n<p>O \u201cIII Simp\u00f3sio P\u00f3s-Estruturalismo e Teoria Social: Populismos e Democracias\u201d \u00e9 um evento internacional organizado pelo Grupo de Pesquisa Ideologia e An\u00e1lise de Discurso e pelo Programa de P\u00f3s-Gradua\u00e7\u00e3o em Ci\u00eancia Pol\u00edtica, do Instituto de Filosofia, Sociologia e Pol\u00edtica, da Universidade Federal de Pelotas, Pelotas, Brasil. Organizado a partir de confer\u00eancias, mesas redondas e grupos de trabalho, o objetivo do Simp\u00f3sio \u00e9 reunir pesquisadores do Brasil e do exterior para discuss\u00f5es em torno das mais diversas abordagens te\u00f3ricas situadas no campo do p\u00f3s-estruturalismo, numa perspectiva transdisciplinar.<\/p>\n<p>Acesse o site e o Facebook do evento para mais informa\u00e7\u00f5es:\u00a0<a href=\"https:\/\/wp.ufpel.edu.br\/legadolaclau\/\">https:\/\/wp.ufpel.edu.br\/legadolaclau\/<\/a>\u00a0e\u00a0<a href=\"https:\/\/www.facebook.com\/simposioernestolaclauufpel\/\">https:\/\/www.facebook.com\/simposioernestolaclauufpel\/<\/a><\/p>\n<p>&nbsp;<\/p>\n<hr \/>\n<p>&nbsp;<\/p>\n<p><span style=\"background-color: #ffffff;color: #993300\"><strong>Brasil: an\u00e1lise da conjuntura pol\u00edtica e elei\u00e7\u00f5es 2018<\/strong><\/span><\/p>\n<\/div>\n<p><a href=\"https:\/\/wp.ufpel.edu.br\/ppgcienciapolitica\/files\/2018\/06\/8ff487a3-9e86-4477-ab83-f327dfb94bdf.jpg\"><img class=\"wp-image-1842 alignnone\" src=\"https:\/\/wp.ufpel.edu.br\/ppgcienciapolitica\/files\/2018\/06\/8ff487a3-9e86-4477-ab83-f327dfb94bdf.jpg\" alt=\"\" width=\"807\" height=\"294\" srcset=\"https:\/\/wp.ufpel.edu.br\/ppgcienciapolitica\/files\/2018\/06\/8ff487a3-9e86-4477-ab83-f327dfb94bdf.jpg 851w, https:\/\/wp.ufpel.edu.br\/ppgcienciapolitica\/files\/2018\/06\/8ff487a3-9e86-4477-ab83-f327dfb94bdf-400x146.jpg 400w, https:\/\/wp.ufpel.edu.br\/ppgcienciapolitica\/files\/2018\/06\/8ff487a3-9e86-4477-ab83-f327dfb94bdf-768x280.jpg 768w\" sizes=\"(max-width: 807px) 100vw, 807px\" \/><\/a><\/p>\n<hr \/>\n<div>\n<p>&nbsp;<\/p>\n<p><span style=\"color: #993300\"><strong>Quest\u00e3o racial e representa\u00e7\u00e3o pol\u00edtica no Brasil<\/strong><\/span><\/p>\n<p>O PPGCPol convida todos\/as para a palestra <strong>\u201cQuest\u00e3o racial e representa\u00e7\u00e3o pol\u00edtica no Brasil\u201d<\/strong>, a ser proferida pelo professor <strong>Carlos Machado (UnB)<\/strong>.<\/p>\n<p>A atividade faz parte do Programa de Coopera\u00e7\u00e3o Acad\u00eamica, do qual participam pesquisadores dos PPGs em Ci\u00eancia Pol\u00edtica da UFPel, da UNIRIO e da UnB.<\/p>\n<p>Data: 04 de dezembro de 2017<\/p>\n<p>Hora: 17h<\/p>\n<p>Local: Sala 206 do IFISP<\/p>\n<p>&nbsp;<\/p>\n<\/div>\n<div>\n<hr \/>\n<\/div>\n<div><\/div>\n<div><span style=\"color: #993300\"><strong>80 anos do Estado Novo: moderniza\u00e7\u00e3o autorit\u00e1ria no Brasil ontem e hoje<\/strong><\/span><\/div>\n<div><\/div>\n<div>Palestrante: Prof. Dr. Alvaro Augusto de Borba Barreto<\/div>\n<div>Data: 17 de novembro de 2017, \u00e0s 15h<\/div>\n<div>Local: Sala 206, IFISP<\/div>\n<div>\u00a0Inscri\u00e7\u00f5es de ouvintes no local do evento<\/div>\n<div><a href=\"https:\/\/wp.ufpel.edu.br\/ppgcienciapolitica\/files\/2017\/10\/Cartaz-80-anos-Estado-Novo.png\"><img class=\"alignnone wp-image-1487\" src=\"https:\/\/wp.ufpel.edu.br\/ppgcienciapolitica\/files\/2017\/10\/Cartaz-80-anos-Estado-Novo.png\" alt=\"\" width=\"631\" height=\"451\" srcset=\"https:\/\/wp.ufpel.edu.br\/ppgcienciapolitica\/files\/2017\/10\/Cartaz-80-anos-Estado-Novo.png 787w, https:\/\/wp.ufpel.edu.br\/ppgcienciapolitica\/files\/2017\/10\/Cartaz-80-anos-Estado-Novo-400x286.png 400w, https:\/\/wp.ufpel.edu.br\/ppgcienciapolitica\/files\/2017\/10\/Cartaz-80-anos-Estado-Novo-768x548.png 768w\" sizes=\"(max-width: 631px) 100vw, 631px\" \/><\/a><\/div>\n<hr \/>\n<p>&nbsp;<\/p>\n<p><span style=\"font-size: 12pt;color: #993300\"><strong><span style=\"font-family: georgia,palatino,serif\">II Col\u00f3quio de filosofia e pensamento pol\u00edtico &#8211; Corrup\u00e7\u00e3o Pol\u00edtica, Viol\u00eancia Social e Pol\u00edticas Publicas<br \/>\n<\/span><\/strong><\/span><\/p>\n<p>09 e 10 de outubro de 2017.<\/p>\n<p><a href=\"https:\/\/wp.ufpel.edu.br\/ppgcienciapolitica\/files\/2016\/09\/Coloquio-PDF-10-1.jpg\"><img class=\"alignnone wp-image-1441\" src=\"https:\/\/wp.ufpel.edu.br\/ppgcienciapolitica\/files\/2016\/09\/Coloquio-PDF-10-1.jpg\" alt=\"\" width=\"454\" height=\"642\" srcset=\"https:\/\/wp.ufpel.edu.br\/ppgcienciapolitica\/files\/2016\/09\/Coloquio-PDF-10-1.jpg 1654w, https:\/\/wp.ufpel.edu.br\/ppgcienciapolitica\/files\/2016\/09\/Coloquio-PDF-10-1-283x400.jpg 283w, https:\/\/wp.ufpel.edu.br\/ppgcienciapolitica\/files\/2016\/09\/Coloquio-PDF-10-1-768x1086.jpg 768w, https:\/\/wp.ufpel.edu.br\/ppgcienciapolitica\/files\/2016\/09\/Coloquio-PDF-10-1-724x1024.jpg 724w\" sizes=\"(max-width: 454px) 100vw, 454px\" \/><\/a><\/p>\n<hr \/>\n<p>&nbsp;<\/p>\n<p><span style=\"color: #800000\"><strong>II Simp\u00f3sio p\u00f3s-estruturalismo e teoria social: Ernesto Laclau e seus interlocutores<\/strong><\/span><\/p>\n<p>O\u00a0<em>II Simp\u00f3sio p\u00f3s-estruturalismo e teoria social: Ernesto Laclau e seus interlocutores<\/em>\u00a0\u00e9 o evento internacional organizado pelo Grupo de Pesquisa Ideologia e An\u00e1lise de Discurso e pelos Programas de P\u00f3s-Gradua\u00e7\u00e3o em Ci\u00eancia Pol\u00edtica e em Sociologia, do Instituto de Filosofia, Sociologia e Pol\u00edtica, da Universidade Federal de Pelotas, Brasil. Organizado a partir de confer\u00eancias, mesas redondas e grupos de trabalho, o objetivo do Simp\u00f3sio \u00e9 reunir pesquisadores brasileiros e estrangeiros para discuss\u00f5es em torno da teoria do discurso do fil\u00f3sofo pol\u00edtico argentino, Ernesto Laclau, numa perspectiva transdisciplinar.<\/p>\n<p>Resumo<a href=\"https:\/\/wp.ufpel.edu.br\/ppgcienciapolitica\/files\/2016\/09\/19959471_1912062135708234_485926215500765284_n.jpg\"><img class=\"wp-image-1382 alignleft\" src=\"https:\/\/wp.ufpel.edu.br\/ppgcienciapolitica\/files\/2016\/09\/19959471_1912062135708234_485926215500765284_n.jpg\" alt=\"\" width=\"206\" height=\"258\" srcset=\"https:\/\/wp.ufpel.edu.br\/ppgcienciapolitica\/files\/2016\/09\/19959471_1912062135708234_485926215500765284_n.jpg 769w, https:\/\/wp.ufpel.edu.br\/ppgcienciapolitica\/files\/2016\/09\/19959471_1912062135708234_485926215500765284_n-320x400.jpg 320w, https:\/\/wp.ufpel.edu.br\/ppgcienciapolitica\/files\/2016\/09\/19959471_1912062135708234_485926215500765284_n-768x959.jpg 768w\" sizes=\"(max-width: 206px) 100vw, 206px\" \/><\/a>s podem \u00a0ser submetidos em 5 Grupos de Trabalho:<\/p>\n<ol>\n<li>Teoria do Discurso e seus Interlocutores<\/li>\n<li>Teoria do Discurso e Mobiliza\u00e7\u00f5es Sociais na Am\u00e9rica Latina<\/li>\n<li>Teoria do discurso, ci\u00eancia e tecnologia<\/li>\n<li>Teoria do Discurso e Educa\u00e7\u00e3o<\/li>\n<li>Teoria do Discurso, m\u00e9todos e t\u00e9cnicas de pesquisa.<\/li>\n<\/ol>\n<p><strong>O PRAZO PARA SUBMISS\u00c3O DE RESUMOS FOI PRORROGADO AT\u00c9 23\/07\/2017.<\/strong><\/p>\n<p>Mais informa\u00e7\u00f5es em:\u00a0<a href=\"https:\/\/wp.ufpel.edu.br\/legadolaclau\/pt\/\">https:\/\/wp.ufpel.edu.br\/legadolaclau\/pt\/<\/a>\u00a0e em\u00a0<a href=\"https:\/\/www.facebook.com\/simposioernestolaclauufpel\/\">https:\/\/www.facebook.com\/simposioernestolaclauufpel\/<\/a><\/p>\n<p>&nbsp;<\/p>\n<hr \/>\n<p>&nbsp;<\/p>\n<p><span class=\"Apple-style-span\"><strong><span style=\"color: #800000\">V EICS &#8211; Encontro Internacional de Ci\u00eancias Sociais:\u00a0Democracia e seus dilemas contempor\u00e2neos<\/span><\/strong><\/span><\/p>\n<p><strong>NOTA DE CANCELAMENTO DO V ENCONTRO INTERNACIONAL DE CI\u00caNCIAS SOCIAIS (V EICS)<\/strong><\/p>\n<p style=\"text-align: justify\">Vimos atrav\u00e9s desta notificar a nossos colaboradores e ao p\u00fablico em geral o CANCELAMENTO da quinta edi\u00e7\u00e3o do Encontro Internacional de Ci\u00eancias Sociais (VEICS), previsto para acontecer entre os dias 19 e 22 de junho de 2017, na cidade de Pelotas\/RS. O motivo principal para esta decis\u00e3o extrema foi a negativa de financiamento p\u00fablico por parte das principais ag\u00eancias de fomento (CNPq e CAPES) para a edi\u00e7\u00e3o atual, parcerias fundamentais nas edi\u00e7\u00f5es anteriores. O aux\u00edlio p\u00fablico e o pagamento de inscri\u00e7\u00f5es foram as fontes de financiamento que alavancaram a execu\u00e7\u00e3o das edi\u00e7\u00f5es anteriores, as quais contribu\u00edram decisivamente para a constitui\u00e7\u00e3o do importante f\u00f3rum de debate acad\u00eamico na regi\u00e3o sul de Brasil representado pelo Encontro Internacional de Ci\u00eancias Sociais (EICS). A posi\u00e7\u00e3o geogr\u00e1fica de Pelotas, pr\u00f3xima \u00e0 fronteira de alguns pa\u00edses latino-americanos, promoveu nas edi\u00e7\u00f5es anteriores uma ampla participa\u00e7\u00e3o de pesquisadores de pa\u00edses como Uruguai, Argentina e Chile.<\/p>\n<p style=\"text-align: justify\">Justamente pelo sucesso e tamanho do EICS \u00e9 que os promotores do evento, os Programas de P\u00f3s-Gradua\u00e7\u00e3o em Antropologia, Ci\u00eancia Pol\u00edtica e Sociologia, entenderam que seria temer\u00e1rio manter um evento do vulto do EICS contando somente com os recursos das inscri\u00e7\u00f5es dos participantes do mesmo. Em respeito aos colegas colaboradores e ao p\u00fablico acad\u00eamico, todos merecedores de um tratamento cordial e de um evento com condi\u00e7\u00f5es de receber as atividades previstas com condi\u00e7\u00f5es m\u00ednimas de trabalho, foi decidido o cancelamento desta edi\u00e7\u00e3o do V EICS.<\/p>\n<p style=\"text-align: justify\">Pedimos desculpas aos convidados para as confer\u00eancias centrais e para as mesas redondas que com muita disposi\u00e7\u00e3o e generosidade aceitaram participar do evento. Do mesmo modo, nos dirigimos aos colegas que rapidamente atenderam \u00e0 convoca\u00e7\u00e3o do evento e elaboraram e enviaram propostas de cria\u00e7\u00e3o de GTs. N\u00e3o pod\u00edamos prever, nem na hip\u00f3tese mais pessimista, no momento do lan\u00e7amento da convoca\u00e7\u00e3o que as ag\u00eancias n\u00e3o atenderiam a necessidade imperiosa de financiamento do evento.<\/p>\n<p style=\"text-align: justify\">Nas respostas das ag\u00eancias de financiamento ao projeto do V EICS, o m\u00e9rito e a relev\u00e2ncia do evento foram destacados, ao mesmo tempo que informavam a impossibilidade do financiamento pela escassez de recursos e pela op\u00e7\u00e3o por outros projetos, estes priorit\u00e1rios na concep\u00e7\u00e3o das referidas ag\u00eancias de fomento acad\u00eamico. \u00c9 dif\u00edcil entender como um evento como o EICS n\u00e3o \u00e9 priorit\u00e1rio para o fomento da produ\u00e7\u00e3o na \u00e1rea de Ci\u00eancias Sociais. Cremos que a influ\u00eancia na pol\u00edtica acad\u00eamica das recentes transforma\u00e7\u00f5es na pol\u00edtica brasileira tenha tornado o conhecimento das ci\u00eancias sociais e a qualifica\u00e7\u00e3o do debate sobre temas como a democracia como algo n\u00e3o priorit\u00e1rio.<\/p>\n<p style=\"text-align: justify\">Em respeito aos nossos colaboradores, ao p\u00fablico acad\u00eamico e ao compromisso com a sociedade, manteremos o esfor\u00e7o para tornar o conhecimento das ci\u00eancias sociais priorit\u00e1rio, trabalhando para a consolida\u00e7\u00e3o da tradi\u00e7\u00e3o que o EICS representa. O certo \u00e9 que manteremos nosso esfor\u00e7o para contribuir para a consolida\u00e7\u00e3o da \u00e1rea de Ci\u00eancias Sociais na regi\u00e3o sul da Am\u00e9rica Latina.<\/p>\n<p>Atenciosamente,<\/p>\n<p>Programas de P\u00f3s Gradua\u00e7\u00e3o de Antropologia, Ci\u00eancia Pol\u00edtica e de Sociologia da Universidade Federal de Pelotas<\/p>\n<p>&nbsp;<\/p>\n<p><a href=\"https:\/\/wp.ufpel.edu.br\/ppgcienciapolitica\/files\/2016\/09\/divulga\u00e7\u00e3o-sele\u00e7\u00e3o-grupos-de-trabalho-VEICS.jpg\"><img class=\" wp-image-1226 alignleft\" src=\"https:\/\/wp.ufpel.edu.br\/ppgcienciapolitica\/files\/2016\/09\/divulga\u00e7\u00e3o-sele\u00e7\u00e3o-grupos-de-trabalho-VEICS.jpg\" alt=\"\" width=\"311\" height=\"281\" srcset=\"https:\/\/wp.ufpel.edu.br\/ppgcienciapolitica\/files\/2016\/09\/divulga\u00e7\u00e3o-sele\u00e7\u00e3o-grupos-de-trabalho-VEICS.jpg 1000w, https:\/\/wp.ufpel.edu.br\/ppgcienciapolitica\/files\/2016\/09\/divulga\u00e7\u00e3o-sele\u00e7\u00e3o-grupos-de-trabalho-VEICS-175x159.jpg 175w, https:\/\/wp.ufpel.edu.br\/ppgcienciapolitica\/files\/2016\/09\/divulga\u00e7\u00e3o-sele\u00e7\u00e3o-grupos-de-trabalho-VEICS-351x318.jpg 351w, https:\/\/wp.ufpel.edu.br\/ppgcienciapolitica\/files\/2016\/09\/divulga\u00e7\u00e3o-sele\u00e7\u00e3o-grupos-de-trabalho-VEICS-768x696.jpg 768w\" sizes=\"(max-width: 311px) 100vw, 311px\" \/><\/a><\/p>\n<p>&nbsp;<\/p>\n<p>&nbsp;<\/p>\n<p>Os Programas de P\u00f3s-Gradua\u00e7\u00e3o em Antropologia, Ci\u00eancia Pol\u00edtica e Sociologia da UFPel t\u00eam o prazer de convidar a comunidade cient\u00edfica para participar do V EICS \u2013 Encontro Internacional de Ci\u00eancias Sociais, a ser realizado entre 19 e 22 de junho de 2017 em Pelotas.<\/p>\n<p>Informa\u00e7\u00f5es sobre o evento no site <a href=\"https:\/\/wp.ufpel.edu.br\/veics\/\">https:\/\/wp.ufpel.edu.br\/veics\/<\/a><\/p>\n<p>&nbsp;<\/p>\n<p>&nbsp;<\/p>\n<p>&nbsp;<\/p>\n<p>&nbsp;<\/p>\n<hr \/>\n<p><span class=\"Apple-style-span\"><strong><span style=\"color: #800000\">Edital de Retifica\u00e7\u00e3o &#8211; V EICS<\/span><\/strong><\/span><\/p>\n<p>Est\u00e1 dispon\u00edvel o <a href=\"https:\/\/wp.ufpel.edu.br\/ppgcienciapolitica\/files\/2016\/09\/Edital-de-retifica\u00e7\u00e3o-de-sele\u00e7\u00e3o-de-Grupos-de-Trabalho.pdf\">edital-de-retificacao-de-selecao-de-grupos-de-trabalho<\/a>\u00a0do V EICS.<\/p>\n<p>O evento ocorrer\u00e1 de 19 a 22 de junho de 2017 na UFPel.<\/p>\n<p><b>\u00a0<\/b><\/p>\n<hr \/>\n<p><strong><span style=\"color: #800000\">V EICS &#8211; Encontro Internacional de Ci\u00eancias Sociais:\u00a0Democracia e seus dilemas contempor\u00e2neos<\/span><\/strong><\/p>\n<p>De 19 a 22 de Junho de 2017<\/p>\n<p>EDITAL DE SELE\u00c7\u00c3O DE GRUPOS DE TRABALHO<\/p>\n<p>Os Programas de P\u00f3s-Gradua\u00e7\u00e3o em Antropologia, em Ci\u00eancia Pol\u00edtica e em Sociologia da UFPel t\u00eam o prazer de convidar a comunidade cient\u00edfica<span class=\"Apple-style-span\"> \u2013 <\/span>institui\u00e7\u00f5es de ensino superior, de pesquisa e de extens\u00e3o, p\u00fablicas ou privadas <span class=\"Apple-style-span\"> \u2013 <\/span>para participarem do V EICS \u2013 Encontro Internacional de Ci\u00eancias Sociais, que ser\u00e1 realizado em Pelotas (RS).<\/p>\n<p>Veja o edital\u00a0para proposi\u00e7\u00e3o de GTs clicando\u00a0<a href=\"https:\/\/wp.ufpel.edu.br\/ppgcienciapolitica\/files\/2016\/09\/Edital-PROPOSICAO-DE-GTS-para-o-V-EICS.pdf\">aqui<\/a>.<\/p>\n<p>&nbsp;<\/p>\n<hr \/>\n<p><strong><span style=\"color: #800000\">Aula P\u00fablica<\/span><\/strong><\/p>\n<p><a href=\"https:\/\/wp.ufpel.edu.br\/ppgcienciapolitica\/files\/2016\/09\/Aula-P\u00fablica-profa.-Luciana.jpg\"><img class=\"alignnone size-full wp-image-1107\" src=\"https:\/\/wp.ufpel.edu.br\/ppgcienciapolitica\/files\/2016\/09\/Aula-P\u00fablica-profa.-Luciana.jpg\" alt=\"aula-publica-profa-luciana\" width=\"1280\" height=\"720\" srcset=\"https:\/\/wp.ufpel.edu.br\/ppgcienciapolitica\/files\/2016\/09\/Aula-P\u00fablica-profa.-Luciana.jpg 1280w, https:\/\/wp.ufpel.edu.br\/ppgcienciapolitica\/files\/2016\/09\/Aula-P\u00fablica-profa.-Luciana-212x119.jpg 212w, https:\/\/wp.ufpel.edu.br\/ppgcienciapolitica\/files\/2016\/09\/Aula-P\u00fablica-profa.-Luciana-424x239.jpg 424w, https:\/\/wp.ufpel.edu.br\/ppgcienciapolitica\/files\/2016\/09\/Aula-P\u00fablica-profa.-Luciana-768x432.jpg 768w\" sizes=\"(max-width: 1280px) 100vw, 1280px\" \/><\/a><\/p>\n<p>&nbsp;<\/p>\n<hr \/>\n<p><span style=\"color: #800000\"><strong>Curso de Extens\u00e3o<\/strong><\/span><\/p>\n<p><a href=\"https:\/\/wp.ufpel.edu.br\/ppgcienciapolitica\/files\/2016\/09\/Logo-IdAD-424x315.jpg\"><img class=\"wp-image-962 alignleft\" src=\"https:\/\/wp.ufpel.edu.br\/ppgcienciapolitica\/files\/2016\/09\/Logo-IdAD-424x315.jpg\" alt=\"logo-idad-424x315\" width=\"95\" height=\"70\" srcset=\"https:\/\/wp.ufpel.edu.br\/ppgcienciapolitica\/files\/2016\/09\/Logo-IdAD-424x315.jpg 424w, https:\/\/wp.ufpel.edu.br\/ppgcienciapolitica\/files\/2016\/09\/Logo-IdAD-424x315-212x159.jpg 212w\" sizes=\"(max-width: 95px) 100vw, 95px\" \/><\/a>O Grupo de Pesquisa Ideologia e An\u00e1lise de Discurso promove o Curso de Extens\u00e3o &#8220;Pol\u00edtica e Psican\u00e1lise&#8221;, dias 03 e 04 de outubro de 2016, com inscri\u00e7\u00f5es gratuitas.<\/p>\n<p>Maiores informa\u00e7\u00f5es em:\u00a0https:\/\/wp.ufpel.edu.br\/psicanalisepolitica\/<\/p>\n<p>&nbsp;<\/p>\n<hr \/>\n<p><span style=\"color: #993300\"><strong>IV EICS &#8211; Encontro Internacional de Ci\u00eancias Sociais: espa\u00e7os p\u00fablicos, identidades e diferen\u00e7as<\/strong><\/span><\/p>\n<p><a href=\"https:\/\/wp.ufpel.edu.br\/ppgcienciapolitica\/files\/2018\/10\/banner.jpg\"><img class=\"wp-image-1919 alignleft\" src=\"https:\/\/wp.ufpel.edu.br\/ppgcienciapolitica\/files\/2018\/10\/banner.jpg\" alt=\"\" width=\"264\" height=\"374\" srcset=\"https:\/\/wp.ufpel.edu.br\/ppgcienciapolitica\/files\/2018\/10\/banner.jpg 1500w, https:\/\/wp.ufpel.edu.br\/ppgcienciapolitica\/files\/2018\/10\/banner-282x400.jpg 282w, https:\/\/wp.ufpel.edu.br\/ppgcienciapolitica\/files\/2018\/10\/banner-768x1088.jpg 768w, https:\/\/wp.ufpel.edu.br\/ppgcienciapolitica\/files\/2018\/10\/banner-723x1024.jpg 723w\" sizes=\"(max-width: 264px) 100vw, 264px\" \/><\/a><\/p>\n<p>18 a 21 de novembro de 2014 &#8211; UFPel\/Pelotas\/Brasil<\/p>\n<p>ANAIS<\/p>\n<p><a href=\"https:\/\/wp.ufpel.edu.br\/ppgcienciapolitica\/files\/2018\/10\/Ficha-T\u00e9cnica.pdf\">Ficha T\u00e9cnica<\/a><\/p>\n<p><a href=\"https:\/\/wp.ufpel.edu.br\/ppgcienciapolitica\/files\/2018\/10\/Ficha-Catalogr\u00e1fica.pdf\">Ficha Catalogr\u00e1fica<\/a><\/p>\n<p><a href=\"https:\/\/wp.ufpel.edu.br\/ppgcienciapolitica\/files\/2018\/10\/Apresenta\u00e7\u00e3o.pdf\">Apresenta\u00e7\u00e3o<\/a><\/p>\n<p><a href=\"https:\/\/wp.ufpel.edu.br\/ppgcienciapolitica\/files\/2018\/10\/Artigos-Completos-por-GT.rar\">Artigos Completos por GT<\/a><\/p>\n<p>&nbsp;<\/p>\n<p>&nbsp;<\/p>\n<p>&nbsp;<\/p>\n","protected":false},"excerpt":{"rendered":"<p>O PPGCPol convida para Palestra &nbsp; O PPGCPol convida para Atividade &nbsp; &nbsp; O PPGCPol convida para Palestra &nbsp; O PPGCPol convida para o lan\u00e7amento do document\u00e1rio Mundo da Vida &#8211; A Sociologia de Alfred Sch\u00fctz COMUNICAMOS QUE A SESS\u00c3O EST\u00c1 CANCELADA DEVIDO A PROBLEMAS NO PR\u00c9DIO DO CINE UFPel. Uma nova data ser\u00e1 comunicada [&hellip;]<\/p>\n","protected":false},"author":555,"featured_media":0,"parent":2418,"menu_order":0,"comment_status":"closed","ping_status":"closed","template":"","meta":{"footnotes":""},"class_list":["post-2425","page","type-page","status-publish","hentry"],"jetpack_sharing_enabled":true,"_links":{"self":[{"href":"https:\/\/wp.ufpel.edu.br\/ppgcienciapolitica\/wp-json\/wp\/v2\/pages\/2425","targetHints":{"allow":["GET"]}}],"collection":[{"href":"https:\/\/wp.ufpel.edu.br\/ppgcienciapolitica\/wp-json\/wp\/v2\/pages"}],"about":[{"href":"https:\/\/wp.ufpel.edu.br\/ppgcienciapolitica\/wp-json\/wp\/v2\/types\/page"}],"author":[{"embeddable":true,"href":"https:\/\/wp.ufpel.edu.br\/ppgcienciapolitica\/wp-json\/wp\/v2\/users\/555"}],"replies":[{"embeddable":true,"href":"https:\/\/wp.ufpel.edu.br\/ppgcienciapolitica\/wp-json\/wp\/v2\/comments?post=2425"}],"version-history":[{"count":1,"href":"https:\/\/wp.ufpel.edu.br\/ppgcienciapolitica\/wp-json\/wp\/v2\/pages\/2425\/revisions"}],"predecessor-version":[{"id":2426,"href":"https:\/\/wp.ufpel.edu.br\/ppgcienciapolitica\/wp-json\/wp\/v2\/pages\/2425\/revisions\/2426"}],"up":[{"embeddable":true,"href":"https:\/\/wp.ufpel.edu.br\/ppgcienciapolitica\/wp-json\/wp\/v2\/pages\/2418"}],"wp:attachment":[{"href":"https:\/\/wp.ufpel.edu.br\/ppgcienciapolitica\/wp-json\/wp\/v2\/media?parent=2425"}],"curies":[{"name":"wp","href":"https:\/\/api.w.org\/{rel}","templated":true}]}}