{"id":2400,"date":"2019-04-18T11:54:33","date_gmt":"2019-04-18T14:54:33","guid":{"rendered":"https:\/\/wp.ufpel.edu.br\/ppgcienciapolitica\/?page_id=2400"},"modified":"2019-04-18T11:54:33","modified_gmt":"2019-04-18T14:54:33","slug":"criteria-for-concession-and-maintenance-of-scholarships","status":"publish","type":"page","link":"https:\/\/wp.ufpel.edu.br\/ppgcienciapolitica\/documents-2\/criteria-for-concession-and-maintenance-of-scholarships\/","title":{"rendered":"Criteria for concession and maintenance of scholarships"},"content":{"rendered":"<p><a href=\"https:\/\/wp.ufpel.edu.br\/ppgcienciapolitica\/files\/2018\/08\/CRIT\u00c9RIOS_BOLSISTA_Doutorado_PPGCPol_-com-disposi\u00e7\u00e3o-transit\u00f3ria-em-24082018.pdf\">Crit\u00e9rios para Concess\u00e3o e Manuten\u00e7\u00e3o de Bolsas &#8211; Doutorado<\/a><\/p>\n<p><a href=\"https:\/\/wp.ufpel.edu.br\/ppgcienciapolitica\/files\/2017\/11\/Crit\u00e9rios-para-Concess\u00e3o-e-Manuten\u00e7\u00e3o-de-Bolsas-Mestrado.pdf\">Crit\u00e9rios para Concess\u00e3o e Manuten\u00e7\u00e3o de Bolsas &#8211; Mestrado<\/a><\/p>\n","protected":false},"excerpt":{"rendered":"<p>Crit\u00e9rios para Concess\u00e3o e Manuten\u00e7\u00e3o de Bolsas &#8211; Doutorado Crit\u00e9rios para Concess\u00e3o e Manuten\u00e7\u00e3o de Bolsas &#8211; Mestrado<\/p>\n","protected":false},"author":555,"featured_media":0,"parent":2355,"menu_order":0,"comment_status":"closed","ping_status":"closed","template":"","meta":{"footnotes":""},"class_list":["post-2400","page","type-page","status-publish","hentry"],"jetpack_sharing_enabled":true,"_links":{"self":[{"href":"https:\/\/wp.ufpel.edu.br\/ppgcienciapolitica\/wp-json\/wp\/v2\/pages\/2400","targetHints":{"allow":["GET"]}}],"collection":[{"href":"https:\/\/wp.ufpel.edu.br\/ppgcienciapolitica\/wp-json\/wp\/v2\/pages"}],"about":[{"href":"https:\/\/wp.ufpel.edu.br\/ppgcienciapolitica\/wp-json\/wp\/v2\/types\/page"}],"author":[{"embeddable":true,"href":"https:\/\/wp.ufpel.edu.br\/ppgcienciapolitica\/wp-json\/wp\/v2\/users\/555"}],"replies":[{"embeddable":true,"href":"https:\/\/wp.ufpel.edu.br\/ppgcienciapolitica\/wp-json\/wp\/v2\/comments?post=2400"}],"version-history":[{"count":1,"href":"https:\/\/wp.ufpel.edu.br\/ppgcienciapolitica\/wp-json\/wp\/v2\/pages\/2400\/revisions"}],"predecessor-version":[{"id":2401,"href":"https:\/\/wp.ufpel.edu.br\/ppgcienciapolitica\/wp-json\/wp\/v2\/pages\/2400\/revisions\/2401"}],"up":[{"embeddable":true,"href":"https:\/\/wp.ufpel.edu.br\/ppgcienciapolitica\/wp-json\/wp\/v2\/pages\/2355"}],"wp:attachment":[{"href":"https:\/\/wp.ufpel.edu.br\/ppgcienciapolitica\/wp-json\/wp\/v2\/media?parent=2400"}],"curies":[{"name":"wp","href":"https:\/\/api.w.org\/{rel}","templated":true}]}}