{"id":2395,"date":"2019-04-18T11:51:45","date_gmt":"2019-04-18T14:51:45","guid":{"rendered":"https:\/\/wp.ufpel.edu.br\/ppgcienciapolitica\/?page_id=2395"},"modified":"2019-04-18T11:51:45","modified_gmt":"2019-04-18T14:51:45","slug":"models-of-documents","status":"publish","type":"page","link":"https:\/\/wp.ufpel.edu.br\/ppgcienciapolitica\/documents-2\/models-of-documents\/","title":{"rendered":"Models of documents"},"content":{"rendered":"<p><a href=\"https:\/\/wp.ufpel.edu.br\/ppgcienciapolitica\/files\/2017\/11\/elementosprojetodetese.pdf\">Elementos para o Projeto de Tese<\/a><\/p>\n<p><a href=\"https:\/\/wp.ufpel.edu.br\/ppgcienciapolitica\/files\/2017\/11\/modeloprojetodisserta\u00e7\u00e3o.pdf\">Modelo de Projeto de Disserta\u00e7\u00e3o<\/a><\/p>\n<p><a href=\"https:\/\/wp.ufpel.edu.br\/ppgcienciapolitica\/files\/2015\/10\/Modelo-de-Relat\u00f3rio-Est\u00e1gio-de-Doc\u00eancia.docx\">Modelo de Relat\u00f3rio Est\u00e1gio de Doc\u00eancia<\/a><\/p>\n<p><a href=\"https:\/\/wp.ufpel.edu.br\/ppgcienciapolitica\/files\/2019\/03\/RELAT\u00d3RIO-DE-ATIVIDADES-DE-BOLSISTA-atualiza\u00e7\u00e3o-de-mar\u00e7o-de-2019.docx\">Modelo de Relat\u00f3rio de Atividades de Bolsista PPGCPol<\/a><\/p>\n","protected":false},"excerpt":{"rendered":"<p>Elementos para o Projeto de Tese Modelo de Projeto de Disserta\u00e7\u00e3o Modelo de Relat\u00f3rio Est\u00e1gio de Doc\u00eancia Modelo de Relat\u00f3rio de Atividades de Bolsista PPGCPol<\/p>\n","protected":false},"author":555,"featured_media":0,"parent":2355,"menu_order":0,"comment_status":"closed","ping_status":"closed","template":"","meta":{"footnotes":""},"class_list":["post-2395","page","type-page","status-publish","hentry"],"jetpack_sharing_enabled":true,"_links":{"self":[{"href":"https:\/\/wp.ufpel.edu.br\/ppgcienciapolitica\/wp-json\/wp\/v2\/pages\/2395","targetHints":{"allow":["GET"]}}],"collection":[{"href":"https:\/\/wp.ufpel.edu.br\/ppgcienciapolitica\/wp-json\/wp\/v2\/pages"}],"about":[{"href":"https:\/\/wp.ufpel.edu.br\/ppgcienciapolitica\/wp-json\/wp\/v2\/types\/page"}],"author":[{"embeddable":true,"href":"https:\/\/wp.ufpel.edu.br\/ppgcienciapolitica\/wp-json\/wp\/v2\/users\/555"}],"replies":[{"embeddable":true,"href":"https:\/\/wp.ufpel.edu.br\/ppgcienciapolitica\/wp-json\/wp\/v2\/comments?post=2395"}],"version-history":[{"count":1,"href":"https:\/\/wp.ufpel.edu.br\/ppgcienciapolitica\/wp-json\/wp\/v2\/pages\/2395\/revisions"}],"predecessor-version":[{"id":2396,"href":"https:\/\/wp.ufpel.edu.br\/ppgcienciapolitica\/wp-json\/wp\/v2\/pages\/2395\/revisions\/2396"}],"up":[{"embeddable":true,"href":"https:\/\/wp.ufpel.edu.br\/ppgcienciapolitica\/wp-json\/wp\/v2\/pages\/2355"}],"wp:attachment":[{"href":"https:\/\/wp.ufpel.edu.br\/ppgcienciapolitica\/wp-json\/wp\/v2\/media?parent=2395"}],"curies":[{"name":"wp","href":"https:\/\/api.w.org\/{rel}","templated":true}]}}