{"id":2389,"date":"2019-04-18T11:49:30","date_gmt":"2019-04-18T14:49:30","guid":{"rendered":"https:\/\/wp.ufpel.edu.br\/ppgcienciapolitica\/?page_id=2389"},"modified":"2019-04-20T17:24:23","modified_gmt":"2019-04-20T20:24:23","slug":"formularios","status":"publish","type":"page","link":"https:\/\/wp.ufpel.edu.br\/ppgcienciapolitica\/documentos-2\/formularios\/","title":{"rendered":"Formularios"},"content":{"rendered":"<p><a href=\"https:\/\/wp.ufpel.edu.br\/ppgcienciapolitica\/files\/2015\/10\/formulario-informacoes-imprensa-defesa.doc\">Formulario de informaci\u00f3n de prensa<\/a><\/p>\n<p><a href=\"https:\/\/wp.ufpel.edu.br\/ppgcienciapolitica\/files\/2018\/07\/Formul\u00e1rio-Ata-exame-de-qualificacao.docx\">Formulario de examen de calificaci\u00f3n<\/a><\/p>\n<p><a href=\"https:\/\/wp.ufpel.edu.br\/ppgcienciapolitica\/files\/2018\/07\/Formul\u00e1rio-encaminhamento-de-Banca-Qualifica\u00e7\u00e3o-ou-Defesa.doc\">Formulario encaminamiento de Banca &#8211; Calificaci\u00f3n o Defensa<\/a><\/p>\n<p><a href=\"https:\/\/wp.ufpel.edu.br\/ppgcienciapolitica\/files\/2015\/10\/Formul\u00e1rio-Inscri\u00e7\u00e3o-Sele\u00e7\u00e3o-Mestrado.doc\">Formulario Inscripci\u00f3n Selecci\u00f3n Maestr\u00eda<\/a><\/p>\n<p><a href=\"https:\/\/wp.ufpel.edu.br\/ppgcienciapolitica\/files\/2015\/10\/formulario-de-defesa-de-dissertacao.doc\">Formulario de defensa de disertaci\u00f3n<\/a><\/p>\n<p><a href=\"https:\/\/wp.ufpel.edu.br\/ppgcienciapolitica\/files\/2015\/10\/formulario-cancelamento-de-disciplina.doc\">Formulario de cancelaci\u00f3n de disciplina<\/a><\/p>\n<p><a href=\"https:\/\/wp.ufpel.edu.br\/ppgcienciapolitica\/files\/2015\/10\/formulario-ata-de-correcoes.doc\">Formul\u00e1rio registro de correcciones<\/a><\/p>\n<p><a href=\"https:\/\/wp.ufpel.edu.br\/ppgcienciapolitica\/files\/2015\/10\/formulario-aproveitamento-de-creditos.doc\">Formulario de aprovechamiento de cr\u00e9ditos<\/a><\/p>\n<p><a href=\"https:\/\/wp.ufpel.edu.br\/ppgcienciapolitica\/files\/2015\/10\/fomulario-de-matricula.doc\">Formulario de matr\u00edcula<\/a><\/p>\n<p><a href=\"https:\/\/wp.ufpel.edu.br\/ppgcienciapolitica\/files\/2015\/10\/formulario-trancamento-de-matricula.doc\">Formulario de cesi\u00f3n de matr\u00edcula<\/a><\/p>\n<p><a href=\"https:\/\/wp.ufpel.edu.br\/ppgcienciapolitica\/files\/2015\/10\/formulario-inscricao-aluno-especial.pdf\">Formulario inscripci\u00f3n al alumno especial<\/a><\/p>\n<p><a href=\"https:\/\/wp.ufpel.edu.br\/ppgcienciapolitica\/files\/2015\/10\/Formul\u00e1rio-Inscri\u00e7\u00e3o-Sele\u00e7\u00e3o-Doutorado.docx\">Formulario-Inscripci\u00f3n-Selecci\u00f3n Doctorado<\/a><\/p>\n<p><a href=\"https:\/\/wp.ufpel.edu.br\/ppgcienciapolitica\/files\/2015\/10\/atestado-parcial-de-disciplinas-cursadas-1.doc\">Atestado parcial de disciplinas cursadas<\/a><\/p>\n<p><a href=\"https:\/\/wp.ufpel.edu.br\/ppgcienciapolitica\/files\/2015\/10\/historico-escolar.doc\">Historial escolar<\/a><\/p>\n<p><a href=\"https:\/\/wp.ufpel.edu.br\/ppgcienciapolitica\/files\/2015\/10\/historico-escolar-instrucoes.doc\">Historia escolar instrucciones<\/a><\/p>\n<p><a href=\"https:\/\/wp.ufpel.edu.br\/ppgcienciapolitica\/files\/2015\/10\/Declara\u00e7\u00e3o-de-Etnia.pdf\">Declaraci\u00f3n de Etnia<\/a><\/p>\n<p><a href=\"https:\/\/wp.ufpel.edu.br\/ppgcienciapolitica\/files\/2017\/12\/Termo-de-autoriza\u00e7\u00e3o-Teses-e-Disserta\u00e7\u00f5es.pdf\">T\u00e9rmino de autorizaci\u00f3n Biblioteca UFPel &#8211; Publicaci\u00f3n de la versi\u00f3n final de Tesis y Disertaciones<\/a><\/p>\n","protected":false},"excerpt":{"rendered":"<p>Formulario de informaci\u00f3n de prensa Formulario de examen de calificaci\u00f3n Formulario encaminamiento de Banca &#8211; Calificaci\u00f3n o Defensa Formulario Inscripci\u00f3n Selecci\u00f3n Maestr\u00eda Formulario de defensa de disertaci\u00f3n Formulario de cancelaci\u00f3n de disciplina Formul\u00e1rio registro de correcciones Formulario de aprovechamiento de cr\u00e9ditos Formulario de matr\u00edcula Formulario de cesi\u00f3n de matr\u00edcula Formulario inscripci\u00f3n al alumno especial Formulario-Inscripci\u00f3n-Selecci\u00f3n [&hellip;]<\/p>\n","protected":false},"author":555,"featured_media":0,"parent":2353,"menu_order":0,"comment_status":"closed","ping_status":"closed","template":"","meta":{"footnotes":""},"class_list":["post-2389","page","type-page","status-publish","hentry"],"jetpack_sharing_enabled":true,"_links":{"self":[{"href":"https:\/\/wp.ufpel.edu.br\/ppgcienciapolitica\/wp-json\/wp\/v2\/pages\/2389","targetHints":{"allow":["GET"]}}],"collection":[{"href":"https:\/\/wp.ufpel.edu.br\/ppgcienciapolitica\/wp-json\/wp\/v2\/pages"}],"about":[{"href":"https:\/\/wp.ufpel.edu.br\/ppgcienciapolitica\/wp-json\/wp\/v2\/types\/page"}],"author":[{"embeddable":true,"href":"https:\/\/wp.ufpel.edu.br\/ppgcienciapolitica\/wp-json\/wp\/v2\/users\/555"}],"replies":[{"embeddable":true,"href":"https:\/\/wp.ufpel.edu.br\/ppgcienciapolitica\/wp-json\/wp\/v2\/comments?post=2389"}],"version-history":[{"count":3,"href":"https:\/\/wp.ufpel.edu.br\/ppgcienciapolitica\/wp-json\/wp\/v2\/pages\/2389\/revisions"}],"predecessor-version":[{"id":2642,"href":"https:\/\/wp.ufpel.edu.br\/ppgcienciapolitica\/wp-json\/wp\/v2\/pages\/2389\/revisions\/2642"}],"up":[{"embeddable":true,"href":"https:\/\/wp.ufpel.edu.br\/ppgcienciapolitica\/wp-json\/wp\/v2\/pages\/2353"}],"wp:attachment":[{"href":"https:\/\/wp.ufpel.edu.br\/ppgcienciapolitica\/wp-json\/wp\/v2\/media?parent=2389"}],"curies":[{"name":"wp","href":"https:\/\/api.w.org\/{rel}","templated":true}]}}