{"id":2344,"date":"2019-04-10T12:05:01","date_gmt":"2019-04-10T15:05:01","guid":{"rendered":"https:\/\/wp.ufpel.edu.br\/ppgcienciapolitica\/?page_id=2344"},"modified":"2019-04-10T12:05:01","modified_gmt":"2019-04-10T15:05:01","slug":"clase-de-2016","status":"publish","type":"page","link":"https:\/\/wp.ufpel.edu.br\/ppgcienciapolitica\/publicaciones\/tesis-de-maestria\/clase-de-2016\/","title":{"rendered":"Clase de 2016"},"content":{"rendered":"<p><strong>52. Carolina Costa dos Santos<\/strong><br \/>\n<span lang=\"ES\">T\u00edtulo de la tesis de maestr\u00eda:<\/span> \u201cO centro no extremo: o discurso peemedebista no ciclo progressista brasileiro (2003-2016)\u201d<br \/>\nOrientador: Bianca de Freitas Linhares<br \/>\n<span lang=\"ES\">Fecha de la defensa:<\/span> 28\/02\/2018<br \/>\n<a href=\"https:\/\/wp.ufpel.edu.br\/ppgcienciapolitica\/files\/2018\/03\/Disserta\u00e7\u00e3o-Carolina-Dos-Santos.pdf\">Acceder a la tesis de maestr\u00eda en archivo digital en pdf<\/a><\/p>\n<p><strong>53. Let\u00edcia Baron<\/strong><br \/>\n<span lang=\"ES\">T\u00edtulo de la tesis de maestr\u00eda:<\/span> \u201cT\u00e3o pr\u00f3ximos e t\u00e3o distantes: a articula\u00e7\u00e3o discursiva dos movimentos pr\u00f3-<em>impeachment<\/em> a partir da teoria do discurso de Ernesto Laclau\u201d<br \/>\nOrientador: Daniel de Mendon\u00e7a<br \/>\n<span lang=\"ES\">Fecha de la defensa:<\/span> 07\/03\/2018<br \/>\n<a href=\"https:\/\/wp.ufpel.edu.br\/ppgcienciapolitica\/files\/2018\/03\/Disserta\u00e7\u00e3o-Let\u00edcia-Baron.pdf\">Acceder a la tesis de maestr\u00eda en archivo digital en pdf<\/a><\/p>\n<p><strong>54. Carla Pires Tavares Lemos<\/strong><br \/>\n<span lang=\"ES\">T\u00edtulo de la tesis de maestr\u00eda:<\/span> \u201cConfian\u00e7a Institucional e M\u00eddia no Brasil: um estudo longitudinal (2001-2015)\u201d<br \/>\nOrientador: Bianca de Freitas Linhares<br \/>\n<span lang=\"ES\">Fecha de la defensa:<\/span> 23\/03\/2018<br \/>\n<a href=\"https:\/\/wp.ufpel.edu.br\/ppgcienciapolitica\/files\/2018\/07\/Disserta\u00e7\u00e3o-Carla-Lemos.pdf\">Acceder a la tesis de maestr\u00eda en archivo digital en pdf<\/a><\/p>\n<p><strong>55. Vin\u00edcius Pereira Menezes<\/strong><br \/>\n<span lang=\"ES\">T\u00edtulo de la tesis de maestr\u00eda:<\/span> \u201cA influ\u00eancia da m\u00eddia no processo de forma\u00e7\u00e3o de agenda de pol\u00edticas p\u00fablicas na \u00e1rea da sa\u00fade: um enfoque do programa Mais M\u00e9dicos\u201d<br \/>\nOrientador: Cl\u00e1udio Leivas<br \/>\n<span lang=\"ES\">Fecha de la defensa:<\/span>27\/04\/2018<br \/>\n<a href=\"https:\/\/wp.ufpel.edu.br\/ppgcienciapolitica\/files\/2018\/07\/Disserta\u00e7\u00e3o-Vinicius-Menezes.pdf\">Acceder a la tesis de maestr\u00eda en archivo digital en pdf<\/a><\/p>\n<p><strong>56. Matheus Martins Lacerda<\/strong><br \/>\n<span lang=\"ES\">T\u00edtulo de la tesis de maestr\u00eda:<\/span> \u201cNovo C\u00f3digo de Processo Civil: a magistratura como grupo de press\u00e3o sobre o processo legislativo\u201d<br \/>\nOrientador: Alvaro Barreto<br \/>\n<span lang=\"ES\">Fecha de la defensa:<\/span> 30\/08\/2018<br \/>\n<a href=\"https:\/\/wp.ufpel.edu.br\/ppgcienciapolitica\/files\/2018\/10\/Disserta\u00e7\u00e3o-Matheus-Lacerda.pdf\">Acceder a la tesis de maestr\u00eda en archivo digital en pdf<\/a><\/p>\n<p><strong>57. Vitor Gon\u00e7alves Dias<\/strong><br \/>\n<span lang=\"ES\">T\u00edtulo de la tesis de maestr\u00eda:<\/span> \u201cMigrantes senegaleses em Pelotas em Rio Grande: uma an\u00e1lise comparada das pol\u00edticas migrat\u00f3rias nos \u00e2mbitos municipais (2010-2017)\u201d<br \/>\nOrientador: Luciana Ballestrin<br \/>\n<span lang=\"ES\">Fecha de la defensa:<\/span> 11\/10\/2018<br \/>\n<a href=\"https:\/\/wp.ufpel.edu.br\/ppgcienciapolitica\/files\/2018\/12\/Vitor-Dias.pdf\">Acceder a la tesis de maestr\u00eda en archivo digital en pdf<\/a><\/p>\n<p><strong>58. Ot\u00e1vio Santiago Gomes da Silva<\/strong><br \/>\n<span lang=\"ES\">T\u00edtulo de la tesis de maestr\u00eda:<\/span> \u201cJudicializa\u00e7\u00e3o da Pol\u00edtica e Blacklash Legislativo: uma an\u00e1lise do reconhecimento judicial da uni\u00e3o homoafetiva (2011-2018)\u201d<br \/>\nOrientador: Luciana Ballestrin<br \/>\n<span lang=\"ES\">Fecha de la defensa:<\/span> 01\/11\/2018<br \/>\n<a href=\"https:\/\/wp.ufpel.edu.br\/ppgcienciapolitica\/files\/2018\/12\/Ot\u00e1vio-Santiago.pdf\">Acceder a la tesis de maestr\u00eda en archivo digital en pdf<\/a><\/p>\n<p><strong>59. Amora Couto Brand\u00e3o<\/strong><br \/>\n<span lang=\"ES\">T\u00edtulo de la tesis de maestr\u00eda:<\/span> \u201cProcesso de Autorreconhecimento Quilombola: a a\u00e7\u00e3o do Estado por meio da pol\u00edtica p\u00fablica de titula\u00e7\u00e3o territorial na Comunidade Palmas\u201d<br \/>\nOrientador: Rosangela Schulz<br \/>\n<span lang=\"ES\">Fecha de la defensa:<\/span> 05\/11\/2018<br \/>\n<a href=\"https:\/\/wp.ufpel.edu.br\/ppgcienciapolitica\/files\/2018\/12\/Amora-Brand\u00e3o.pdf\">Acceder a la tesis de maestr\u00eda en archivo digital en pdf<\/a><\/p>\n<p><strong>60. Luis Alexandre da Silva Alves<\/strong><br \/>\n<span lang=\"ES\">T\u00edtulo de la tesis de maestr\u00eda:<\/span> \u201cO Midiativismo Ninja: mapeando as transmiss\u00f5es ao vivo como repert\u00f3rio de a\u00e7\u00e3o coletiva\u201d<br \/>\nOrientador: Rosangela Schulz<br \/>\n<span lang=\"ES\">Fecha de la defensa:<\/span> 12\/11\/2018<br \/>\n<a href=\"https:\/\/wp.ufpel.edu.br\/ppgcienciapolitica\/files\/2019\/03\/Disserta\u00e7\u00e3o-Luis-Alexandre-Alves.pdf\">Acceder a la tesis de maestr\u00eda en archivo digital en pdf<\/a><\/p>\n<p><strong>61. Fabrizio Moraes Fern\u00e1ndez<\/strong><br \/>\n<span lang=\"ES\">T\u00edtulo de la tesis de maestr\u00eda:<\/span> \u201cA Espiral do Sil\u00eancio e a Pr\u00e1tica do Presidencialismo de Coaliz\u00e3o nos mandatos Lula e Dilma no Brasil (2003-2016)\u201d<br \/>\nOrientador: Claudio Leivas<br \/>\n<span lang=\"ES\">Fecha de la defensa:<\/span> 28\/11\/2018<br \/>\n<a href=\"https:\/\/wp.ufpel.edu.br\/ppgcienciapolitica\/files\/2019\/03\/Fabrizio-disserta\u00e7\u00e3o-01.10.18A-Biblioteca.pdf\">Acceder a la tesis de maestr\u00eda en archivo digital en pdf<\/a><\/p>\n","protected":false},"excerpt":{"rendered":"<p>52. Carolina Costa dos Santos T\u00edtulo de la tesis de maestr\u00eda: \u201cO centro no extremo: o discurso peemedebista no ciclo progressista brasileiro (2003-2016)\u201d Orientador: Bianca de Freitas Linhares Fecha de la defensa: 28\/02\/2018 Acceder a la tesis de maestr\u00eda en archivo digital en pdf 53. Let\u00edcia Baron T\u00edtulo de la tesis de maestr\u00eda: \u201cT\u00e3o pr\u00f3ximos [&hellip;]<\/p>\n","protected":false},"author":555,"featured_media":0,"parent":2335,"menu_order":0,"comment_status":"closed","ping_status":"closed","template":"","meta":{"footnotes":""},"class_list":["post-2344","page","type-page","status-publish","hentry"],"jetpack_sharing_enabled":true,"_links":{"self":[{"href":"https:\/\/wp.ufpel.edu.br\/ppgcienciapolitica\/wp-json\/wp\/v2\/pages\/2344","targetHints":{"allow":["GET"]}}],"collection":[{"href":"https:\/\/wp.ufpel.edu.br\/ppgcienciapolitica\/wp-json\/wp\/v2\/pages"}],"about":[{"href":"https:\/\/wp.ufpel.edu.br\/ppgcienciapolitica\/wp-json\/wp\/v2\/types\/page"}],"author":[{"embeddable":true,"href":"https:\/\/wp.ufpel.edu.br\/ppgcienciapolitica\/wp-json\/wp\/v2\/users\/555"}],"replies":[{"embeddable":true,"href":"https:\/\/wp.ufpel.edu.br\/ppgcienciapolitica\/wp-json\/wp\/v2\/comments?post=2344"}],"version-history":[{"count":1,"href":"https:\/\/wp.ufpel.edu.br\/ppgcienciapolitica\/wp-json\/wp\/v2\/pages\/2344\/revisions"}],"predecessor-version":[{"id":2345,"href":"https:\/\/wp.ufpel.edu.br\/ppgcienciapolitica\/wp-json\/wp\/v2\/pages\/2344\/revisions\/2345"}],"up":[{"embeddable":true,"href":"https:\/\/wp.ufpel.edu.br\/ppgcienciapolitica\/wp-json\/wp\/v2\/pages\/2335"}],"wp:attachment":[{"href":"https:\/\/wp.ufpel.edu.br\/ppgcienciapolitica\/wp-json\/wp\/v2\/media?parent=2344"}],"curies":[{"name":"wp","href":"https:\/\/api.w.org\/{rel}","templated":true}]}}