{"id":2339,"date":"2019-04-10T11:45:22","date_gmt":"2019-04-10T14:45:22","guid":{"rendered":"https:\/\/wp.ufpel.edu.br\/ppgcienciapolitica\/?page_id=2339"},"modified":"2019-04-10T11:45:22","modified_gmt":"2019-04-10T14:45:22","slug":"clase-de-2015","status":"publish","type":"page","link":"https:\/\/wp.ufpel.edu.br\/ppgcienciapolitica\/publicaciones\/tesis-de-maestria\/clase-de-2015\/","title":{"rendered":"Clase de 2015"},"content":{"rendered":"<p><strong>40. Ligia Silva de Fran\u00e7a Brilhante<\/strong><br \/>\n<span lang=\"ES\">T\u00edtulo de la tesis de maestr\u00eda:<\/span> \u201cDemocracia, acesso \u00e0 justi\u00e7a e Defensoria P\u00fablica: uma compara\u00e7\u00e3o entre Mossor\u00f3\/RN e Pelotas\/RS\u201d<br \/>\nOrientador:\u00a0Hemerson Luiz Pase<br \/>\n<span lang=\"ES\">Fecha de la defensa:<\/span> 12\/02\/2017<br \/>\n<a href=\"https:\/\/wp.ufpel.edu.br\/ppgcienciapolitica\/files\/2017\/10\/L\u00edgia-Silva-de-Fran\u00e7a-Brilhante-2017.pdf\">Acceder a la tesis de maestr\u00eda en archivo digital en pdf<\/a><\/p>\n<p><strong>41. Michele Diana da Luz<\/strong><br \/>\n<span lang=\"ES\">T\u00edtulo de la tesis de maestr\u00eda:<\/span> \u201cEm Busca de um discurso social: a pol\u00edtica social do PSDB na C\u00e2mara dos Deputados na 52\u00aa legislatura (2003-2007)\u201d<br \/>\nOrientador:\u00a0Daniel de Mendon\u00e7a<br \/>\n<span lang=\"ES\">Fecha de la defensa:<\/span> 02\/03\/2017<br \/>\n<a href=\"https:\/\/wp.ufpel.edu.br\/ppgcienciapolitica\/files\/2017\/10\/Michele-Diana-da-Luz-2017.pdf\">Acceder a la tesis de maestr\u00eda en archivo digital en pdf<\/a><\/p>\n<p><strong>42. Matheus Mirapalhete Cardozo<\/strong><br \/>\n<span lang=\"ES\">T\u00edtulo de la tesis de maestr\u00eda:<\/span> \u201cA avalia\u00e7\u00e3o de pol\u00edticas p\u00fablicas: energia e\u00f3lica no extremo sul do Brasil\u201d<br \/>\nOrientador:\u00a0Hemerson Luiz Pase<br \/>\n<span lang=\"ES\">Fecha de la defensa:<\/span> 30\/03\/2017<br \/>\n<a href=\"https:\/\/wp.ufpel.edu.br\/ppgcienciapolitica\/files\/2019\/04\/Matheus-Mirapalhete-Cardozo.pdf\">Acceder a la tesis de maestr\u00eda en archivo digital en pdf<\/a><\/p>\n<p><strong>43. Marcelo de Souza Marques<\/strong><br \/>\n<span lang=\"ES\">T\u00edtulo de la tesis de maestr\u00eda:<\/span> \u201cA [Pol\u00edtica] da arte de fazer a panela de barro: processo de identifica\u00e7\u00e3o e a sedimenta\u00e7\u00e3o do discurso-da-tradi\u00e7\u00e3o-do-saber-fazer-panela-de-barro em Goiabeira Velha, Vit\u00f3ria, ES\u201d<br \/>\nOrientador:\u00a0Daniel de Mendon\u00e7a<br \/>\n<span lang=\"ES\">Fecha de la defensa:<\/span> 19\/05\/2017<br \/>\n<a href=\"https:\/\/wp.ufpel.edu.br\/ppgcienciapolitica\/files\/2018\/05\/Marcelo-de-Souza-Marques_abrevia\u00e7\u00f5es-Disserta\u00e7\u00e3o-vers\u00e3o-final.pdf\">Acceder a la tesis de maestr\u00eda en archivo digital en pdf<\/a><\/p>\n<p><strong>44. Gabriele Padilha da Cunha<\/strong><br \/>\n<span lang=\"ES\">T\u00edtulo de la tesis de maestr\u00eda:<\/span> &#8220;O conselho tutelar e as pol\u00edticas p\u00fablicas para crian\u00e7as e adolescentes em Pelotas\/RS&#8221;<br \/>\nOrientador:\u00a0Hemerson Luiz Pase<br \/>\n<span lang=\"ES\">Fecha de la defensa:<\/span> 28\/09\/2017<br \/>\n<a href=\"https:\/\/wp.ufpel.edu.br\/ppgcienciapolitica\/files\/2017\/10\/Gabriele-disserta\u00e7\u00e3o-\u00faltima-vers\u00e3o-corrigida.pdf\">Acceder a la tesis de maestr\u00eda en archivo digital en pdf<\/a><\/p>\n<p><strong>45. Larissa Russo Gon\u00e7alves<\/strong><br \/>\n<span lang=\"ES\">T\u00edtulo de la tesis de maestr\u00eda:<\/span> &#8220;An\u00e1lise dos sentidos ideol\u00f3gicos presentes nas medidas provis\u00f3rias editadas no primeiro governo Lula (2003-2006)&#8221;<br \/>\nOrientador:\u00a0Daniel de Mendon\u00e7a<br \/>\n<span lang=\"ES\">Fecha de la defensa:<\/span> 20\/10\/2017<br \/>\n<a href=\"https:\/\/wp.ufpel.edu.br\/ppgcienciapolitica\/files\/2017\/10\/Disserta\u00e7\u00e3o-Larissa-Russo-vers\u00e3o-biblioteca.pdf\">Acceder a la tesis de maestr\u00eda en archivo digital en pdf<\/a><\/p>\n<p><strong>46. Juliane Nogueira Carvalho<\/strong><br \/>\n<span lang=\"ES\">T\u00edtulo de la tesis de maestr\u00eda:<\/span> &#8220;Corrup\u00e7\u00e3o e Tributa\u00e7\u00e3o: um estudo longitudinal acerca da percep\u00e7\u00e3o do cidad\u00e3o brasileiro nos anos de 1995 a 2015&#8221;<br \/>\nOrientador:\u00a0Bianca de Freitas Linhares<br \/>\n<span lang=\"ES\">Fecha de la defensa:<\/span> 01\/11\/2017<br \/>\n<a href=\"https:\/\/wp.ufpel.edu.br\/ppgcienciapolitica\/files\/2017\/10\/Disserta\u00e7\u00e3o-p\u00f3s-defesa.pdf\">Acceder a la tesis de maestr\u00eda en archivo digital en pdf<\/a><\/p>\n<p><strong>47. Alessandro Bruce Lied Padilha<\/strong><br \/>\n<span lang=\"ES\">T\u00edtulo de la tesis de maestr\u00eda:<\/span> \u201cO PSOL nas elei\u00e7\u00f5es presidenciais: desempenho eleitoral e condi\u00e7\u00f5es socioecon\u00f4micas nos munic\u00edpios brasileiros\u201d<br \/>\nOrientador: Rosangela Marione Schulz<br \/>\n<span lang=\"ES\">Fecha de la defensa:<\/span> 26\/10\/2017<br \/>\n<a href=\"https:\/\/wp.ufpel.edu.br\/ppgcienciapolitica\/files\/2018\/04\/Disserta\u00e7\u00e3o-Alessandro-Bruce.pdf\">Acceder a la tesis de maestr\u00eda en archivo digital en pdf<\/a><\/p>\n<p><strong>48. Ricardo Petrucci Souto<\/strong><br \/>\n<span lang=\"ES\">T\u00edtulo de la tesis de maestr\u00eda:<\/span> \u201cAtua\u00e7\u00e3o parlamentar do Partido Independente do Uruguai (2005-2010)\u201d<br \/>\nOrientador: Alvaro Augusto de Borba Barreto<br \/>\n<span lang=\"ES\">Fecha de la defensa:<\/span> 08\/11\/2017<br \/>\n<a href=\"https:\/\/wp.ufpel.edu.br\/ppgcienciapolitica\/files\/2018\/03\/Disserta\u00e7\u00e3o-Ricardo-Petrucci-Souto.pdf\">Acceder a la tesis de maestr\u00eda en archivo digital en pdf<\/a><\/p>\n<p><strong>49. Mariana Schardosim Tavares<\/strong><br \/>\n<span lang=\"ES\">T\u00edtulo de la tesis de maestr\u00eda:<\/span> \u201cA democracia participativa e a atua\u00e7\u00e3o do Conselho Municipal dos Direitos da Mulher: a promo\u00e7\u00e3o do Plano Municipal de Pol\u00edticas P\u00fablicas para Mulheres do munic\u00edpio de Pelotas no per\u00edodo de 2015-2017\u201d<br \/>\nOrientador: Patr\u00edcia Rodrigues Chaves da Cunha<br \/>\n<span lang=\"ES\">Fecha de la defensa:<\/span> 10\/11\/2017<br \/>\n<a href=\"https:\/\/wp.ufpel.edu.br\/ppgcienciapolitica\/files\/2018\/03\/Disserta\u00e7\u00e3o-Mariana-Schardosim.pdf\">Acceder a la tesis de maestr\u00eda en archivo digital en pdf<\/a><\/p>\n<p><strong>50. Carla Rosane da Silva Mota<\/strong><br \/>\n<span lang=\"ES\">T\u00edtulo de la tesis de maestr\u00eda:<\/span> \u201cProcesso de formula\u00e7\u00e3o das pol\u00edticas p\u00fablicas de economia solid\u00e1ria nos governos Dilma Rousseff (2011-2016): uma an\u00e1lise a partir da percep\u00e7\u00e3o dos policy makers\u201d<br \/>\nOrientador: Patr\u00edcia Rodrigues Chaves da Cunha<br \/>\n<span lang=\"ES\">Fecha de la defensa:<\/span> 13\/11\/2017<br \/>\n<a href=\"https:\/\/wp.ufpel.edu.br\/ppgcienciapolitica\/files\/2018\/03\/Disserta\u00e7\u00e3o-Carla-Rosane-Mota.pdf\">Acceder a la tesis de maestr\u00eda en archivo digital en pdf<\/a><\/p>\n<p><strong>51. Diandra Avila Martini<\/strong><br \/>\n<span lang=\"ES\">T\u00edtulo de la tesis de maestr\u00eda:<\/span> \u201cA bancada feminina da C\u00e2mara dos Deputados: quais interesses que a produ\u00e7\u00e3o da 54\u00aa legislatura representa (2011-2014)?\u201d<br \/>\nOrientador: Luciana Maria de Arag\u00e3o Ballestrin<br \/>\n<span lang=\"ES\">Fecha de la defensa:<\/span> 17\/11\/2017<br \/>\n<a href=\"https:\/\/wp.ufpel.edu.br\/ppgcienciapolitica\/files\/2018\/03\/Disserta\u00e7\u00e3o-Diandra-Martini.pdf\">Acceder a la tesis de maestr\u00eda en archivo digital en pdf<\/a><\/p>\n","protected":false},"excerpt":{"rendered":"<p>40. Ligia Silva de Fran\u00e7a Brilhante T\u00edtulo de la tesis de maestr\u00eda: \u201cDemocracia, acesso \u00e0 justi\u00e7a e Defensoria P\u00fablica: uma compara\u00e7\u00e3o entre Mossor\u00f3\/RN e Pelotas\/RS\u201d Orientador:\u00a0Hemerson Luiz Pase Fecha de la defensa: 12\/02\/2017 Acceder a la tesis de maestr\u00eda en archivo digital en pdf 41. Michele Diana da Luz T\u00edtulo de la tesis de maestr\u00eda: [&hellip;]<\/p>\n","protected":false},"author":555,"featured_media":0,"parent":2335,"menu_order":0,"comment_status":"closed","ping_status":"closed","template":"","meta":{"footnotes":""},"class_list":["post-2339","page","type-page","status-publish","hentry"],"jetpack_sharing_enabled":true,"_links":{"self":[{"href":"https:\/\/wp.ufpel.edu.br\/ppgcienciapolitica\/wp-json\/wp\/v2\/pages\/2339","targetHints":{"allow":["GET"]}}],"collection":[{"href":"https:\/\/wp.ufpel.edu.br\/ppgcienciapolitica\/wp-json\/wp\/v2\/pages"}],"about":[{"href":"https:\/\/wp.ufpel.edu.br\/ppgcienciapolitica\/wp-json\/wp\/v2\/types\/page"}],"author":[{"embeddable":true,"href":"https:\/\/wp.ufpel.edu.br\/ppgcienciapolitica\/wp-json\/wp\/v2\/users\/555"}],"replies":[{"embeddable":true,"href":"https:\/\/wp.ufpel.edu.br\/ppgcienciapolitica\/wp-json\/wp\/v2\/comments?post=2339"}],"version-history":[{"count":1,"href":"https:\/\/wp.ufpel.edu.br\/ppgcienciapolitica\/wp-json\/wp\/v2\/pages\/2339\/revisions"}],"predecessor-version":[{"id":2340,"href":"https:\/\/wp.ufpel.edu.br\/ppgcienciapolitica\/wp-json\/wp\/v2\/pages\/2339\/revisions\/2340"}],"up":[{"embeddable":true,"href":"https:\/\/wp.ufpel.edu.br\/ppgcienciapolitica\/wp-json\/wp\/v2\/pages\/2335"}],"wp:attachment":[{"href":"https:\/\/wp.ufpel.edu.br\/ppgcienciapolitica\/wp-json\/wp\/v2\/media?parent=2339"}],"curies":[{"name":"wp","href":"https:\/\/api.w.org\/{rel}","templated":true}]}}