{"id":2329,"date":"2019-04-10T11:36:45","date_gmt":"2019-04-10T14:36:45","guid":{"rendered":"https:\/\/wp.ufpel.edu.br\/ppgcienciapolitica\/?page_id=2329"},"modified":"2019-04-19T17:37:18","modified_gmt":"2019-04-19T20:37:18","slug":"class-of-2014-2","status":"publish","type":"page","link":"https:\/\/wp.ufpel.edu.br\/ppgcienciapolitica\/publications\/dissertations\/class-of-2014-2\/","title":{"rendered":"Class of 2014"},"content":{"rendered":"<p><span class=\"Apple-style-span\"><strong>28. Sandra Regina Barbosa Parzianello<\/strong><br \/>\n<span lang=\"EN-US\">Title of the dissertation:<\/span> \u201cA Propaganda eleitoral na perspectiva da Teoria do Discurso de Ernesto Laclau&#8221;<br \/>\n<span lang=\"EN-US\">Advisor:<\/span> Daniel de Mendon\u00e7a<br \/>\n<span lang=\"EN-US\">Date of defense:<\/span> 27\/11\/2015<\/span><br \/>\n<a href=\"https:\/\/wp.ufpel.edu.br\/ppgcienciapolitica\/files\/2016\/07\/Sandra-Regina-Barbosa-Parzianello-2015.pdf\">Access the dissertation in digital archive in pdf<\/a><\/p>\n<p><span class=\"Apple-style-span\"><strong>29. Claudio Corbo Melo<\/strong><br \/>\n<span lang=\"EN-US\">Title of the dissertation:<\/span> \u201cBolsa Fam\u00edlia: incorpora\u00e7\u00e3o econ\u00f4mica ou emancipa\u00e7\u00e3o cidad\u00e3?&#8221;<br \/>\n<span lang=\"EN-US\">Advisor:<\/span> Hemerson Luiz Pase<br \/>\n<span lang=\"EN-US\">Date of defense:<\/span> 09\/03\/2016<\/span><br \/>\n<a href=\"https:\/\/wp.ufpel.edu.br\/ppgcienciapolitica\/files\/2016\/07\/Claudio-Corbo-Melo-2016.pdf\">Access the dissertation in digital archive in pdf<\/a><\/p>\n<p><span class=\"Apple-style-span\"><strong>30. Val\u00e9ria Cabreira Cabrera<\/strong><br \/>\n<span lang=\"EN-US\">Title of the dissertation:<\/span> \u201cCultura pol\u00edtica e ades\u00e3o \u00e0 democracia: uma an\u00e1lise a partir da percep\u00e7\u00e3o do cidad\u00e3o brasileiro sobre direitos humanos&#8221;<br \/>\n<span lang=\"EN-US\">Advisor:<\/span> Bianca de Freitas Linhares<br \/>\n<span lang=\"EN-US\">Date of defense:<\/span> 11\/03\/2016<\/span><br \/>\n<a href=\"https:\/\/wp.ufpel.edu.br\/ppgcienciapolitica\/files\/2016\/07\/Val\u00e9ria-Cabreira-Cabrera-2016.pdf\">Access the dissertation in digital archive in pdf<\/a><\/p>\n<p><span class=\"Apple-style-span\"><strong>31. Michele Siqueira de Azambuja Neves<\/strong><br \/>\n<span lang=\"ES\"><span lang=\"EN-US\">Title of the dissertation:<\/span> <\/span>\u201cAs Pol\u00edticas p\u00fablicas de controle social e a cria\u00e7\u00e3o de novos mecanismos institucionais no Brasil: um estudo do ObservA \u2013 Observat\u00f3rio de Auditoria da Universidade Federal de Pelotas&#8221;<br \/>\n<span lang=\"EN-US\">Advisor:<\/span> Patr\u00edcia Rodrigues Chaves da Cunha<br \/>\n<span lang=\"EN-US\">Date of defense:<\/span> 03\/05\/2016<\/span><br \/>\n<a href=\"https:\/\/wp.ufpel.edu.br\/ppgcienciapolitica\/files\/2016\/07\/Michele-Siqueira-de-Azambuja-Neves-2016.pdf\">Access the dissertation in digital archive in pdf<\/a><\/p>\n<p><span class=\"Apple-style-span\"><strong>32. Helen Let\u00edcia Grala Jacobsen<\/strong><br \/>\n<span lang=\"EN-US\">Title of the dissertation:<\/span> \u201cIntera\u00e7\u00e3o estrat\u00e9gica entre os poderes executivo e legislativo: as Medidas Provis\u00f3rias editadas nos mandatos de Lula e Dilma (2003-2014)&#8221;<br \/>\n<span lang=\"EN-US\">Advisor:<\/span> Alvaro Augusto de Borba Barreto<br \/>\n<span lang=\"EN-US\">Date of defense:<\/span> 16\/06\/2016<\/span><br \/>\n<a href=\"https:\/\/wp.ufpel.edu.br\/ppgcienciapolitica\/files\/2016\/07\/Helen-Let\u00edcia-Grala-Jacobsen-2016.pdf\">Access the dissertation in digital archive in pdf<\/a><\/p>\n<p><span class=\"Apple-style-span\"><strong>33. Bruno Souza Garcia<\/strong><br \/>\n<span lang=\"EN-US\">Title of the dissertation:<\/span> \u201cElei\u00e7\u00f5es suplementares para prefeito (2013-2015): do perfil socioecon\u00f4mico dos munic\u00edpios ao comportamento eleitoral e partid\u00e1rio&#8221;<br \/>\n<span lang=\"EN-US\">Advisor:<\/span> Alvaro Augusto de Borba Barreto<br \/>\n<span lang=\"EN-US\">Date of defense:<\/span> 08\/07\/2016<\/span><br \/>\n<a href=\"https:\/\/wp.ufpel.edu.br\/ppgcienciapolitica\/files\/2016\/07\/Bruno-Souza-Garcia-2016.pdf\">Access the dissertation in digital archive in pdf<\/a><\/p>\n<p><strong>34. Bruna Cavallari<\/strong><br \/>\n<span lang=\"EN-US\">Title of the dissertation:<\/span> \u201cA \u201cResponsabilidade de proteger\u201d e a geopol\u00edtica da seguran\u00e7a internacional: uma an\u00e1lise sob a perspectiva do Norte e do Sul global (2001-2015)\u201d<br \/>\n<span lang=\"EN-US\">Advisor:\u00a0<\/span>Luciana Maria de Arag\u00e3o Ballestrin<br \/>\n<span lang=\"EN-US\">Date of defense:<\/span> 23\/09\/2016<br \/>\n<a href=\"https:\/\/wp.ufpel.edu.br\/ppgcienciapolitica\/files\/2016\/07\/Bruna-Cavallari.pdf\">Access the dissertation in digital archive in pdf<\/a><\/p>\n<p><strong>35. M\u00e1rcio Rog\u00e9rio da Silva Garcia<\/strong><br \/>\n<span lang=\"EN-US\">Title of the dissertation:<\/span> \u201cAn\u00e1lise da atividade da pol\u00edtica de cotas para acesso a pessoas com defici\u00eancia aos cargos p\u00fablicos no Brasil: estudo sobre a promo\u00e7\u00e3o da igualdade material dos indiv\u00edduos mais vulner\u00e1veis do grupo-alvo de 2007-2015\u201d<br \/>\n<span lang=\"EN-US\">Advisor:<\/span> Patr\u00edcia Rodrigues Chaves da Cunha<br \/>\n<span lang=\"EN-US\">Date of defense:<\/span> 03\/10\/2016<br \/>\n<a href=\"https:\/\/wp.ufpel.edu.br\/ppgcienciapolitica\/files\/2016\/07\/Marcio-Garcia.pdf\">Access the dissertation in digital archive in pdf<\/a><\/p>\n<p><strong>36. Arturo Carrasco<\/strong><br \/>\n<span lang=\"EN-US\">Title of the dissertation:<\/span> \u201cAs Pol\u00edtica p\u00fablica brasileiras de combate ao tr\u00e1fico internacional de pessoas: uma an\u00e1lise com base na matriz For\u00e7a, Oportunidade, Fraqueza e Amea\u00e7a (FOFA) do combate ao tr\u00e1fico de mulheres para fins de explora\u00e7\u00e3o sexual\u201d<br \/>\n<span lang=\"EN-US\">Advisor:<\/span> Patr\u00edcia Rodrigues Chaves da Cunha<br \/>\n<span lang=\"EN-US\">Date of defense:<\/span> 24\/10\/2016<br \/>\n<a href=\"https:\/\/wp.ufpel.edu.br\/ppgcienciapolitica\/files\/2016\/07\/Arturo-Carrasco.pdf\">Access the dissertation in digital archive in pdf<\/a><\/p>\n<p><strong>37. Rosana Alves Gomes<\/strong><br \/>\n<span lang=\"EN-US\">Title of the dissertation:<\/span> \u201cO Comportamento ideol\u00f3gico do Partido dos Trabalhadores na C\u00e2mara Federal na 52\u00aa legislatura (2003-2007) no \u00e2mbito da pol\u00edtica social\u201d<br \/>\n<span lang=\"EN-US\">Advisor:<\/span> Daniel de Mendon\u00e7a<br \/>\n<span lang=\"EN-US\">Date of defense:<\/span> 31\/10\/2016<br \/>\n<a href=\"https:\/\/wp.ufpel.edu.br\/ppgcienciapolitica\/files\/2016\/07\/Rosana-Gomes.pdf\">Access the dissertation in digital archive in pdf<\/a><\/p>\n<p><strong>38. Lucas Antonio Penna Rey<\/strong><br \/>\n<span lang=\"EN-US\">Title of the dissertation:<\/span> \u201cO Comportamento dos policy-makers na implanta\u00e7\u00e3o de pol\u00edticas de educa\u00e7\u00e3o ambiental: o estudo dos programas <em>Quero-quero: educa\u00e7\u00e3o ambiental em Rio Grande<\/em> e <em>Escolas sustent\u00e1veis<\/em>\u201d<br \/>\n<span lang=\"EN-US\">Advisor:<\/span> Patr\u00edcia Rodrigues Chaves da Cunha<br \/>\n<span lang=\"EN-US\">Date of defense:<\/span> 16\/11\/2016<br \/>\n<a href=\"https:\/\/wp.ufpel.edu.br\/ppgcienciapolitica\/files\/2016\/07\/Lucas-Penna-Rey.pdf\">Access the dissertation in digital archive in pdf<\/a><\/p>\n<p><strong>39. Scheila Nunes Meira<\/strong><br \/>\n<span lang=\"EN-US\">Title of the dissertation:<\/span> \u201cPersuas\u00e3o e tipos de argumentos: um estudo de caso sobre os tipos de fala nas reuni\u00f5es do Conselho Municipal de Sa\u00fade de Pelotas, a partir dos debates de 2011\u201d<br \/>\n<span lang=\"EN-US\">Advisor:<\/span> Daniel de Mendon\u00e7a<br \/>\n<span lang=\"EN-US\">Date of defense:<\/span> 23\/11\/2016<br \/>\n<a href=\"https:\/\/wp.ufpel.edu.br\/ppgcienciapolitica\/files\/2016\/07\/Scheila-Meira.pdf\">Access the dissertation in digital archive in pdf<\/a><\/p>\n","protected":false},"excerpt":{"rendered":"<p>28. Sandra Regina Barbosa Parzianello Title of the dissertation: \u201cA Propaganda eleitoral na perspectiva da Teoria do Discurso de Ernesto Laclau&#8221; Advisor: Daniel de Mendon\u00e7a Date of defense: 27\/11\/2015 Access the dissertation in digital archive in pdf 29. Claudio Corbo Melo Title of the dissertation: \u201cBolsa Fam\u00edlia: incorpora\u00e7\u00e3o econ\u00f4mica ou emancipa\u00e7\u00e3o cidad\u00e3?&#8221; Advisor: Hemerson Luiz [&hellip;]<\/p>\n","protected":false},"author":555,"featured_media":0,"parent":2337,"menu_order":0,"comment_status":"closed","ping_status":"closed","template":"","meta":{"footnotes":""},"class_list":["post-2329","page","type-page","status-publish","hentry"],"jetpack_sharing_enabled":true,"_links":{"self":[{"href":"https:\/\/wp.ufpel.edu.br\/ppgcienciapolitica\/wp-json\/wp\/v2\/pages\/2329","targetHints":{"allow":["GET"]}}],"collection":[{"href":"https:\/\/wp.ufpel.edu.br\/ppgcienciapolitica\/wp-json\/wp\/v2\/pages"}],"about":[{"href":"https:\/\/wp.ufpel.edu.br\/ppgcienciapolitica\/wp-json\/wp\/v2\/types\/page"}],"author":[{"embeddable":true,"href":"https:\/\/wp.ufpel.edu.br\/ppgcienciapolitica\/wp-json\/wp\/v2\/users\/555"}],"replies":[{"embeddable":true,"href":"https:\/\/wp.ufpel.edu.br\/ppgcienciapolitica\/wp-json\/wp\/v2\/comments?post=2329"}],"version-history":[{"count":1,"href":"https:\/\/wp.ufpel.edu.br\/ppgcienciapolitica\/wp-json\/wp\/v2\/pages\/2329\/revisions"}],"predecessor-version":[{"id":2330,"href":"https:\/\/wp.ufpel.edu.br\/ppgcienciapolitica\/wp-json\/wp\/v2\/pages\/2329\/revisions\/2330"}],"up":[{"embeddable":true,"href":"https:\/\/wp.ufpel.edu.br\/ppgcienciapolitica\/wp-json\/wp\/v2\/pages\/2337"}],"wp:attachment":[{"href":"https:\/\/wp.ufpel.edu.br\/ppgcienciapolitica\/wp-json\/wp\/v2\/media?parent=2329"}],"curies":[{"name":"wp","href":"https:\/\/api.w.org\/{rel}","templated":true}]}}