{"id":2325,"date":"2019-04-10T11:22:28","date_gmt":"2019-04-10T14:22:28","guid":{"rendered":"https:\/\/wp.ufpel.edu.br\/ppgcienciapolitica\/?page_id=2325"},"modified":"2019-04-19T17:35:36","modified_gmt":"2019-04-19T20:35:36","slug":"class-of-2013-2","status":"publish","type":"page","link":"https:\/\/wp.ufpel.edu.br\/ppgcienciapolitica\/publications\/dissertations\/class-of-2013-2\/","title":{"rendered":"Class of 2013"},"content":{"rendered":"<p><span class=\"Apple-style-span\"><strong>18. Marcia Leite Borges<\/strong><br \/>\n<span lang=\"EN-US\">Title of the dissertation:<\/span> \u201cBarragens no sul do Brasil: an\u00e1lise de pol\u00edticas compensat\u00f3rias e da qualidade de vida&#8221;<br \/>\n<span lang=\"EN-US\">Advisor:<\/span> Hemerson Luiz Pase<br \/>\n<span lang=\"EN-US\">Date of defense: <\/span> 05\/03\/2015<\/span><br \/>\n<a href=\"https:\/\/wp.ufpel.edu.br\/ppgcienciapolitica\/files\/2015\/10\/Marcia-Leite-Borges-2015.pdf\">Access the dissertation in digital archive in pdf <\/a><\/p>\n<p><span class=\"Apple-style-span\"><strong>19. Daiana Lopes Dias<\/strong><br \/>\n<span lang=\"EN-US\">Title of the dissertation:\u00a0<\/span>\u201c<\/span>Cultura pol\u00edtica, Democracia e Etnia: acesso a servi\u00e7os p\u00fablicos e comportamento pol\u00edtico dos brasileiros<span class=\"Apple-style-span\">&#8221;<br \/>\n<span lang=\"EN-US\">Advisor:<\/span> Bianca de Freitas Linhares<br \/>\n<span lang=\"EN-US\">Date of defense: <\/span> 15\/10\/2015<\/span><br \/>\n<a href=\"https:\/\/wp.ufpel.edu.br\/ppgcienciapolitica\/files\/2015\/10\/Daiana-Lopes-Dias-2015.pdf\">Access the dissertation in digital archive in pdf <\/a><\/p>\n<p><span class=\"Apple-style-span\"><strong>20. Caroline Bianca Graeff<\/strong><br \/>\n<span lang=\"EN-US\">Title of the dissertation:<\/span> \u201cO TSE e a pol\u00eamica da exig\u00eancia da aprova\u00e7\u00e3o das contas de campanha eleitoral anterior para ser candidato no pleito de 2012&#8243;<br \/>\n<span lang=\"EN-US\">Advisor:<\/span> Alvaro Augusto de Borba Barreto<br \/>\n<span lang=\"EN-US\">Date of defense: <\/span> 15\/10\/2015<\/span><br \/>\n<a href=\"https:\/\/wp.ufpel.edu.br\/ppgcienciapolitica\/files\/2015\/10\/Caroline-Bianca-Graeff-2015.pdf\">Access the dissertation in digital archive in pdf <\/a><\/p>\n<p><span class=\"Apple-style-span\"><strong>21. Daniel de Souza Lemos<\/strong><br \/>\n<span lang=\"EN-US\">Title of the dissertation:<\/span> \u201cOs Prefeitos do Partido dos Trabalhadores no Rio Grande do Sul (1988-2012): um estudo sobre perfil social de elites pol\u00edticas&#8221;<br \/>\n<span lang=\"EN-US\">Advisor:<\/span> Alvaro Augusto de Borba Barreto<br \/>\n<span lang=\"EN-US\">Date of defense: <\/span> 21\/10\/2015<\/span><br \/>\n<a href=\"https:\/\/wp.ufpel.edu.br\/ppgcienciapolitica\/files\/2015\/10\/Daniel-de-Souza-Lemos-2015.pdf\">Access the dissertation in digital archive in pdf <\/a><\/p>\n<p><span class=\"Apple-style-span\"><strong>22. Juliano Oliveira Pizarro<\/strong><br \/>\n<span lang=\"EN-US\">Title of the dissertation:<\/span> \u201cFifa e governan\u00e7a global: atua\u00e7\u00e3o a partir da an\u00e1lise do <em>soft power<\/em> \u00a0(1990-2015)&#8221;<br \/>\n<span lang=\"EN-US\">Advisor:<\/span> Luciana Maria de Arag\u00e3o Ballestrin<br \/>\n<span lang=\"EN-US\">Date of defense: <\/span> 05\/11\/2015<\/span><br \/>\n<a href=\"https:\/\/wp.ufpel.edu.br\/ppgcienciapolitica\/files\/2015\/10\/Juliano-Oliveira-Pizarro-2015.pdf\">Access the dissertation in digital archive in pdf <\/a><\/p>\n<p><span class=\"Apple-style-span\"><strong>23. Marina dos Santos Landa<\/strong><br \/>\n<span lang=\"EN-US\">Title of the dissertation:<\/span> \u201cParticipa\u00e7\u00e3o feminina no terceiro n\u00edvel de governo uruguaio: o perfil das primeiras alcadessas e consejalas eleitas aos Conselhos Municipais (2010-2015)&#8221;<br \/>\n<span lang=\"EN-US\">Advisor:<\/span> Rosangela Marione Schulz<br \/>\n<span lang=\"EN-US\">Date of defense: <\/span>06\/11\/2015<\/span><br \/>\n<a href=\"https:\/\/wp.ufpel.edu.br\/ppgcienciapolitica\/files\/2015\/10\/Disserta\u00e7\u00e3o-Marina-dos-Santos-Landa.pdf\">Access the dissertation in digital archive in pdf <\/a><\/p>\n<p><span class=\"Apple-style-span\"><strong>24. Kamila Lima do Nascimento<\/strong><br \/>\n<span lang=\"EN-US\">Title of the dissertation:<\/span> \u201cOs Sentidos da no\u00e7\u00e3o de democracia na obra de Ernesto Laclau&#8221;<br \/>\n<span lang=\"EN-US\">Advisor:<\/span> Daniel de Mendon\u00e7a<br \/>\n<span lang=\"EN-US\">Date of defense: <\/span> 09\/11\/2015<\/span><br \/>\n<a href=\"https:\/\/wp.ufpel.edu.br\/ppgcienciapolitica\/files\/2015\/10\/Kamila-Lima-do-Nascimento-2015.pdf\">Access the dissertation in digital archive in pdf <\/a><\/p>\n<p><span class=\"Apple-style-span\"><strong>25. Jaqueline B\u00fcttow Signorini<\/strong><br \/>\n<span lang=\"EN-US\">Title of the dissertation:<\/span> \u201cLiberdade e autonomia sindical em xeque: atua\u00e7\u00e3o do Minist\u00e9rio P\u00fablico do Trabalho em Pelotas&#8221;<br \/>\n<span lang=\"EN-US\">Advisor:<\/span> Bianca de Freitas Linhares<br \/>\n<span lang=\"EN-US\">Date of defense: <\/span> 18\/11\/2015<\/span><br \/>\n<a href=\"https:\/\/wp.ufpel.edu.br\/ppgcienciapolitica\/files\/2015\/10\/Jaqueline-B\u00fcttow-Signorini-2015.pdf\">Access the dissertation in digital archive in pdf <\/a><\/p>\n<p><span class=\"Apple-style-span\"><strong>26. Val\u00e9ria Tatsch<\/strong><br \/>\n<span lang=\"EN-US\">Title of the dissertation:\u00a0<\/span>\u201cA Pol\u00edtica de redu\u00e7\u00e3o de danos no munic\u00edpio de Pelotas, RS: o Programa \u201cCrack, \u00e9 poss\u00edvel vencer\u201d<br \/>\n<span lang=\"EN-US\">Advisor:<\/span> Patr\u00edcia Rodrigues Chaves da Cunha<br \/>\n<span lang=\"EN-US\">Date of defense: <\/span> 18\/11\/2015<\/span><br \/>\n<a href=\"https:\/\/wp.ufpel.edu.br\/ppgcienciapolitica\/files\/2015\/10\/Val\u00e9ria-Tatsch-2015.pdf\">Access the dissertation in digital archive in pdf <\/a><\/p>\n<p><span class=\"Apple-style-span\"><strong>27. Renata da Silva Gon\u00e7alves<\/strong><br \/>\n<span lang=\"EN-US\">Title of the dissertation:<\/span> \u201cParticipa\u00e7\u00e3o na integra\u00e7\u00e3o: uma an\u00e1lise sobre a presen\u00e7a da sociedade civil na C\u00fapula Social do Mercosul (2006-2013)\u201d<br \/>\n<span lang=\"EN-US\">Advisor:<\/span> Luciana Maria de Arag\u00e3o Ballestrin<br \/>\n<span lang=\"EN-US\">Date of defense: <\/span>24\/11\/2015<\/span><br \/>\n<a href=\"https:\/\/wp.ufpel.edu.br\/ppgcienciapolitica\/files\/2015\/10\/Disserta\u00e7\u00e3o-Renata-Gon\u00e7alves.pdf\">Access the dissertation in digital archive in pdf <\/a><\/p>\n","protected":false},"excerpt":{"rendered":"<p>18. Marcia Leite Borges Title of the dissertation: \u201cBarragens no sul do Brasil: an\u00e1lise de pol\u00edticas compensat\u00f3rias e da qualidade de vida&#8221; Advisor: Hemerson Luiz Pase Date of defense: 05\/03\/2015 Access the dissertation in digital archive in pdf 19. Daiana Lopes Dias Title of the dissertation:\u00a0\u201cCultura pol\u00edtica, Democracia e Etnia: acesso a servi\u00e7os p\u00fablicos e [&hellip;]<\/p>\n","protected":false},"author":555,"featured_media":0,"parent":2337,"menu_order":0,"comment_status":"closed","ping_status":"closed","template":"","meta":{"footnotes":""},"class_list":["post-2325","page","type-page","status-publish","hentry"],"jetpack_sharing_enabled":true,"_links":{"self":[{"href":"https:\/\/wp.ufpel.edu.br\/ppgcienciapolitica\/wp-json\/wp\/v2\/pages\/2325","targetHints":{"allow":["GET"]}}],"collection":[{"href":"https:\/\/wp.ufpel.edu.br\/ppgcienciapolitica\/wp-json\/wp\/v2\/pages"}],"about":[{"href":"https:\/\/wp.ufpel.edu.br\/ppgcienciapolitica\/wp-json\/wp\/v2\/types\/page"}],"author":[{"embeddable":true,"href":"https:\/\/wp.ufpel.edu.br\/ppgcienciapolitica\/wp-json\/wp\/v2\/users\/555"}],"replies":[{"embeddable":true,"href":"https:\/\/wp.ufpel.edu.br\/ppgcienciapolitica\/wp-json\/wp\/v2\/comments?post=2325"}],"version-history":[{"count":1,"href":"https:\/\/wp.ufpel.edu.br\/ppgcienciapolitica\/wp-json\/wp\/v2\/pages\/2325\/revisions"}],"predecessor-version":[{"id":2326,"href":"https:\/\/wp.ufpel.edu.br\/ppgcienciapolitica\/wp-json\/wp\/v2\/pages\/2325\/revisions\/2326"}],"up":[{"embeddable":true,"href":"https:\/\/wp.ufpel.edu.br\/ppgcienciapolitica\/wp-json\/wp\/v2\/pages\/2337"}],"wp:attachment":[{"href":"https:\/\/wp.ufpel.edu.br\/ppgcienciapolitica\/wp-json\/wp\/v2\/media?parent=2325"}],"curies":[{"name":"wp","href":"https:\/\/api.w.org\/{rel}","templated":true}]}}