{"id":2321,"date":"2019-04-10T11:11:35","date_gmt":"2019-04-10T14:11:35","guid":{"rendered":"https:\/\/wp.ufpel.edu.br\/ppgcienciapolitica\/?page_id=2321"},"modified":"2019-04-19T17:34:22","modified_gmt":"2019-04-19T20:34:22","slug":"class-of-2012-2","status":"publish","type":"page","link":"https:\/\/wp.ufpel.edu.br\/ppgcienciapolitica\/publications\/dissertations\/class-of-2012-2\/","title":{"rendered":"Class of 2012"},"content":{"rendered":"<p><strong>11. Luis Gustavo Teixeira da Silva<\/strong><br \/>\n<span lang=\"EN-US\">Title of the dissertation:<\/span> \u201cDesindustrializa\u00e7\u00e3o precoce no Brasil: uma an\u00e1lise\u00a0a partir do discurso dos deputados federais do Partido dos Trabalhadores&#8221;<br \/>\n<span lang=\"EN-US\">Advisor:<\/span> Daniel de Mendon\u00e7a<br \/>\n<span lang=\"EN-US\">Date of defense:<\/span> 14\/02\/2014<br \/>\n<a href=\"https:\/\/wp.ufpel.edu.br\/ppgcienciapolitica\/files\/2015\/10\/luisgostavo-t-silva.pdf\">Access the dissertation in digital archive in pdf <\/a><\/p>\n<p><strong>12.\u00a0Isis Oliveira Bastos Matos<\/strong><br \/>\n<span lang=\"EN-US\">Title of the dissertation:<\/span> \u201cRela\u00e7\u00f5es de poder nas a\u00e7\u00f5es de\u00a0responsabilidade social do setor el\u00e9trico\u201d<br \/>\n<span lang=\"EN-US\">Advisor:<\/span> Hemerson Luiz Pase<br \/>\n<span lang=\"EN-US\">Date of defense:<\/span> 20\/02\/2014<br \/>\n<a href=\"https:\/\/wp.ufpel.edu.br\/ppgcienciapolitica\/files\/2015\/10\/isis-matos.pdf\">Access the dissertation in digital archive in pdf <\/a><\/p>\n<p><strong>13.\u00a0Rafael Cesar Ilha Pinto<\/strong><br \/>\n<span lang=\"EN-US\">Title of the dissertation:<\/span> \u201cDemocratizando a integra\u00e7\u00e3o? Democracia e\u00a0representa\u00e7\u00e3o pol\u00edtica no Mercosul (1985-2013)&#8221;<br \/>\n<span lang=\"EN-US\">Advisor:<\/span> Luciana Maria de Arag\u00e3o Ballestrin<br \/>\n<span lang=\"EN-US\">Date of defense:<\/span> 09\/05\/2014<br \/>\n<a href=\"https:\/\/wp.ufpel.edu.br\/ppgcienciapolitica\/files\/2015\/10\/rafael-pinto.pdf\">Access the dissertation in digital archive in pdf <\/a><\/p>\n<p><strong>14.\u00a0Germanna da Costa Lopes<\/strong><br \/>\n<span lang=\"EN-US\">Title of the dissertation:<\/span> \u201cMedi\u00e7\u00e3o, classifica\u00e7\u00e3o e qualifica\u00e7\u00e3o\u00a0em rankings internacionais: Qual(s) modelo(s) de democracia?&#8221;<br \/>\n<span lang=\"EN-US\">Advisor:<\/span> Luciana Maria de Arag\u00e3o Ballestrin<br \/>\n<span lang=\"EN-US\">Date of defense:\u00a0<\/span>01\/10\/2014<br \/>\n<a href=\"https:\/\/wp.ufpel.edu.br\/ppgcienciapolitica\/files\/2015\/10\/germanna.pdf\">Access the dissertation in digital archive in pdf <\/a><\/p>\n<p><strong>15. Andria Caroline Angelo Santin<\/strong><br \/>\n<span lang=\"ES\"><span lang=\"EN-US\">Title of the dissertation:<\/span> <\/span>\u201cO Desenvolvimento Local e a rela\u00e7\u00e3o com as Pol\u00edticas P\u00fablicas REUNI e SISU: O Estudo de caso da Universidade Federal de Pelotas&#8221;<br \/>\n<span lang=\"EN-US\">Advisor:<\/span> Patr\u00edcia R. C. da Cunha<br \/>\n<span lang=\"EN-US\">Date of defense:<\/span> 14\/11\/2014<br \/>\n<a href=\"https:\/\/wp.ufpel.edu.br\/ppgcienciapolitica\/files\/2015\/10\/andria-santin.pdf\">Access the dissertation in digital archive in pdf <\/a><\/p>\n<p><b><span class=\"Apple-style-span\"><strong>16. Tha\u00edse Mendes Farias<\/strong><br \/>\n<\/span><\/b><span class=\"Apple-style-span\"><span lang=\"EN-US\">Title of the dissertation:<\/span> \u201cA racionalidade das decis\u00f5es judiciais e o teor pol\u00edtico do discurso jur\u00eddico sobre o Movimento dos Trabalhadores Rurais Sem Terra: an\u00e1lise das decis\u00f5es do Superior Tribunal de Justi\u00e7a e do Supremo Tribunal Federal sobre a Quest\u00e3o Agr\u00e1ria no Brasil no per\u00edodo da abertura democr\u00e1tica (1980-2010)&#8221;<\/span><span class=\"Apple-style-span\"><br \/>\n<span lang=\"EN-US\">Advisor:\u00a0<\/span>Renata Albernaz<br \/>\n<span lang=\"EN-US\">Date of defense:<\/span> 25\/08\/2014<\/span><br \/>\n<a href=\"https:\/\/wp.ufpel.edu.br\/ppgcienciapolitica\/files\/2015\/10\/Tha\u00edse-Mendes-Farias.pdf\">Access the dissertation in digital archive in pdf <\/a><\/p>\n<p><span class=\"Apple-style-span\"><strong>17. Camila Goulart de Campos<\/strong><br \/>\n<span lang=\"EN-US\">Title of the dissertation:<\/span> \u201cQuebrando barreiras: o espa\u00e7o da mulher nas assembleias legislativas\/distrital do Brasil&#8221;<br \/>\n<span lang=\"EN-US\">Advisor:<\/span> Rosangela Marione Schulz<br \/>\n<span lang=\"EN-US\">Date of defense:<\/span> 27\/03\/2015 <\/span><br \/>\n<a href=\"https:\/\/wp.ufpel.edu.br\/ppgcienciapolitica\/files\/2015\/10\/Camila-Goulart-de-Campos-2015.pdf\">Access the dissertation in digital archive in pdf <\/a><\/p>\n","protected":false},"excerpt":{"rendered":"<p>11. Luis Gustavo Teixeira da Silva Title of the dissertation: \u201cDesindustrializa\u00e7\u00e3o precoce no Brasil: uma an\u00e1lise\u00a0a partir do discurso dos deputados federais do Partido dos Trabalhadores&#8221; Advisor: Daniel de Mendon\u00e7a Date of defense: 14\/02\/2014 Access the dissertation in digital archive in pdf 12.\u00a0Isis Oliveira Bastos Matos Title of the dissertation: \u201cRela\u00e7\u00f5es de poder nas a\u00e7\u00f5es [&hellip;]<\/p>\n","protected":false},"author":555,"featured_media":0,"parent":2337,"menu_order":0,"comment_status":"closed","ping_status":"closed","template":"","meta":{"footnotes":""},"class_list":["post-2321","page","type-page","status-publish","hentry"],"jetpack_sharing_enabled":true,"_links":{"self":[{"href":"https:\/\/wp.ufpel.edu.br\/ppgcienciapolitica\/wp-json\/wp\/v2\/pages\/2321","targetHints":{"allow":["GET"]}}],"collection":[{"href":"https:\/\/wp.ufpel.edu.br\/ppgcienciapolitica\/wp-json\/wp\/v2\/pages"}],"about":[{"href":"https:\/\/wp.ufpel.edu.br\/ppgcienciapolitica\/wp-json\/wp\/v2\/types\/page"}],"author":[{"embeddable":true,"href":"https:\/\/wp.ufpel.edu.br\/ppgcienciapolitica\/wp-json\/wp\/v2\/users\/555"}],"replies":[{"embeddable":true,"href":"https:\/\/wp.ufpel.edu.br\/ppgcienciapolitica\/wp-json\/wp\/v2\/comments?post=2321"}],"version-history":[{"count":1,"href":"https:\/\/wp.ufpel.edu.br\/ppgcienciapolitica\/wp-json\/wp\/v2\/pages\/2321\/revisions"}],"predecessor-version":[{"id":2322,"href":"https:\/\/wp.ufpel.edu.br\/ppgcienciapolitica\/wp-json\/wp\/v2\/pages\/2321\/revisions\/2322"}],"up":[{"embeddable":true,"href":"https:\/\/wp.ufpel.edu.br\/ppgcienciapolitica\/wp-json\/wp\/v2\/pages\/2337"}],"wp:attachment":[{"href":"https:\/\/wp.ufpel.edu.br\/ppgcienciapolitica\/wp-json\/wp\/v2\/media?parent=2321"}],"curies":[{"name":"wp","href":"https:\/\/api.w.org\/{rel}","templated":true}]}}