{"id":2316,"date":"2019-04-10T11:03:22","date_gmt":"2019-04-10T14:03:22","guid":{"rendered":"https:\/\/wp.ufpel.edu.br\/ppgcienciapolitica\/?page_id=2316"},"modified":"2019-04-19T17:32:58","modified_gmt":"2019-04-19T20:32:58","slug":"class-of-2011-2","status":"publish","type":"page","link":"https:\/\/wp.ufpel.edu.br\/ppgcienciapolitica\/publications\/dissertations\/class-of-2011-2\/","title":{"rendered":"Class of 2011"},"content":{"rendered":"<p><strong>01.\u00a0Roberto Vieira J\u00fanior<\/strong><\/p>\n<p><span lang=\"EN-US\">Title of the dissertation: <\/span> \u201cP\u00f3s-estruturalismo e P\u00f3s-anarquismo: conex\u00f5es&#8221;<br \/>\n<span lang=\"EN-US\">Advisor:<\/span> Daniel de Mendon\u00e7a<br \/>\n<span lang=\"EN-US\">Date of defense:<\/span> 14\/12\/2012<br \/>\n<a href=\"https:\/\/wp.ufpel.edu.br\/ppgcienciapolitica\/files\/2015\/10\/robertovieira.pdf\">Access the dissertation in digital archive in pdf <\/a><\/p>\n<p><strong>02.\u00a0Andr\u00e9 Selayaran Nicoletti<\/strong><\/p>\n<p><span lang=\"EN-US\">Title of the dissertation: <\/span> &#8220;A Presen\u00e7a jovem nas c\u00e2maras de vereadores dos munic\u00edpios\u00a0que comp\u00f5em a AZONASUL nas elei\u00e7\u00f5es de 2008: trajet\u00f3ria e participa\u00e7\u00e3o pol\u00edtica&#8221;<br \/>\n<span lang=\"EN-US\">Advisor:<\/span> Patr\u00edcia Rodrigues Chaves da Cunha<br \/>\n<span lang=\"EN-US\">Date of defense:<\/span> 01\/03\/2013<br \/>\n<a href=\"https:\/\/wp.ufpel.edu.br\/ppgcienciapolitica\/files\/2015\/10\/andrenicoletti.pdf\">Access the dissertation in digital archive in pdf <\/a><\/p>\n<p><strong>03.\u00a0Jennifer Azambuja de Morais<\/strong><\/p>\n<p><span lang=\"EN-US\">Title of the dissertation: <\/span>&#8220;O processo de tomada de decis\u00e3o dos cidad\u00e3os atingidos por usinas hidrel\u00e9tricas&#8221;<br \/>\n<span lang=\"EN-US\">Advisor:\u00a0<\/span>Hemerson Luiz pase<br \/>\n<span lang=\"EN-US\">Date of defense:<\/span> 05\/03\/2013<br \/>\n<a href=\"https:\/\/wp.ufpel.edu.br\/ppgcienciapolitica\/files\/2015\/10\/jennifer-de-morais.pdf\">Access the dissertation in digital archive in pdf <\/a><\/p>\n<p><strong>04.\u00a0Matheus M\u00fcller Schwanz<\/strong><\/p>\n<p><span lang=\"EN-US\">Title of the dissertation: <\/span> \u201cDepend\u00eancia de trajet\u00f3ria no setor el\u00e9trico\u201d<br \/>\n<span lang=\"EN-US\">Advisor:<\/span> Hemerson Luiz Pase<br \/>\n<span lang=\"EN-US\">Date of defense:<\/span> 05\/03\/2013<br \/>\n<a href=\"https:\/\/wp.ufpel.edu.br\/ppgcienciapolitica\/files\/2015\/10\/matheus-muller.pdf\">Access the dissertation in digital archive in pdf <\/a><\/p>\n<p><strong>05.\u00a0<\/strong><strong>Felipe Corral de Freitas<\/strong><\/p>\n<p><span lang=\"EN-US\">Title of the dissertation: <\/span> &#8220;Uma compara\u00e7\u00e3o entre os discursos das reformas da\u00a0Previd\u00eancia dos governos Cardoso e Lula&#8221;<br \/>\n<span lang=\"EN-US\">Advisor:<\/span> Daniel de Mendon\u00e7a<br \/>\n<span lang=\"EN-US\">Date of defense:<\/span> 18\/03\/2013<br \/>\n<a href=\"https:\/\/wp.ufpel.edu.br\/ppgcienciapolitica\/files\/2015\/10\/dissert-felipefreitas.pdf\">Access the dissertation in digital archive in pdf <\/a><\/p>\n<p><strong>06. Karen Elena Costa Dal Castel<\/strong><\/p>\n<p><span lang=\"EN-US\">Title of the dissertation: <\/span> \u201cO povo em Maquiavel como guardi\u00e3o da liberdade\u201d<br \/>\n<span lang=\"EN-US\">Advisor:<\/span> Claudio Roberto Cogo Leivas<br \/>\n<span lang=\"EN-US\">Date of defense:<\/span> 22\/03\/2013<br \/>\n<a href=\"https:\/\/wp.ufpel.edu.br\/ppgcienciapolitica\/files\/2015\/10\/karen-dal-castel.pdf\">Access the dissertation in digital archive in pdf <\/a><\/p>\n<p><strong>07.\u00a0Ana Cristina Lubke Mendes<\/strong><\/p>\n<p><span lang=\"EN-US\">Title of the dissertation: <\/span>\u201cA presen\u00e7a das mulheres nos conselhos municipais de Pelotas\u201d<br \/>\n<span lang=\"EN-US\">Advisor:<\/span> Rosangela Marione Schulz<br \/>\n<span lang=\"EN-US\">Date of defense:<\/span> 24\/05\/2013<br \/>\n<a href=\"https:\/\/wp.ufpel.edu.br\/ppgcienciapolitica\/files\/2015\/10\/ana-lubke.pdf\">Access the dissertation in digital archive in pdf <\/a><\/p>\n<p><strong>08.\u00a0Rafael Nachtigall de Lima<\/strong><\/p>\n<p><span lang=\"EN-US\">Title of the dissertation: <\/span>\u201cVereadores candidatos nas elei\u00e7\u00f5es para deputado no Rio Grande do Sul (2002-2010): ambi\u00e7\u00e3o pol\u00edtica, resultados e continuidade da carreira\u201d<br \/>\n<span lang=\"EN-US\">Advisor:<\/span> Alvaro Augusto de Borba Barreto<br \/>\n<span lang=\"EN-US\">Date of defense:<\/span> 27\/05\/2013<br \/>\n<a href=\"https:\/\/wp.ufpel.edu.br\/ppgcienciapolitica\/files\/2015\/10\/rafael-nachtigall.pdf\">Access the dissertation in digital archive in pdf <\/a><\/p>\n<p><strong>09.\u00a0Leandro Pribernow Massia<\/strong><\/p>\n<p><span lang=\"EN-US\">Title of the dissertation: <\/span>\u201cA Profissionaliza\u00e7\u00e3o pol\u00edtica do poder executivo estadual: uma an\u00e1lise do perfil social e da carreira dos governadores brasileiros (1994-2010)\u201d.<br \/>\n<span lang=\"EN-US\">Advisor:<\/span> Alvaro Augusto de Borba Barreto<br \/>\n<span lang=\"EN-US\">Date of defense:<\/span> 28\/05\/2013<br \/>\n<a href=\"https:\/\/wp.ufpel.edu.br\/ppgcienciapolitica\/files\/2015\/10\/leandro-massia.pdf\">Access the dissertation in digital archive in pdf <\/a><\/p>\n<p><strong>10.\u00a0Celso Maclove Souza Soares<\/strong><\/p>\n<p><span lang=\"EN-US\">Title of the dissertation: <\/span> \u201cQuem tem medo do Cururu: Padr\u00f5es de cultura pol\u00edtica e decoro parlamentar na cassa\u00e7\u00e3o de mandato do vereador Cl\u00e1udio Insaurriaga, o Cururu, pela C\u00e2mara Municipal de Pelotas \u2013 RS\u201d.<br \/>\n<span lang=\"EN-US\">Advisor:<\/span> Patr\u00edcia Rodrigues Chaves da Cunha<br \/>\n<span lang=\"EN-US\">Date of defense:<\/span> 19\/11\/2013<br \/>\n<a href=\"https:\/\/wp.ufpel.edu.br\/ppgcienciapolitica\/files\/2015\/10\/celso-maclove.pdf\">Access the dissertation in digital archive in pdf <\/a><\/p>\n","protected":false},"excerpt":{"rendered":"<p>01.\u00a0Roberto Vieira J\u00fanior Title of the dissertation: \u201cP\u00f3s-estruturalismo e P\u00f3s-anarquismo: conex\u00f5es&#8221; Advisor: Daniel de Mendon\u00e7a Date of defense: 14\/12\/2012 Access the dissertation in digital archive in pdf 02.\u00a0Andr\u00e9 Selayaran Nicoletti Title of the dissertation: &#8220;A Presen\u00e7a jovem nas c\u00e2maras de vereadores dos munic\u00edpios\u00a0que comp\u00f5em a AZONASUL nas elei\u00e7\u00f5es de 2008: trajet\u00f3ria e participa\u00e7\u00e3o pol\u00edtica&#8221; Advisor: [&hellip;]<\/p>\n","protected":false},"author":555,"featured_media":0,"parent":2337,"menu_order":0,"comment_status":"closed","ping_status":"closed","template":"","meta":{"footnotes":""},"class_list":["post-2316","page","type-page","status-publish","hentry"],"jetpack_sharing_enabled":true,"_links":{"self":[{"href":"https:\/\/wp.ufpel.edu.br\/ppgcienciapolitica\/wp-json\/wp\/v2\/pages\/2316","targetHints":{"allow":["GET"]}}],"collection":[{"href":"https:\/\/wp.ufpel.edu.br\/ppgcienciapolitica\/wp-json\/wp\/v2\/pages"}],"about":[{"href":"https:\/\/wp.ufpel.edu.br\/ppgcienciapolitica\/wp-json\/wp\/v2\/types\/page"}],"author":[{"embeddable":true,"href":"https:\/\/wp.ufpel.edu.br\/ppgcienciapolitica\/wp-json\/wp\/v2\/users\/555"}],"replies":[{"embeddable":true,"href":"https:\/\/wp.ufpel.edu.br\/ppgcienciapolitica\/wp-json\/wp\/v2\/comments?post=2316"}],"version-history":[{"count":1,"href":"https:\/\/wp.ufpel.edu.br\/ppgcienciapolitica\/wp-json\/wp\/v2\/pages\/2316\/revisions"}],"predecessor-version":[{"id":2317,"href":"https:\/\/wp.ufpel.edu.br\/ppgcienciapolitica\/wp-json\/wp\/v2\/pages\/2316\/revisions\/2317"}],"up":[{"embeddable":true,"href":"https:\/\/wp.ufpel.edu.br\/ppgcienciapolitica\/wp-json\/wp\/v2\/pages\/2337"}],"wp:attachment":[{"href":"https:\/\/wp.ufpel.edu.br\/ppgcienciapolitica\/wp-json\/wp\/v2\/media?parent=2316"}],"curies":[{"name":"wp","href":"https:\/\/api.w.org\/{rel}","templated":true}]}}