{"id":2314,"date":"2019-04-10T10:55:54","date_gmt":"2019-04-10T13:55:54","guid":{"rendered":"https:\/\/wp.ufpel.edu.br\/ppgcienciapolitica\/?page_id=2314"},"modified":"2019-04-19T17:32:21","modified_gmt":"2019-04-19T20:32:21","slug":"clase-de-2011-2","status":"publish","type":"page","link":"https:\/\/wp.ufpel.edu.br\/ppgcienciapolitica\/publicaciones\/tesis-de-maestria\/clase-de-2011-2\/","title":{"rendered":"Clase de 2011"},"content":{"rendered":"<p><strong>01.\u00a0Roberto Vieira J\u00fanior<\/strong><br \/>\n<span lang=\"ES\">T\u00edtulo de la tesis de maestr\u00eda:<\/span> \u201cP\u00f3s-estruturalismo e P\u00f3s-anarquismo: conex\u00f5es&#8221;<br \/>\nOrientador: Daniel de Mendon\u00e7a<br \/>\nFecha de defensa: 14\/12\/2012<br \/>\n<a href=\"https:\/\/wp.ufpel.edu.br\/ppgcienciapolitica\/files\/2015\/10\/robertovieira.pdf\">Acceder a la tesis de maestr\u00eda en archivo digital en pdf<\/a><\/p>\n<p><strong>02.\u00a0Andr\u00e9 Selayaran Nicoletti<\/strong><br \/>\n<span lang=\"ES\">T\u00edtulo de la tesis de maestr\u00eda:<\/span> &#8220;A Presen\u00e7a jovem nas c\u00e2maras de vereadores dos munic\u00edpios\u00a0que comp\u00f5em a AZONASUL nas elei\u00e7\u00f5es de 2008: trajet\u00f3ria e participa\u00e7\u00e3o pol\u00edtica&#8221;<br \/>\nOrientadora: Patr\u00edcia Rodrigues Chaves da Cunha<br \/>\nFecha de defensa: 01\/03\/2013<br \/>\n<a href=\"https:\/\/wp.ufpel.edu.br\/ppgcienciapolitica\/files\/2015\/10\/andrenicoletti.pdf\">Acceder a la tesis de maestr\u00eda en archivo digital en pdf<\/a><\/p>\n<p><strong>03.\u00a0Jennifer Azambuja de Morais<\/strong><br \/>\n<span lang=\"ES\">T\u00edtulo de la tesis de maestr\u00eda:<\/span> &#8220;O processo de tomada de decis\u00e3o dos cidad\u00e3os atingidos por usinas hidrel\u00e9tricas&#8221;<br \/>\nOrientador: Hemerson Luiz pase<br \/>\nFecha de defensa: 05\/03\/2013<br \/>\n<a href=\"https:\/\/wp.ufpel.edu.br\/ppgcienciapolitica\/files\/2015\/10\/jennifer-de-morais.pdf\">Acceder a la tesis de maestr\u00eda en archivo digital en pdf<\/a><\/p>\n<p><strong>04.\u00a0Matheus M\u00fcller Schwanz<\/strong><br \/>\n<span lang=\"ES\">T\u00edtulo de la tesis de maestr\u00eda:<\/span> \u201cDepend\u00eancia de trajet\u00f3ria no setor el\u00e9trico\u201d<br \/>\nOrientador: Hemerson Luiz Pase<br \/>\nFecha de defensa: 05\/03\/2013<br \/>\n<a href=\"https:\/\/wp.ufpel.edu.br\/ppgcienciapolitica\/files\/2015\/10\/matheus-muller.pdf\">Acceder a la tesis de maestr\u00eda en archivo digital en pdf<\/a><\/p>\n<p><strong>05.\u00a0<\/strong><strong>Felipe Corral de Freitas<\/strong><br \/>\n<span lang=\"ES\">T\u00edtulo de la tesis de maestr\u00eda:<\/span> &#8220;Uma compara\u00e7\u00e3o entre os discursos das reformas da\u00a0Previd\u00eancia dos governos Cardoso e Lula&#8221;<br \/>\nOrientador: Daniel de Mendon\u00e7a<br \/>\nFecha de defensa: 18\/03\/2013<br \/>\n<a href=\"https:\/\/wp.ufpel.edu.br\/ppgcienciapolitica\/files\/2015\/10\/dissert-felipefreitas.pdf\">Acceder a la tesis de maestr\u00eda en archivo digital en pdf<\/a><\/p>\n<p><strong>06. Karen Elena Costa Dal Castel<\/strong><br \/>\n<span lang=\"ES\">T\u00edtulo de la tesis de maestr\u00eda:<\/span> \u201cO povo em Maquiavel como guardi\u00e3o da liberdade\u201d<br \/>\nOrientador: Claudio Roberto Cogo Leivas<br \/>\nFecha de defensa: 22\/03\/2013<br \/>\n<a href=\"https:\/\/wp.ufpel.edu.br\/ppgcienciapolitica\/files\/2015\/10\/karen-dal-castel.pdf\">Acceder a la tesis de maestr\u00eda en archivo digital en pdf<\/a><\/p>\n<p><strong>07.\u00a0Ana Cristina Lubke Mendes<\/strong><br \/>\n<span lang=\"ES\">T\u00edtulo de la tesis de maestr\u00eda:<\/span>\u201cA presen\u00e7a das mulheres nos conselhos municipais de Pelotas\u201d<br \/>\nOrientadora: Rosangela Marione Schulz<br \/>\nFecha de defensa: 24\/05\/2013<br \/>\n<a href=\"https:\/\/wp.ufpel.edu.br\/ppgcienciapolitica\/files\/2015\/10\/ana-lubke.pdf\">Acceder a la tesis de maestr\u00eda en archivo digital en pdf<\/a><\/p>\n<p><strong>08.\u00a0Rafael Nachtigall de Lima<\/strong><br \/>\n<span lang=\"ES\">T\u00edtulo de la tesis de maestr\u00eda:<\/span> \u201cVereadores candidatos nas elei\u00e7\u00f5es para deputado no Rio Grande do Sul (2002-2010): ambi\u00e7\u00e3o pol\u00edtica, resultados e continuidade da carreira\u201d<br \/>\nOrientador: Alvaro Augusto de Borba Barreto<br \/>\nFecha de defensa: 27\/05\/2013<br \/>\n<a href=\"https:\/\/wp.ufpel.edu.br\/ppgcienciapolitica\/files\/2015\/10\/rafael-nachtigall.pdf\">Acceder a la tesis de maestr\u00eda en archivo digital en pdf<\/a><\/p>\n<p><strong>09.\u00a0Leandro Pribernow Massia<\/strong><br \/>\n<span lang=\"ES\">T\u00edtulo de la tesis de maestr\u00eda:<\/span>\u201cA Profissionaliza\u00e7\u00e3o pol\u00edtica do poder executivo estadual: uma an\u00e1lise do perfil social e da carreira dos governadores brasileiros (1994-2010)\u201d.<br \/>\nOrientador: Alvaro Augusto de Borba Barreto<br \/>\nFecha de defensa: 28\/05\/2013<br \/>\n<a href=\"https:\/\/wp.ufpel.edu.br\/ppgcienciapolitica\/files\/2015\/10\/leandro-massia.pdf\">Acceder a la tesis de maestr\u00eda en archivo digital en pdf<\/a><\/p>\n<p><strong>10.\u00a0Celso Maclove Souza Soares<\/strong><br \/>\n<span lang=\"ES\">T\u00edtulo de la tesis de maestr\u00eda:<\/span> \u201cQuem tem medo do Cururu: Padr\u00f5es de cultura pol\u00edtica e decoro parlamentar na cassa\u00e7\u00e3o de mandato do vereador Cl\u00e1udio Insaurriaga, o Cururu, pela C\u00e2mara Municipal de Pelotas \u2013 RS\u201d.<br \/>\nOrientador: Patr\u00edcia Rodrigues Chaves da Cunha<br \/>\nFecha de defensa: 19\/11\/2013<br \/>\n<a href=\"https:\/\/wp.ufpel.edu.br\/ppgcienciapolitica\/files\/2015\/10\/celso-maclove.pdf\">Acceder a la tesis de maestr\u00eda en archivo digital en pdf<\/a><\/p>\n","protected":false},"excerpt":{"rendered":"<p>01.\u00a0Roberto Vieira J\u00fanior T\u00edtulo de la tesis de maestr\u00eda: \u201cP\u00f3s-estruturalismo e P\u00f3s-anarquismo: conex\u00f5es&#8221; Orientador: Daniel de Mendon\u00e7a Fecha de defensa: 14\/12\/2012 Acceder a la tesis de maestr\u00eda en archivo digital en pdf 02.\u00a0Andr\u00e9 Selayaran Nicoletti T\u00edtulo de la tesis de maestr\u00eda: &#8220;A Presen\u00e7a jovem nas c\u00e2maras de vereadores dos munic\u00edpios\u00a0que comp\u00f5em a AZONASUL nas elei\u00e7\u00f5es [&hellip;]<\/p>\n","protected":false},"author":555,"featured_media":0,"parent":2335,"menu_order":0,"comment_status":"closed","ping_status":"closed","template":"","meta":{"footnotes":""},"class_list":["post-2314","page","type-page","status-publish","hentry"],"jetpack_sharing_enabled":true,"_links":{"self":[{"href":"https:\/\/wp.ufpel.edu.br\/ppgcienciapolitica\/wp-json\/wp\/v2\/pages\/2314","targetHints":{"allow":["GET"]}}],"collection":[{"href":"https:\/\/wp.ufpel.edu.br\/ppgcienciapolitica\/wp-json\/wp\/v2\/pages"}],"about":[{"href":"https:\/\/wp.ufpel.edu.br\/ppgcienciapolitica\/wp-json\/wp\/v2\/types\/page"}],"author":[{"embeddable":true,"href":"https:\/\/wp.ufpel.edu.br\/ppgcienciapolitica\/wp-json\/wp\/v2\/users\/555"}],"replies":[{"embeddable":true,"href":"https:\/\/wp.ufpel.edu.br\/ppgcienciapolitica\/wp-json\/wp\/v2\/comments?post=2314"}],"version-history":[{"count":1,"href":"https:\/\/wp.ufpel.edu.br\/ppgcienciapolitica\/wp-json\/wp\/v2\/pages\/2314\/revisions"}],"predecessor-version":[{"id":2315,"href":"https:\/\/wp.ufpel.edu.br\/ppgcienciapolitica\/wp-json\/wp\/v2\/pages\/2314\/revisions\/2315"}],"up":[{"embeddable":true,"href":"https:\/\/wp.ufpel.edu.br\/ppgcienciapolitica\/wp-json\/wp\/v2\/pages\/2335"}],"wp:attachment":[{"href":"https:\/\/wp.ufpel.edu.br\/ppgcienciapolitica\/wp-json\/wp\/v2\/media?parent=2314"}],"curies":[{"name":"wp","href":"https:\/\/api.w.org\/{rel}","templated":true}]}}