{"id":2291,"date":"2019-04-10T10:33:47","date_gmt":"2019-04-10T13:33:47","guid":{"rendered":"https:\/\/wp.ufpel.edu.br\/ppgcienciapolitica\/?page_id=2291"},"modified":"2019-04-19T17:11:09","modified_gmt":"2019-04-19T20:11:09","slug":"clase-de-2014","status":"publish","type":"page","link":"https:\/\/wp.ufpel.edu.br\/ppgcienciapolitica\/cuerpo-discente\/maestria\/clase-de-2014\/","title":{"rendered":"Clase de 2014"},"content":{"rendered":"<p>Arturo Carrasco Pereyra<\/p>\n<p>Bruna Cavallari<\/p>\n<p>Bruno Souza Garcia<\/p>\n<p>Claudio Corbo Melo<\/p>\n<p>Helen Let\u00edcia Grala Jacobsen<\/p>\n<p>Lucas Antonio Penna Rey<\/p>\n<p>M\u00e1rcio Rog\u00e9rio da Silva Garcia<\/p>\n<p>Michele Siqueira de Azambuja<\/p>\n<p>Rosana Alves Gomes<\/p>\n<p>Sandra Regina Barbosa Parzianello<\/p>\n<p>Scheila Nunes Meira<\/p>\n<p>Val\u00e9ria Cabreira Cabrera<\/p>\n","protected":false},"excerpt":{"rendered":"<p>Arturo Carrasco Pereyra Bruna Cavallari Bruno Souza Garcia Claudio Corbo Melo Helen Let\u00edcia Grala Jacobsen Lucas Antonio Penna Rey M\u00e1rcio Rog\u00e9rio da Silva Garcia Michele Siqueira de Azambuja Rosana Alves Gomes Sandra Regina Barbosa Parzianello Scheila Nunes Meira Val\u00e9ria Cabreira Cabrera<\/p>\n","protected":false},"author":555,"featured_media":0,"parent":2439,"menu_order":0,"comment_status":"closed","ping_status":"closed","template":"","meta":{"footnotes":""},"class_list":["post-2291","page","type-page","status-publish","hentry"],"jetpack_sharing_enabled":true,"_links":{"self":[{"href":"https:\/\/wp.ufpel.edu.br\/ppgcienciapolitica\/wp-json\/wp\/v2\/pages\/2291","targetHints":{"allow":["GET"]}}],"collection":[{"href":"https:\/\/wp.ufpel.edu.br\/ppgcienciapolitica\/wp-json\/wp\/v2\/pages"}],"about":[{"href":"https:\/\/wp.ufpel.edu.br\/ppgcienciapolitica\/wp-json\/wp\/v2\/types\/page"}],"author":[{"embeddable":true,"href":"https:\/\/wp.ufpel.edu.br\/ppgcienciapolitica\/wp-json\/wp\/v2\/users\/555"}],"replies":[{"embeddable":true,"href":"https:\/\/wp.ufpel.edu.br\/ppgcienciapolitica\/wp-json\/wp\/v2\/comments?post=2291"}],"version-history":[{"count":1,"href":"https:\/\/wp.ufpel.edu.br\/ppgcienciapolitica\/wp-json\/wp\/v2\/pages\/2291\/revisions"}],"predecessor-version":[{"id":2292,"href":"https:\/\/wp.ufpel.edu.br\/ppgcienciapolitica\/wp-json\/wp\/v2\/pages\/2291\/revisions\/2292"}],"up":[{"embeddable":true,"href":"https:\/\/wp.ufpel.edu.br\/ppgcienciapolitica\/wp-json\/wp\/v2\/pages\/2439"}],"wp:attachment":[{"href":"https:\/\/wp.ufpel.edu.br\/ppgcienciapolitica\/wp-json\/wp\/v2\/media?parent=2291"}],"curies":[{"name":"wp","href":"https:\/\/api.w.org\/{rel}","templated":true}]}}