{"id":2285,"date":"2019-04-10T10:30:28","date_gmt":"2019-04-10T13:30:28","guid":{"rendered":"https:\/\/wp.ufpel.edu.br\/ppgcienciapolitica\/?page_id=2285"},"modified":"2019-04-19T17:50:20","modified_gmt":"2019-04-19T20:50:20","slug":"class-of-2016-2","status":"publish","type":"page","link":"https:\/\/wp.ufpel.edu.br\/ppgcienciapolitica\/students-body\/masters-degree\/class-of-2016-2\/","title":{"rendered":"Class of 2016"},"content":{"rendered":"<p>Amora Couto Brand\u00e3o<\/p>\n<p>Carla Pires Tavares Lemos<\/p>\n<p>Carolina Costa dos Santos<\/p>\n<p>Fabrizio Moraes\u00a0Fern\u00e1ndez<\/p>\n<p>Let\u00edcia Baron<\/p>\n<p>Luis Alexandre da Silva Alves<\/p>\n<p>Matheus Martins Lacerda<\/p>\n<p>Miriane Aveiro Quadrado<\/p>\n<p>Ot\u00e1vio Santiago Gomes da Silva<\/p>\n<p>Vin\u00edcius Pereira Menezes<\/p>\n<p>Vitor Gon\u00e7alves Dias<\/p>\n","protected":false},"excerpt":{"rendered":"<p>Amora Couto Brand\u00e3o Carla Pires Tavares Lemos Carolina Costa dos Santos Fabrizio Moraes\u00a0Fern\u00e1ndez Let\u00edcia Baron Luis Alexandre da Silva Alves Matheus Martins Lacerda Miriane Aveiro Quadrado Ot\u00e1vio Santiago Gomes da Silva Vin\u00edcius Pereira Menezes Vitor Gon\u00e7alves Dias<\/p>\n","protected":false},"author":555,"featured_media":0,"parent":2441,"menu_order":1,"comment_status":"closed","ping_status":"closed","template":"","meta":{"footnotes":""},"class_list":["post-2285","page","type-page","status-publish","hentry"],"jetpack_sharing_enabled":true,"_links":{"self":[{"href":"https:\/\/wp.ufpel.edu.br\/ppgcienciapolitica\/wp-json\/wp\/v2\/pages\/2285","targetHints":{"allow":["GET"]}}],"collection":[{"href":"https:\/\/wp.ufpel.edu.br\/ppgcienciapolitica\/wp-json\/wp\/v2\/pages"}],"about":[{"href":"https:\/\/wp.ufpel.edu.br\/ppgcienciapolitica\/wp-json\/wp\/v2\/types\/page"}],"author":[{"embeddable":true,"href":"https:\/\/wp.ufpel.edu.br\/ppgcienciapolitica\/wp-json\/wp\/v2\/users\/555"}],"replies":[{"embeddable":true,"href":"https:\/\/wp.ufpel.edu.br\/ppgcienciapolitica\/wp-json\/wp\/v2\/comments?post=2285"}],"version-history":[{"count":1,"href":"https:\/\/wp.ufpel.edu.br\/ppgcienciapolitica\/wp-json\/wp\/v2\/pages\/2285\/revisions"}],"predecessor-version":[{"id":2286,"href":"https:\/\/wp.ufpel.edu.br\/ppgcienciapolitica\/wp-json\/wp\/v2\/pages\/2285\/revisions\/2286"}],"up":[{"embeddable":true,"href":"https:\/\/wp.ufpel.edu.br\/ppgcienciapolitica\/wp-json\/wp\/v2\/pages\/2441"}],"wp:attachment":[{"href":"https:\/\/wp.ufpel.edu.br\/ppgcienciapolitica\/wp-json\/wp\/v2\/media?parent=2285"}],"curies":[{"name":"wp","href":"https:\/\/api.w.org\/{rel}","templated":true}]}}