{"id":2269,"date":"2019-04-10T10:19:03","date_gmt":"2019-04-10T13:19:03","guid":{"rendered":"https:\/\/wp.ufpel.edu.br\/ppgcienciapolitica\/?page_id=2269"},"modified":"2019-04-19T17:23:05","modified_gmt":"2019-04-19T20:23:05","slug":"class-of-2018","status":"publish","type":"page","link":"https:\/\/wp.ufpel.edu.br\/ppgcienciapolitica\/students-body\/doctorate-degree\/class-of-2018\/","title":{"rendered":"Class of 2018"},"content":{"rendered":"<p>Acr\u00edsio Pereira Victorino<\/p>\n<p>Anna Cl\u00e1udia Campos e Santos<\/p>\n<p>Carolina Costa dos Santos<\/p>\n<p>Cristiano Ruiz Engelke<\/p>\n<p>Diandra Avila Martini<\/p>\n<p>Let\u00edcia Baron<\/p>\n<p>Mariana Schardosim Tavares<\/p>\n<p>Paulo C\u00e9sar Neves Barboza<\/p>\n<p>Sandra Regina Barbosa Parzianello<\/p>\n","protected":false},"excerpt":{"rendered":"<p>Acr\u00edsio Pereira Victorino Anna Cl\u00e1udia Campos e Santos Carolina Costa dos Santos Cristiano Ruiz Engelke Diandra Avila Martini Let\u00edcia Baron Mariana Schardosim Tavares Paulo C\u00e9sar Neves Barboza Sandra Regina Barbosa Parzianello<\/p>\n","protected":false},"author":555,"featured_media":0,"parent":2437,"menu_order":0,"comment_status":"closed","ping_status":"closed","template":"","meta":{"footnotes":""},"class_list":["post-2269","page","type-page","status-publish","hentry"],"jetpack_sharing_enabled":true,"_links":{"self":[{"href":"https:\/\/wp.ufpel.edu.br\/ppgcienciapolitica\/wp-json\/wp\/v2\/pages\/2269","targetHints":{"allow":["GET"]}}],"collection":[{"href":"https:\/\/wp.ufpel.edu.br\/ppgcienciapolitica\/wp-json\/wp\/v2\/pages"}],"about":[{"href":"https:\/\/wp.ufpel.edu.br\/ppgcienciapolitica\/wp-json\/wp\/v2\/types\/page"}],"author":[{"embeddable":true,"href":"https:\/\/wp.ufpel.edu.br\/ppgcienciapolitica\/wp-json\/wp\/v2\/users\/555"}],"replies":[{"embeddable":true,"href":"https:\/\/wp.ufpel.edu.br\/ppgcienciapolitica\/wp-json\/wp\/v2\/comments?post=2269"}],"version-history":[{"count":1,"href":"https:\/\/wp.ufpel.edu.br\/ppgcienciapolitica\/wp-json\/wp\/v2\/pages\/2269\/revisions"}],"predecessor-version":[{"id":2270,"href":"https:\/\/wp.ufpel.edu.br\/ppgcienciapolitica\/wp-json\/wp\/v2\/pages\/2269\/revisions\/2270"}],"up":[{"embeddable":true,"href":"https:\/\/wp.ufpel.edu.br\/ppgcienciapolitica\/wp-json\/wp\/v2\/pages\/2437"}],"wp:attachment":[{"href":"https:\/\/wp.ufpel.edu.br\/ppgcienciapolitica\/wp-json\/wp\/v2\/media?parent=2269"}],"curies":[{"name":"wp","href":"https:\/\/api.w.org\/{rel}","templated":true}]}}