{"id":2267,"date":"2019-04-10T10:18:04","date_gmt":"2019-04-10T13:18:04","guid":{"rendered":"https:\/\/wp.ufpel.edu.br\/ppgcienciapolitica\/?page_id=2267"},"modified":"2019-04-19T17:22:08","modified_gmt":"2019-04-19T20:22:08","slug":"clase-de-2018","status":"publish","type":"page","link":"https:\/\/wp.ufpel.edu.br\/ppgcienciapolitica\/cuerpo-discente\/doctorado\/clase-de-2018\/","title":{"rendered":"Clase de 2018"},"content":{"rendered":"<p>Acr\u00edsio Pereira Victorino<\/p>\n<p>Anna Cl\u00e1udia Campos e Santos<\/p>\n<p>Carolina Costa dos Santos<\/p>\n<p>Cristiano Ruiz Engelke<\/p>\n<p>Diandra Avila Martini<\/p>\n<p>Let\u00edcia Baron<\/p>\n<p>Mariana Schardosim Tavares<\/p>\n<p>Paulo C\u00e9sar Neves Barboza<\/p>\n<p>Sandra Regina Barbosa Parzianello<\/p>\n","protected":false},"excerpt":{"rendered":"<p>Acr\u00edsio Pereira Victorino Anna Cl\u00e1udia Campos e Santos Carolina Costa dos Santos Cristiano Ruiz Engelke Diandra Avila Martini Let\u00edcia Baron Mariana Schardosim Tavares Paulo C\u00e9sar Neves Barboza Sandra Regina Barbosa Parzianello<\/p>\n","protected":false},"author":555,"featured_media":0,"parent":2435,"menu_order":0,"comment_status":"closed","ping_status":"closed","template":"","meta":{"footnotes":""},"class_list":["post-2267","page","type-page","status-publish","hentry"],"jetpack_sharing_enabled":true,"_links":{"self":[{"href":"https:\/\/wp.ufpel.edu.br\/ppgcienciapolitica\/wp-json\/wp\/v2\/pages\/2267","targetHints":{"allow":["GET"]}}],"collection":[{"href":"https:\/\/wp.ufpel.edu.br\/ppgcienciapolitica\/wp-json\/wp\/v2\/pages"}],"about":[{"href":"https:\/\/wp.ufpel.edu.br\/ppgcienciapolitica\/wp-json\/wp\/v2\/types\/page"}],"author":[{"embeddable":true,"href":"https:\/\/wp.ufpel.edu.br\/ppgcienciapolitica\/wp-json\/wp\/v2\/users\/555"}],"replies":[{"embeddable":true,"href":"https:\/\/wp.ufpel.edu.br\/ppgcienciapolitica\/wp-json\/wp\/v2\/comments?post=2267"}],"version-history":[{"count":1,"href":"https:\/\/wp.ufpel.edu.br\/ppgcienciapolitica\/wp-json\/wp\/v2\/pages\/2267\/revisions"}],"predecessor-version":[{"id":2268,"href":"https:\/\/wp.ufpel.edu.br\/ppgcienciapolitica\/wp-json\/wp\/v2\/pages\/2267\/revisions\/2268"}],"up":[{"embeddable":true,"href":"https:\/\/wp.ufpel.edu.br\/ppgcienciapolitica\/wp-json\/wp\/v2\/pages\/2435"}],"wp:attachment":[{"href":"https:\/\/wp.ufpel.edu.br\/ppgcienciapolitica\/wp-json\/wp\/v2\/media?parent=2267"}],"curies":[{"name":"wp","href":"https:\/\/api.w.org\/{rel}","templated":true}]}}