{"id":225,"date":"2015-10-13T01:34:46","date_gmt":"2015-10-13T04:34:46","guid":{"rendered":"https:\/\/wp.ufpel.edu.br\/ppgcienciapolitica\/?page_id=225"},"modified":"2025-10-07T20:38:11","modified_gmt":"2025-10-07T23:38:11","slug":"turma-2012","status":"publish","type":"page","link":"https:\/\/wp.ufpel.edu.br\/ppgcienciapolitica\/publicacoes\/dissertacoes\/turma-2012\/","title":{"rendered":"Turma 2012 (Disserta\u00e7\u00f5es)"},"content":{"rendered":"<p><strong>11. Luis Gustavo Teixeira da Silva<\/strong><br \/>\nT\u00edtulo da disserta\u00e7\u00e3o: \u201cDesindustrializa\u00e7\u00e3o precoce no Brasil: uma an\u00e1lise\u00a0a partir do discurso dos deputados federais do Partido dos Trabalhadores&#8221;<br \/>\nOrientador: Daniel de Mendon\u00e7a<br \/>\nData da defesa: 14\/02\/2014<br \/>\n<a href=\"https:\/\/wp.ufpel.edu.br\/ppgcienciapolitica\/files\/2015\/10\/luisgostavo-t-silva.pdf\">Acessar a disserta\u00e7\u00e3o em arquivo digital em pdf <\/a><\/p>\n<p><strong>12.\u00a0Isis Oliveira Bastos Matos<\/strong><br \/>\nT\u00edtulo da disserta\u00e7\u00e3o:\u00a0\u201cRela\u00e7\u00f5es de poder nas a\u00e7\u00f5es de\u00a0responsabilidade social do setor el\u00e9trico\u201d<br \/>\nOrientador: Hemerson Luiz Pase<br \/>\nData da defesa: 20\/02\/2014<br \/>\n<a href=\"https:\/\/wp.ufpel.edu.br\/ppgcienciapolitica\/files\/2015\/10\/isis-matos.pdf\">Acessar a disserta\u00e7\u00e3o em arquivo digital em pdf <\/a><\/p>\n<p><strong>13.\u00a0Rafael Cesar Ilha Pinto<\/strong><br \/>\nT\u00edtulo da disserta\u00e7\u00e3o: \u201cDemocratizando a integra\u00e7\u00e3o? Democracia e\u00a0representa\u00e7\u00e3o pol\u00edtica no Mercosul (1985-2013)&#8221;<br \/>\nOrientador: Luciana Maria de Arag\u00e3o Ballestrin<br \/>\nData da defesa: 09\/05\/2014<br \/>\n<a href=\"https:\/\/wp.ufpel.edu.br\/ppgcienciapolitica\/files\/2015\/10\/rafael-pinto.pdf\">Acessar a disserta\u00e7\u00e3o em arquivo digital em pdf <\/a><\/p>\n<p><strong>14.\u00a0Germanna da Costa Lopes<\/strong><br \/>\nT\u00edtulo da disserta\u00e7\u00e3o: \u201cMedi\u00e7\u00e3o, classifica\u00e7\u00e3o e qualifica\u00e7\u00e3o\u00a0em rankings internacionais: Qual(s) modelo(s) de democracia?&#8221;<br \/>\nOrientador: Luciana Maria de Arag\u00e3o Ballestrin<br \/>\nData da defesa: 01\/10\/2014<br \/>\n<a href=\"https:\/\/wp.ufpel.edu.br\/ppgcienciapolitica\/files\/2015\/10\/germanna.pdf\">Acessar a disserta\u00e7\u00e3o em arquivo digital em pdf <\/a><\/p>\n<p><strong>15. Andria Caroline Angelo Santin<\/strong><br \/>\nT\u00edtulo da disserta\u00e7\u00e3o: \u201cO Desenvolvimento Local e a rela\u00e7\u00e3o com as Pol\u00edticas P\u00fablicas REUNI e SISU: O Estudo de caso da Universidade Federal de Pelotas&#8221;<br \/>\nOrientador: Patr\u00edcia R. C. da Cunha<br \/>\nData da defesa: 14\/11\/2014<br \/>\n<a href=\"https:\/\/wp.ufpel.edu.br\/ppgcienciapolitica\/files\/2015\/10\/andria-santin.pdf\">Acessar a disserta\u00e7\u00e3o em arquivo digital em pdf<\/a><\/p>\n<p><b><span class=\"Apple-style-span\"><strong>16. Tha\u00edse Mendes Farias<\/strong><br \/>\n<\/span><\/b><span class=\"Apple-style-span\">T\u00edtulo da disserta\u00e7\u00e3o: \u201cA racionalidade das decis\u00f5es judiciais e o teor pol\u00edtico do discurso jur\u00eddico sobre o Movimento dos Trabalhadores Rurais Sem Terra: an\u00e1lise das decis\u00f5es do Superior Tribunal de Justi\u00e7a e do Supremo Tribunal Federal sobre a Quest\u00e3o Agr\u00e1ria no Brasil no per\u00edodo da abertura democr\u00e1tica (1980-2010)&#8221;<\/span><span class=\"Apple-style-span\"><br \/>\nOrientadora: Renata Albernaz<br \/>\nData da defesa: 25\/08\/2014<\/span><br \/>\n<a href=\"https:\/\/wp.ufpel.edu.br\/ppgcienciapolitica\/files\/2015\/10\/Tha\u00edse-Mendes-Farias.pdf\">Acessar a disserta\u00e7\u00e3o em arquivo digital em pdf<\/a><\/p>\n<p><span class=\"Apple-style-span\"><strong>17. Camila Goulart de Campos<\/strong><br \/>\nT\u00edtulo da disserta\u00e7\u00e3o: \u201cQuebrando barreiras: o espa\u00e7o da mulher nas assembleias legislativas\/distrital do Brasil&#8221;<br \/>\nOrientadora:\u00a0Rosangela Marione Schulz<br \/>\nData da defesa: 27\/03\/2015 <\/span><br \/>\n<a href=\"https:\/\/wp.ufpel.edu.br\/ppgcienciapolitica\/files\/2015\/10\/Camila-Goulart-de-Campos-2015.pdf\">Acessar a disserta\u00e7\u00e3o em arquivo digital em pdf<\/a><\/p>\n","protected":false},"excerpt":{"rendered":"<p>11. Luis Gustavo Teixeira da Silva T\u00edtulo da disserta\u00e7\u00e3o: \u201cDesindustrializa\u00e7\u00e3o precoce no Brasil: uma an\u00e1lise\u00a0a partir do discurso dos deputados federais do Partido dos Trabalhadores&#8221; Orientador: Daniel de Mendon\u00e7a Data da defesa: 14\/02\/2014 Acessar a disserta\u00e7\u00e3o em arquivo digital em pdf 12.\u00a0Isis Oliveira Bastos Matos T\u00edtulo da disserta\u00e7\u00e3o:\u00a0\u201cRela\u00e7\u00f5es de poder nas a\u00e7\u00f5es de\u00a0responsabilidade social do [&hellip;]<\/p>\n","protected":false},"author":555,"featured_media":0,"parent":213,"menu_order":0,"comment_status":"closed","ping_status":"closed","template":"","meta":{"footnotes":""},"class_list":["post-225","page","type-page","status-publish","hentry"],"jetpack_sharing_enabled":true,"_links":{"self":[{"href":"https:\/\/wp.ufpel.edu.br\/ppgcienciapolitica\/wp-json\/wp\/v2\/pages\/225","targetHints":{"allow":["GET"]}}],"collection":[{"href":"https:\/\/wp.ufpel.edu.br\/ppgcienciapolitica\/wp-json\/wp\/v2\/pages"}],"about":[{"href":"https:\/\/wp.ufpel.edu.br\/ppgcienciapolitica\/wp-json\/wp\/v2\/types\/page"}],"author":[{"embeddable":true,"href":"https:\/\/wp.ufpel.edu.br\/ppgcienciapolitica\/wp-json\/wp\/v2\/users\/555"}],"replies":[{"embeddable":true,"href":"https:\/\/wp.ufpel.edu.br\/ppgcienciapolitica\/wp-json\/wp\/v2\/comments?post=225"}],"version-history":[{"count":3,"href":"https:\/\/wp.ufpel.edu.br\/ppgcienciapolitica\/wp-json\/wp\/v2\/pages\/225\/revisions"}],"predecessor-version":[{"id":5118,"href":"https:\/\/wp.ufpel.edu.br\/ppgcienciapolitica\/wp-json\/wp\/v2\/pages\/225\/revisions\/5118"}],"up":[{"embeddable":true,"href":"https:\/\/wp.ufpel.edu.br\/ppgcienciapolitica\/wp-json\/wp\/v2\/pages\/213"}],"wp:attachment":[{"href":"https:\/\/wp.ufpel.edu.br\/ppgcienciapolitica\/wp-json\/wp\/v2\/media?parent=225"}],"curies":[{"name":"wp","href":"https:\/\/api.w.org\/{rel}","templated":true}]}}