{"id":2246,"date":"2019-04-10T09:48:19","date_gmt":"2019-04-10T12:48:19","guid":{"rendered":"https:\/\/wp.ufpel.edu.br\/ppgcienciapolitica\/?page_id=2246"},"modified":"2023-12-07T08:57:41","modified_gmt":"2023-12-07T11:57:41","slug":"cuerpo-docente","status":"publish","type":"page","link":"https:\/\/wp.ufpel.edu.br\/ppgcienciapolitica\/cuerpo-docente\/","title":{"rendered":"Cuerpo Docente"},"content":{"rendered":"<p><strong>Docentes permanentes del PPGCPol<\/strong><\/p>\n<p>&nbsp;<\/p>\n<p><strong>Alvaro Augusto de Borba Barreto<\/strong><\/p>\n<p>Profesor Asociado del Instituto de Filosof\u00eda, Sociolog\u00eda y Pol\u00edtica de la Universidad Federal de Pelotas (IFISP \/ UFPel). Es doctor en Historia por la PUCRS (2001), magister en Historia por la UFRGS (1996), especialista en Ciencia Pol\u00edtica por la UFPel (1992) y graduado en Comunicaci\u00f3n Social por la Universidad Cat\u00f3lica de Pelotas (1989) y en Filosof\u00eda por la Universidad Federal de Pelotas (1989). Tiene experiencia en el \u00e1rea de Historia y Ciencia Pol\u00edtica, actuando principalmente en los siguientes temas: sistema pol\u00edtico brasile\u00f1o, elecciones y partidos pol\u00edticos, era Vargas (en particular Asamblea Constituyente de 1933-34 y representaci\u00f3n de las asociaciones profesionales).<\/p>\n<p>E-mail para contacto: <a href=\"mailto:albarret.sul@gmail.com\">albarret.sul@gmail.com<\/a><\/p>\n<p>&nbsp;<\/p>\n<p><strong>Bianca de Freitas Linhares<\/strong><\/p>\n<p>Posee graduaci\u00f3n en Ciencias Sociales por la Universidad Federal del R\u00edo Grande do Sul (estudios de grado opci\u00f3n investigaci\u00f3n- 2003 y estudios de grado opci\u00f3n ense\u00f1anza- 2006), maestr\u00eda (2006) y doctorado (2011) en Ciencia Pol\u00edtica por la misma instituci\u00f3n. Realiz\u00f3 pr\u00e1cticas de postdoctorado (2011-2012 y 2012-2013) junto al N\u00facleo de Investigaci\u00f3n sobre Am\u00e9rica Latina de la UFRGS. Actualmente es Profesora Adjunta en la Universidad Federal de Pelotas. Tiene experiencia en el \u00e1rea de Ciencia Pol\u00edtica, con \u00e9nfasis en Cultura Pol\u00edtica, actuando principalmente en los siguientes temas: democracia, cultura pol\u00edtica y m\u00e9todos cuantitativos.<\/p>\n<p>E-mail para contacto: <a href=\"mailto:biancaflinhares@gmail.com\">biancaflinhares@gmail.com<\/a><\/p>\n<p>&nbsp;<\/p>\n<p><strong>Carlos Artur Gallo<\/strong><\/p>\n<p>Doctor en Ciencia Pol\u00edtica por la Universidad Federal de Rio Grande do Sul [UFRGS, Porto Alegre, 2016], con pr\u00e1cticasDoctorales realizadas en la Facultad de Ciencias Pol\u00edticas y Sociolog\u00eda de la Universidad Complutense de Madrid [UCM, Madrid &#8211; Espa\u00f1a, 2014-2015]. Actualmente es Profesor Adjunto en el Departamento de Sociolog\u00eda y Pol\u00edtica, Instituto de Filosof\u00eda, Sociolog\u00eda y Pol\u00edtica de la Universidad Federal de Pelotas [DESP \/ IFISP \/ UFPel]. Es autor del libro: \u00a0\u201cPara que n\u00e3o se esque\u00e7a, para que nunca mais aconte\u00e7a: um estudo sobre a Comiss\u00e3o de Familiares de Mortos e Desaparecidos Pol\u00edticos no Brasil\u201d [2014], y co-organizador de las compilaciones \u201cCi\u00eancia Pol\u00edtica Hoje\u201d [2013] e \u201cEntre a mem\u00f3ria e o esquecimento: estudos sobre os 50 anos do Golpe Civil-Militar no Brasil\u201d [2014], habiendo publicado art\u00edculos en revistas acad\u00e9micas en Brasil y en el exterior. Investigador vinculado al Grupo de Investigaci\u00f3n &#8220;Procesos Participativos en la Gesti\u00f3n P\u00fablica&#8221; (IFCH \/ UFRGS). En los \u00faltimos a\u00f1os viene desarrollando proyectos de investigaci\u00f3n enfocados: a) en las relaciones entre pol\u00edtica y sociedad; b) en la dimensi\u00f3n pol\u00edtica de la funci\u00f3n jurisdiccional; c) en las conexiones entre memoria, historia, justicia y pol\u00edtica.<\/p>\n<p>E-mail para contacto: <a href=\"mailto:galloadv@gmail.com\">galloadv@gmail.com<\/a><\/p>\n<p>&nbsp;<\/p>\n<p><strong>Cl\u00e1udio Roberto Cogo Leivas<\/strong><\/p>\n<p>Posee graduaci\u00f3n en Filosof\u00eda por la Pontif\u00edcia Universidade Cat\u00f3lica do Rio Grande do Sul \u2013 PUC-RS (1989), Maestr\u00eda en Filosof\u00eda porla Universidad Federal de Rio Grande do Sul (UFRGS) (1999) y doctorado en Filosof\u00eda por la Universidad Federal de Rio Grande do Sul \u2013 UFRGS (2005), con pr\u00e1ctica doctoral en la Universidad de la Sorbonne (Par\u00eds I). Actualmente es Profesor Adjunto 3 en la Universidad Federal de Pelotas &#8211; UFPEL. Tiene experiencia en el \u00e1rea de Filosof\u00eda, con \u00e9nfasis en Filosof\u00eda Pol\u00edtica, actuando principalmente en los siguientes temas: filosof\u00eda pol\u00edtica, filosof\u00eda natural, filosof\u00eda pol\u00edtica de las relaciones internacionales, historia de la \u00f3ptica, metaf\u00edsica y \u00e9tica. Realiz\u00f3 actividades docentes junto a la Universidad Abierta de Brasil (UAB), como profesor colaborador del Curso de estudios de grado (opci\u00f3n ense\u00f1anza) en Matem\u00e1tica a Distancia (CLMD \/ UFPel).<\/p>\n<p>E-mail para contacto: <a href=\"mailto:clleivas@gmail.com\">clleivas@gmail.com<\/a><\/p>\n<p>&nbsp;<\/p>\n<p><strong>Daniel de Mendon\u00e7a<\/strong><\/p>\n<p>Graduado en Ciencias Jur\u00eddicas e Sociales\u00a0 por la Pontif\u00edcia Universidade Cat\u00f3lica do Rio Grande do Sul (1997), maestr\u00eda (2001)y doctorado (2006) en Ciencia Pol\u00edtica por la Universidad Federal de Rio Grande do Sul y Pr\u00e1ctica Posdoctoral en Ideolog\u00eda y An\u00e1lisis del Discurso (2009), en la University of Essex. Es profesor asociado en la Universidad Federal de Pelotas. Se interesa e investiga los siguientes temas: post-estructuralismo y lo pol\u00edtico, teor\u00eda del discurso, ideolog\u00eda y populismo.<\/p>\n<p>E-mail para contacto: <a href=\"mailto:ddmendonca@gmail.com\">ddmendonca@gmail.com<\/a><\/p>\n<p>&nbsp;<\/p>\n<p><strong>Etiene Villela Marroni <\/strong><\/p>\n<p>Doctora en Ciencia Pol\u00edtica-Pol\u00edtica Internacional. Profesora adjunta de la Universidad Federal de Pelotas\/RS (Brasil) y coordinadora\/investigadora del Laboratorio de Pol\u00edtica Internacional y Gesti\u00f3n del Espacio Oce\u00e1nico. Estudia c\u00f3mo los Estados costeros trabajan las pol\u00edticas relacionadas con la Convenci\u00f3n de las Naciones Unidas sobre el Derecho del Mar, y c\u00f3mo un pa\u00eds con un gran espacio mar\u00edtimo logra alcanzar una proyecci\u00f3n internacional. En esta l\u00ednea, investiga el concepto de Potencias Costeras, movimiento territorial\/espacial de los pa\u00edses en direcci\u00f3n al oc\u00e9ano. En Brasil, ese espacio es conocido como Amazonia Azul, debido a su enorme potencial de recursos naturales. Actualmente, se dedica al estudio de la Planificaci\u00f3n Espacial en el \u00e1rea marina, en consonancia con la diplomacia, incluyendo las relaciones multilaterales con los pa\u00edses en relaci\u00f3n al espacio oce\u00e1nico. Es autora de dos libros sobre Gesti\u00f3n Costera en Brasil.<\/p>\n<p>E-mail para contacto: <a href=\"mailto:etivm@terra.com.br\">etivm@terra.com.br<\/a><\/p>\n<p>&nbsp;<\/p>\n<p><strong>Guilherme Camargo Massa\u00fa<\/strong><\/p>\n<p>E-mail para contacto: <a class=\"gmail-link\" href=\"mailto:uassam@gmail.com\">uassam@gmail.com<\/a><\/p>\n<p>&nbsp;<\/p>\n<p><strong>L\u00e9o Peixoto Rodrigues<\/strong><\/p>\n<p>L\u00e9o Peixoto Rodrigues es Profesor Adjunto de la Universidad Federal de Pelotas &#8211; UFPel. Se doctor\u00f3 en Sociolog\u00eda por la Universidade FederaldeRio Grande do Sul-UFRGS (2003); Magister en Sociolog\u00eda (1997); Estudios de grado opci\u00f3n investigaci\u00f3n\/ense\u00f1anza (1996) por la misma Universidad, adem\u00e1s de graduado con opci\u00f3n en ense\u00f1anza en Ciencias F\u00edsicas y Biol\u00f3gicas por la Facultad Porto Alegrense de Ciencias y Letras (1981). Es Profesor Asociado de la Universidad Federal de Pelotas. El foco de inter\u00e9s de investigaci\u00f3n se vincula a diferentes enfoques de la teor\u00eda social contempor\u00e1nea (teor\u00eda sist\u00e9mica, post-estructuralismo, incluyendo la teor\u00eda del discurso de la escuela de Essex); sociolog\u00eda del conocimiento, &#8220;Science studies&#8221;; historia te\u00f3rica de las ciencias sociales; epistemolog\u00eda de las ciencias sociales.<\/p>\n<p>E-mail para contacto: <a href=\"mailto:leo.peixotto@gmail.com\">leo.peixotto@gmail.com<\/a><\/p>\n<p>&nbsp;<\/p>\n<p><strong>Luciana Maria de Arag\u00e3o Ballestrin<\/strong><\/p>\n<p>Estudio de grado opci\u00f3n investigaci\u00f3n por la Universidad Federal del Rio Grande do Sul(2003), Maestr\u00eda en Ciencia Pol\u00edtica por la Universidad Federal de Rio Grande do Sul (2006) y Doctora en Ciencia Pol\u00edtica por la Universidad Federal de Minas Gerais (2010), habiendo realizado durante su doctorado una estad\u00eda en la Universidad de Coimbra (2008). Fue Profesora Asistente Sustituta en la Universidad Federal de Rio Grande do Sul (2009-2011). Actualmente es Profesora Adjunta 2 de Ciencia Pol\u00edtica del Curso de Relaciones Internacionales y del Programa de Posgrado en Ciencia Pol\u00edtica de la Universidad Federal de Pelotas. Tiene experiencia en el \u00e1mbito de la Ciencia Pol\u00edtica, con \u00e9nfasis e inter\u00e9s en: Teor\u00eda Pol\u00edtica y Democr\u00e1tica Contempor\u00e1nea, Teor\u00edas del Sur, Estudios postcoloniales y de colonias, Sociedad Civil, Violencia y Control de Armas.<\/p>\n<p>E-mail: <a href=\"mailto:luballestra@gmail.com\">luballestra@gmail.com<\/a><\/p>\n<p>&nbsp;<\/p>\n<p><strong>Rosangela Marione Schulz<\/strong><\/p>\n<p>Pose graduaci\u00f3n en Historia por la Universidad Federal del Rio Grande do Sul (1988), maestr\u00eda (1996) y doctorado (2003) en Ciencia Pol\u00edtica por la Universidad Federal del Rio Grande do Sul. Actualmente es profesora adjunta en el Instituto de Filosofi\u00eda, Sociolog\u00eda y Pol\u00edtica (IFISP) \u00a0de la Universidad Federal de Pelotas y Coordinadora de la Especializaci\u00f3n en Sociolog\u00eda y Pol\u00edtica. Tiene experiencia en el \u00e1rea de la pol\u00edtica, con especial \u00e9nfasis en Teor\u00eda Pol\u00edtica, actuando principalmente en los siguientes temas: democracia, participaci\u00f3n y representaci\u00f3n pol\u00edtica, movimientos sociales, sociedad civil, consejos municipales, media y pol\u00edtica, g\u00e9nero. Fue coordinadora del Programa de Posgrado en Ciencia Pol\u00edtica de la Universidad Federal de Pelotas.<\/p>\n<p>E-mail para contacto: <a href=\"mailto:rosangelaschulz@gmail.com\">rosangelaschulz@gmail.com<\/a><\/p>\n<p>&nbsp;<\/p>\n<p><strong>William Daldegan<\/strong><\/p>\n<p>Docente e investigador en el Instituto de Filosof\u00eda, Sociolog\u00eda y Pol\u00edtica (IFISP), en el curso de Relaciones Internacionales, y Coordinador del Programa de Postgrado en Ciencia Pol\u00edtica de la Universidad Federal de Pelotas (UFPel). Obtuvo un doctorado en Relaciones Internacionales en San Tiago Dantas (UNESP\/UNICAMP\/PUC-SP), una maestr\u00eda y licenciatura en Relaciones Internacionales en la PUC Minas. Coordina el Grupo de Investigaci\u00f3n &#8216;Econom\u00eda, Pol\u00edtica y Desarrollo Internacional&#8217; (UFPel) y es investigador en el Grupo de Investigaci\u00f3n &#8216;Moneda, Finanzas y Desarrollo&#8217; (PUC SP). Sus \u00e1reas de inter\u00e9s son: Econom\u00eda Pol\u00edtica Internacional, Pol\u00edtica Internacional Contempor\u00e1nea, Desarrollo Internacional y Negociaciones Internacionales. Actualmente se dedica al estudio de los BRICS y, en particular, de China. Adem\u00e1s, es miembro de la Asociaci\u00f3n Brasile\u00f1a de Relaciones Internacionales (ABRI), participa en la Red Brasile\u00f1a de Estudios de China (RBChina) y en la Red Latinoamericana de Geopol\u00edtica y Estrategia (RELAGE).<\/p>\n<p>E-mail para contacto: <a class=\"gmail-link\" href=\"mailto:william.daldegan@ufpel.edu.br\">william.daldegan@ufpel.edu.br<\/a><\/p>\n<p>&nbsp;<\/p>\n<p><strong>Docentes Colaboradores del PPGCPol<\/strong><\/p>\n<p>&nbsp;<\/p>\n<p><strong>Felipe Corral de Freitas<\/strong><\/p>\n<p>Tiene una licenciatura en Ciencias Sociales (2010) y una Maestr\u00eda en Ciencias\u00a0Pol\u00edticas (2013), Universidad Federal de Pelotas. Doctorado en Ciencias\u00a0Pol\u00edticas de la Universidad de Brasilia (2018). Actualmente realiza etapa Post-Doctoral em Ciencias Pol\u00edticas en la Universidad Federal de Pelotas. Tiene\u00a0experiencia en el campo de la Ciencia Pol\u00edtica, trabajando con aspectos<br \/>\nontol\u00f3gicos, filos\u00f3ficos, epistemol\u00f3gico y te\u00f3rico orientado a la teor\u00eda del\u00a0discurso Laclau y Mouffe, as\u00ed como relacionados con el post-foundationalism y\u00a0post-estructuralismo, todav\u00eda trabaja con temas que mantienen conexi\u00f3n con el\u00a0comportamiento pol\u00edtico e ideol\u00f3gico de los partidos pol\u00edticos brasile\u00f1o, dando\u00a0\u00e9nfasis en las relaciones establecidas por los elementos que constituyen<br \/>\nantagonicamente.<\/p>\n<p>E-mail para contacto: <a href=\"mailto:felipecorrall@gmail.com\">felipecorrall@gmail.com<\/a><\/p>\n<p>&nbsp;<\/p>\n<p><strong>Luis Gustavo Teixeira da Silva<\/strong><\/p>\n<p>E-mail para contacto: <a class=\"gmail-link\" href=\"https:\/\/wp.ufpel.edu.br\/ppgcienciapolitica\/corpo-docente-2\/gustavoteixeira2519@gmail.com\">gustavoteixeira2519@gmail.com<\/a><\/p>\n<p>&nbsp;<\/p>\n<p><strong>Pedro Robertt<\/strong><\/p>\n<p>Posee graduaci\u00f3n en Sociolog\u00eda por la Universidad de La Republica de Uruguay (1990), Maestr\u00eda en Sociolog\u00eda por la Universidad Estadual de Campinas (1997) y Doctorado en Sociolog\u00eda por la Universidad Federal de Rio Grande do Sul (2006). Actualmente es Profesor Asociado de la Universidad Federal de Pelotas, actuando en el Programa de Posgrado en Sociolog\u00eda y en el Programa de Posgrado en Ciencia Pol\u00edtica. Se ha profundizado en el \u00e1rea de Sociolog\u00eda del Trabajo investigando los siguientes temas: Reestructuraci\u00f3n Productiva, Flexibilidad, Clase Trabajadora y Nueva \u00e9tica del capitalismo. En la actualidad viene desarrollando investigaciones sobre el Polo Naval en la ciudad de Rio Grande \/ RS, siendo uno de los coordinadores del NEPN (N\u00facleo de Estudios sobre el Polo Naval). Es uno de los coordinadores del Grupo de Investigaci\u00f3n: Cambios organizacionales y nuevas subjetividades en el mundo del trabajo, registrado en el Directorio de Grupos de Investigaci\u00f3n del CNPq. Coordina tambi\u00e9n el Grupo de estudios: Trabajo y clases sociales en la investigaci\u00f3n sociol\u00f3gica, con sede en la Universidad Federal de Pelotas. Otra \u00e1rea de actuaci\u00f3n es en la Metodolog\u00eda de la Investigaci\u00f3n en Ciencias Sociales, tanto en la ense\u00f1anza de graduaci\u00f3n y de posgrado como en la presentaci\u00f3n de trabajos en eventos y en la publicaci\u00f3n de art\u00edculos.<\/p>\n<p>E-mail para contacto: <a href=\"mailto:pedro.robertt@ufpel.edu.br\">pedro.robertt@ufpel.edu.br<\/a><\/p>\n","protected":false},"excerpt":{"rendered":"<p>Docentes permanentes del PPGCPol &nbsp; Alvaro Augusto de Borba Barreto Profesor Asociado del Instituto de Filosof\u00eda, Sociolog\u00eda y Pol\u00edtica de la Universidad Federal de Pelotas (IFISP \/ UFPel). Es doctor en Historia por la PUCRS (2001), magister en Historia por la UFRGS (1996), especialista en Ciencia Pol\u00edtica por la UFPel (1992) y graduado en Comunicaci\u00f3n [&hellip;]<\/p>\n","protected":false},"author":555,"featured_media":0,"parent":0,"menu_order":0,"comment_status":"closed","ping_status":"closed","template":"","meta":{"footnotes":""},"class_list":["post-2246","page","type-page","status-publish","hentry"],"jetpack_sharing_enabled":true,"_links":{"self":[{"href":"https:\/\/wp.ufpel.edu.br\/ppgcienciapolitica\/wp-json\/wp\/v2\/pages\/2246","targetHints":{"allow":["GET"]}}],"collection":[{"href":"https:\/\/wp.ufpel.edu.br\/ppgcienciapolitica\/wp-json\/wp\/v2\/pages"}],"about":[{"href":"https:\/\/wp.ufpel.edu.br\/ppgcienciapolitica\/wp-json\/wp\/v2\/types\/page"}],"author":[{"embeddable":true,"href":"https:\/\/wp.ufpel.edu.br\/ppgcienciapolitica\/wp-json\/wp\/v2\/users\/555"}],"replies":[{"embeddable":true,"href":"https:\/\/wp.ufpel.edu.br\/ppgcienciapolitica\/wp-json\/wp\/v2\/comments?post=2246"}],"version-history":[{"count":7,"href":"https:\/\/wp.ufpel.edu.br\/ppgcienciapolitica\/wp-json\/wp\/v2\/pages\/2246\/revisions"}],"predecessor-version":[{"id":4371,"href":"https:\/\/wp.ufpel.edu.br\/ppgcienciapolitica\/wp-json\/wp\/v2\/pages\/2246\/revisions\/4371"}],"wp:attachment":[{"href":"https:\/\/wp.ufpel.edu.br\/ppgcienciapolitica\/wp-json\/wp\/v2\/media?parent=2246"}],"curies":[{"name":"wp","href":"https:\/\/api.w.org\/{rel}","templated":true}]}}