{"id":2237,"date":"2019-04-09T13:26:17","date_gmt":"2019-04-09T16:26:17","guid":{"rendered":"https:\/\/wp.ufpel.edu.br\/ppgcienciapolitica\/?page_id=2237"},"modified":"2019-04-20T16:50:31","modified_gmt":"2019-04-20T19:50:31","slug":"disciplinas-obligatorias","status":"publish","type":"page","link":"https:\/\/wp.ufpel.edu.br\/ppgcienciapolitica\/disciplinas-2\/maestria\/disciplinas-obligatorias\/","title":{"rendered":"Disciplinas Obligatorias"},"content":{"rendered":"<p style=\"text-align: left\"><span style=\"font-family: georgia, palatino, serif\"><b><span lang=\"ES\">Metodolog\u00eda de Investigaci\u00f3n en Ciencia Pol\u00edtica<br \/>\n<\/span><\/b><\/span><\/p>\n<p style=\"text-align: left\"><span lang=\"ES\">Objetiva auxiliar los alumnos en la elaboraci\u00f3n del proyecto de tesis de maestr\u00eda. Se divide en dos momentos: primero, pretende presentar elementos introductorios acerca de la producci\u00f3n de investigaci\u00f3n en el \u00e1rea de Ciencia Pol\u00edtica, buscando la construcci\u00f3n preliminar del proyecto de tesis (tema, objeto, problema, objetivos, hip\u00f3tesis). Despu\u00e9s de la construcci\u00f3n provisional del proyecto de tesis, intenta auxiliar a los alumnos en relaci\u00f3n al conocimiento y a la utilizaci\u00f3n de m\u00e9todos (cuantitativos y cualitativos) y de t\u00e9cnicas de investigaci\u00f3n (t\u00e9cnicas de recolecci\u00f3n, modos de organizaci\u00f3n, tratamiento de los materiales) en Ciencia Pol\u00edtica, convenientes para el uso espec\u00edfico en cada proyecto.<\/span><\/p>\n<p style=\"text-align: left\"><span lang=\"ES\" style=\"font-family: georgia, palatino, serif\">\u00a0<\/span><\/p>\n<p style=\"text-align: left\"><span style=\"font-family: georgia, palatino, serif\"><b><span lang=\"ES\">Teor\u00eda Contempor\u00e1nea de la Democracia <\/span><\/b><\/span><\/p>\n<p style=\"text-align: left\"><span lang=\"ES\">Tiene por objetivo presentar el debate acerca del paradigma elitista-liberal de la democracia en Ciencia Pol\u00edtica, el cual ejerce una importante influencia en las formulaciones te\u00f3ricas de sus cr\u00edticos. Alternativamente, se propone presentar algunas de las vertientes cr\u00edticas al paradigma elitista-liberal, tales como: democracia participativa, republicanismo.<\/span><\/p>\n<p><span lang=\"ES\" style=\"font-family: georgia, palatino, serif\">\u00a0<\/span><\/p>\n<p style=\"text-align: left\"><span style=\"font-family: georgia, palatino, serif\"><b><span lang=\"ES\">Seminario de Orientaci\u00f3n <\/span><\/b><\/span><\/p>\n<p style=\"text-align: left\"><span lang=\"ES\">Orientado a la elaboraci\u00f3n del proyecto de investigaci\u00f3n del alumno del posgrado, con intenci\u00f3n de viabilizar el examen del proyecto de investigaci\u00f3n y el desarrollo de la tesis . El objetivo espec\u00edfico de este trabajo es la realizaci\u00f3n de todos los elementos inherentes a la investigaci\u00f3n cient\u00edfica: construcci\u00f3n del objeto, formulaci\u00f3n del problema, delimitaci\u00f3n del campo, definici\u00f3n de objetivos y hip\u00f3tesis, elecci\u00f3n de m\u00e9todos y t\u00e9cnicas de investigaci\u00f3n. I<\/span><span lang=\"ES\">ncluye un proceso individualizado, a ser desarrollado directamente por el orientador, a partir de las necesidades y especificidades de cada proyecto. <\/span><\/p>\n","protected":false},"excerpt":{"rendered":"<p>Metodolog\u00eda de Investigaci\u00f3n en Ciencia Pol\u00edtica Objetiva auxiliar los alumnos en la elaboraci\u00f3n del proyecto de tesis de maestr\u00eda. Se divide en dos momentos: primero, pretende presentar elementos introductorios acerca de la producci\u00f3n de investigaci\u00f3n en el \u00e1rea de Ciencia Pol\u00edtica, buscando la construcci\u00f3n preliminar del proyecto de tesis (tema, objeto, problema, objetivos, hip\u00f3tesis). Despu\u00e9s [&hellip;]<\/p>\n","protected":false},"author":555,"featured_media":0,"parent":2229,"menu_order":0,"comment_status":"closed","ping_status":"closed","template":"","meta":{"footnotes":""},"class_list":["post-2237","page","type-page","status-publish","hentry"],"jetpack_sharing_enabled":true,"_links":{"self":[{"href":"https:\/\/wp.ufpel.edu.br\/ppgcienciapolitica\/wp-json\/wp\/v2\/pages\/2237","targetHints":{"allow":["GET"]}}],"collection":[{"href":"https:\/\/wp.ufpel.edu.br\/ppgcienciapolitica\/wp-json\/wp\/v2\/pages"}],"about":[{"href":"https:\/\/wp.ufpel.edu.br\/ppgcienciapolitica\/wp-json\/wp\/v2\/types\/page"}],"author":[{"embeddable":true,"href":"https:\/\/wp.ufpel.edu.br\/ppgcienciapolitica\/wp-json\/wp\/v2\/users\/555"}],"replies":[{"embeddable":true,"href":"https:\/\/wp.ufpel.edu.br\/ppgcienciapolitica\/wp-json\/wp\/v2\/comments?post=2237"}],"version-history":[{"count":4,"href":"https:\/\/wp.ufpel.edu.br\/ppgcienciapolitica\/wp-json\/wp\/v2\/pages\/2237\/revisions"}],"predecessor-version":[{"id":2627,"href":"https:\/\/wp.ufpel.edu.br\/ppgcienciapolitica\/wp-json\/wp\/v2\/pages\/2237\/revisions\/2627"}],"up":[{"embeddable":true,"href":"https:\/\/wp.ufpel.edu.br\/ppgcienciapolitica\/wp-json\/wp\/v2\/pages\/2229"}],"wp:attachment":[{"href":"https:\/\/wp.ufpel.edu.br\/ppgcienciapolitica\/wp-json\/wp\/v2\/media?parent=2237"}],"curies":[{"name":"wp","href":"https:\/\/api.w.org\/{rel}","templated":true}]}}