{"id":2233,"date":"2019-04-09T13:23:59","date_gmt":"2019-04-09T16:23:59","guid":{"rendered":"https:\/\/wp.ufpel.edu.br\/ppgcienciapolitica\/?page_id=2233"},"modified":"2019-04-09T13:23:59","modified_gmt":"2019-04-09T16:23:59","slug":"estructura-curricular-maestria","status":"publish","type":"page","link":"https:\/\/wp.ufpel.edu.br\/ppgcienciapolitica\/disciplinas-2\/maestria\/estructura-curricular-maestria\/","title":{"rendered":"Estructura Curricular \u2013 Maestr\u00eda"},"content":{"rendered":"<p><strong>Estructura Curricular del Curso de Maestr\u00eda<\/strong>\u00a0Se exigen 32 cr\u00e9ditos, as\u00ed discriminados:<\/p>\n<table>\n<tbody>\n<tr>\n<td>Disciplinas obligatorias<\/td>\n<td width=\"51\">\u00a0 \u00a012<\/td>\n<\/tr>\n<tr>\n<td>Disciplinas electivas<\/td>\n<td width=\"51\">\u00a0 \u00a016<\/td>\n<\/tr>\n<tr>\n<td>Tesis<\/td>\n<td width=\"51\">\u00a0 \u00a004<\/td>\n<\/tr>\n<\/tbody>\n<\/table>\n<p>Para la defensa de la tesis de maestr\u00eda se requiere, tambi\u00e9n:\u00a0Aprobaci\u00f3n de Proyecto ante una banca examinadora. \u00a0Aprobaci\u00f3n en el Examen de competencia en lengua extranjera (ingl\u00e9s o franc\u00e9s)<\/p>\n","protected":false},"excerpt":{"rendered":"<p>Estructura Curricular del Curso de Maestr\u00eda\u00a0Se exigen 32 cr\u00e9ditos, as\u00ed discriminados: Disciplinas obligatorias \u00a0 \u00a012 Disciplinas electivas \u00a0 \u00a016 Tesis \u00a0 \u00a004 Para la defensa de la tesis de maestr\u00eda se requiere, tambi\u00e9n:\u00a0Aprobaci\u00f3n de Proyecto ante una banca examinadora. \u00a0Aprobaci\u00f3n en el Examen de competencia en lengua extranjera (ingl\u00e9s o franc\u00e9s)<\/p>\n","protected":false},"author":555,"featured_media":0,"parent":2229,"menu_order":0,"comment_status":"closed","ping_status":"closed","template":"","meta":{"footnotes":""},"class_list":["post-2233","page","type-page","status-publish","hentry"],"jetpack_sharing_enabled":true,"_links":{"self":[{"href":"https:\/\/wp.ufpel.edu.br\/ppgcienciapolitica\/wp-json\/wp\/v2\/pages\/2233","targetHints":{"allow":["GET"]}}],"collection":[{"href":"https:\/\/wp.ufpel.edu.br\/ppgcienciapolitica\/wp-json\/wp\/v2\/pages"}],"about":[{"href":"https:\/\/wp.ufpel.edu.br\/ppgcienciapolitica\/wp-json\/wp\/v2\/types\/page"}],"author":[{"embeddable":true,"href":"https:\/\/wp.ufpel.edu.br\/ppgcienciapolitica\/wp-json\/wp\/v2\/users\/555"}],"replies":[{"embeddable":true,"href":"https:\/\/wp.ufpel.edu.br\/ppgcienciapolitica\/wp-json\/wp\/v2\/comments?post=2233"}],"version-history":[{"count":1,"href":"https:\/\/wp.ufpel.edu.br\/ppgcienciapolitica\/wp-json\/wp\/v2\/pages\/2233\/revisions"}],"predecessor-version":[{"id":2234,"href":"https:\/\/wp.ufpel.edu.br\/ppgcienciapolitica\/wp-json\/wp\/v2\/pages\/2233\/revisions\/2234"}],"up":[{"embeddable":true,"href":"https:\/\/wp.ufpel.edu.br\/ppgcienciapolitica\/wp-json\/wp\/v2\/pages\/2229"}],"wp:attachment":[{"href":"https:\/\/wp.ufpel.edu.br\/ppgcienciapolitica\/wp-json\/wp\/v2\/media?parent=2233"}],"curies":[{"name":"wp","href":"https:\/\/api.w.org\/{rel}","templated":true}]}}