{"id":2219,"date":"2019-04-09T13:12:01","date_gmt":"2019-04-09T16:12:01","guid":{"rendered":"https:\/\/wp.ufpel.edu.br\/ppgcienciapolitica\/?page_id=2219"},"modified":"2019-04-20T16:56:18","modified_gmt":"2019-04-20T19:56:18","slug":"disciplinas-obligatorias","status":"publish","type":"page","link":"https:\/\/wp.ufpel.edu.br\/ppgcienciapolitica\/disciplinas-2\/doctorado\/disciplinas-obligatorias\/","title":{"rendered":"Disciplinas Obligatorias"},"content":{"rendered":"<p><span style=\"font-family: georgia, palatino, serif;font-size: 12pt\"><b><span lang=\"ES\">Teor\u00eda Pol\u00edtica<\/span><\/b><\/span><\/p>\n<p><span lang=\"ES\">Partiendo de la idea de que la Teor\u00eda Pol\u00edtica tiene diferentes definiciones y apropiaciones por la disciplina de la Ciencia Pol\u00edtica, el curso analiza los fundamentos ontol\u00f3gicos, epistemol\u00f3gicos y metodol\u00f3gicos que orientan la Teor\u00eda Pol\u00edtica, sobre todo, en sus versiones contempor\u00e1neas. Desde el punto de vista disciplinario de la Ciencia Pol\u00edtica, la Teor\u00eda Pol\u00edtica es objeto de disputa de diferentes enfoques &#8211; sean ellos emp\u00edrico-explicativo, hist\u00f3rico-conceptual o normativo-filos\u00f3fico. De esta forma, el curso busca promover: a) el debate acerca del propio status (sub) disciplinario de la Teor\u00eda Pol\u00edtica y sus di\u00e1logos con otras \u00e1reas del conocimiento y b) la profundizaci\u00f3n en determinadas corrientes te\u00f3ricas, tradiciones hist\u00f3rico-conceptuales y\/o temas relevantes para la teorizaci\u00f3n de los fen\u00f3menos y procesos pol\u00edticos.<\/span><\/p>\n<p style=\"text-align: left\"><span lang=\"ES\" style=\"font-family: georgia, palatino, serif;font-size: 12pt\">\u00a0<\/span><\/p>\n<p style=\"text-align: left\"><span style=\"font-family: georgia, palatino, serif;font-size: 12pt\"><b><span lang=\"ES\">Teor\u00eda Contempor\u00e1nea de la Democracia<\/span><\/b><\/span><\/p>\n<p style=\"text-align: left\"><span lang=\"ES\">La disciplina tiene por objetivo presentar el debate acerca del paradigma elitista-liberal de la democracia en la Ciencia Pol\u00edtica, el cual ejerce una importante influencia en las formulaciones te\u00f3ricas de sus cr\u00edticos. Alternativamente, se propone presentar algunas de las vertientes cr\u00edticas al paradigma elitista-liberal, tales como: democracia participativa, republicanismo.<\/span><\/p>\n<p style=\"text-align: left\"><span lang=\"ES\" style=\"font-family: georgia, palatino, serif;font-size: 12pt\">\u00a0<\/span><\/p>\n<p style=\"text-align: left\"><span style=\"font-family: georgia, palatino, serif;font-size: 12pt\"><b><span lang=\"ES\">Seminario de Tesis I<br \/>\n<\/span><\/b><\/span><\/p>\n<p style=\"text-align: left\"><span lang=\"ES\">Est\u00e1 orientado a la mejora del proyecto de investigaci\u00f3n de doctorado. Tiene como principal objetivo la mejora de los elementos inherentes a la propuesta de investigaci\u00f3n cient\u00edfica (construcci\u00f3n del objeto, formulaci\u00f3n del problema, delimitaci\u00f3n del campo, definici\u00f3n de objetivos e hip\u00f3tesis, elecci\u00f3n de los m\u00e9todos y t\u00e9cnicas de investigaci\u00f3n), as\u00ed como la profundizaci\u00f3n de la discusi\u00f3n te\u00f3rica constante en el proyecto de investigaci\u00f3n. En este sentido, la disciplina involucra procesos entre pares, bajo la orientaci\u00f3n del profesor que dicta la disciplina, buscando auxiliar en la superaci\u00f3n de cuestiones diagnosticadas por el grupo en cada proyecto.<\/span><\/p>\n<p>&nbsp;<\/p>\n<p><span style=\"font-family: georgia, palatino, serif;font-size: 12pt\"><b><span lang=\"ES\">Seminario de Tesis II<\/span><\/b><\/span><\/p>\n<p><span lang=\"ES\">Implementado con el objetivo de viabilizar la realizaci\u00f3n de la defensa del proyecto y el desarrollo de la tesis. En este sentido, busca discutir cr\u00edticamente y constructivamente los proyectos de tesis de doctorado, incluyendo un proceso individualizado a ser desarrollado directamente con el orientador, a partir de las necesidades y especificidades de cada proyecto.<\/span><\/p>\n","protected":false},"excerpt":{"rendered":"<p>Teor\u00eda Pol\u00edtica Partiendo de la idea de que la Teor\u00eda Pol\u00edtica tiene diferentes definiciones y apropiaciones por la disciplina de la Ciencia Pol\u00edtica, el curso analiza los fundamentos ontol\u00f3gicos, epistemol\u00f3gicos y metodol\u00f3gicos que orientan la Teor\u00eda Pol\u00edtica, sobre todo, en sus versiones contempor\u00e1neas. Desde el punto de vista disciplinario de la Ciencia Pol\u00edtica, la Teor\u00eda [&hellip;]<\/p>\n","protected":false},"author":555,"featured_media":0,"parent":2223,"menu_order":0,"comment_status":"closed","ping_status":"closed","template":"","meta":{"footnotes":""},"class_list":["post-2219","page","type-page","status-publish","hentry"],"jetpack_sharing_enabled":true,"_links":{"self":[{"href":"https:\/\/wp.ufpel.edu.br\/ppgcienciapolitica\/wp-json\/wp\/v2\/pages\/2219","targetHints":{"allow":["GET"]}}],"collection":[{"href":"https:\/\/wp.ufpel.edu.br\/ppgcienciapolitica\/wp-json\/wp\/v2\/pages"}],"about":[{"href":"https:\/\/wp.ufpel.edu.br\/ppgcienciapolitica\/wp-json\/wp\/v2\/types\/page"}],"author":[{"embeddable":true,"href":"https:\/\/wp.ufpel.edu.br\/ppgcienciapolitica\/wp-json\/wp\/v2\/users\/555"}],"replies":[{"embeddable":true,"href":"https:\/\/wp.ufpel.edu.br\/ppgcienciapolitica\/wp-json\/wp\/v2\/comments?post=2219"}],"version-history":[{"count":3,"href":"https:\/\/wp.ufpel.edu.br\/ppgcienciapolitica\/wp-json\/wp\/v2\/pages\/2219\/revisions"}],"predecessor-version":[{"id":2631,"href":"https:\/\/wp.ufpel.edu.br\/ppgcienciapolitica\/wp-json\/wp\/v2\/pages\/2219\/revisions\/2631"}],"up":[{"embeddable":true,"href":"https:\/\/wp.ufpel.edu.br\/ppgcienciapolitica\/wp-json\/wp\/v2\/pages\/2223"}],"wp:attachment":[{"href":"https:\/\/wp.ufpel.edu.br\/ppgcienciapolitica\/wp-json\/wp\/v2\/media?parent=2219"}],"curies":[{"name":"wp","href":"https:\/\/api.w.org\/{rel}","templated":true}]}}