{"id":2199,"date":"2019-04-05T12:16:19","date_gmt":"2019-04-05T15:16:19","guid":{"rendered":"https:\/\/wp.ufpel.edu.br\/ppgcienciapolitica\/?page_id=2199"},"modified":"2019-04-05T12:16:19","modified_gmt":"2019-04-05T15:16:19","slug":"teoria-politica-y-teoria-social-contemporaneas","status":"publish","type":"page","link":"https:\/\/wp.ufpel.edu.br\/ppgcienciapolitica\/lineas-de-investigacion\/teoria-politica-y-teoria-social-contemporaneas\/","title":{"rendered":"Teor\u00eda Pol\u00edtica y Teor\u00eda Social Contempor\u00e1neas"},"content":{"rendered":"<p>Enfatiza la importancia de los estudios te\u00f3ricos acerca de la propia teor\u00eda, dando relevancia a su construcci\u00f3n, desarrollo y aplicaci\u00f3n. Para ello, se divide en dos ejes principales, comportando investigaciones te\u00f3ricas y emp\u00edricas: 1) Epistemolog\u00eda y Teor\u00eda Social; y 2) Teor\u00eda Pol\u00edtica Contempor\u00e1nea. El primer eje concentra aspectos referentes a los estudios sociales de la ciencia y la tecnolog\u00eda, a la sociolog\u00eda del conocimiento y a la descolonizaci\u00f3n epistemol\u00f3gica, as\u00ed como cuestiones que involucran las relaciones entre capitalismo y globalizaci\u00f3n. En el eje Teor\u00eda Pol\u00edtica Contempor\u00e1nea, el \u00e9nfasis recae sobre Teor\u00eda Pol\u00edtica normativa y sus articulaciones con la Filosof\u00eda Pol\u00edtica.<\/p>\n<p>Las principales corrientes epist\u00e9micas y te\u00f3ricas contempor\u00e1neas de las cuales parten las discusiones, estudios e investigaciones de la l\u00ednea son el post-estructuralismo, el post-colonialismo, el post-marxismo, el neomarxismo y el feminismo. Las preocupaciones anal\u00edticas re\u00fanen objetos y tem\u00e1ticas variadas, tales como democracia, ciencia, ideolog\u00eda, discurso, movilizaciones, activismo, identidad y g\u00e9nero. Se observa, en s\u00edntesis, que la l\u00ednea de investigaci\u00f3n proyecta diferentes perspectivas sobre lo pol\u00edtico y la pol\u00edtica, desde el punto de vista de la teor\u00eda pol\u00edtica y de la teor\u00eda social contempor\u00e1nea y de sus posibles encuentros y cruces.<\/p>\n","protected":false},"excerpt":{"rendered":"<p>Enfatiza la importancia de los estudios te\u00f3ricos acerca de la propia teor\u00eda, dando relevancia a su construcci\u00f3n, desarrollo y aplicaci\u00f3n. Para ello, se divide en dos ejes principales, comportando investigaciones te\u00f3ricas y emp\u00edricas: 1) Epistemolog\u00eda y Teor\u00eda Social; y 2) Teor\u00eda Pol\u00edtica Contempor\u00e1nea. El primer eje concentra aspectos referentes a los estudios sociales de la [&hellip;]<\/p>\n","protected":false},"author":555,"featured_media":0,"parent":2186,"menu_order":0,"comment_status":"closed","ping_status":"closed","template":"","meta":{"footnotes":""},"class_list":["post-2199","page","type-page","status-publish","hentry"],"jetpack_sharing_enabled":true,"_links":{"self":[{"href":"https:\/\/wp.ufpel.edu.br\/ppgcienciapolitica\/wp-json\/wp\/v2\/pages\/2199","targetHints":{"allow":["GET"]}}],"collection":[{"href":"https:\/\/wp.ufpel.edu.br\/ppgcienciapolitica\/wp-json\/wp\/v2\/pages"}],"about":[{"href":"https:\/\/wp.ufpel.edu.br\/ppgcienciapolitica\/wp-json\/wp\/v2\/types\/page"}],"author":[{"embeddable":true,"href":"https:\/\/wp.ufpel.edu.br\/ppgcienciapolitica\/wp-json\/wp\/v2\/users\/555"}],"replies":[{"embeddable":true,"href":"https:\/\/wp.ufpel.edu.br\/ppgcienciapolitica\/wp-json\/wp\/v2\/comments?post=2199"}],"version-history":[{"count":1,"href":"https:\/\/wp.ufpel.edu.br\/ppgcienciapolitica\/wp-json\/wp\/v2\/pages\/2199\/revisions"}],"predecessor-version":[{"id":2200,"href":"https:\/\/wp.ufpel.edu.br\/ppgcienciapolitica\/wp-json\/wp\/v2\/pages\/2199\/revisions\/2200"}],"up":[{"embeddable":true,"href":"https:\/\/wp.ufpel.edu.br\/ppgcienciapolitica\/wp-json\/wp\/v2\/pages\/2186"}],"wp:attachment":[{"href":"https:\/\/wp.ufpel.edu.br\/ppgcienciapolitica\/wp-json\/wp\/v2\/media?parent=2199"}],"curies":[{"name":"wp","href":"https:\/\/api.w.org\/{rel}","templated":true}]}}