{"id":2186,"date":"2019-04-05T12:09:26","date_gmt":"2019-04-05T15:09:26","guid":{"rendered":"https:\/\/wp.ufpel.edu.br\/ppgcienciapolitica\/?page_id=2186"},"modified":"2019-04-05T12:09:26","modified_gmt":"2019-04-05T15:09:26","slug":"lineas-de-investigacion","status":"publish","type":"page","link":"https:\/\/wp.ufpel.edu.br\/ppgcienciapolitica\/lineas-de-investigacion\/","title":{"rendered":"L\u00edneas de Investigaci\u00f3n"},"content":{"rendered":"<p>\u00c1rea (s) de Concentraci\u00f3n: Democracia y Pol\u00edtica Contempor\u00e1nea<\/p>\n<p>Re\u00fane investigaciones dirigidas al an\u00e1lisis de teor\u00edas, experiencias y procesos democr\u00e1ticos en su amplia diversidad pol\u00edtica y social.<\/p>\n","protected":false},"excerpt":{"rendered":"<p>\u00c1rea (s) de Concentraci\u00f3n: Democracia y Pol\u00edtica Contempor\u00e1nea Re\u00fane investigaciones dirigidas al an\u00e1lisis de teor\u00edas, experiencias y procesos democr\u00e1ticos en su amplia diversidad pol\u00edtica y social.<\/p>\n","protected":false},"author":555,"featured_media":0,"parent":0,"menu_order":0,"comment_status":"closed","ping_status":"closed","template":"","meta":{"footnotes":""},"class_list":["post-2186","page","type-page","status-publish","hentry"],"jetpack_sharing_enabled":true,"_links":{"self":[{"href":"https:\/\/wp.ufpel.edu.br\/ppgcienciapolitica\/wp-json\/wp\/v2\/pages\/2186","targetHints":{"allow":["GET"]}}],"collection":[{"href":"https:\/\/wp.ufpel.edu.br\/ppgcienciapolitica\/wp-json\/wp\/v2\/pages"}],"about":[{"href":"https:\/\/wp.ufpel.edu.br\/ppgcienciapolitica\/wp-json\/wp\/v2\/types\/page"}],"author":[{"embeddable":true,"href":"https:\/\/wp.ufpel.edu.br\/ppgcienciapolitica\/wp-json\/wp\/v2\/users\/555"}],"replies":[{"embeddable":true,"href":"https:\/\/wp.ufpel.edu.br\/ppgcienciapolitica\/wp-json\/wp\/v2\/comments?post=2186"}],"version-history":[{"count":1,"href":"https:\/\/wp.ufpel.edu.br\/ppgcienciapolitica\/wp-json\/wp\/v2\/pages\/2186\/revisions"}],"predecessor-version":[{"id":2187,"href":"https:\/\/wp.ufpel.edu.br\/ppgcienciapolitica\/wp-json\/wp\/v2\/pages\/2186\/revisions\/2187"}],"wp:attachment":[{"href":"https:\/\/wp.ufpel.edu.br\/ppgcienciapolitica\/wp-json\/wp\/v2\/media?parent=2186"}],"curies":[{"name":"wp","href":"https:\/\/api.w.org\/{rel}","templated":true}]}}