{"id":2181,"date":"2019-04-05T12:06:45","date_gmt":"2019-04-05T15:06:45","guid":{"rendered":"https:\/\/wp.ufpel.edu.br\/ppgcienciapolitica\/?page_id=2181"},"modified":"2021-07-09T18:21:10","modified_gmt":"2021-07-09T21:21:10","slug":"grupos-de-investigacion","status":"publish","type":"page","link":"https:\/\/wp.ufpel.edu.br\/ppgcienciapolitica\/presentacion\/grupos-de-investigacion\/","title":{"rendered":"Grupos de Investigaci\u00f3n"},"content":{"rendered":"<p><span style=\"color: #993300\"><strong>Grupo de Investigaci\u00f3n Ideolog\u00eda y An\u00e1lisis del Discurso<\/strong><\/span><\/p>\n<p>El Grupo de Investigaci\u00f3n Ideolog\u00eda y An\u00e1lisis del Discurso est\u00e1 vinculado al Programa de Posgrado en Ciencia Pol\u00edtica de la Universidad Federal de Pelotas. Sus actividades iniciaron formalmente en 2012, a partir de la principal investigaci\u00f3n en curso titulada &#8220;Ideolog\u00eda y Partidos Pol\u00edticos en Brasil: una nueva metodolog\u00eda de clasificaci\u00f3n&#8221;. Adem\u00e1s de la investigaci\u00f3n principal, que re\u00fane a todos los miembros del Grupo de Investigaci\u00f3n, son realizadas otras investigaciones, en los niveles institucional y extra institucional, ya sea en el \u00e1mbito de la graduaci\u00f3n en Ciencias Sociales o en el del posgrado en los cursos de Maestr\u00eda y Doctorado en Ciencia Pol\u00edtica. Los temas de cada investigaci\u00f3n var\u00edan desde el an\u00e1lisis de discursos intentando conocer la ideolog\u00eda de diferentes partidos pol\u00edticos brasile\u00f1os en el \u00e1mbito federal, pasando por el an\u00e1lisis discursivo de movimientos de la llamada nueva derecha brasile\u00f1a, hasta el estudio de fen\u00f3menos pol\u00edticos populistas en Brasil, en Am\u00e9rica Latina y en Europa.<\/p>\n<p>Coordinaci\u00f3n: Bianca de Freitas Linhares y Daniel de Mendon\u00e7a<\/p>\n<p><a href=\"https:\/\/wp.ufpel.edu.br\/idad\/\">Acceder al sitio<\/a><\/p>\n<p>&nbsp;<\/p>\n<p><span style=\"color: #993300\"><strong>Grupo de Investigaci\u00f3n Teor\u00eda Pol\u00edtica Global\u00a0<\/strong><\/span><\/p>\n<p>Coordinaci\u00f3n: Luciana Maria de Arag\u00f3n Ballestrin<\/p>\n<p><a href=\"http:\/\/dgp.cnpq.br\/dgp\/espelhogrupo\/591587\">Acceder al sitio<\/a><\/p>\n<p>&nbsp;<\/p>\n<p><span style=\"color: #993300\"><strong>N\u00facleo de Investigaci\u00f3n sobre Pol\u00edticas de Memoria<\/strong><\/span><\/p>\n<p>El N\u00facleo de Investigaci\u00f3n sobre Pol\u00edticas de Memoria &#8211; NUPPOME fue creado en el Directorio de Grupos de Investigaci\u00f3n del CNPq en mayo de 2017, vinculado al Instituto de Filosof\u00eda, Sociolog\u00eda y Pol\u00edtica de la Universidad Federal de Pelotas (UFPel). En el segundo semestre de 2018, el NUPPOME se reorganiza. Adem\u00e1s del coordinador y de las\/los estudiantes de grado en Ciencias Sociales de la UFPel, son incorporados a su equipo investigadores de otras Instituciones brasile\u00f1as y extranjeras. El N\u00facleo tiene como objetivo central realizar investigaciones y proyectos promoviendo el debate y la reflexi\u00f3n sobre las pol\u00edticas de memoria que est\u00e1n siendo y fueron creadas e implementadas en pa\u00edses que, como el Brasil y sus vecinos del Cono Sur, pasaron por experiencias autoritarias como las dictaduras de Seguridad Nacional durante la Guerra Fr\u00eda.<\/p>\n<p>Coordinaci\u00f3n: Carlos Artur Gallo<\/p>\n<p><a href=\"https:\/\/wp.ufpel.edu.br\/nuppome\">Acceder al sitio<\/a><\/p>\n<p>&nbsp;<\/p>\n<p style=\"text-align: justify\"><span style=\"color: #993300\"><strong>Grupo de Investigaci\u00f3n Pol\u00edtica Internacional y Gesti\u00f3n del Espacio Oce\u00e1nico<\/strong><\/span><\/p>\n<p style=\"text-align: justify\">Coordenaci\u00f3n: Etiene Villela Marroni e Eurico de Lima Figueiredo (UFF)<\/p>\n<p style=\"text-align: justify\"><a href=\"https:\/\/wp.ufpel.edu.br\/cedepem\/\">Acessar o site<\/a><\/p>\n<p>&nbsp;<\/p>\n<p style=\"text-align: justify\"><span style=\"color: #993300\"><b>Grupo de Investigaci\u00f3n REAGE &#8211; Representaci\u00f3n, Activismos y G\u00e9nero<\/b><\/span><\/p>\n<p style=\"text-align: justify\">Coordenaci\u00f3n: Rosangela Marione Schulz<\/p>\n<p style=\"text-align: justify\"><a href=\"http:\/\/dgp.cnpq.br\/dgp\/espelhogrupo\/190278\">Acessar o site<\/a><\/p>\n","protected":false},"excerpt":{"rendered":"<p>Grupo de Investigaci\u00f3n Ideolog\u00eda y An\u00e1lisis del Discurso El Grupo de Investigaci\u00f3n Ideolog\u00eda y An\u00e1lisis del Discurso est\u00e1 vinculado al Programa de Posgrado en Ciencia Pol\u00edtica de la Universidad Federal de Pelotas. Sus actividades iniciaron formalmente en 2012, a partir de la principal investigaci\u00f3n en curso titulada &#8220;Ideolog\u00eda y Partidos Pol\u00edticos en Brasil: una nueva [&hellip;]<\/p>\n","protected":false},"author":555,"featured_media":0,"parent":2143,"menu_order":0,"comment_status":"closed","ping_status":"closed","template":"","meta":{"footnotes":""},"class_list":["post-2181","page","type-page","status-publish","hentry"],"jetpack_sharing_enabled":true,"_links":{"self":[{"href":"https:\/\/wp.ufpel.edu.br\/ppgcienciapolitica\/wp-json\/wp\/v2\/pages\/2181","targetHints":{"allow":["GET"]}}],"collection":[{"href":"https:\/\/wp.ufpel.edu.br\/ppgcienciapolitica\/wp-json\/wp\/v2\/pages"}],"about":[{"href":"https:\/\/wp.ufpel.edu.br\/ppgcienciapolitica\/wp-json\/wp\/v2\/types\/page"}],"author":[{"embeddable":true,"href":"https:\/\/wp.ufpel.edu.br\/ppgcienciapolitica\/wp-json\/wp\/v2\/users\/555"}],"replies":[{"embeddable":true,"href":"https:\/\/wp.ufpel.edu.br\/ppgcienciapolitica\/wp-json\/wp\/v2\/comments?post=2181"}],"version-history":[{"count":11,"href":"https:\/\/wp.ufpel.edu.br\/ppgcienciapolitica\/wp-json\/wp\/v2\/pages\/2181\/revisions"}],"predecessor-version":[{"id":3387,"href":"https:\/\/wp.ufpel.edu.br\/ppgcienciapolitica\/wp-json\/wp\/v2\/pages\/2181\/revisions\/3387"}],"up":[{"embeddable":true,"href":"https:\/\/wp.ufpel.edu.br\/ppgcienciapolitica\/wp-json\/wp\/v2\/pages\/2143"}],"wp:attachment":[{"href":"https:\/\/wp.ufpel.edu.br\/ppgcienciapolitica\/wp-json\/wp\/v2\/media?parent=2181"}],"curies":[{"name":"wp","href":"https:\/\/api.w.org\/{rel}","templated":true}]}}