{"id":2177,"date":"2019-04-05T12:02:06","date_gmt":"2019-04-05T15:02:06","guid":{"rendered":"https:\/\/wp.ufpel.edu.br\/ppgcienciapolitica\/?page_id=2177"},"modified":"2019-04-20T16:40:20","modified_gmt":"2019-04-20T19:40:20","slug":"infraestructura","status":"publish","type":"page","link":"https:\/\/wp.ufpel.edu.br\/ppgcienciapolitica\/presentacion\/infraestructura\/","title":{"rendered":"Infraestructura"},"content":{"rendered":"<p><strong>1 &#8211; Laboratorio de Inform\u00e1tica:<\/strong><\/p>\n<p>En 2013, los Programas de Posgrado en Ciencia Pol\u00edtica y en Sociolog\u00eda de la UFPel inauguraron un nuevo, amplio y moderno laboratorio de inform\u00e1tica (LABIFISP) que tiene tambi\u00e9n la funci\u00f3n de aula para disciplinas vinculadas a la ense\u00f1anza de metodolog\u00edas y t\u00e9cnicas de investigaci\u00f3n cuantitativas y cualitativas en las \u00e1reas de Ciencia Pol\u00edtica y de Sociolog\u00eda. El uso de este espacio es exclusivo de docentes y estudiantes vinculados a ambos programas de posgrado y todos los equipamientos fueron adquiridos con recursos oriundos de llamados de investigaci\u00f3n o de compras de docentes del PPGCPol o del PPGS, resultados de proyectos. Integran el laboratorio, de forma permanente, 08 computadoras de \u00faltima generaci\u00f3n, siendo 04 de ellos iMACs, 27 pulgadas, 3,2 GHz, 8GB de memoria y 04 PCs, 21 pulgadas, 3,5GHz, 8GB de memoria, todos con acceso a internet de alta velocidad. Se trata de equipamientos extremadamente veloces y capaces de procesar bases de datos y software cualitativos y cuantitativos con calidad y de forma \u00e1gil, adem\u00e1s de los programas de edici\u00f3n de textos y de elaboraci\u00f3n de tablas (word, excel, pages, numbers, etc.) Las computadoras han sido instaladas en lugares de trabajo propios, en mesas espec\u00edficas para este fin y acompa\u00f1adas de asientos tapizados y giratorios. Los mismos poseen 03 licencias de la versi\u00f3n m\u00e1s reciente del software de an\u00e1lisis cuantitativa SPSS y otras 07 licencias del software de an\u00e1lisis cualitativo N-VIVO (diferentes versiones).\u00a0<span style=\"font-family: georgia, palatino, serif\"><span lang=\"ES\">Estos softwares son utilizados para el an\u00e1lisis de datos de investigaciones de docentes y alumnos de ambos programas, adem\u00e1s de servir como instrumentos fundamentales para clases o cursos de metodolog\u00eda y de t\u00e9cnicas de investigaci\u00f3n. Todas las computadoras tambi\u00e9n tienen acceso a diversas bases de investigaci\u00f3n con \u00e9nfasis en el Portal de Peri\u00f3dicos de la CAPES, con la posibilidad de descargar art\u00edculos cient\u00edficos completos de las m\u00e1s importantes revistas cient\u00edficas de diversas \u00e1reas del conocimiento. \u00a0El laboratorio cuenta adem\u00e1s con Datashow, impresora, sillas tapizadas para clases, mesa y silla para profesor, cuadro blanco, adem\u00e1s de <\/span><span lang=\"ES\">una gran mesa para estudios y reuniones de grupos de investigaci\u00f3n, capaz de comportar hasta 15 personas. El espacio cuenta adem\u00e1s con Split (con aire caliente \/ fr\u00edo), equipamiento no s\u00f3lo indispensable para proporcionar un ambiente c\u00f3modo para estudio e investigaci\u00f3n, sino tambi\u00e9n para el mantenimiento y el buen funcionamiento de los equipos de inform\u00e1tica disponibles. Adem\u00e1s de los equipos permanentes del laboratorio, el mismo est\u00e1 equipado con 15 puntos de internet y 15 tomas el\u00e9ctricas para los docentes y estudiantes que prefieren usar computadoras personales. El espacio cuenta tambi\u00e9n con acceso inal\u00e1mbrico de las se\u00f1ales de la Biblioteca Sectorial de Ciencias Sociales y del Instituto de Filosof\u00eda, Sociolog\u00eda y Pol\u00edtica. De lunes a viernes, el LABIFISP tiene un becario de graduaci\u00f3n responsable de su apertura y cierre, adem\u00e1s de la asistencia a los usuarios.<\/span><\/span><\/p>\n<p>Recursos de Inform\u00e1tica<\/p>\n<ol>\n<li>08 computadoras de \u00faltima generaci\u00f3n, siendo 04 de ellos iMACs, 27 pulgadas, 3,2 GHz, 8GB de memoria y 04 PCs, 21 pulgadas, 3,5GHz, 8GB de memoria.<\/li>\n<li>Programas de edici\u00f3n de textos y elaboraci\u00f3n de tablas (word, excel, pages, numbers, etc.).<\/li>\n<li>3 licencias del software de an\u00e1lisis cuantitativa SPSS.<\/li>\n<li>7 licencias del software de an\u00e1lisis cualitativa NVIVO.<\/li>\n<li>Acceso a diversas bases de investigaci\u00f3n con \u00e9nfasis en el &#8220;Portal de Peri\u00f3dicos&#8221; de CAPES, con la posibilidad de descargar art\u00edculos cient\u00edficos completos de las m\u00e1s importantes revistas cient\u00edficas de diversas \u00e1reas del conocimiento.<\/li>\n<li>15 puntos de Internet para el uso de computadoras port\u00e1tiles.<\/li>\n<li>Accesos inal\u00e1mbricos a las se\u00f1ales de la Biblioteca Sectorial de Ciencias Sociales y del Instituto de Filosof\u00eda, Sociolog\u00eda y Pol\u00edtica.<\/li>\n<\/ol>\n<p><strong>2 &#8211; Biblioteca:<\/strong><\/p>\n<p>Los alumnos del Programa de Posgrado en Ciencia Pol\u00edtica tienen acceso ilimitado a los recursos de la Biblioteca de Ciencias Sociales. La Biblioteca de Ciencias Sociales fue organizada en 2000, a partir de la unificaci\u00f3n de las bibliotecas sectoriales de las siguientes unidades de la UFPel: Facultad de Educaci\u00f3n, Instituto de Letras y Artes, Instituto de Sociolog\u00eda y Pol\u00edtica, Instituto de Ciencias Humanas, Facultad de Arquitectura y Urbanismo, y Cursos de Turismo y Administraci\u00f3n Hotelera y Hospitalaria de la Facultad de Ciencias Dom\u00e9sticas.<\/p>\n<p>&nbsp;<\/p>\n<ol>\n<li>Acervo:<\/li>\n<\/ol>\n<p>&nbsp;<\/p>\n<p>1.1 \u00c1reas cubiertas por la colecci\u00f3n: Educaci\u00f3n, Ciencia Pol\u00edtica, Sociolog\u00eda, Antropolog\u00eda, Filosof\u00eda, Econom\u00eda, Historia, Geograf\u00eda, Arquitectura y Urbanismo, Letras y Artes, Turismo y Administraci\u00f3n de Empresas.<\/p>\n<p>1.2 Tipo de material del acervo: &#8211; Libros, peri\u00f3dicos, folletos, cat\u00e1logos de arte, tesis de maestr\u00eda y de doctorado\/ monograf\u00edas de grado &#8211; Informes, CD-ROM, cintas de v\u00eddeo, cintas en casette, tesis en microfichas, bases de datos (CD)<\/p>\n<p>1.3 Volumen del acervo (INFORMATIZADO): 49.151 &#8211; Libros: 43805v. &#8211; Peri\u00f3dicos: 707t. &#8211; Folletos: 2203v. &#8211; Tesis \/ Disertaciones: 1058t. &#8211; Monograf\u00edas \/ Informes: 1652t. &#8211; Material visual: 426 &#8211; Material especial: 6<\/p>\n<p>1.4 Pol\u00edtica de adquisici\u00f3n. La selecci\u00f3n del material informativo se realiza a partir de la indicaci\u00f3n de bibliograf\u00eda por profesores de las materias, siguiendo el siguiente criterio de adquisici\u00f3n: &#8211; Bibliograf\u00eda b\u00e1sica: 3 ejemplares &#8211; Bibliograf\u00eda complementaria: 2 ejemplares<\/p>\n<p>&nbsp;<\/p>\n<p>2. Productos generados por la Biblioteca: &#8211; Sumarios Corrientes &#8211; Informe &#8211; Boletines informativos<\/p>\n<p>&nbsp;<\/p>\n<p>3. Servicios ofrecidos por la Biblioteca:<\/p>\n<p>&#8211; Pr\u00e9stamos domiciliares<\/p>\n<p>&#8211; Consulta local<\/p>\n<p>&#8211; Catalogaci\u00f3n en la fuente<\/p>\n<p>&#8211; Conmutaci\u00f3n bibliogr\u00e1fica (COMUT)<\/p>\n<p>&#8211; Acceso al Portal de CAPES<\/p>\n<p>&#8211; Acceso al Portal de Investigaci\u00f3n<\/p>\n<p>&#8211; IBGE<\/p>\n<p>&#8211; Normatizaci\u00f3n de trabajos t\u00e9cnicos cient\u00edficos<\/p>\n<p>&#8211; Obras en reserva<\/p>\n<p>&#8211; Entrenamiento de uso de la biblioteca<\/p>\n<p>&#8211; Entrenamiento de uso del manual de normatizaci\u00f3n de trabajos<\/p>\n<p>&#8211; Orientaci\u00f3n a la investigaci\u00f3n bibliogr\u00e1fica manual y automatizada (Base de Datos)<\/p>\n<p>&#8211; Orientaci\u00f3n a la elaboraci\u00f3n de referencias<\/p>\n<p>&#8211; Diseminaci\u00f3n selectiva de la informaci\u00f3n (SDI)<\/p>\n<p>&#8211; Sistema de Bibliotecas de la UFPel<\/p>\n<p>&#8211; http:\/\/www.ufpel.edu.br\/Acceso:http:\/\/prg.ufpel.edu.br\/sisbi<\/p>\n<p>&#8211; Sistema de Gerenciamiento de Acervo: Red Pergamum (http:\/\/pergamumum.ufpel.edu.br\/pergamum\/biblioteca\/index.php), instalado en 2011, con acceso electr\u00f3nico a los siguientes servicios: consulta al acervo, reserva de materiales; iniciar sesi\u00f3n para renovar materiales, consultar pendientes, deudas, historial de pr\u00e9stamos y b\u00fasquedas, guardar b\u00fasquedas, exportar referencias y enviar b\u00fasquedas por correo electr\u00f3nico.<\/p>\n<p>&nbsp;<\/p>\n<p>4. Espacios disponibles<\/p>\n<p>&#8211; Salas de estudio en grupo (06)<\/p>\n<p>&#8211; Sala con 08 compartimentos para estudio individual<\/p>\n<p>&#8211; Sala de Estudio (Programas de Posgrado)<\/p>\n<p>&#8211; Obras raras<\/p>\n<p>&#8211; \u00c1rea de acervo del IBGE (Depositaria)<\/p>\n<p>&#8211; Obras de referencia<\/p>\n<p>&#8211; \u00c1rea de consulta de libros<\/p>\n<p>&#8211; \u00c1rea de consulta de peri\u00f3dicos<\/p>\n<p>&#8211; Auditorio para 20 personas<\/p>\n<p>&#8211; Sala de clasificaci\u00f3n de las obras recibidas<\/p>\n<p>&#8211; Sala de tratamiento t\u00e9cnico<\/p>\n<p>&#8211; Sala de restauraci\u00f3n y encuadernaci\u00f3n<\/p>\n<p>&nbsp;<\/p>\n<p>5. Participaci\u00f3n en el Programa de Informaci\u00f3n Nacional:<\/p>\n<p>&#8211; Portal de CAPES &#8211; http:\/\/www.periodicos.capes.gov.br\/<\/p>\n<p>&#8211; Portal de la Investigaci\u00f3n &#8211; www.portaldapesquisa.com.br<\/p>\n<p>&#8211; COMUT &#8211; www.ibict.br (biblioteca solicitante)<\/p>\n<p>&#8211; BDTD &#8211; Biblioteca Digital de Tesis y Disertaciones http:\/\/bdtd.ibict.br\/<\/p>\n<p>&nbsp;<\/p>\n<p>6. Recursos:<\/p>\n<p>La Biblioteca tiene 19 computadoras conectadas a Internet: 11 para uso interno y 08 para los usuarios consultar el acervo. Con la implantaci\u00f3n del Portal de Capes y de Investigaci\u00f3n, muchos t\u00edtulos de peri\u00f3dicos de la UFPel dejaron de ser suscriptos, restando los siguientes: &#8211; Estudios en Evaluaci\u00f3n Educativa &#8211; Documenta &#8211; Presencia Pedag\u00f3gica &#8211; Construcci\u00f3n y mercado &#8211; Revista Tchne.<\/p>\n<pre><span lang=\"ES\" style=\"font-family: georgia, palatino, serif\">\u00a0<\/span><\/pre>\n","protected":false},"excerpt":{"rendered":"<p>1 &#8211; Laboratorio de Inform\u00e1tica: En 2013, los Programas de Posgrado en Ciencia Pol\u00edtica y en Sociolog\u00eda de la UFPel inauguraron un nuevo, amplio y moderno laboratorio de inform\u00e1tica (LABIFISP) que tiene tambi\u00e9n la funci\u00f3n de aula para disciplinas vinculadas a la ense\u00f1anza de metodolog\u00edas y t\u00e9cnicas de investigaci\u00f3n cuantitativas y cualitativas en las \u00e1reas [&hellip;]<\/p>\n","protected":false},"author":555,"featured_media":0,"parent":2143,"menu_order":0,"comment_status":"closed","ping_status":"closed","template":"","meta":{"footnotes":""},"class_list":["post-2177","page","type-page","status-publish","hentry"],"jetpack_sharing_enabled":true,"_links":{"self":[{"href":"https:\/\/wp.ufpel.edu.br\/ppgcienciapolitica\/wp-json\/wp\/v2\/pages\/2177","targetHints":{"allow":["GET"]}}],"collection":[{"href":"https:\/\/wp.ufpel.edu.br\/ppgcienciapolitica\/wp-json\/wp\/v2\/pages"}],"about":[{"href":"https:\/\/wp.ufpel.edu.br\/ppgcienciapolitica\/wp-json\/wp\/v2\/types\/page"}],"author":[{"embeddable":true,"href":"https:\/\/wp.ufpel.edu.br\/ppgcienciapolitica\/wp-json\/wp\/v2\/users\/555"}],"replies":[{"embeddable":true,"href":"https:\/\/wp.ufpel.edu.br\/ppgcienciapolitica\/wp-json\/wp\/v2\/comments?post=2177"}],"version-history":[{"count":3,"href":"https:\/\/wp.ufpel.edu.br\/ppgcienciapolitica\/wp-json\/wp\/v2\/pages\/2177\/revisions"}],"predecessor-version":[{"id":2618,"href":"https:\/\/wp.ufpel.edu.br\/ppgcienciapolitica\/wp-json\/wp\/v2\/pages\/2177\/revisions\/2618"}],"up":[{"embeddable":true,"href":"https:\/\/wp.ufpel.edu.br\/ppgcienciapolitica\/wp-json\/wp\/v2\/pages\/2143"}],"wp:attachment":[{"href":"https:\/\/wp.ufpel.edu.br\/ppgcienciapolitica\/wp-json\/wp\/v2\/media?parent=2177"}],"curies":[{"name":"wp","href":"https:\/\/api.w.org\/{rel}","templated":true}]}}