{"id":2147,"date":"2019-04-04T18:16:11","date_gmt":"2019-04-04T21:16:11","guid":{"rendered":"https:\/\/wp.ufpel.edu.br\/ppgcienciapolitica\/?page_id=2147"},"modified":"2021-05-26T09:57:59","modified_gmt":"2021-05-26T12:57:59","slug":"el-ppgcpol","status":"publish","type":"page","link":"https:\/\/wp.ufpel.edu.br\/ppgcienciapolitica\/presentacion\/el-ppgcpol\/","title":{"rendered":"El PPGCPol"},"content":{"rendered":"<p><span lang=\"ES\">El Programa de Posgrado en Ciencia Pol\u00edtica de la Universidad Federal de Pelotas tiene sus bases, primeramente, en la significativa presencia del \u00e1rea de Ciencia Pol\u00edtica en los cursos que constituyen el Instituto de Filosof\u00eda, Sociolog\u00eda y Pol\u00edtica. En 1985, se cre\u00f3 el Curso de Especializaci\u00f3n en Ciencia Pol\u00edtica, \u00a0en el que &#8211; a lo largo de sus 25 a\u00f1os de existencia \u2013 obtuvieron su t\u00edtulo cerca de 200 alumnos. Este fue el embri\u00f3n del Curso de Grado en Ciencias Sociales (<\/span><span lang=\"ES\">con opci\u00f3n en el \u00e1rea de investigaci\u00f3n<\/span><span lang=\"ES\">), creado en 1991, al que se a\u00f1adi\u00f3 un nuevo Curso (con opci\u00f3n en el \u00e1rea de ense\u00f1anza), en 1994. En 2006, ese esfuerzo conjunto llev\u00f3 a la implantaci\u00f3n del Curso de Maestr\u00eda en Ciencias Sociales, vinculado al Comit\u00e9 de Sociolog\u00eda de CAPES (Coordena\u00e7\u00e3o de Aperfei\u00e7oamento de Pessoal de N\u00edvel Superior)<\/span>, contemplando entre cuatro l\u00edneas de investigaci\u00f3n, una espec\u00edfica para el \u00c1rea de Ciencia Pol\u00edtica, denominada &#8220;Ciudad, Estado y Esfera P\u00fablica&#8221;.<\/p>\n<p><span lang=\"ES\">El programa de Posgrado en Ciencia Pol\u00edtica (PPGCPol) de la Universidad Federal de Pelotas obtuvo recomendaci\u00f3n para el inicio de actividades, por CAPES, en 2010. Estas iniciaron en marzo de 2011, con la primera clase de Maestr\u00eda formada por trece alumnos. En 2015, el PPGCPol obtuvo la recomendaci\u00f3n de CAPES para el funcionamiento del curso de Doctorado, cuya primera clase inici\u00f3 sus actividades con cinco alumnos, en 2016. El PPGCPol es resultado del esfuerzo de fortalecimiento del \u00c1rea de Ciencia Pol\u00edtica y Relaciones Internacionales, en el \u00e1mbito de la Universidad y de la regi\u00f3n sur de Rio Grande do Sul. El PPGCPol cre\u00f3 par\u00e1metros exigentes de selecci\u00f3n de candidatos y de asignaci\u00f3n de becas de investigaci\u00f3n a sus alumnos, teniendo siempre como perspectiva los m\u00e9ritos y la real dedicaci\u00f3n de los mismos a las actividades de los cursos. Tal pol\u00edtica ha privilegiado, en este sentido, la s\u00f3lida formaci\u00f3n de recursos humanos con vocaci\u00f3n acad\u00e9mica.El PPGCPol posee un \u00c1rea de Concentraci\u00f3n, &#8220;Democracia y Pol\u00edtica Contempor\u00e1nea&#8221; y tres l\u00edneas de investigaci\u00f3n: &#8220;Instituciones y Procesos Pol\u00edticos&#8221;, &#8220;Din\u00e1micas Pol\u00edticas y Conflictos Sociales&#8221; y &#8220;Teor\u00eda Pol\u00edtica y Teor\u00eda Social Contempor\u00e1nea&#8221;.<\/span><\/p>\n","protected":false},"excerpt":{"rendered":"<p>El Programa de Posgrado en Ciencia Pol\u00edtica de la Universidad Federal de Pelotas tiene sus bases, primeramente, en la significativa presencia del \u00e1rea de Ciencia Pol\u00edtica en los cursos que constituyen el Instituto de Filosof\u00eda, Sociolog\u00eda y Pol\u00edtica. En 1985, se cre\u00f3 el Curso de Especializaci\u00f3n en Ciencia Pol\u00edtica, \u00a0en el que &#8211; a lo [&hellip;]<\/p>\n","protected":false},"author":555,"featured_media":207,"parent":2143,"menu_order":0,"comment_status":"closed","ping_status":"closed","template":"","meta":{"footnotes":""},"class_list":["post-2147","page","type-page","status-publish","has-post-thumbnail","hentry"],"jetpack_sharing_enabled":true,"_links":{"self":[{"href":"https:\/\/wp.ufpel.edu.br\/ppgcienciapolitica\/wp-json\/wp\/v2\/pages\/2147","targetHints":{"allow":["GET"]}}],"collection":[{"href":"https:\/\/wp.ufpel.edu.br\/ppgcienciapolitica\/wp-json\/wp\/v2\/pages"}],"about":[{"href":"https:\/\/wp.ufpel.edu.br\/ppgcienciapolitica\/wp-json\/wp\/v2\/types\/page"}],"author":[{"embeddable":true,"href":"https:\/\/wp.ufpel.edu.br\/ppgcienciapolitica\/wp-json\/wp\/v2\/users\/555"}],"replies":[{"embeddable":true,"href":"https:\/\/wp.ufpel.edu.br\/ppgcienciapolitica\/wp-json\/wp\/v2\/comments?post=2147"}],"version-history":[{"count":3,"href":"https:\/\/wp.ufpel.edu.br\/ppgcienciapolitica\/wp-json\/wp\/v2\/pages\/2147\/revisions"}],"predecessor-version":[{"id":3351,"href":"https:\/\/wp.ufpel.edu.br\/ppgcienciapolitica\/wp-json\/wp\/v2\/pages\/2147\/revisions\/3351"}],"up":[{"embeddable":true,"href":"https:\/\/wp.ufpel.edu.br\/ppgcienciapolitica\/wp-json\/wp\/v2\/pages\/2143"}],"wp:featuredmedia":[{"embeddable":true,"href":"https:\/\/wp.ufpel.edu.br\/ppgcienciapolitica\/wp-json\/wp\/v2\/media\/207"}],"wp:attachment":[{"href":"https:\/\/wp.ufpel.edu.br\/ppgcienciapolitica\/wp-json\/wp\/v2\/media?parent=2147"}],"curies":[{"name":"wp","href":"https:\/\/api.w.org\/{rel}","templated":true}]}}