{"id":2097,"date":"2019-03-25T14:59:02","date_gmt":"2019-03-25T17:59:02","guid":{"rendered":"https:\/\/wp.ufpel.edu.br\/ppgcienciapolitica\/?page_id=2097"},"modified":"2019-04-04T17:24:14","modified_gmt":"2019-04-04T20:24:14","slug":"edital-doutorado-turma-2019","status":"publish","type":"page","link":"https:\/\/wp.ufpel.edu.br\/ppgcienciapolitica\/mestrado-em-ciencia-politica-selecao-2016\/doutorado-2019\/edital-doutorado-turma-2019\/","title":{"rendered":"Edital Doutorado Turma 2019"},"content":{"rendered":"<p>Est\u00e1 dispon\u00edvel o Edital de Sele\u00e7\u00e3o de Doutorado do PPGCPol para a turma de 2019. Acesse\u00a0<a href=\"https:\/\/wp.ufpel.edu.br\/ppgcienciapolitica\/files\/2018\/11\/Edital-de-sele\u00e7\u00e3o-Doutorado-2019-com-anexo.pdf\">aqui<\/a>.<\/p>\n<p>Indicamos aos\/\u00e0s candidatos\/as a leitura dos Crit\u00e9rios de Concess\u00e3o e Manuten\u00e7\u00e3o de Bolsas (aba Documentos).<\/p>\n<p><a href=\"https:\/\/wp.ufpel.edu.br\/ppgcienciapolitica\/files\/2018\/11\/Atualizado-Doutorado-Fonte-Ampliada-Copia.jpg\"><img class=\"alignnone size-full wp-image-1982\" src=\"https:\/\/wp.ufpel.edu.br\/ppgcienciapolitica\/files\/2018\/11\/Atualizado-Doutorado-Fonte-Ampliada-Copia.jpg\" alt=\"\" width=\"450\" height=\"690\" srcset=\"https:\/\/wp.ufpel.edu.br\/ppgcienciapolitica\/files\/2018\/11\/Atualizado-Doutorado-Fonte-Ampliada-Copia.jpg 450w, https:\/\/wp.ufpel.edu.br\/ppgcienciapolitica\/files\/2018\/11\/Atualizado-Doutorado-Fonte-Ampliada-Copia-261x400.jpg 261w\" sizes=\"(max-width: 450px) 100vw, 450px\" \/><\/a><\/p>\n","protected":false},"excerpt":{"rendered":"<p>Est\u00e1 dispon\u00edvel o Edital de Sele\u00e7\u00e3o de Doutorado do PPGCPol para a turma de 2019. Acesse\u00a0aqui. Indicamos aos\/\u00e0s candidatos\/as a leitura dos Crit\u00e9rios de Concess\u00e3o e Manuten\u00e7\u00e3o de Bolsas (aba Documentos).<\/p>\n","protected":false},"author":555,"featured_media":0,"parent":1961,"menu_order":0,"comment_status":"closed","ping_status":"closed","template":"","meta":{"footnotes":""},"class_list":["post-2097","page","type-page","status-publish","hentry"],"jetpack_sharing_enabled":true,"_links":{"self":[{"href":"https:\/\/wp.ufpel.edu.br\/ppgcienciapolitica\/wp-json\/wp\/v2\/pages\/2097","targetHints":{"allow":["GET"]}}],"collection":[{"href":"https:\/\/wp.ufpel.edu.br\/ppgcienciapolitica\/wp-json\/wp\/v2\/pages"}],"about":[{"href":"https:\/\/wp.ufpel.edu.br\/ppgcienciapolitica\/wp-json\/wp\/v2\/types\/page"}],"author":[{"embeddable":true,"href":"https:\/\/wp.ufpel.edu.br\/ppgcienciapolitica\/wp-json\/wp\/v2\/users\/555"}],"replies":[{"embeddable":true,"href":"https:\/\/wp.ufpel.edu.br\/ppgcienciapolitica\/wp-json\/wp\/v2\/comments?post=2097"}],"version-history":[{"count":1,"href":"https:\/\/wp.ufpel.edu.br\/ppgcienciapolitica\/wp-json\/wp\/v2\/pages\/2097\/revisions"}],"predecessor-version":[{"id":2098,"href":"https:\/\/wp.ufpel.edu.br\/ppgcienciapolitica\/wp-json\/wp\/v2\/pages\/2097\/revisions\/2098"}],"up":[{"embeddable":true,"href":"https:\/\/wp.ufpel.edu.br\/ppgcienciapolitica\/wp-json\/wp\/v2\/pages\/1961"}],"wp:attachment":[{"href":"https:\/\/wp.ufpel.edu.br\/ppgcienciapolitica\/wp-json\/wp\/v2\/media?parent=2097"}],"curies":[{"name":"wp","href":"https:\/\/api.w.org\/{rel}","templated":true}]}}