{"id":1764,"date":"2018-03-29T19:44:39","date_gmt":"2018-03-29T22:44:39","guid":{"rendered":"https:\/\/wp.ufpel.edu.br\/ppgcienciapolitica\/?page_id=1764"},"modified":"2025-10-07T20:36:09","modified_gmt":"2025-10-07T23:36:09","slug":"turma-2016","status":"publish","type":"page","link":"https:\/\/wp.ufpel.edu.br\/ppgcienciapolitica\/publicacoes\/dissertacoes\/turma-2016\/","title":{"rendered":"Turma 2016 (Disserta\u00e7\u00f5es)"},"content":{"rendered":"<p><strong>52. Carolina Costa dos Santos<\/strong><br \/>\nT\u00edtulo da disserta\u00e7\u00e3o: \u201cO centro no extremo: o discurso peemedebista no ciclo progressista brasileiro (2003-2016)\u201d<br \/>\nOrientador: Bianca de Freitas Linhares<br \/>\nData da defesa: 28\/02\/2018<br \/>\n<a href=\"https:\/\/wp.ufpel.edu.br\/ppgcienciapolitica\/files\/2018\/03\/Disserta\u00e7\u00e3o-Carolina-Dos-Santos.pdf\">Acessar a disserta\u00e7\u00e3o em arquivo digital em pdf<\/a><\/p>\n<p><strong>53. Let\u00edcia Baron<\/strong><br \/>\nT\u00edtulo da disserta\u00e7\u00e3o: \u201cT\u00e3o pr\u00f3ximos e t\u00e3o distantes: a articula\u00e7\u00e3o discursiva dos movimentos pr\u00f3-<em>impeachment<\/em> a partir da teoria do discurso de Ernesto Laclau\u201d<br \/>\nOrientador: Daniel de Mendon\u00e7a<br \/>\nData da defesa: 07\/03\/2018<br \/>\n<a href=\"https:\/\/wp.ufpel.edu.br\/ppgcienciapolitica\/files\/2018\/03\/Disserta\u00e7\u00e3o-Let\u00edcia-Baron.pdf\">Acessar a disserta\u00e7\u00e3o em arquivo digital em pdf<\/a><\/p>\n<p><strong>54. Carla Pires Tavares Lemos<\/strong><br \/>\nT\u00edtulo da disserta\u00e7\u00e3o: \u201cConfian\u00e7a Institucional e M\u00eddia no Brasil: um estudo longitudinal (2001-2015)\u201d<br \/>\nOrientador: Bianca de Freitas Linhares<br \/>\nData da defesa: 23\/03\/2018<br \/>\n<a href=\"https:\/\/wp.ufpel.edu.br\/ppgcienciapolitica\/files\/2018\/07\/Disserta\u00e7\u00e3o-Carla-Lemos.pdf\">Acessar a disserta\u00e7\u00e3o em arquivo digital em pdf<\/a><\/p>\n<p><strong>55. Vin\u00edcius Pereira Menezes<\/strong><br \/>\nT\u00edtulo da disserta\u00e7\u00e3o: \u201cA influ\u00eancia da m\u00eddia no processo de forma\u00e7\u00e3o de agenda de pol\u00edticas p\u00fablicas na \u00e1rea da sa\u00fade: um enfoque do programa Mais M\u00e9dicos\u201d<br \/>\nOrientador: Cl\u00e1udio Leivas<br \/>\nData da defesa: 27\/04\/2018<br \/>\n<a href=\"https:\/\/wp.ufpel.edu.br\/ppgcienciapolitica\/files\/2018\/07\/Disserta\u00e7\u00e3o-Vinicius-Menezes.pdf\">Acessar a disserta\u00e7\u00e3o em arquivo digital em pdf<\/a><\/p>\n<p><strong>56. Matheus Martins Lacerda<\/strong><br \/>\nT\u00edtulo da disserta\u00e7\u00e3o: \u201cNovo C\u00f3digo de Processo Civil: a magistratura como grupo de press\u00e3o sobre o processo legislativo\u201d<br \/>\nOrientador: Alvaro Barreto<br \/>\nData da defesa: 30\/08\/2018<br \/>\n<a href=\"https:\/\/wp.ufpel.edu.br\/ppgcienciapolitica\/files\/2018\/10\/Disserta\u00e7\u00e3o-Matheus-Lacerda.pdf\">Acessar a disserta\u00e7\u00e3o em arquivo digital em pdf<\/a><\/p>\n<p><strong>57. Vitor Gon\u00e7alves Dias<\/strong><br \/>\nT\u00edtulo da disserta\u00e7\u00e3o: \u201cMigrantes senegaleses em Pelotas em Rio Grande: uma an\u00e1lise comparada das pol\u00edticas migrat\u00f3rias nos \u00e2mbitos municipais (2010-2017)\u201d<br \/>\nOrientador: Luciana Ballestrin<br \/>\nData da defesa: 11\/10\/2018<br \/>\n<a href=\"https:\/\/wp.ufpel.edu.br\/ppgcienciapolitica\/files\/2018\/12\/Vitor-Dias.pdf\">Acessar a disserta\u00e7\u00e3o em arquivo digital em pdf<\/a><\/p>\n<p><strong>58. Ot\u00e1vio Santiago Gomes da Silva<\/strong><br \/>\nT\u00edtulo da disserta\u00e7\u00e3o: \u201cJudicializa\u00e7\u00e3o da Pol\u00edtica e Blacklash Legislativo: uma an\u00e1lise do reconhecimento judicial da uni\u00e3o homoafetiva (2011-2018)\u201d<br \/>\nOrientador: Luciana Ballestrin<br \/>\nData da defesa: 01\/11\/2018<br \/>\n<a href=\"https:\/\/wp.ufpel.edu.br\/ppgcienciapolitica\/files\/2018\/12\/Ot\u00e1vio-Santiago.pdf\">Acessar a disserta\u00e7\u00e3o em arquivo digital em pdf<\/a><\/p>\n<p><strong>59. Amora Couto Brand\u00e3o<\/strong><br \/>\nT\u00edtulo da disserta\u00e7\u00e3o: \u201cProcesso de Autorreconhecimento Quilombola: a a\u00e7\u00e3o do Estado por meio da pol\u00edtica p\u00fablica de titula\u00e7\u00e3o territorial na Comunidade Palmas \u201d<br \/>\nOrientador: Rosangela Schulz<br \/>\nData da defesa: 05\/11\/2018<br \/>\n<a href=\"https:\/\/wp.ufpel.edu.br\/ppgcienciapolitica\/files\/2018\/12\/Amora-Brand\u00e3o.pdf\">Acessar a disserta\u00e7\u00e3o em arquivo digital em pdf<\/a><\/p>\n<p><strong>60. Luis Alexandre da Silva Alves<\/strong><br \/>\nT\u00edtulo da disserta\u00e7\u00e3o: \u201cO Midiativismo Ninja: mapeando as transmiss\u00f5es ao vivo como repert\u00f3rio de a\u00e7\u00e3o coletiva\u201d<br \/>\nOrientador: Rosangela Schulz<br \/>\nData da defesa: 12\/11\/2018<br \/>\n<a href=\"https:\/\/wp.ufpel.edu.br\/ppgcienciapolitica\/files\/2019\/03\/Disserta\u00e7\u00e3o-Luis-Alexandre-Alves.pdf\">Acessar a disserta\u00e7\u00e3o em arquivo digital em pdf<\/a><\/p>\n<p><strong>61. Fabrizio Moraes Fern\u00e1ndez<\/strong><br \/>\nT\u00edtulo da disserta\u00e7\u00e3o: \u201cA Espiral do Sil\u00eancio e a Pr\u00e1tica do Presidencialismo de Coaliz\u00e3o nos mandatos Lula e Dilma no Brasil (2003-2016)\u201d<br \/>\nOrientador: Claudio Leivas<br \/>\nData da defesa: 28\/11\/2018<br \/>\n<a href=\"https:\/\/wp.ufpel.edu.br\/ppgcienciapolitica\/files\/2019\/03\/Fabrizio-disserta\u00e7\u00e3o-01.10.18A-Biblioteca.pdf\">Acessar a disserta\u00e7\u00e3o em arquivo digital em pdf<\/a><\/p>\n","protected":false},"excerpt":{"rendered":"<p>52. Carolina Costa dos Santos T\u00edtulo da disserta\u00e7\u00e3o: \u201cO centro no extremo: o discurso peemedebista no ciclo progressista brasileiro (2003-2016)\u201d Orientador: Bianca de Freitas Linhares Data da defesa: 28\/02\/2018 Acessar a disserta\u00e7\u00e3o em arquivo digital em pdf 53. Let\u00edcia Baron T\u00edtulo da disserta\u00e7\u00e3o: \u201cT\u00e3o pr\u00f3ximos e t\u00e3o distantes: a articula\u00e7\u00e3o discursiva dos movimentos pr\u00f3-impeachment a [&hellip;]<\/p>\n","protected":false},"author":555,"featured_media":0,"parent":213,"menu_order":0,"comment_status":"closed","ping_status":"closed","template":"","meta":{"footnotes":""},"class_list":["post-1764","page","type-page","status-publish","hentry"],"jetpack_sharing_enabled":true,"_links":{"self":[{"href":"https:\/\/wp.ufpel.edu.br\/ppgcienciapolitica\/wp-json\/wp\/v2\/pages\/1764","targetHints":{"allow":["GET"]}}],"collection":[{"href":"https:\/\/wp.ufpel.edu.br\/ppgcienciapolitica\/wp-json\/wp\/v2\/pages"}],"about":[{"href":"https:\/\/wp.ufpel.edu.br\/ppgcienciapolitica\/wp-json\/wp\/v2\/types\/page"}],"author":[{"embeddable":true,"href":"https:\/\/wp.ufpel.edu.br\/ppgcienciapolitica\/wp-json\/wp\/v2\/users\/555"}],"replies":[{"embeddable":true,"href":"https:\/\/wp.ufpel.edu.br\/ppgcienciapolitica\/wp-json\/wp\/v2\/comments?post=1764"}],"version-history":[{"count":4,"href":"https:\/\/wp.ufpel.edu.br\/ppgcienciapolitica\/wp-json\/wp\/v2\/pages\/1764\/revisions"}],"predecessor-version":[{"id":5114,"href":"https:\/\/wp.ufpel.edu.br\/ppgcienciapolitica\/wp-json\/wp\/v2\/pages\/1764\/revisions\/5114"}],"up":[{"embeddable":true,"href":"https:\/\/wp.ufpel.edu.br\/ppgcienciapolitica\/wp-json\/wp\/v2\/pages\/213"}],"wp:attachment":[{"href":"https:\/\/wp.ufpel.edu.br\/ppgcienciapolitica\/wp-json\/wp\/v2\/media?parent=1764"}],"curies":[{"name":"wp","href":"https:\/\/api.w.org\/{rel}","templated":true}]}}