{"id":1757,"date":"2018-04-03T10:29:35","date_gmt":"2018-04-03T13:29:35","guid":{"rendered":"https:\/\/wp.ufpel.edu.br\/ppgcienciapolitica\/?page_id=1757"},"modified":"2019-04-04T17:06:06","modified_gmt":"2019-04-04T20:06:06","slug":"turma-2018","status":"publish","type":"page","link":"https:\/\/wp.ufpel.edu.br\/ppgcienciapolitica\/corpo-docente\/doutorado-2\/turma-2018\/","title":{"rendered":"Turma 2018"},"content":{"rendered":"<p>Acr\u00edsio Pereira Victorino<\/p>\n<p>Anna Cl\u00e1udia Campos e Santos<\/p>\n<p>Carolina Costa dos Santos<\/p>\n<p>Cristiano Ruiz Engelke<\/p>\n<p>Diandra Avila Martini<\/p>\n<p>Let\u00edcia Baron<\/p>\n<p>Mariana Schardosim Tavares<\/p>\n<p>Paulo C\u00e9sar Neves Barboza<\/p>\n<p>Sandra Regina Barbosa Parzianello<\/p>\n","protected":false},"excerpt":{"rendered":"<p>Acr\u00edsio Pereira Victorino Anna Cl\u00e1udia Campos e Santos Carolina Costa dos Santos Cristiano Ruiz Engelke Diandra Avila Martini Let\u00edcia Baron Mariana Schardosim Tavares Paulo C\u00e9sar Neves Barboza Sandra Regina Barbosa Parzianello<\/p>\n","protected":false},"author":555,"featured_media":0,"parent":622,"menu_order":0,"comment_status":"closed","ping_status":"closed","template":"","meta":{"footnotes":""},"class_list":["post-1757","page","type-page","status-publish","hentry"],"jetpack_sharing_enabled":true,"_links":{"self":[{"href":"https:\/\/wp.ufpel.edu.br\/ppgcienciapolitica\/wp-json\/wp\/v2\/pages\/1757","targetHints":{"allow":["GET"]}}],"collection":[{"href":"https:\/\/wp.ufpel.edu.br\/ppgcienciapolitica\/wp-json\/wp\/v2\/pages"}],"about":[{"href":"https:\/\/wp.ufpel.edu.br\/ppgcienciapolitica\/wp-json\/wp\/v2\/types\/page"}],"author":[{"embeddable":true,"href":"https:\/\/wp.ufpel.edu.br\/ppgcienciapolitica\/wp-json\/wp\/v2\/users\/555"}],"replies":[{"embeddable":true,"href":"https:\/\/wp.ufpel.edu.br\/ppgcienciapolitica\/wp-json\/wp\/v2\/comments?post=1757"}],"version-history":[{"count":2,"href":"https:\/\/wp.ufpel.edu.br\/ppgcienciapolitica\/wp-json\/wp\/v2\/pages\/1757\/revisions"}],"predecessor-version":[{"id":2070,"href":"https:\/\/wp.ufpel.edu.br\/ppgcienciapolitica\/wp-json\/wp\/v2\/pages\/1757\/revisions\/2070"}],"up":[{"embeddable":true,"href":"https:\/\/wp.ufpel.edu.br\/ppgcienciapolitica\/wp-json\/wp\/v2\/pages\/622"}],"wp:attachment":[{"href":"https:\/\/wp.ufpel.edu.br\/ppgcienciapolitica\/wp-json\/wp\/v2\/media?parent=1757"}],"curies":[{"name":"wp","href":"https:\/\/api.w.org\/{rel}","templated":true}]}}