{"id":1689,"date":"2017-12-19T09:34:15","date_gmt":"2017-12-19T11:34:15","guid":{"rendered":"https:\/\/wp.ufpel.edu.br\/ppgcienciapolitica\/?page_id=1689"},"modified":"2019-04-04T17:33:37","modified_gmt":"2019-04-04T20:33:37","slug":"resultado-provisorio-selecao-mestrado-2018","status":"publish","type":"page","link":"https:\/\/wp.ufpel.edu.br\/ppgcienciapolitica\/mestrado-em-ciencia-politica-selecao-2016\/selecoes-anteriores\/mestrado-2018\/resultado-provisorio-selecao-mestrado-2018\/","title":{"rendered":"Resultado Provis\u00f3rio &#8211; Sele\u00e7\u00e3o Mestrado 2018"},"content":{"rendered":"<p>Acesse o <a href=\"https:\/\/wp.ufpel.edu.br\/ppgcienciapolitica\/files\/2017\/12\/Resultado-Provis\u00f3rio-Mestrado-Turma-2018.pdf\">Resultado Provis\u00f3rio<\/a>\u00a0da Sele\u00e7\u00e3o de Mestrado (Turma 2018) do PPGCPol.<\/p>\n","protected":false},"excerpt":{"rendered":"<p>Acesse o Resultado Provis\u00f3rio\u00a0da Sele\u00e7\u00e3o de Mestrado (Turma 2018) do PPGCPol.<\/p>\n","protected":false},"author":555,"featured_media":0,"parent":1472,"menu_order":0,"comment_status":"closed","ping_status":"closed","template":"","meta":{"footnotes":""},"class_list":["post-1689","page","type-page","status-publish","hentry"],"jetpack_sharing_enabled":true,"_links":{"self":[{"href":"https:\/\/wp.ufpel.edu.br\/ppgcienciapolitica\/wp-json\/wp\/v2\/pages\/1689","targetHints":{"allow":["GET"]}}],"collection":[{"href":"https:\/\/wp.ufpel.edu.br\/ppgcienciapolitica\/wp-json\/wp\/v2\/pages"}],"about":[{"href":"https:\/\/wp.ufpel.edu.br\/ppgcienciapolitica\/wp-json\/wp\/v2\/types\/page"}],"author":[{"embeddable":true,"href":"https:\/\/wp.ufpel.edu.br\/ppgcienciapolitica\/wp-json\/wp\/v2\/users\/555"}],"replies":[{"embeddable":true,"href":"https:\/\/wp.ufpel.edu.br\/ppgcienciapolitica\/wp-json\/wp\/v2\/comments?post=1689"}],"version-history":[{"count":1,"href":"https:\/\/wp.ufpel.edu.br\/ppgcienciapolitica\/wp-json\/wp\/v2\/pages\/1689\/revisions"}],"predecessor-version":[{"id":1697,"href":"https:\/\/wp.ufpel.edu.br\/ppgcienciapolitica\/wp-json\/wp\/v2\/pages\/1689\/revisions\/1697"}],"up":[{"embeddable":true,"href":"https:\/\/wp.ufpel.edu.br\/ppgcienciapolitica\/wp-json\/wp\/v2\/pages\/1472"}],"wp:attachment":[{"href":"https:\/\/wp.ufpel.edu.br\/ppgcienciapolitica\/wp-json\/wp\/v2\/media?parent=1689"}],"curies":[{"name":"wp","href":"https:\/\/api.w.org\/{rel}","templated":true}]}}