{"id":1669,"date":"2017-12-14T15:05:24","date_gmt":"2017-12-14T17:05:24","guid":{"rendered":"https:\/\/wp.ufpel.edu.br\/ppgcienciapolitica\/?page_id=1669"},"modified":"2019-04-04T17:30:16","modified_gmt":"2019-04-04T20:30:16","slug":"1669-2","status":"publish","type":"page","link":"https:\/\/wp.ufpel.edu.br\/ppgcienciapolitica\/mestrado-em-ciencia-politica-selecao-2016\/selecoes-anteriores\/mestrado-2018\/1669-2\/","title":{"rendered":"Resultado da Terceira Fase \u2013 Sele\u00e7\u00e3o Mestrado Turma 2018"},"content":{"rendered":"<p>Acesse o resultado da Terceira Fase da Sele\u00e7\u00e3o de Mestrado (Turma 2018)\u00a0<a href=\"https:\/\/wp.ufpel.edu.br\/ppgcienciapolitica\/files\/2017\/12\/FASE-3-Defesa-Anteprojeto-Resultado.pdf\">aqui<\/a>\u00a0.<\/p>\n<p>Recursos ser\u00e3o recebidos pelo e-mail\u00a0<a href=\"mailto:selecaoppgcpol2018do@gmail.com\">selecaoppgcpol2018me@gmail.com<\/a>.<\/p>\n<p>Publicado \u00e0s\u00a015.05h\u00a0de 14 de dezembro de 2017.<\/p>\n","protected":false},"excerpt":{"rendered":"<p>Acesse o resultado da Terceira Fase da Sele\u00e7\u00e3o de Mestrado (Turma 2018)\u00a0aqui\u00a0. Recursos ser\u00e3o recebidos pelo e-mail\u00a0selecaoppgcpol2018me@gmail.com. Publicado \u00e0s\u00a015.05h\u00a0de 14 de dezembro de 2017.<\/p>\n","protected":false},"author":555,"featured_media":0,"parent":1472,"menu_order":0,"comment_status":"closed","ping_status":"closed","template":"","meta":{"footnotes":""},"class_list":["post-1669","page","type-page","status-publish","hentry"],"jetpack_sharing_enabled":true,"_links":{"self":[{"href":"https:\/\/wp.ufpel.edu.br\/ppgcienciapolitica\/wp-json\/wp\/v2\/pages\/1669","targetHints":{"allow":["GET"]}}],"collection":[{"href":"https:\/\/wp.ufpel.edu.br\/ppgcienciapolitica\/wp-json\/wp\/v2\/pages"}],"about":[{"href":"https:\/\/wp.ufpel.edu.br\/ppgcienciapolitica\/wp-json\/wp\/v2\/types\/page"}],"author":[{"embeddable":true,"href":"https:\/\/wp.ufpel.edu.br\/ppgcienciapolitica\/wp-json\/wp\/v2\/users\/555"}],"replies":[{"embeddable":true,"href":"https:\/\/wp.ufpel.edu.br\/ppgcienciapolitica\/wp-json\/wp\/v2\/comments?post=1669"}],"version-history":[{"count":3,"href":"https:\/\/wp.ufpel.edu.br\/ppgcienciapolitica\/wp-json\/wp\/v2\/pages\/1669\/revisions"}],"predecessor-version":[{"id":1674,"href":"https:\/\/wp.ufpel.edu.br\/ppgcienciapolitica\/wp-json\/wp\/v2\/pages\/1669\/revisions\/1674"}],"up":[{"embeddable":true,"href":"https:\/\/wp.ufpel.edu.br\/ppgcienciapolitica\/wp-json\/wp\/v2\/pages\/1472"}],"wp:attachment":[{"href":"https:\/\/wp.ufpel.edu.br\/ppgcienciapolitica\/wp-json\/wp\/v2\/media?parent=1669"}],"curies":[{"name":"wp","href":"https:\/\/api.w.org\/{rel}","templated":true}]}}