{"id":1664,"date":"2017-12-14T14:49:42","date_gmt":"2017-12-14T16:49:42","guid":{"rendered":"https:\/\/wp.ufpel.edu.br\/ppgcienciapolitica\/?page_id=1664"},"modified":"2019-04-04T17:28:45","modified_gmt":"2019-04-04T20:28:45","slug":"resultado-da-segunda-fase-selecao-mestrado-turma-2018","status":"publish","type":"page","link":"https:\/\/wp.ufpel.edu.br\/ppgcienciapolitica\/mestrado-em-ciencia-politica-selecao-2016\/selecoes-anteriores\/mestrado-2018\/resultado-da-segunda-fase-selecao-mestrado-turma-2018\/","title":{"rendered":"Resultado da Segunda Fase &#8211; Sele\u00e7\u00e3o Mestrado Turma 2018"},"content":{"rendered":"<p>Acesse o resultado da Segunda Fase da Sele\u00e7\u00e3o de Mestrado (Turma 2018)\u00a0<a href=\"https:\/\/wp.ufpel.edu.br\/ppgcienciapolitica\/files\/2017\/12\/FASE-2-Prova-Escrita-Resultado.pdf\">aqui<\/a>\u00a0.<\/p>\n<p>Recursos ser\u00e3o recebidos pelo e-mail\u00a0<a href=\"mailto:selecaoppgcpol2018do@gmail.com\">selecaoppgcpol2018me@gmail.com<\/a>.<\/p>\n<p>Publicado \u00e0s\u00a014.50h\u00a0de 14 de dezembro de 2017.<\/p>\n","protected":false},"excerpt":{"rendered":"<p>Acesse o resultado da Segunda Fase da Sele\u00e7\u00e3o de Mestrado (Turma 2018)\u00a0aqui\u00a0. Recursos ser\u00e3o recebidos pelo e-mail\u00a0selecaoppgcpol2018me@gmail.com. Publicado \u00e0s\u00a014.50h\u00a0de 14 de dezembro de 2017.<\/p>\n","protected":false},"author":555,"featured_media":0,"parent":1472,"menu_order":0,"comment_status":"closed","ping_status":"closed","template":"","meta":{"footnotes":""},"class_list":["post-1664","page","type-page","status-publish","hentry"],"jetpack_sharing_enabled":true,"_links":{"self":[{"href":"https:\/\/wp.ufpel.edu.br\/ppgcienciapolitica\/wp-json\/wp\/v2\/pages\/1664","targetHints":{"allow":["GET"]}}],"collection":[{"href":"https:\/\/wp.ufpel.edu.br\/ppgcienciapolitica\/wp-json\/wp\/v2\/pages"}],"about":[{"href":"https:\/\/wp.ufpel.edu.br\/ppgcienciapolitica\/wp-json\/wp\/v2\/types\/page"}],"author":[{"embeddable":true,"href":"https:\/\/wp.ufpel.edu.br\/ppgcienciapolitica\/wp-json\/wp\/v2\/users\/555"}],"replies":[{"embeddable":true,"href":"https:\/\/wp.ufpel.edu.br\/ppgcienciapolitica\/wp-json\/wp\/v2\/comments?post=1664"}],"version-history":[{"count":1,"href":"https:\/\/wp.ufpel.edu.br\/ppgcienciapolitica\/wp-json\/wp\/v2\/pages\/1664\/revisions"}],"predecessor-version":[{"id":1666,"href":"https:\/\/wp.ufpel.edu.br\/ppgcienciapolitica\/wp-json\/wp\/v2\/pages\/1664\/revisions\/1666"}],"up":[{"embeddable":true,"href":"https:\/\/wp.ufpel.edu.br\/ppgcienciapolitica\/wp-json\/wp\/v2\/pages\/1472"}],"wp:attachment":[{"href":"https:\/\/wp.ufpel.edu.br\/ppgcienciapolitica\/wp-json\/wp\/v2\/media?parent=1664"}],"curies":[{"name":"wp","href":"https:\/\/api.w.org\/{rel}","templated":true}]}}