{"id":1656,"date":"2017-12-13T06:52:42","date_gmt":"2017-12-13T08:52:42","guid":{"rendered":"https:\/\/wp.ufpel.edu.br\/ppgcienciapolitica\/?page_id=1656"},"modified":"2019-04-04T17:39:13","modified_gmt":"2019-04-04T20:39:13","slug":"resultado-da-segunda-fase-selecao-doutorado-turma-2018","status":"publish","type":"page","link":"https:\/\/wp.ufpel.edu.br\/ppgcienciapolitica\/mestrado-em-ciencia-politica-selecao-2016\/selecoes-anteriores\/doutorado-2018\/resultado-da-segunda-fase-selecao-doutorado-turma-2018\/","title":{"rendered":"Resultado da Segunda fase &#8211; sele\u00e7\u00e3o Doutorado Turma 2018"},"content":{"rendered":"<p>Acesse o resultado da Segunda Fase da Sele\u00e7\u00e3o de Doutorado (Turma 2018)\u00a0<a href=\"https:\/\/wp.ufpel.edu.br\/ppgcienciapolitica\/files\/2017\/12\/Resultado-da-Fase-2-Doutorado.pdf\">aqui<\/a>\u00a0.<\/p>\n<p>Recursos ser\u00e3o recebidos pelo e-mail\u00a0<a href=\"mailto:selecaoppgcpol2018do@gmail.com\">selecaoppgcpol2018do@gmail.com<\/a>.<\/p>\n<p>Publicado \u00e0s <span style=\"background-color: #ffffff\">07.40h<\/span> de 13 de dezembro de 2017.<\/p>\n","protected":false},"excerpt":{"rendered":"<p>Acesse o resultado da Segunda Fase da Sele\u00e7\u00e3o de Doutorado (Turma 2018)\u00a0aqui\u00a0. Recursos ser\u00e3o recebidos pelo e-mail\u00a0selecaoppgcpol2018do@gmail.com. Publicado \u00e0s 07.40h de 13 de dezembro de 2017.<\/p>\n","protected":false},"author":555,"featured_media":0,"parent":1479,"menu_order":0,"comment_status":"closed","ping_status":"closed","template":"","meta":{"footnotes":""},"class_list":["post-1656","page","type-page","status-publish","hentry"],"jetpack_sharing_enabled":true,"_links":{"self":[{"href":"https:\/\/wp.ufpel.edu.br\/ppgcienciapolitica\/wp-json\/wp\/v2\/pages\/1656","targetHints":{"allow":["GET"]}}],"collection":[{"href":"https:\/\/wp.ufpel.edu.br\/ppgcienciapolitica\/wp-json\/wp\/v2\/pages"}],"about":[{"href":"https:\/\/wp.ufpel.edu.br\/ppgcienciapolitica\/wp-json\/wp\/v2\/types\/page"}],"author":[{"embeddable":true,"href":"https:\/\/wp.ufpel.edu.br\/ppgcienciapolitica\/wp-json\/wp\/v2\/users\/555"}],"replies":[{"embeddable":true,"href":"https:\/\/wp.ufpel.edu.br\/ppgcienciapolitica\/wp-json\/wp\/v2\/comments?post=1656"}],"version-history":[{"count":5,"href":"https:\/\/wp.ufpel.edu.br\/ppgcienciapolitica\/wp-json\/wp\/v2\/pages\/1656\/revisions"}],"predecessor-version":[{"id":1663,"href":"https:\/\/wp.ufpel.edu.br\/ppgcienciapolitica\/wp-json\/wp\/v2\/pages\/1656\/revisions\/1663"}],"up":[{"embeddable":true,"href":"https:\/\/wp.ufpel.edu.br\/ppgcienciapolitica\/wp-json\/wp\/v2\/pages\/1479"}],"wp:attachment":[{"href":"https:\/\/wp.ufpel.edu.br\/ppgcienciapolitica\/wp-json\/wp\/v2\/media?parent=1656"}],"curies":[{"name":"wp","href":"https:\/\/api.w.org\/{rel}","templated":true}]}}