{"id":1634,"date":"2017-12-04T08:27:30","date_gmt":"2017-12-04T10:27:30","guid":{"rendered":"https:\/\/wp.ufpel.edu.br\/ppgcienciapolitica\/?page_id=1634"},"modified":"2019-04-04T17:26:17","modified_gmt":"2019-04-04T20:26:17","slug":"resultado-da-primeira-fase-selecao-mestrado-turma-2018","status":"publish","type":"page","link":"https:\/\/wp.ufpel.edu.br\/ppgcienciapolitica\/mestrado-em-ciencia-politica-selecao-2016\/selecoes-anteriores\/mestrado-2018\/resultado-da-primeira-fase-selecao-mestrado-turma-2018\/","title":{"rendered":"Resultado da Primeira Fase \u2013 Sele\u00e7\u00e3o Mestrado Turma 2018"},"content":{"rendered":"<p>Acesse o resultado da Primeira Fase da Sele\u00e7\u00e3o de Mestrado (Turma 2018)\u00a0<a href=\"https:\/\/wp.ufpel.edu.br\/ppgcienciapolitica\/files\/2017\/12\/Resultado-da-Fase-1-Mestrado.pdf\">aqui<\/a> .<\/p>\n<p>Recursos ser\u00e3o recebidos pelo e-mail <a href=\"mailto:selecaoppgcpol2018me@gmail.com\">selecaoppgcpol2018me@gmail.com<\/a>.<\/p>\n<p><span style=\"font-size: 10pt\">Publicado \u00e0s 08.27h de 04 de dezembro de 2017.<\/span><\/p>\n","protected":false},"excerpt":{"rendered":"<p>Acesse o resultado da Primeira Fase da Sele\u00e7\u00e3o de Mestrado (Turma 2018)\u00a0aqui . Recursos ser\u00e3o recebidos pelo e-mail selecaoppgcpol2018me@gmail.com. Publicado \u00e0s 08.27h de 04 de dezembro de 2017.<\/p>\n","protected":false},"author":555,"featured_media":0,"parent":1472,"menu_order":0,"comment_status":"closed","ping_status":"closed","template":"","meta":{"footnotes":""},"class_list":["post-1634","page","type-page","status-publish","hentry"],"jetpack_sharing_enabled":true,"_links":{"self":[{"href":"https:\/\/wp.ufpel.edu.br\/ppgcienciapolitica\/wp-json\/wp\/v2\/pages\/1634","targetHints":{"allow":["GET"]}}],"collection":[{"href":"https:\/\/wp.ufpel.edu.br\/ppgcienciapolitica\/wp-json\/wp\/v2\/pages"}],"about":[{"href":"https:\/\/wp.ufpel.edu.br\/ppgcienciapolitica\/wp-json\/wp\/v2\/types\/page"}],"author":[{"embeddable":true,"href":"https:\/\/wp.ufpel.edu.br\/ppgcienciapolitica\/wp-json\/wp\/v2\/users\/555"}],"replies":[{"embeddable":true,"href":"https:\/\/wp.ufpel.edu.br\/ppgcienciapolitica\/wp-json\/wp\/v2\/comments?post=1634"}],"version-history":[{"count":2,"href":"https:\/\/wp.ufpel.edu.br\/ppgcienciapolitica\/wp-json\/wp\/v2\/pages\/1634\/revisions"}],"predecessor-version":[{"id":1644,"href":"https:\/\/wp.ufpel.edu.br\/ppgcienciapolitica\/wp-json\/wp\/v2\/pages\/1634\/revisions\/1644"}],"up":[{"embeddable":true,"href":"https:\/\/wp.ufpel.edu.br\/ppgcienciapolitica\/wp-json\/wp\/v2\/pages\/1472"}],"wp:attachment":[{"href":"https:\/\/wp.ufpel.edu.br\/ppgcienciapolitica\/wp-json\/wp\/v2\/media?parent=1634"}],"curies":[{"name":"wp","href":"https:\/\/api.w.org\/{rel}","templated":true}]}}