{"id":1628,"date":"2017-12-04T08:21:20","date_gmt":"2017-12-04T10:21:20","guid":{"rendered":"https:\/\/wp.ufpel.edu.br\/ppgcienciapolitica\/?page_id=1628"},"modified":"2019-04-04T17:38:25","modified_gmt":"2019-04-04T20:38:25","slug":"resultado-da-primeira-fase-selecao-doutorado-turma-2018","status":"publish","type":"page","link":"https:\/\/wp.ufpel.edu.br\/ppgcienciapolitica\/mestrado-em-ciencia-politica-selecao-2016\/selecoes-anteriores\/doutorado-2018\/resultado-da-primeira-fase-selecao-doutorado-turma-2018\/","title":{"rendered":"Resultado da Primeira Fase \u2013 Sele\u00e7\u00e3o Doutorado Turma 2018"},"content":{"rendered":"<p>Acesse o resultado da Primeira Fase da Sele\u00e7\u00e3o de Doutorado (Turma 2018)\u00a0<a href=\"https:\/\/wp.ufpel.edu.br\/ppgcienciapolitica\/files\/2017\/12\/Resultado-da-Fase-1-Doutorado.pdf\">aqui<\/a> .<\/p>\n<p>Recursos ser\u00e3o recebidos pelo e-mail <a href=\"mailto:selecaoppgcpol2018do@gmail.com\">selecaoppgcpol2018do@gmail.com<\/a>.<\/p>\n<p><span style=\"font-size: 10pt\">Publicado \u00e0s 08.23h de 04 de dezembro de 2017.<\/span><\/p>\n","protected":false},"excerpt":{"rendered":"<p>Acesse o resultado da Primeira Fase da Sele\u00e7\u00e3o de Doutorado (Turma 2018)\u00a0aqui . Recursos ser\u00e3o recebidos pelo e-mail selecaoppgcpol2018do@gmail.com. Publicado \u00e0s 08.23h de 04 de dezembro de 2017.<\/p>\n","protected":false},"author":555,"featured_media":0,"parent":1479,"menu_order":0,"comment_status":"closed","ping_status":"closed","template":"","meta":{"footnotes":""},"class_list":["post-1628","page","type-page","status-publish","hentry"],"jetpack_sharing_enabled":true,"_links":{"self":[{"href":"https:\/\/wp.ufpel.edu.br\/ppgcienciapolitica\/wp-json\/wp\/v2\/pages\/1628","targetHints":{"allow":["GET"]}}],"collection":[{"href":"https:\/\/wp.ufpel.edu.br\/ppgcienciapolitica\/wp-json\/wp\/v2\/pages"}],"about":[{"href":"https:\/\/wp.ufpel.edu.br\/ppgcienciapolitica\/wp-json\/wp\/v2\/types\/page"}],"author":[{"embeddable":true,"href":"https:\/\/wp.ufpel.edu.br\/ppgcienciapolitica\/wp-json\/wp\/v2\/users\/555"}],"replies":[{"embeddable":true,"href":"https:\/\/wp.ufpel.edu.br\/ppgcienciapolitica\/wp-json\/wp\/v2\/comments?post=1628"}],"version-history":[{"count":3,"href":"https:\/\/wp.ufpel.edu.br\/ppgcienciapolitica\/wp-json\/wp\/v2\/pages\/1628\/revisions"}],"predecessor-version":[{"id":1643,"href":"https:\/\/wp.ufpel.edu.br\/ppgcienciapolitica\/wp-json\/wp\/v2\/pages\/1628\/revisions\/1643"}],"up":[{"embeddable":true,"href":"https:\/\/wp.ufpel.edu.br\/ppgcienciapolitica\/wp-json\/wp\/v2\/pages\/1479"}],"wp:attachment":[{"href":"https:\/\/wp.ufpel.edu.br\/ppgcienciapolitica\/wp-json\/wp\/v2\/media?parent=1628"}],"curies":[{"name":"wp","href":"https:\/\/api.w.org\/{rel}","templated":true}]}}