{"id":1500,"date":"2017-10-20T16:08:19","date_gmt":"2017-10-20T18:08:19","guid":{"rendered":"https:\/\/wp.ufpel.edu.br\/ppgcienciapolitica\/?page_id=1500"},"modified":"2019-04-04T17:36:18","modified_gmt":"2019-04-04T20:36:18","slug":"edital-doutorado-turma-2018","status":"publish","type":"page","link":"https:\/\/wp.ufpel.edu.br\/ppgcienciapolitica\/mestrado-em-ciencia-politica-selecao-2016\/selecoes-anteriores\/doutorado-2018\/edital-doutorado-turma-2018\/","title":{"rendered":"Edital Doutorado &#8211; Turma 2018"},"content":{"rendered":"<p><a href=\"https:\/\/wp.ufpel.edu.br\/ppgcienciapolitica\/files\/2017\/10\/Edital-de-sele\u00e7\u00e3o-DOUTORADO-turma-2018-PPG-em-Ci\u00eancia-Pol\u00edtica-Aluno-Regular.pdf\">Edital-de-sele\u00e7\u00e3o-DOUTORADO turma 2018 -PPG-em-Ci\u00eancia-Pol\u00edtica-Aluno-Regular<\/a><\/p>\n<p><span style=\"font-size: 10pt\">Indicamos aos\/\u00e0s candidatos\/as a leitura dos Crit\u00e9rios de Concess\u00e3o e Manuten\u00e7\u00e3o de Bolsas (aba Documentos).<\/span><\/p>\n<p><a href=\"https:\/\/wp.ufpel.edu.br\/ppgcienciapolitica\/files\/2017\/10\/Cartaz-Sele\u00e7\u00e3o-2018.jpg\"><img class=\"alignnone wp-image-1477\" src=\"https:\/\/wp.ufpel.edu.br\/ppgcienciapolitica\/files\/2017\/10\/Cartaz-Sele\u00e7\u00e3o-2018.jpg\" alt=\"\" width=\"603\" height=\"1131\" srcset=\"https:\/\/wp.ufpel.edu.br\/ppgcienciapolitica\/files\/2017\/10\/Cartaz-Sele\u00e7\u00e3o-2018.jpg 1906w, https:\/\/wp.ufpel.edu.br\/ppgcienciapolitica\/files\/2017\/10\/Cartaz-Sele\u00e7\u00e3o-2018-213x400.jpg 213w, https:\/\/wp.ufpel.edu.br\/ppgcienciapolitica\/files\/2017\/10\/Cartaz-Sele\u00e7\u00e3o-2018-768x1441.jpg 768w, https:\/\/wp.ufpel.edu.br\/ppgcienciapolitica\/files\/2017\/10\/Cartaz-Sele\u00e7\u00e3o-2018-546x1024.jpg 546w\" sizes=\"(max-width: 603px) 100vw, 603px\" \/><\/a><\/p>\n","protected":false},"excerpt":{"rendered":"<p>Edital-de-sele\u00e7\u00e3o-DOUTORADO turma 2018 -PPG-em-Ci\u00eancia-Pol\u00edtica-Aluno-Regular Indicamos aos\/\u00e0s candidatos\/as a leitura dos Crit\u00e9rios de Concess\u00e3o e Manuten\u00e7\u00e3o de Bolsas (aba Documentos).<\/p>\n","protected":false},"author":555,"featured_media":0,"parent":1479,"menu_order":0,"comment_status":"closed","ping_status":"closed","template":"","meta":{"footnotes":""},"class_list":["post-1500","page","type-page","status-publish","hentry"],"jetpack_sharing_enabled":true,"_links":{"self":[{"href":"https:\/\/wp.ufpel.edu.br\/ppgcienciapolitica\/wp-json\/wp\/v2\/pages\/1500","targetHints":{"allow":["GET"]}}],"collection":[{"href":"https:\/\/wp.ufpel.edu.br\/ppgcienciapolitica\/wp-json\/wp\/v2\/pages"}],"about":[{"href":"https:\/\/wp.ufpel.edu.br\/ppgcienciapolitica\/wp-json\/wp\/v2\/types\/page"}],"author":[{"embeddable":true,"href":"https:\/\/wp.ufpel.edu.br\/ppgcienciapolitica\/wp-json\/wp\/v2\/users\/555"}],"replies":[{"embeddable":true,"href":"https:\/\/wp.ufpel.edu.br\/ppgcienciapolitica\/wp-json\/wp\/v2\/comments?post=1500"}],"version-history":[{"count":3,"href":"https:\/\/wp.ufpel.edu.br\/ppgcienciapolitica\/wp-json\/wp\/v2\/pages\/1500\/revisions"}],"predecessor-version":[{"id":1585,"href":"https:\/\/wp.ufpel.edu.br\/ppgcienciapolitica\/wp-json\/wp\/v2\/pages\/1500\/revisions\/1585"}],"up":[{"embeddable":true,"href":"https:\/\/wp.ufpel.edu.br\/ppgcienciapolitica\/wp-json\/wp\/v2\/pages\/1479"}],"wp:attachment":[{"href":"https:\/\/wp.ufpel.edu.br\/ppgcienciapolitica\/wp-json\/wp\/v2\/media?parent=1500"}],"curies":[{"name":"wp","href":"https:\/\/api.w.org\/{rel}","templated":true}]}}