{"id":1472,"date":"2017-10-19T10:21:01","date_gmt":"2017-10-19T12:21:01","guid":{"rendered":"https:\/\/wp.ufpel.edu.br\/ppgcienciapolitica\/?page_id=1472"},"modified":"2019-04-04T17:41:23","modified_gmt":"2019-04-04T20:41:23","slug":"mestrado-2018","status":"publish","type":"page","link":"https:\/\/wp.ufpel.edu.br\/ppgcienciapolitica\/mestrado-em-ciencia-politica-selecao-2016\/selecoes-anteriores\/mestrado-2018\/","title":{"rendered":"Mestrado 2018"},"content":{"rendered":"<p>Est\u00e1 dispon\u00edvel o\u00a0edital de Sele\u00e7\u00e3o\u00a0para a turma de\u00a0Mestrado\u00a02018 do PPGCPol da UFPel.<\/p>\n<p>Para acessar o edital, clique no link:\u00a0<a href=\"https:\/\/wp.ufpel.edu.br\/ppgcienciapolitica\/files\/2017\/10\/Edital-de-sele\u00e7\u00e3o-MESTRADO-turma-2018-PPG-em-Ci\u00eancia-Pol\u00edtica-Aluno-Regular.pdf\">Edital-de-sele\u00e7\u00e3o-MESTRADO turma 2018 -PPG-em-Ci\u00eancia-Pol\u00edtica- Aluno-Regular<\/a><\/p>\n<p><span style=\"font-size: 10pt\">Indicamos aos\/\u00e0s candidatos\/as a leitura dos Crit\u00e9rios de Concess\u00e3o e Manuten\u00e7\u00e3o de Bolsas (aba Documentos).<\/span><\/p>\n<p><a href=\"https:\/\/wp.ufpel.edu.br\/ppgcienciapolitica\/files\/2017\/10\/Cartaz-Sele\u00e7\u00e3o-2018.jpg\"><img class=\"alignnone wp-image-1477\" src=\"https:\/\/wp.ufpel.edu.br\/ppgcienciapolitica\/files\/2017\/10\/Cartaz-Sele\u00e7\u00e3o-2018.jpg\" alt=\"\" width=\"633\" height=\"1186\" srcset=\"https:\/\/wp.ufpel.edu.br\/ppgcienciapolitica\/files\/2017\/10\/Cartaz-Sele\u00e7\u00e3o-2018-213x400.jpg 213w, https:\/\/wp.ufpel.edu.br\/ppgcienciapolitica\/files\/2017\/10\/Cartaz-Sele\u00e7\u00e3o-2018-546x1024.jpg 546w\" sizes=\"(max-width: 633px) 100vw, 633px\" \/><\/a><\/p>\n","protected":false},"excerpt":{"rendered":"<p>Est\u00e1 dispon\u00edvel o\u00a0edital de Sele\u00e7\u00e3o\u00a0para a turma de\u00a0Mestrado\u00a02018 do PPGCPol da UFPel. Para acessar o edital, clique no link:\u00a0Edital-de-sele\u00e7\u00e3o-MESTRADO turma 2018 -PPG-em-Ci\u00eancia-Pol\u00edtica- Aluno-Regular Indicamos aos\/\u00e0s candidatos\/as a leitura dos Crit\u00e9rios de Concess\u00e3o e Manuten\u00e7\u00e3o de Bolsas (aba Documentos).<\/p>\n","protected":false},"author":555,"featured_media":0,"parent":865,"menu_order":0,"comment_status":"closed","ping_status":"closed","template":"","meta":{"footnotes":""},"class_list":["post-1472","page","type-page","status-publish","hentry"],"jetpack_sharing_enabled":true,"_links":{"self":[{"href":"https:\/\/wp.ufpel.edu.br\/ppgcienciapolitica\/wp-json\/wp\/v2\/pages\/1472","targetHints":{"allow":["GET"]}}],"collection":[{"href":"https:\/\/wp.ufpel.edu.br\/ppgcienciapolitica\/wp-json\/wp\/v2\/pages"}],"about":[{"href":"https:\/\/wp.ufpel.edu.br\/ppgcienciapolitica\/wp-json\/wp\/v2\/types\/page"}],"author":[{"embeddable":true,"href":"https:\/\/wp.ufpel.edu.br\/ppgcienciapolitica\/wp-json\/wp\/v2\/users\/555"}],"replies":[{"embeddable":true,"href":"https:\/\/wp.ufpel.edu.br\/ppgcienciapolitica\/wp-json\/wp\/v2\/comments?post=1472"}],"version-history":[{"count":4,"href":"https:\/\/wp.ufpel.edu.br\/ppgcienciapolitica\/wp-json\/wp\/v2\/pages\/1472\/revisions"}],"predecessor-version":[{"id":1584,"href":"https:\/\/wp.ufpel.edu.br\/ppgcienciapolitica\/wp-json\/wp\/v2\/pages\/1472\/revisions\/1584"}],"up":[{"embeddable":true,"href":"https:\/\/wp.ufpel.edu.br\/ppgcienciapolitica\/wp-json\/wp\/v2\/pages\/865"}],"wp:attachment":[{"href":"https:\/\/wp.ufpel.edu.br\/ppgcienciapolitica\/wp-json\/wp\/v2\/media?parent=1472"}],"curies":[{"name":"wp","href":"https:\/\/api.w.org\/{rel}","templated":true}]}}