{"id":128,"date":"2015-10-12T13:25:47","date_gmt":"2015-10-12T16:25:47","guid":{"rendered":"https:\/\/wp.ufpel.edu.br\/ppgcienciapolitica\/?page_id=128"},"modified":"2019-04-09T13:26:44","modified_gmt":"2019-04-09T16:26:44","slug":"disciplinas-obrigatorias","status":"publish","type":"page","link":"https:\/\/wp.ufpel.edu.br\/ppgcienciapolitica\/disciplinas\/mestrado\/disciplinas-obrigatorias\/","title":{"rendered":"Disciplinas Obrigat\u00f3rias"},"content":{"rendered":"<p><span style=\"color: #800000\"><strong>Metodologia de Pesquisa em Ci\u00eancia Pol\u00edtica<\/strong><\/span><\/p>\n<p><strong>Ementa:<\/strong>\u00a0Objetiva subsidiar os alunos na elabora\u00e7\u00e3o do projeto de disserta\u00e7\u00e3o de mestrado. Est\u00e1 dividida em dois momentos: primeiramente, visa a apresentar elementos introdut\u00f3rios acerca da produ\u00e7\u00e3o de pesquisa na \u00e1rea da Ci\u00eancia Pol\u00edtica, buscando a constru\u00e7\u00e3o preliminar do projeto de disserta\u00e7\u00e3o (tema, objeto, problema, objetivos, hip\u00f3teses). Ap\u00f3s a constru\u00e7\u00e3o provis\u00f3ria do projeto de disserta\u00e7\u00e3o, intenta auxiliar os alunos em rela\u00e7\u00e3o ao conhecimento e a utiliza\u00e7\u00e3o de m\u00e9todos (quantitativos e qualitativos) e de t\u00e9cnicas de pesquisa (t\u00e9cnicas de coleta, modos de organiza\u00e7\u00e3o, tratamento dos materiais) em Ci\u00eancia Pol\u00edtica convenientes para o uso espec\u00edfico em cada projeto.<\/p>\n<p>&nbsp;<\/p>\n<p><span style=\"color: #800000\"><strong>Teoria Contempor\u00e2nea da Democracia<\/strong><\/span><\/p>\n<p><strong>Ementa:<\/strong>\u00a0Tem por objetivo apresentar o debate acerca do paradigma elitista-liberal da democracia na Ci\u00eancia Pol\u00edtica, o qual exerce importante influ\u00eancia nas formula\u00e7\u00f5es te\u00f3ricas de seus cr\u00edticos. Alternativamente, prop\u00f5e-se a apresentar algumas das vertentes cr\u00edticas ao paradigma elitista-liberal, tais como: democracia participativa, republicanismo.<\/p>\n<p>&nbsp;<\/p>\n<p><span style=\"color: #800000\"><strong>Semin\u00e1rio de Orienta\u00e7\u00e3o<\/strong><\/span><\/p>\n<p><strong>Ementa:<\/strong>\u00a0Busca a elabora\u00e7\u00e3o do projeto de pesquisa do p\u00f3s-graduando, com vistas a viabilizar a realiza\u00e7\u00e3o da qualifica\u00e7\u00e3o e o desenvolvimento da disserta\u00e7\u00e3o. Tem por objetivo espec\u00edfico a realiza\u00e7\u00e3o de todos os elementos inerentes \u00e0 investiga\u00e7\u00e3o cient\u00edfica: constru\u00e7\u00e3o do objeto, formula\u00e7\u00e3o do problema, delimita\u00e7\u00e3o do campo, defini\u00e7\u00e3o de objetivos e hip\u00f3teses, escolha dos m\u00e9todos e t\u00e9cnicas de pesquisa. Nesse sentido, a disciplina envolve um processo individualizado, a ser desenvolvido diretamente pelo orientador, a partir das necessidades e especificidades de cada projeto.<\/p>\n<p>&nbsp;<\/p>\n<p>&nbsp;<\/p>\n<p>&nbsp;<\/p>\n<p>&nbsp;<\/p>\n<p>&nbsp;<\/p>\n<p>&nbsp;<\/p>\n","protected":false},"excerpt":{"rendered":"<p>Metodologia de Pesquisa em Ci\u00eancia Pol\u00edtica Ementa:\u00a0Objetiva subsidiar os alunos na elabora\u00e7\u00e3o do projeto de disserta\u00e7\u00e3o de mestrado. Est\u00e1 dividida em dois momentos: primeiramente, visa a apresentar elementos introdut\u00f3rios acerca da produ\u00e7\u00e3o de pesquisa na \u00e1rea da Ci\u00eancia Pol\u00edtica, buscando a constru\u00e7\u00e3o preliminar do projeto de disserta\u00e7\u00e3o (tema, objeto, problema, objetivos, hip\u00f3teses). Ap\u00f3s a constru\u00e7\u00e3o [&hellip;]<\/p>\n","protected":false},"author":555,"featured_media":0,"parent":731,"menu_order":0,"comment_status":"closed","ping_status":"closed","template":"","meta":{"footnotes":""},"class_list":["post-128","page","type-page","status-publish","hentry"],"jetpack_sharing_enabled":true,"_links":{"self":[{"href":"https:\/\/wp.ufpel.edu.br\/ppgcienciapolitica\/wp-json\/wp\/v2\/pages\/128","targetHints":{"allow":["GET"]}}],"collection":[{"href":"https:\/\/wp.ufpel.edu.br\/ppgcienciapolitica\/wp-json\/wp\/v2\/pages"}],"about":[{"href":"https:\/\/wp.ufpel.edu.br\/ppgcienciapolitica\/wp-json\/wp\/v2\/types\/page"}],"author":[{"embeddable":true,"href":"https:\/\/wp.ufpel.edu.br\/ppgcienciapolitica\/wp-json\/wp\/v2\/users\/555"}],"replies":[{"embeddable":true,"href":"https:\/\/wp.ufpel.edu.br\/ppgcienciapolitica\/wp-json\/wp\/v2\/comments?post=128"}],"version-history":[{"count":7,"href":"https:\/\/wp.ufpel.edu.br\/ppgcienciapolitica\/wp-json\/wp\/v2\/pages\/128\/revisions"}],"predecessor-version":[{"id":2239,"href":"https:\/\/wp.ufpel.edu.br\/ppgcienciapolitica\/wp-json\/wp\/v2\/pages\/128\/revisions\/2239"}],"up":[{"embeddable":true,"href":"https:\/\/wp.ufpel.edu.br\/ppgcienciapolitica\/wp-json\/wp\/v2\/pages\/731"}],"wp:attachment":[{"href":"https:\/\/wp.ufpel.edu.br\/ppgcienciapolitica\/wp-json\/wp\/v2\/media?parent=128"}],"curies":[{"name":"wp","href":"https:\/\/api.w.org\/{rel}","templated":true}]}}