{"id":1187,"date":"2016-12-13T16:41:36","date_gmt":"2016-12-13T18:41:36","guid":{"rendered":"https:\/\/wp.ufpel.edu.br\/ppgcienciapolitica\/?page_id=1187"},"modified":"2019-04-04T17:24:14","modified_gmt":"2019-04-04T20:24:14","slug":"resultado-da-quarta-fase-selecao-mestrado-turma-2017","status":"publish","type":"page","link":"https:\/\/wp.ufpel.edu.br\/ppgcienciapolitica\/mestrado-em-ciencia-politica-selecao-2016\/selecoes-anteriores\/doutorado-2017\/resultado-da-quarta-fase-selecao-mestrado-turma-2017\/","title":{"rendered":"Resultado da Quarta Fase \u2013 Sele\u00e7\u00e3o Doutorado Turma 2017"},"content":{"rendered":"<p>Acesse o resultado da Quarta Fase da Sele\u00e7\u00e3o de Doutorado\u00a0(Turma 2017)\u00a0<a href=\"https:\/\/wp.ufpel.edu.br\/ppgcienciapolitica\/files\/2016\/12\/Quarta-Fase-Sele\u00e7\u00e3o-Doutorado-Turma-2017.pdf\">aqui<\/a><span class=\"apple-converted-space\">\u00a0<\/span>.<\/p>\n<p>Informa\u00e7\u00f5es sobre recursos pelo e-mail ppgcpol@gmail.com .<\/p>\n","protected":false},"excerpt":{"rendered":"<p>Acesse o resultado da Quarta Fase da Sele\u00e7\u00e3o de Doutorado\u00a0(Turma 2017)\u00a0aqui\u00a0. Informa\u00e7\u00f5es sobre recursos pelo e-mail ppgcpol@gmail.com .<\/p>\n","protected":false},"author":555,"featured_media":0,"parent":861,"menu_order":0,"comment_status":"closed","ping_status":"closed","template":"","meta":{"footnotes":""},"class_list":["post-1187","page","type-page","status-publish","hentry"],"jetpack_sharing_enabled":true,"_links":{"self":[{"href":"https:\/\/wp.ufpel.edu.br\/ppgcienciapolitica\/wp-json\/wp\/v2\/pages\/1187","targetHints":{"allow":["GET"]}}],"collection":[{"href":"https:\/\/wp.ufpel.edu.br\/ppgcienciapolitica\/wp-json\/wp\/v2\/pages"}],"about":[{"href":"https:\/\/wp.ufpel.edu.br\/ppgcienciapolitica\/wp-json\/wp\/v2\/types\/page"}],"author":[{"embeddable":true,"href":"https:\/\/wp.ufpel.edu.br\/ppgcienciapolitica\/wp-json\/wp\/v2\/users\/555"}],"replies":[{"embeddable":true,"href":"https:\/\/wp.ufpel.edu.br\/ppgcienciapolitica\/wp-json\/wp\/v2\/comments?post=1187"}],"version-history":[{"count":2,"href":"https:\/\/wp.ufpel.edu.br\/ppgcienciapolitica\/wp-json\/wp\/v2\/pages\/1187\/revisions"}],"predecessor-version":[{"id":1191,"href":"https:\/\/wp.ufpel.edu.br\/ppgcienciapolitica\/wp-json\/wp\/v2\/pages\/1187\/revisions\/1191"}],"up":[{"embeddable":true,"href":"https:\/\/wp.ufpel.edu.br\/ppgcienciapolitica\/wp-json\/wp\/v2\/pages\/861"}],"wp:attachment":[{"href":"https:\/\/wp.ufpel.edu.br\/ppgcienciapolitica\/wp-json\/wp\/v2\/media?parent=1187"}],"curies":[{"name":"wp","href":"https:\/\/api.w.org\/{rel}","templated":true}]}}