{"id":1157,"date":"2016-12-07T08:37:42","date_gmt":"2016-12-07T10:37:42","guid":{"rendered":"https:\/\/wp.ufpel.edu.br\/ppgcienciapolitica\/?page_id=1157"},"modified":"2019-04-04T17:37:16","modified_gmt":"2019-04-04T20:37:16","slug":"resultado-da-terceira-fase-selecao-mestrado-turma-2017","status":"publish","type":"page","link":"https:\/\/wp.ufpel.edu.br\/ppgcienciapolitica\/mestrado-em-ciencia-politica-selecao-2016\/selecoes-anteriores\/mestrado-2017\/resultado-da-terceira-fase-selecao-mestrado-turma-2017\/","title":{"rendered":"Resultado da Terceira Fase &#8211; Sele\u00e7\u00e3o Mestrado Turma 2017"},"content":{"rendered":"<p>Acesse o resultado da Terceira Fase da Sele\u00e7\u00e3o de Mestrado (Turma 2017) <a href=\"https:\/\/wp.ufpel.edu.br\/ppgcienciapolitica\/files\/2016\/12\/Candidatos-Selecionados-na-Terceira-fase-Mestrado-Turma-2017.pdf\">aqui<\/a>\u00a0.<\/p>\n<p>Recursos ser\u00e3o recebidos das 15h \u00e0s 17h nos dias 07, 08 e 09 de dezembro na sala 333 do IFISP (Rua Cel. Alberto Rosa, 154, Centro \u2013 Pelotas\/RS).<\/p>\n","protected":false},"excerpt":{"rendered":"<p>Acesse o resultado da Terceira Fase da Sele\u00e7\u00e3o de Mestrado (Turma 2017) aqui\u00a0. Recursos ser\u00e3o recebidos das 15h \u00e0s 17h nos dias 07, 08 e 09 de dezembro na sala 333 do IFISP (Rua Cel. Alberto Rosa, 154, Centro \u2013 Pelotas\/RS).<\/p>\n","protected":false},"author":555,"featured_media":0,"parent":859,"menu_order":0,"comment_status":"closed","ping_status":"closed","template":"","meta":{"footnotes":""},"class_list":["post-1157","page","type-page","status-publish","hentry"],"jetpack_sharing_enabled":true,"_links":{"self":[{"href":"https:\/\/wp.ufpel.edu.br\/ppgcienciapolitica\/wp-json\/wp\/v2\/pages\/1157","targetHints":{"allow":["GET"]}}],"collection":[{"href":"https:\/\/wp.ufpel.edu.br\/ppgcienciapolitica\/wp-json\/wp\/v2\/pages"}],"about":[{"href":"https:\/\/wp.ufpel.edu.br\/ppgcienciapolitica\/wp-json\/wp\/v2\/types\/page"}],"author":[{"embeddable":true,"href":"https:\/\/wp.ufpel.edu.br\/ppgcienciapolitica\/wp-json\/wp\/v2\/users\/555"}],"replies":[{"embeddable":true,"href":"https:\/\/wp.ufpel.edu.br\/ppgcienciapolitica\/wp-json\/wp\/v2\/comments?post=1157"}],"version-history":[{"count":2,"href":"https:\/\/wp.ufpel.edu.br\/ppgcienciapolitica\/wp-json\/wp\/v2\/pages\/1157\/revisions"}],"predecessor-version":[{"id":1160,"href":"https:\/\/wp.ufpel.edu.br\/ppgcienciapolitica\/wp-json\/wp\/v2\/pages\/1157\/revisions\/1160"}],"up":[{"embeddable":true,"href":"https:\/\/wp.ufpel.edu.br\/ppgcienciapolitica\/wp-json\/wp\/v2\/pages\/859"}],"wp:attachment":[{"href":"https:\/\/wp.ufpel.edu.br\/ppgcienciapolitica\/wp-json\/wp\/v2\/media?parent=1157"}],"curies":[{"name":"wp","href":"https:\/\/api.w.org\/{rel}","templated":true}]}}