{"id":1141,"date":"2016-12-01T17:03:39","date_gmt":"2016-12-01T19:03:39","guid":{"rendered":"https:\/\/wp.ufpel.edu.br\/ppgcienciapolitica\/?page_id=1141"},"modified":"2019-04-04T17:40:59","modified_gmt":"2019-04-04T20:40:59","slug":"terceira-fase-selecao-mestrado-turma-2017","status":"publish","type":"page","link":"https:\/\/wp.ufpel.edu.br\/ppgcienciapolitica\/mestrado-em-ciencia-politica-selecao-2016\/selecoes-anteriores\/mestrado-2017\/terceira-fase-selecao-mestrado-turma-2017\/","title":{"rendered":"Terceira  Fase \u2013 Sele\u00e7\u00e3o Mestrado Turma 2017"},"content":{"rendered":"<p>A terceira fase da sele\u00e7\u00e3o de Mestrado ser\u00e1 realizada no dia\u00a0<strong style=\"font-style: inherit\">06 de dezembro de 2016<\/strong>\u00a0no pr\u00e9dio do IFISP \u2013 R. Cel. Alberto Rosa n. 154, na\u00a0<strong style=\"font-style: inherit\">sala 201.<\/strong><\/p>\n<p>A tabela de hor\u00e1rio pode ser vista clicando\u00a0<a href=\"https:\/\/wp.ufpel.edu.br\/ppgcienciapolitica\/files\/2016\/12\/Terceira-Fase-sele\u00e7\u00e3o-Mestrado-Tabela-hor\u00e1rios-Defesa-Projeto.pdf\">aqui<\/a>.<\/p>\n","protected":false},"excerpt":{"rendered":"<p>A terceira fase da sele\u00e7\u00e3o de Mestrado ser\u00e1 realizada no dia\u00a006 de dezembro de 2016\u00a0no pr\u00e9dio do IFISP \u2013 R. Cel. Alberto Rosa n. 154, na\u00a0sala 201. A tabela de hor\u00e1rio pode ser vista clicando\u00a0aqui.<\/p>\n","protected":false},"author":555,"featured_media":0,"parent":859,"menu_order":0,"comment_status":"closed","ping_status":"closed","template":"","meta":{"footnotes":""},"class_list":["post-1141","page","type-page","status-publish","hentry"],"jetpack_sharing_enabled":true,"_links":{"self":[{"href":"https:\/\/wp.ufpel.edu.br\/ppgcienciapolitica\/wp-json\/wp\/v2\/pages\/1141","targetHints":{"allow":["GET"]}}],"collection":[{"href":"https:\/\/wp.ufpel.edu.br\/ppgcienciapolitica\/wp-json\/wp\/v2\/pages"}],"about":[{"href":"https:\/\/wp.ufpel.edu.br\/ppgcienciapolitica\/wp-json\/wp\/v2\/types\/page"}],"author":[{"embeddable":true,"href":"https:\/\/wp.ufpel.edu.br\/ppgcienciapolitica\/wp-json\/wp\/v2\/users\/555"}],"replies":[{"embeddable":true,"href":"https:\/\/wp.ufpel.edu.br\/ppgcienciapolitica\/wp-json\/wp\/v2\/comments?post=1141"}],"version-history":[{"count":2,"href":"https:\/\/wp.ufpel.edu.br\/ppgcienciapolitica\/wp-json\/wp\/v2\/pages\/1141\/revisions"}],"predecessor-version":[{"id":1144,"href":"https:\/\/wp.ufpel.edu.br\/ppgcienciapolitica\/wp-json\/wp\/v2\/pages\/1141\/revisions\/1144"}],"up":[{"embeddable":true,"href":"https:\/\/wp.ufpel.edu.br\/ppgcienciapolitica\/wp-json\/wp\/v2\/pages\/859"}],"wp:attachment":[{"href":"https:\/\/wp.ufpel.edu.br\/ppgcienciapolitica\/wp-json\/wp\/v2\/media?parent=1141"}],"curies":[{"name":"wp","href":"https:\/\/api.w.org\/{rel}","templated":true}]}}