{"id":1113,"date":"2016-11-27T21:27:55","date_gmt":"2016-11-27T23:27:55","guid":{"rendered":"https:\/\/wp.ufpel.edu.br\/ppgcienciapolitica\/?page_id=1113"},"modified":"2019-04-04T17:20:15","modified_gmt":"2019-04-04T20:20:15","slug":"edital-doutorado-turma-2017","status":"publish","type":"page","link":"https:\/\/wp.ufpel.edu.br\/ppgcienciapolitica\/mestrado-em-ciencia-politica-selecao-2016\/selecoes-anteriores\/doutorado-2017\/edital-doutorado-turma-2017\/","title":{"rendered":"Edital Doutorado &#8211; Turma 2017"},"content":{"rendered":"<p>Est\u00e1 dispon\u00edvel o\u00a0edital de Sele\u00e7\u00e3o\u00a0para a turma de \u00a0Doutorado 2017 do PPGCPol da UFPel.<\/p>\n<p>Para acessar o edital, clique no link:\u00a0<a href=\"https:\/\/wp.ufpel.edu.br\/ppgcienciapolitica\/files\/2016\/08\/Edital-de-Sele\u00e7\u00e3o-de-Aluno-Regular-086-Doutorado-PPG-Ci\u00eancia-Pol\u00edtica.pdf\">edital-de-selecao-de-aluno-regular-Doutorado-PPGCPol-Turma 2017<\/a><\/p>\n<p><a href=\"https:\/\/wp.ufpel.edu.br\/ppgcienciapolitica\/files\/2016\/09\/Cartaz-PPGCPol-2017-Vers\u00e3o-Site-Final.jpg\"><img class=\"alignnone wp-image-958\" src=\"https:\/\/wp.ufpel.edu.br\/ppgcienciapolitica\/files\/2016\/09\/Cartaz-PPGCPol-2017-Vers\u00e3o-Site-Final.jpg\" alt=\"cartaz-ppgcpol-2017-versao-site-final\" width=\"650\" height=\"887\" srcset=\"https:\/\/wp.ufpel.edu.br\/ppgcienciapolitica\/files\/2016\/09\/Cartaz-PPGCPol-2017-Vers\u00e3o-Site-Final.jpg 1436w, https:\/\/wp.ufpel.edu.br\/ppgcienciapolitica\/files\/2016\/09\/Cartaz-PPGCPol-2017-Vers\u00e3o-Site-Final-116x159.jpg 116w, https:\/\/wp.ufpel.edu.br\/ppgcienciapolitica\/files\/2016\/09\/Cartaz-PPGCPol-2017-Vers\u00e3o-Site-Final-233x318.jpg 233w, https:\/\/wp.ufpel.edu.br\/ppgcienciapolitica\/files\/2016\/09\/Cartaz-PPGCPol-2017-Vers\u00e3o-Site-Final-768x1049.jpg 768w\" sizes=\"(max-width: 650px) 100vw, 650px\" \/><\/a><\/p>\n<p>&nbsp;<\/p>\n","protected":false},"excerpt":{"rendered":"<p>Est\u00e1 dispon\u00edvel o\u00a0edital de Sele\u00e7\u00e3o\u00a0para a turma de \u00a0Doutorado 2017 do PPGCPol da UFPel. Para acessar o edital, clique no link:\u00a0edital-de-selecao-de-aluno-regular-Doutorado-PPGCPol-Turma 2017 &nbsp;<\/p>\n","protected":false},"author":555,"featured_media":0,"parent":861,"menu_order":0,"comment_status":"closed","ping_status":"closed","template":"","meta":{"footnotes":""},"class_list":["post-1113","page","type-page","status-publish","hentry"],"jetpack_sharing_enabled":true,"_links":{"self":[{"href":"https:\/\/wp.ufpel.edu.br\/ppgcienciapolitica\/wp-json\/wp\/v2\/pages\/1113","targetHints":{"allow":["GET"]}}],"collection":[{"href":"https:\/\/wp.ufpel.edu.br\/ppgcienciapolitica\/wp-json\/wp\/v2\/pages"}],"about":[{"href":"https:\/\/wp.ufpel.edu.br\/ppgcienciapolitica\/wp-json\/wp\/v2\/types\/page"}],"author":[{"embeddable":true,"href":"https:\/\/wp.ufpel.edu.br\/ppgcienciapolitica\/wp-json\/wp\/v2\/users\/555"}],"replies":[{"embeddable":true,"href":"https:\/\/wp.ufpel.edu.br\/ppgcienciapolitica\/wp-json\/wp\/v2\/comments?post=1113"}],"version-history":[{"count":1,"href":"https:\/\/wp.ufpel.edu.br\/ppgcienciapolitica\/wp-json\/wp\/v2\/pages\/1113\/revisions"}],"predecessor-version":[{"id":1114,"href":"https:\/\/wp.ufpel.edu.br\/ppgcienciapolitica\/wp-json\/wp\/v2\/pages\/1113\/revisions\/1114"}],"up":[{"embeddable":true,"href":"https:\/\/wp.ufpel.edu.br\/ppgcienciapolitica\/wp-json\/wp\/v2\/pages\/861"}],"wp:attachment":[{"href":"https:\/\/wp.ufpel.edu.br\/ppgcienciapolitica\/wp-json\/wp\/v2\/media?parent=1113"}],"curies":[{"name":"wp","href":"https:\/\/api.w.org\/{rel}","templated":true}]}}