{"id":1057,"date":"2016-11-10T10:47:38","date_gmt":"2016-11-10T12:47:38","guid":{"rendered":"https:\/\/wp.ufpel.edu.br\/ppgcienciapolitica\/?page_id=1057"},"modified":"2019-04-04T17:34:24","modified_gmt":"2019-04-04T20:34:24","slug":"resultado-da-primeira-fase-selecao-mestrado-turma-2017","status":"publish","type":"page","link":"https:\/\/wp.ufpel.edu.br\/ppgcienciapolitica\/mestrado-em-ciencia-politica-selecao-2016\/selecoes-anteriores\/mestrado-2017\/resultado-da-primeira-fase-selecao-mestrado-turma-2017\/","title":{"rendered":"Resultado da Primeira Fase &#8211; Sele\u00e7\u00e3o Mestrado Turma 2017"},"content":{"rendered":"<p>Acesse o resultado da Primeira Fase da Sele\u00e7\u00e3o de Mestrado (Turma 2017) <a href=\"https:\/\/wp.ufpel.edu.br\/ppgcienciapolitica\/files\/2016\/11\/Candidatos-Selecionados-na-Primeira-fase-Mestrado-Turma-2017.pdf\">aqui<\/a>.<\/p>\n<p>Recursos ser\u00e3o recebidos das 14.30h \u00e0s 17h nos dias 10, 11 e 16* de novembro na sala 201 do IFISP (Rua Cel. Alberto Rosa, 154, Centro \u2013 Pelotas\/RS).<\/p>\n<p>*Por ser dia 14 de novembro ponto facultativo e dia 15 de novembro feriado.<\/p>\n","protected":false},"excerpt":{"rendered":"<p>Acesse o resultado da Primeira Fase da Sele\u00e7\u00e3o de Mestrado (Turma 2017) aqui. Recursos ser\u00e3o recebidos das 14.30h \u00e0s 17h nos dias 10, 11 e 16* de novembro na sala 201 do IFISP (Rua Cel. Alberto Rosa, 154, Centro \u2013 Pelotas\/RS). *Por ser dia 14 de novembro ponto facultativo e dia 15 de novembro feriado.<\/p>\n","protected":false},"author":555,"featured_media":0,"parent":859,"menu_order":0,"comment_status":"closed","ping_status":"closed","template":"","meta":{"footnotes":""},"class_list":["post-1057","page","type-page","status-publish","hentry"],"jetpack_sharing_enabled":true,"_links":{"self":[{"href":"https:\/\/wp.ufpel.edu.br\/ppgcienciapolitica\/wp-json\/wp\/v2\/pages\/1057","targetHints":{"allow":["GET"]}}],"collection":[{"href":"https:\/\/wp.ufpel.edu.br\/ppgcienciapolitica\/wp-json\/wp\/v2\/pages"}],"about":[{"href":"https:\/\/wp.ufpel.edu.br\/ppgcienciapolitica\/wp-json\/wp\/v2\/types\/page"}],"author":[{"embeddable":true,"href":"https:\/\/wp.ufpel.edu.br\/ppgcienciapolitica\/wp-json\/wp\/v2\/users\/555"}],"replies":[{"embeddable":true,"href":"https:\/\/wp.ufpel.edu.br\/ppgcienciapolitica\/wp-json\/wp\/v2\/comments?post=1057"}],"version-history":[{"count":1,"href":"https:\/\/wp.ufpel.edu.br\/ppgcienciapolitica\/wp-json\/wp\/v2\/pages\/1057\/revisions"}],"predecessor-version":[{"id":1060,"href":"https:\/\/wp.ufpel.edu.br\/ppgcienciapolitica\/wp-json\/wp\/v2\/pages\/1057\/revisions\/1060"}],"up":[{"embeddable":true,"href":"https:\/\/wp.ufpel.edu.br\/ppgcienciapolitica\/wp-json\/wp\/v2\/pages\/859"}],"wp:attachment":[{"href":"https:\/\/wp.ufpel.edu.br\/ppgcienciapolitica\/wp-json\/wp\/v2\/media?parent=1057"}],"curies":[{"name":"wp","href":"https:\/\/api.w.org\/{rel}","templated":true}]}}