{"id":98,"date":"2014-10-11T19:11:50","date_gmt":"2014-10-11T22:11:50","guid":{"rendered":"https:\/\/wp.ufpel.edu.br\/ppgcem\/?page_id=98"},"modified":"2017-07-03T14:46:36","modified_gmt":"2017-07-03T17:46:36","slug":"links","status":"publish","type":"page","link":"https:\/\/wp.ufpel.edu.br\/ppgcem\/links\/","title":{"rendered":"Links"},"content":{"rendered":"<p style=\"text-align: left\"><a href=\"http:\/\/portal.ufpel.edu.br\/\"><img class=\"alignnone wp-image-104\" src=\"https:\/\/wp.ufpel.edu.br\/ppgcem\/files\/2014\/10\/UFPel_logo.png\" alt=\"UFPel\" width=\"59\" height=\"59\" \/><\/a>\u00a0 \u00a0 \u00a0 \u00a0 <a href=\"http:\/\/cdtec.ufpel.edu.br\"><img class=\"alignnone wp-image-107 \" src=\"https:\/\/wp.ufpel.edu.br\/ppgcem\/files\/2014\/10\/cdtec.png\" alt=\"CDTec\" width=\"118\" height=\"60\" \/><\/a>\u00a0 \u00a0 \u00a0<a href=\"http:\/\/www2.ufpel.edu.br\/engenhariademateriais\/\"><img class=\"alignnone wp-image-108 \" src=\"https:\/\/wp.ufpel.edu.br\/ppgcem\/files\/2014\/10\/Engemat.jpg\" alt=\"EngMatUFPel\" width=\"140\" height=\"52\" \/><\/a><a href=\"https:\/\/wp.ufpel.edu.br\/prppg\/\"><img class=\"alignnone  wp-image-184\" src=\"https:\/\/wp.ufpel.edu.br\/ppgcem\/files\/2014\/10\/logos_prppg.jpg\" alt=\"logo PRPPG UFPel\" width=\"112\" height=\"59\" \/><\/a><a href=\"https:\/\/cobalto.ufpel.edu.br\/\"><img class=\"alignnone wp-image-106\" src=\"https:\/\/wp.ufpel.edu.br\/ppgcem\/files\/2014\/10\/cobalto-424x141.png\" alt=\"Cobalto\" width=\"132\" height=\"44\" srcset=\"https:\/\/wp.ufpel.edu.br\/ppgcem\/files\/2014\/10\/cobalto-424x141.png 424w, https:\/\/wp.ufpel.edu.br\/ppgcem\/files\/2014\/10\/cobalto-212x70.png 212w, https:\/\/wp.ufpel.edu.br\/ppgcem\/files\/2014\/10\/cobalto.png 450w\" sizes=\"(max-width: 132px) 100vw, 132px\" \/><\/a>\u00a0 \u00a0\u00a0<a href=\"http:\/\/www.cnpq.br\/\"><img class=\"alignnone wp-image-110\" src=\"https:\/\/wp.ufpel.edu.br\/ppgcem\/files\/2014\/10\/cnpq1-424x172.jpeg\" alt=\"CNPq\" width=\"118\" height=\"48\" srcset=\"https:\/\/wp.ufpel.edu.br\/ppgcem\/files\/2014\/10\/cnpq1-424x172.jpeg 424w, https:\/\/wp.ufpel.edu.br\/ppgcem\/files\/2014\/10\/cnpq1-212x86.jpeg 212w, https:\/\/wp.ufpel.edu.br\/ppgcem\/files\/2014\/10\/cnpq1.jpeg 1000w\" sizes=\"(max-width: 118px) 100vw, 118px\" \/><\/a>\u00a0 \u00a0 \u00a0<a href=\"http:\/\/capes.gov.br\"><img class=\"alignnone wp-image-111\" src=\"https:\/\/wp.ufpel.edu.br\/ppgcem\/files\/2014\/10\/Capes-376x318.gif\" alt=\"Capes\" width=\"67\" height=\"56\" srcset=\"https:\/\/wp.ufpel.edu.br\/ppgcem\/files\/2014\/10\/Capes-376x318.gif 376w, https:\/\/wp.ufpel.edu.br\/ppgcem\/files\/2014\/10\/Capes-188x159.gif 188w\" sizes=\"(max-width: 67px) 100vw, 67px\" \/><\/a><a href=\"http:\/\/www.fapergs.rs.gov.br\/\"><img class=\"alignnone wp-image-112\" src=\"https:\/\/wp.ufpel.edu.br\/ppgcem\/files\/2014\/10\/fapergs-424x219.jpg\" alt=\"fapergs\" width=\"109\" height=\"56\" srcset=\"https:\/\/wp.ufpel.edu.br\/ppgcem\/files\/2014\/10\/fapergs-424x219.jpg 424w, https:\/\/wp.ufpel.edu.br\/ppgcem\/files\/2014\/10\/fapergs-212x109.jpg 212w, https:\/\/wp.ufpel.edu.br\/ppgcem\/files\/2014\/10\/fapergs.jpg 800w\" sizes=\"(max-width: 109px) 100vw, 109px\" \/><\/a><a href=\"http:\/\/www.finep.gov.br\/\"><img class=\"alignnone wp-image-113\" src=\"https:\/\/wp.ufpel.edu.br\/ppgcem\/files\/2014\/10\/Finep-424x167.jpg\" alt=\"Finep\" width=\"119\" height=\"47\" srcset=\"https:\/\/wp.ufpel.edu.br\/ppgcem\/files\/2014\/10\/Finep-424x167.jpg 424w, https:\/\/wp.ufpel.edu.br\/ppgcem\/files\/2014\/10\/Finep-212x83.jpg 212w, https:\/\/wp.ufpel.edu.br\/ppgcem\/files\/2014\/10\/Finep.jpg 649w\" sizes=\"(max-width: 119px) 100vw, 119px\" \/><\/a>\u00a0<a href=\"http:\/\/www.periodicos.capes.gov.br\/\"><img class=\"alignnone wp-image-114\" src=\"https:\/\/wp.ufpel.edu.br\/ppgcem\/files\/2014\/10\/periodicos-capes-424x94.jpg\" alt=\"periodicos capes\" width=\"153\" height=\"34\" srcset=\"https:\/\/wp.ufpel.edu.br\/ppgcem\/files\/2014\/10\/periodicos-capes-424x94.jpg 424w, https:\/\/wp.ufpel.edu.br\/ppgcem\/files\/2014\/10\/periodicos-capes-212x47.jpg 212w, https:\/\/wp.ufpel.edu.br\/ppgcem\/files\/2014\/10\/periodicos-capes.jpg 593w\" sizes=\"(max-width: 153px) 100vw, 153px\" \/><\/a>\u00a0\u00a0<a href=\"https:\/\/wp.ufpel.edu.br\/ppgcem\/files\/2014\/10\/WOK.jpg\"><img class=\"alignnone  wp-image-185\" src=\"https:\/\/wp.ufpel.edu.br\/ppgcem\/files\/2014\/10\/WOK.jpg\" alt=\"WOK\" width=\"132\" height=\"69\" srcset=\"https:\/\/wp.ufpel.edu.br\/ppgcem\/files\/2014\/10\/WOK.jpg 285w, https:\/\/wp.ufpel.edu.br\/ppgcem\/files\/2014\/10\/WOK-212x110.jpg 212w\" sizes=\"(max-width: 132px) 100vw, 132px\" \/><\/a> \u00a0<a href=\"http:\/\/http:\/\/www.sciencedirect.com\/\"><img class=\"alignnone  wp-image-161\" src=\"https:\/\/wp.ufpel.edu.br\/ppgcem\/files\/2014\/10\/sciencedirect.jpg\" alt=\"sciencedirect\" width=\"81\" height=\"69\" srcset=\"https:\/\/wp.ufpel.edu.br\/ppgcem\/files\/2014\/10\/sciencedirect.jpg 204w, https:\/\/wp.ufpel.edu.br\/ppgcem\/files\/2014\/10\/sciencedirect-186x159.jpg 186w\" sizes=\"(max-width: 81px) 100vw, 81px\" \/><\/a>\u00a0\u00a0<a href=\"http:\/\/http:\/\/www.intechopen.com\/\"><img class=\"alignnone  wp-image-162\" src=\"https:\/\/wp.ufpel.edu.br\/ppgcem\/files\/2014\/10\/intech.jpg\" alt=\"intech\" width=\"114\" height=\"68\" srcset=\"https:\/\/wp.ufpel.edu.br\/ppgcem\/files\/2014\/10\/intech.jpg 291w, https:\/\/wp.ufpel.edu.br\/ppgcem\/files\/2014\/10\/intech-212x126.jpg 212w\" sizes=\"(max-width: 114px) 100vw, 114px\" \/><\/a><a href=\"http:\/\/http:\/\/pergamum.ufpel.edu.br\/pergamum\/biblioteca\/index.php\"><img class=\"alignnone size-full wp-image-201\" src=\"https:\/\/wp.ufpel.edu.br\/ppgcem\/files\/2014\/10\/pergamum.jpg\" alt=\"pergamum\" width=\"180\" height=\"43\" \/><\/a><\/p>\n<p>&nbsp;<\/p>\n<p>&nbsp;<\/p>\n","protected":false},"excerpt":{"rendered":"<p>\u00a0 \u00a0 \u00a0 \u00a0 \u00a0 \u00a0 \u00a0\u00a0 \u00a0\u00a0\u00a0 \u00a0 \u00a0\u00a0\u00a0\u00a0 \u00a0\u00a0\u00a0 &nbsp; &nbsp;<\/p>\n","protected":false},"author":370,"featured_media":0,"parent":0,"menu_order":15,"comment_status":"closed","ping_status":"closed","template":"","meta":{"jetpack_post_was_ever_published":false,"footnotes":""},"class_list":["post-98","page","type-page","status-publish","hentry"],"yoast_head":"<!-- This site is optimized with the Yoast SEO plugin v26.7 - https:\/\/yoast.com\/wordpress\/plugins\/seo\/ -->\n<title>Links &#8211; Programa de P\u00f3s-Gradua\u00e7\u00e3o em Ci\u00eancia e Engenharia de Materiais<\/title>\n<meta name=\"robots\" content=\"index, follow, max-snippet:-1, max-image-preview:large, max-video-preview:-1\" \/>\n<link rel=\"canonical\" href=\"https:\/\/wp.ufpel.edu.br\/ppgcem\/pt\/links\/\" \/>\n<meta property=\"og:locale\" content=\"pt_BR\" \/>\n<meta property=\"og:type\" content=\"article\" \/>\n<meta property=\"og:title\" content=\"Links &#8211; Programa de P\u00f3s-Gradua\u00e7\u00e3o em Ci\u00eancia e Engenharia de Materiais\" \/>\n<meta property=\"og:description\" content=\"\u00a0 \u00a0 \u00a0 \u00a0 \u00a0 \u00a0 \u00a0\u00a0 \u00a0\u00a0\u00a0 \u00a0 \u00a0\u00a0\u00a0\u00a0 \u00a0\u00a0\u00a0 &nbsp; &nbsp;\" \/>\n<meta property=\"og:url\" content=\"https:\/\/wp.ufpel.edu.br\/ppgcem\/pt\/links\/\" \/>\n<meta property=\"og:site_name\" content=\"Programa de P\u00f3s-Gradua\u00e7\u00e3o em Ci\u00eancia e Engenharia de Materiais\" \/>\n<meta property=\"article:modified_time\" content=\"2017-07-03T17:46:36+00:00\" \/>\n<meta property=\"og:image\" content=\"https:\/\/wp.ufpel.edu.br\/ppgcem\/files\/2014\/10\/UFPel_logo.png\" \/>\n<meta name=\"twitter:card\" content=\"summary_large_image\" \/>\n<script type=\"application\/ld+json\" class=\"yoast-schema-graph\">{\"@context\":\"https:\/\/schema.org\",\"@graph\":[{\"@type\":\"WebPage\",\"@id\":\"https:\/\/wp.ufpel.edu.br\/ppgcem\/pt\/links\/\",\"url\":\"https:\/\/wp.ufpel.edu.br\/ppgcem\/pt\/links\/\",\"name\":\"Links &#8211; Programa de P\u00f3s-Gradua\u00e7\u00e3o em Ci\u00eancia e Engenharia de Materiais\",\"isPartOf\":{\"@id\":\"https:\/\/wp.ufpel.edu.br\/ppgcem\/pt\/#website\"},\"primaryImageOfPage\":{\"@id\":\"https:\/\/wp.ufpel.edu.br\/ppgcem\/pt\/links\/#primaryimage\"},\"image\":{\"@id\":\"https:\/\/wp.ufpel.edu.br\/ppgcem\/pt\/links\/#primaryimage\"},\"thumbnailUrl\":\"https:\/\/wp.ufpel.edu.br\/ppgcem\/files\/2014\/10\/UFPel_logo.png\",\"datePublished\":\"2014-10-11T22:11:50+00:00\",\"dateModified\":\"2017-07-03T17:46:36+00:00\",\"breadcrumb\":{\"@id\":\"https:\/\/wp.ufpel.edu.br\/ppgcem\/pt\/links\/#breadcrumb\"},\"inLanguage\":\"pt-BR\",\"potentialAction\":[{\"@type\":\"ReadAction\",\"target\":[\"https:\/\/wp.ufpel.edu.br\/ppgcem\/pt\/links\/\"]}]},{\"@type\":\"ImageObject\",\"inLanguage\":\"pt-BR\",\"@id\":\"https:\/\/wp.ufpel.edu.br\/ppgcem\/pt\/links\/#primaryimage\",\"url\":\"https:\/\/wp.ufpel.edu.br\/ppgcem\/files\/2014\/10\/UFPel_logo.png\",\"contentUrl\":\"https:\/\/wp.ufpel.edu.br\/ppgcem\/files\/2014\/10\/UFPel_logo.png\",\"width\":100,\"height\":100},{\"@type\":\"BreadcrumbList\",\"@id\":\"https:\/\/wp.ufpel.edu.br\/ppgcem\/pt\/links\/#breadcrumb\",\"itemListElement\":[{\"@type\":\"ListItem\",\"position\":1,\"name\":\"In\u00edcio\",\"item\":\"https:\/\/wp.ufpel.edu.br\/ppgcem\/pt\/\"},{\"@type\":\"ListItem\",\"position\":2,\"name\":\"Links\"}]},{\"@type\":\"WebSite\",\"@id\":\"https:\/\/wp.ufpel.edu.br\/ppgcem\/pt\/#website\",\"url\":\"https:\/\/wp.ufpel.edu.br\/ppgcem\/pt\/\",\"name\":\"Programa de P\u00f3s-Gradua\u00e7\u00e3o em Ci\u00eancia e Engenharia de Materiais\",\"description\":\"\",\"potentialAction\":[{\"@type\":\"SearchAction\",\"target\":{\"@type\":\"EntryPoint\",\"urlTemplate\":\"https:\/\/wp.ufpel.edu.br\/ppgcem\/pt\/?s={search_term_string}\"},\"query-input\":{\"@type\":\"PropertyValueSpecification\",\"valueRequired\":true,\"valueName\":\"search_term_string\"}}],\"inLanguage\":\"pt-BR\"}]}<\/script>\n<!-- \/ Yoast SEO plugin. -->","yoast_head_json":{"title":"Links &#8211; Programa de P\u00f3s-Gradua\u00e7\u00e3o em Ci\u00eancia e Engenharia de Materiais","robots":{"index":"index","follow":"follow","max-snippet":"max-snippet:-1","max-image-preview":"max-image-preview:large","max-video-preview":"max-video-preview:-1"},"canonical":"https:\/\/wp.ufpel.edu.br\/ppgcem\/pt\/links\/","og_locale":"pt_BR","og_type":"article","og_title":"Links &#8211; Programa de P\u00f3s-Gradua\u00e7\u00e3o em Ci\u00eancia e Engenharia de Materiais","og_description":"\u00a0 \u00a0 \u00a0 \u00a0 \u00a0 \u00a0 \u00a0\u00a0 \u00a0\u00a0\u00a0 \u00a0 \u00a0\u00a0\u00a0\u00a0 \u00a0\u00a0\u00a0 &nbsp; &nbsp;","og_url":"https:\/\/wp.ufpel.edu.br\/ppgcem\/pt\/links\/","og_site_name":"Programa de P\u00f3s-Gradua\u00e7\u00e3o em Ci\u00eancia e Engenharia de Materiais","article_modified_time":"2017-07-03T17:46:36+00:00","og_image":[{"url":"https:\/\/wp.ufpel.edu.br\/ppgcem\/files\/2014\/10\/UFPel_logo.png","type":"","width":"","height":""}],"twitter_card":"summary_large_image","schema":{"@context":"https:\/\/schema.org","@graph":[{"@type":"WebPage","@id":"https:\/\/wp.ufpel.edu.br\/ppgcem\/pt\/links\/","url":"https:\/\/wp.ufpel.edu.br\/ppgcem\/pt\/links\/","name":"Links &#8211; Programa de P\u00f3s-Gradua\u00e7\u00e3o em Ci\u00eancia e Engenharia de Materiais","isPartOf":{"@id":"https:\/\/wp.ufpel.edu.br\/ppgcem\/pt\/#website"},"primaryImageOfPage":{"@id":"https:\/\/wp.ufpel.edu.br\/ppgcem\/pt\/links\/#primaryimage"},"image":{"@id":"https:\/\/wp.ufpel.edu.br\/ppgcem\/pt\/links\/#primaryimage"},"thumbnailUrl":"https:\/\/wp.ufpel.edu.br\/ppgcem\/files\/2014\/10\/UFPel_logo.png","datePublished":"2014-10-11T22:11:50+00:00","dateModified":"2017-07-03T17:46:36+00:00","breadcrumb":{"@id":"https:\/\/wp.ufpel.edu.br\/ppgcem\/pt\/links\/#breadcrumb"},"inLanguage":"pt-BR","potentialAction":[{"@type":"ReadAction","target":["https:\/\/wp.ufpel.edu.br\/ppgcem\/pt\/links\/"]}]},{"@type":"ImageObject","inLanguage":"pt-BR","@id":"https:\/\/wp.ufpel.edu.br\/ppgcem\/pt\/links\/#primaryimage","url":"https:\/\/wp.ufpel.edu.br\/ppgcem\/files\/2014\/10\/UFPel_logo.png","contentUrl":"https:\/\/wp.ufpel.edu.br\/ppgcem\/files\/2014\/10\/UFPel_logo.png","width":100,"height":100},{"@type":"BreadcrumbList","@id":"https:\/\/wp.ufpel.edu.br\/ppgcem\/pt\/links\/#breadcrumb","itemListElement":[{"@type":"ListItem","position":1,"name":"In\u00edcio","item":"https:\/\/wp.ufpel.edu.br\/ppgcem\/pt\/"},{"@type":"ListItem","position":2,"name":"Links"}]},{"@type":"WebSite","@id":"https:\/\/wp.ufpel.edu.br\/ppgcem\/pt\/#website","url":"https:\/\/wp.ufpel.edu.br\/ppgcem\/pt\/","name":"Programa de P\u00f3s-Gradua\u00e7\u00e3o em Ci\u00eancia e Engenharia de Materiais","description":"","potentialAction":[{"@type":"SearchAction","target":{"@type":"EntryPoint","urlTemplate":"https:\/\/wp.ufpel.edu.br\/ppgcem\/pt\/?s={search_term_string}"},"query-input":{"@type":"PropertyValueSpecification","valueRequired":true,"valueName":"search_term_string"}}],"inLanguage":"pt-BR"}]}},"jetpack_sharing_enabled":true,"jetpack_shortlink":"https:\/\/wp.me\/P8zk0j-1A","_links":{"self":[{"href":"https:\/\/wp.ufpel.edu.br\/ppgcem\/wp-json\/wp\/v2\/pages\/98","targetHints":{"allow":["GET"]}}],"collection":[{"href":"https:\/\/wp.ufpel.edu.br\/ppgcem\/wp-json\/wp\/v2\/pages"}],"about":[{"href":"https:\/\/wp.ufpel.edu.br\/ppgcem\/wp-json\/wp\/v2\/types\/page"}],"author":[{"embeddable":true,"href":"https:\/\/wp.ufpel.edu.br\/ppgcem\/wp-json\/wp\/v2\/users\/370"}],"replies":[{"embeddable":true,"href":"https:\/\/wp.ufpel.edu.br\/ppgcem\/wp-json\/wp\/v2\/comments?post=98"}],"version-history":[{"count":14,"href":"https:\/\/wp.ufpel.edu.br\/ppgcem\/wp-json\/wp\/v2\/pages\/98\/revisions"}],"predecessor-version":[{"id":202,"href":"https:\/\/wp.ufpel.edu.br\/ppgcem\/wp-json\/wp\/v2\/pages\/98\/revisions\/202"}],"wp:attachment":[{"href":"https:\/\/wp.ufpel.edu.br\/ppgcem\/wp-json\/wp\/v2\/media?parent=98"}],"curies":[{"name":"wp","href":"https:\/\/api.w.org\/{rel}","templated":true}]}}