{"id":5409,"date":"2026-01-13T13:49:08","date_gmt":"2026-01-13T16:49:08","guid":{"rendered":"https:\/\/wp.ufpel.edu.br\/ppgcem\/?page_id=5409"},"modified":"2026-01-13T13:51:40","modified_gmt":"2026-01-13T16:51:40","slug":"ppgcem-ufpel-conquista-nota-6-na-avaliacao-da-capes","status":"publish","type":"page","link":"https:\/\/wp.ufpel.edu.br\/ppgcem\/ppgcem-ufpel-conquista-nota-6-na-avaliacao-da-capes\/","title":{"rendered":"PPGCEM &#8211; Nota 6 na Avalia\u00e7\u00e3o da CAPES"},"content":{"rendered":"<p data-start=\"315\" data-end=\"589\"><img class=\" wp-image-5411 alignleft\" style=\"text-align: justify;\" src=\"https:\/\/wp.ufpel.edu.br\/ppgcem\/files\/2026\/01\/WhatsApp-Image-2026-01-13-at-11.46.38-320x400.jpeg\" alt=\"\" width=\"252\" height=\"316\" srcset=\"https:\/\/wp.ufpel.edu.br\/ppgcem\/files\/2026\/01\/WhatsApp-Image-2026-01-13-at-11.46.38-320x400.jpeg 320w, https:\/\/wp.ufpel.edu.br\/ppgcem\/files\/2026\/01\/WhatsApp-Image-2026-01-13-at-11.46.38-819x1024.jpeg 819w, https:\/\/wp.ufpel.edu.br\/ppgcem\/files\/2026\/01\/WhatsApp-Image-2026-01-13-at-11.46.38-768x960.jpeg 768w, https:\/\/wp.ufpel.edu.br\/ppgcem\/files\/2026\/01\/WhatsApp-Image-2026-01-13-at-11.46.38.jpeg 1024w\" sizes=\"(max-width: 252px) 100vw, 252px\" \/>O Programa de P\u00f3s-Gradua\u00e7\u00e3o em Ci\u00eancia e Engenharia de Materiais da Universidade Federal de Pelotas alcan\u00e7ou Nota 6 na mais recente Avalia\u00e7\u00e3o Quadrienal da CAPES, conso<\/p>\n<p data-start=\"315\" data-end=\"589\">lidando-se no n\u00edvel de excel\u00eancia internacional.<\/p>\n<p data-start=\"591\" data-end=\"890\">Este resultado reconhece a qualidade acad\u00eamica, a consolida\u00e7\u00e3o da pesquisa em materiais avan\u00e7ados e o impacto cient\u00edfico nacional e global produzido pelo Programa. Trata-se de um marco que confirma o PPGCEM como refer\u00eancia na \u00e1rea, reafirmando sua relev\u00e2ncia para a ci\u00eancia e a inova\u00e7\u00e3o tecnol\u00f3gica.<\/p>\n<p data-start=\"892\" data-end=\"1317\">A conquista \u00e9 fruto de um esfor\u00e7o coletivo: discentes, egressos, docentes, t\u00e9cnicos e colaboradores que constroem diariamente um ambiente de forma\u00e7\u00e3o qualificada, produ\u00e7\u00e3o cient\u00edfica robusta e desenvolvimento tecnol\u00f3gico consistente. O Programa expressa, ainda, agradecimento especial ao apoio institucional do Centro de Desenvolvimento Tecnol\u00f3gico (CDTec) e da UFPel, essenciais para o crescimento cont\u00ednuo da p\u00f3s-gradua\u00e7\u00e3o.<\/p>\n<p data-start=\"1319\" data-end=\"1473\">O PPGCEM\/UFPel segue avan\u00e7ando, fortalecendo a pesquisa de fronteira e formando profissionais capazes de impulsionar solu\u00e7\u00f5es inovadoras para a sociedade.<\/p>\n<p data-start=\"1475\" data-end=\"1602\"><strong data-start=\"1475\" data-end=\"1493\">PPGCEM | UFPel<\/strong><br data-start=\"1493\" data-end=\"1496\" \/>Programa de P\u00f3s-Gradua\u00e7\u00e3o em Ci\u00eancia e Engenharia de Materiais<br data-start=\"1558\" data-end=\"1561\" \/>Excel\u00eancia em pesquisa, ensino e inova\u00e7\u00e3o<\/p>\n","protected":false},"excerpt":{"rendered":"<p>O Programa de P\u00f3s-Gradua\u00e7\u00e3o em Ci\u00eancia e Engenharia de Materiais da Universidade Federal de Pelotas alcan\u00e7ou Nota 6 na mais recente Avalia\u00e7\u00e3o Quadrienal da CAPES, conso lidando-se no n\u00edvel de excel\u00eancia internacional. Este resultado reconhece a qualidade acad\u00eamica, a consolida\u00e7\u00e3o da pesquisa em materiais avan\u00e7ados e o impacto cient\u00edfico nacional e global produzido pelo Programa. [&hellip;]<\/p>\n","protected":false},"author":370,"featured_media":0,"parent":0,"menu_order":0,"comment_status":"closed","ping_status":"closed","template":"","meta":{"jetpack_post_was_ever_published":false,"footnotes":""},"class_list":["post-5409","page","type-page","status-publish","hentry"],"yoast_head":"<!-- This site is optimized with the Yoast SEO plugin v26.7 - https:\/\/yoast.com\/wordpress\/plugins\/seo\/ -->\n<title>PPGCEM - Nota 6 na Avalia\u00e7\u00e3o da CAPES &#8211; Programa de P\u00f3s-Gradua\u00e7\u00e3o em Ci\u00eancia e Engenharia de Materiais<\/title>\n<meta name=\"robots\" content=\"index, follow, max-snippet:-1, max-image-preview:large, max-video-preview:-1\" \/>\n<link rel=\"canonical\" href=\"https:\/\/wp.ufpel.edu.br\/ppgcem\/ppgcem-ufpel-conquista-nota-6-na-avaliacao-da-capes\/\" \/>\n<meta property=\"og:locale\" content=\"pt_BR\" \/>\n<meta property=\"og:type\" content=\"article\" \/>\n<meta property=\"og:title\" content=\"PPGCEM - Nota 6 na Avalia\u00e7\u00e3o da CAPES &#8211; Programa de P\u00f3s-Gradua\u00e7\u00e3o em Ci\u00eancia e Engenharia de Materiais\" \/>\n<meta property=\"og:description\" content=\"O Programa de P\u00f3s-Gradua\u00e7\u00e3o em Ci\u00eancia e Engenharia de Materiais da Universidade Federal de Pelotas alcan\u00e7ou Nota 6 na mais recente Avalia\u00e7\u00e3o Quadrienal da CAPES, conso lidando-se no n\u00edvel de excel\u00eancia internacional. Este resultado reconhece a qualidade acad\u00eamica, a consolida\u00e7\u00e3o da pesquisa em materiais avan\u00e7ados e o impacto cient\u00edfico nacional e global produzido pelo Programa. [&hellip;]\" \/>\n<meta property=\"og:url\" content=\"https:\/\/wp.ufpel.edu.br\/ppgcem\/ppgcem-ufpel-conquista-nota-6-na-avaliacao-da-capes\/\" \/>\n<meta property=\"og:site_name\" content=\"Programa de P\u00f3s-Gradua\u00e7\u00e3o em Ci\u00eancia e Engenharia de Materiais\" \/>\n<meta property=\"article:modified_time\" content=\"2026-01-13T16:51:40+00:00\" \/>\n<meta property=\"og:image\" content=\"https:\/\/wp.ufpel.edu.br\/ppgcem\/files\/2026\/01\/WhatsApp-Image-2026-01-13-at-11.46.38.jpeg\" \/>\n\t<meta property=\"og:image:width\" content=\"1024\" \/>\n\t<meta property=\"og:image:height\" content=\"1280\" \/>\n\t<meta property=\"og:image:type\" content=\"image\/jpeg\" \/>\n<meta name=\"twitter:card\" content=\"summary_large_image\" \/>\n<meta name=\"twitter:label1\" content=\"Est. tempo de leitura\" \/>\n\t<meta name=\"twitter:data1\" content=\"2 minutos\" \/>\n<script type=\"application\/ld+json\" class=\"yoast-schema-graph\">{\"@context\":\"https:\/\/schema.org\",\"@graph\":[{\"@type\":\"WebPage\",\"@id\":\"https:\/\/wp.ufpel.edu.br\/ppgcem\/ppgcem-ufpel-conquista-nota-6-na-avaliacao-da-capes\/\",\"url\":\"https:\/\/wp.ufpel.edu.br\/ppgcem\/ppgcem-ufpel-conquista-nota-6-na-avaliacao-da-capes\/\",\"name\":\"PPGCEM - Nota 6 na Avalia\u00e7\u00e3o da CAPES &#8211; Programa de P\u00f3s-Gradua\u00e7\u00e3o em Ci\u00eancia e Engenharia de Materiais\",\"isPartOf\":{\"@id\":\"https:\/\/wp.ufpel.edu.br\/ppgcem\/pt\/#website\"},\"primaryImageOfPage\":{\"@id\":\"https:\/\/wp.ufpel.edu.br\/ppgcem\/ppgcem-ufpel-conquista-nota-6-na-avaliacao-da-capes\/#primaryimage\"},\"image\":{\"@id\":\"https:\/\/wp.ufpel.edu.br\/ppgcem\/ppgcem-ufpel-conquista-nota-6-na-avaliacao-da-capes\/#primaryimage\"},\"thumbnailUrl\":\"https:\/\/wp.ufpel.edu.br\/ppgcem\/files\/2026\/01\/WhatsApp-Image-2026-01-13-at-11.46.38-320x400.jpeg\",\"datePublished\":\"2026-01-13T16:49:08+00:00\",\"dateModified\":\"2026-01-13T16:51:40+00:00\",\"breadcrumb\":{\"@id\":\"https:\/\/wp.ufpel.edu.br\/ppgcem\/ppgcem-ufpel-conquista-nota-6-na-avaliacao-da-capes\/#breadcrumb\"},\"inLanguage\":\"pt-BR\",\"potentialAction\":[{\"@type\":\"ReadAction\",\"target\":[\"https:\/\/wp.ufpel.edu.br\/ppgcem\/ppgcem-ufpel-conquista-nota-6-na-avaliacao-da-capes\/\"]}]},{\"@type\":\"ImageObject\",\"inLanguage\":\"pt-BR\",\"@id\":\"https:\/\/wp.ufpel.edu.br\/ppgcem\/ppgcem-ufpel-conquista-nota-6-na-avaliacao-da-capes\/#primaryimage\",\"url\":\"https:\/\/wp.ufpel.edu.br\/ppgcem\/files\/2026\/01\/WhatsApp-Image-2026-01-13-at-11.46.38.jpeg\",\"contentUrl\":\"https:\/\/wp.ufpel.edu.br\/ppgcem\/files\/2026\/01\/WhatsApp-Image-2026-01-13-at-11.46.38.jpeg\",\"width\":1024,\"height\":1280},{\"@type\":\"BreadcrumbList\",\"@id\":\"https:\/\/wp.ufpel.edu.br\/ppgcem\/ppgcem-ufpel-conquista-nota-6-na-avaliacao-da-capes\/#breadcrumb\",\"itemListElement\":[{\"@type\":\"ListItem\",\"position\":1,\"name\":\"In\u00edcio\",\"item\":\"https:\/\/wp.ufpel.edu.br\/ppgcem\/pt\/\"},{\"@type\":\"ListItem\",\"position\":2,\"name\":\"PPGCEM &#8211; Nota 6 na Avalia\u00e7\u00e3o da CAPES\"}]},{\"@type\":\"WebSite\",\"@id\":\"https:\/\/wp.ufpel.edu.br\/ppgcem\/pt\/#website\",\"url\":\"https:\/\/wp.ufpel.edu.br\/ppgcem\/pt\/\",\"name\":\"Programa de P\u00f3s-Gradua\u00e7\u00e3o em Ci\u00eancia e Engenharia de Materiais\",\"description\":\"\",\"potentialAction\":[{\"@type\":\"SearchAction\",\"target\":{\"@type\":\"EntryPoint\",\"urlTemplate\":\"https:\/\/wp.ufpel.edu.br\/ppgcem\/pt\/?s={search_term_string}\"},\"query-input\":{\"@type\":\"PropertyValueSpecification\",\"valueRequired\":true,\"valueName\":\"search_term_string\"}}],\"inLanguage\":\"pt-BR\"}]}<\/script>\n<!-- \/ Yoast SEO plugin. -->","yoast_head_json":{"title":"PPGCEM - Nota 6 na Avalia\u00e7\u00e3o da CAPES &#8211; Programa de P\u00f3s-Gradua\u00e7\u00e3o em Ci\u00eancia e Engenharia de Materiais","robots":{"index":"index","follow":"follow","max-snippet":"max-snippet:-1","max-image-preview":"max-image-preview:large","max-video-preview":"max-video-preview:-1"},"canonical":"https:\/\/wp.ufpel.edu.br\/ppgcem\/ppgcem-ufpel-conquista-nota-6-na-avaliacao-da-capes\/","og_locale":"pt_BR","og_type":"article","og_title":"PPGCEM - Nota 6 na Avalia\u00e7\u00e3o da CAPES &#8211; Programa de P\u00f3s-Gradua\u00e7\u00e3o em Ci\u00eancia e Engenharia de Materiais","og_description":"O Programa de P\u00f3s-Gradua\u00e7\u00e3o em Ci\u00eancia e Engenharia de Materiais da Universidade Federal de Pelotas alcan\u00e7ou Nota 6 na mais recente Avalia\u00e7\u00e3o Quadrienal da CAPES, conso lidando-se no n\u00edvel de excel\u00eancia internacional. Este resultado reconhece a qualidade acad\u00eamica, a consolida\u00e7\u00e3o da pesquisa em materiais avan\u00e7ados e o impacto cient\u00edfico nacional e global produzido pelo Programa. [&hellip;]","og_url":"https:\/\/wp.ufpel.edu.br\/ppgcem\/ppgcem-ufpel-conquista-nota-6-na-avaliacao-da-capes\/","og_site_name":"Programa de P\u00f3s-Gradua\u00e7\u00e3o em Ci\u00eancia e Engenharia de Materiais","article_modified_time":"2026-01-13T16:51:40+00:00","og_image":[{"width":1024,"height":1280,"url":"https:\/\/wp.ufpel.edu.br\/ppgcem\/files\/2026\/01\/WhatsApp-Image-2026-01-13-at-11.46.38.jpeg","type":"image\/jpeg"}],"twitter_card":"summary_large_image","twitter_misc":{"Est. tempo de leitura":"2 minutos"},"schema":{"@context":"https:\/\/schema.org","@graph":[{"@type":"WebPage","@id":"https:\/\/wp.ufpel.edu.br\/ppgcem\/ppgcem-ufpel-conquista-nota-6-na-avaliacao-da-capes\/","url":"https:\/\/wp.ufpel.edu.br\/ppgcem\/ppgcem-ufpel-conquista-nota-6-na-avaliacao-da-capes\/","name":"PPGCEM - Nota 6 na Avalia\u00e7\u00e3o da CAPES &#8211; Programa de P\u00f3s-Gradua\u00e7\u00e3o em Ci\u00eancia e Engenharia de Materiais","isPartOf":{"@id":"https:\/\/wp.ufpel.edu.br\/ppgcem\/pt\/#website"},"primaryImageOfPage":{"@id":"https:\/\/wp.ufpel.edu.br\/ppgcem\/ppgcem-ufpel-conquista-nota-6-na-avaliacao-da-capes\/#primaryimage"},"image":{"@id":"https:\/\/wp.ufpel.edu.br\/ppgcem\/ppgcem-ufpel-conquista-nota-6-na-avaliacao-da-capes\/#primaryimage"},"thumbnailUrl":"https:\/\/wp.ufpel.edu.br\/ppgcem\/files\/2026\/01\/WhatsApp-Image-2026-01-13-at-11.46.38-320x400.jpeg","datePublished":"2026-01-13T16:49:08+00:00","dateModified":"2026-01-13T16:51:40+00:00","breadcrumb":{"@id":"https:\/\/wp.ufpel.edu.br\/ppgcem\/ppgcem-ufpel-conquista-nota-6-na-avaliacao-da-capes\/#breadcrumb"},"inLanguage":"pt-BR","potentialAction":[{"@type":"ReadAction","target":["https:\/\/wp.ufpel.edu.br\/ppgcem\/ppgcem-ufpel-conquista-nota-6-na-avaliacao-da-capes\/"]}]},{"@type":"ImageObject","inLanguage":"pt-BR","@id":"https:\/\/wp.ufpel.edu.br\/ppgcem\/ppgcem-ufpel-conquista-nota-6-na-avaliacao-da-capes\/#primaryimage","url":"https:\/\/wp.ufpel.edu.br\/ppgcem\/files\/2026\/01\/WhatsApp-Image-2026-01-13-at-11.46.38.jpeg","contentUrl":"https:\/\/wp.ufpel.edu.br\/ppgcem\/files\/2026\/01\/WhatsApp-Image-2026-01-13-at-11.46.38.jpeg","width":1024,"height":1280},{"@type":"BreadcrumbList","@id":"https:\/\/wp.ufpel.edu.br\/ppgcem\/ppgcem-ufpel-conquista-nota-6-na-avaliacao-da-capes\/#breadcrumb","itemListElement":[{"@type":"ListItem","position":1,"name":"In\u00edcio","item":"https:\/\/wp.ufpel.edu.br\/ppgcem\/pt\/"},{"@type":"ListItem","position":2,"name":"PPGCEM &#8211; Nota 6 na Avalia\u00e7\u00e3o da CAPES"}]},{"@type":"WebSite","@id":"https:\/\/wp.ufpel.edu.br\/ppgcem\/pt\/#website","url":"https:\/\/wp.ufpel.edu.br\/ppgcem\/pt\/","name":"Programa de P\u00f3s-Gradua\u00e7\u00e3o em Ci\u00eancia e Engenharia de Materiais","description":"","potentialAction":[{"@type":"SearchAction","target":{"@type":"EntryPoint","urlTemplate":"https:\/\/wp.ufpel.edu.br\/ppgcem\/pt\/?s={search_term_string}"},"query-input":{"@type":"PropertyValueSpecification","valueRequired":true,"valueName":"search_term_string"}}],"inLanguage":"pt-BR"}]}},"jetpack_sharing_enabled":true,"jetpack_shortlink":"https:\/\/wp.me\/P8zk0j-1pf","_links":{"self":[{"href":"https:\/\/wp.ufpel.edu.br\/ppgcem\/wp-json\/wp\/v2\/pages\/5409","targetHints":{"allow":["GET"]}}],"collection":[{"href":"https:\/\/wp.ufpel.edu.br\/ppgcem\/wp-json\/wp\/v2\/pages"}],"about":[{"href":"https:\/\/wp.ufpel.edu.br\/ppgcem\/wp-json\/wp\/v2\/types\/page"}],"author":[{"embeddable":true,"href":"https:\/\/wp.ufpel.edu.br\/ppgcem\/wp-json\/wp\/v2\/users\/370"}],"replies":[{"embeddable":true,"href":"https:\/\/wp.ufpel.edu.br\/ppgcem\/wp-json\/wp\/v2\/comments?post=5409"}],"version-history":[{"count":3,"href":"https:\/\/wp.ufpel.edu.br\/ppgcem\/wp-json\/wp\/v2\/pages\/5409\/revisions"}],"predecessor-version":[{"id":5417,"href":"https:\/\/wp.ufpel.edu.br\/ppgcem\/wp-json\/wp\/v2\/pages\/5409\/revisions\/5417"}],"wp:attachment":[{"href":"https:\/\/wp.ufpel.edu.br\/ppgcem\/wp-json\/wp\/v2\/media?parent=5409"}],"curies":[{"name":"wp","href":"https:\/\/api.w.org\/{rel}","templated":true}]}}