{"id":5292,"date":"2025-08-11T14:31:00","date_gmt":"2025-08-11T17:31:00","guid":{"rendered":"https:\/\/wp.ufpel.edu.br\/ppgcem\/?page_id=5292"},"modified":"2025-08-11T14:33:51","modified_gmt":"2025-08-11T17:33:51","slug":"edital-de-fluxo-continuo-para-selecao-de-aluno-regular-2025","status":"publish","type":"page","link":"https:\/\/wp.ufpel.edu.br\/ppgcem\/editais\/edital-de-fluxo-continuo-para-selecao-de-aluno-regular-2025\/","title":{"rendered":"EDITAL DE FLUXO CONT\u00cdNUO PARA SELE\u00c7\u00c3O DE ALUNO REGULAR (2025)"},"content":{"rendered":"<p>A Universidade Federal de Pelotas em conformidade com o Regimento Stricto Sensu da Pr\u00f3-Reitoria de Pesquisa e P\u00f3s-Gradua\u00e7\u00e3o e a Coordena\u00e7\u00e3o do Programa de P\u00f3s-gradua\u00e7\u00e3o em<br \/>\nCi\u00eancia e Engenharia de Materiais tornam p\u00fablico, para conhecimento dos interessados, o processo de sele\u00e7\u00e3o dos candidatos ao referido Programa, nos termos estabelecidos neste Edital.<\/p>\n<h2><strong>Documentos para sele\u00e7\u00e3o de Mestrado<\/strong><\/h2>\n<ul>\n<li style=\"list-style-type: none;\">\n<ul>\n<li>Acesse o Edital <a href=\"https:\/\/wp.ufpel.edu.br\/ppgcem\/files\/2025\/06\/SEI_3117763_Edital_de_selecao_PRPPG_92-Mestrado.pdf\">aqui<\/a>.<\/li>\n<\/ul>\n<\/li>\n<\/ul>\n<p>&nbsp;<\/p>\n<p><strong>Demais documentos:<\/strong><\/p>\n<p>1. Formul\u00e1rio de Inscri\u00e7\u00e3o \u2013 <a href=\"https:\/\/docs.google.com\/forms\/d\/e\/1FAIpQLScUDjUs-evsN78z88P0kg29sabmr5eSg_ZOEGx2BSzUHnl62g\/viewform?usp=share_link\">Clique para acessar o formul\u00e1rio<\/a><\/p>\n<p>2. Formul\u00e1rio para declara\u00e7\u00e3o de etnia (quando aplic\u00e1vel) \u2013\u00a0<a href=\"https:\/\/wp.ufpel.edu.br\/ppgcem\/files\/2017\/05\/Declara%C3%A7%C3%A3o-de-Etnia-edit%C3%A1vel-1.docx\">Declara\u00e7\u00e3o-de-Etnia-edit\u00e1vel-1<\/a><\/p>\n<p>3. Modelo de Projeto de Pesquisa \u2013\u00a0<a href=\"https:\/\/wp.ufpel.edu.br\/ppgcem\/files\/2014\/10\/Modelo-de-Projeto-de-Pesquisa.doc\">clique aqui.<\/a><\/p>\n<p>4.\u00a0<span id=\"page1R_mcid8\" class=\"markedContent\"><span dir=\"ltr\" role=\"presentation\">AUTODECLARA\u00c7\u00c3O DE IDENTIDADE DE G\u00caNERO<\/span><\/span>\u00a0 \u2013\u00a0<a href=\"https:\/\/wp.ufpel.edu.br\/ppgcem\/files\/2022\/06\/Autodeclaracao-de-Identidade-de-Genero.pdf\">Clique aqui<\/a>:<\/p>\n<p>&nbsp;<\/p>\n<h2><strong>Documentos para sele\u00e7\u00e3o de Doutorado<\/strong><\/h2>\n<ul>\n<li style=\"list-style-type: none;\">\n<ul>\n<li>Acesse o Edital <a href=\"https:\/\/wp.ufpel.edu.br\/ppgcem\/files\/2025\/06\/SEI_3117780_Edital_de_selecao_PRPPG_93-Doutorado.pdf\">aqui<\/a>.<\/li>\n<\/ul>\n<\/li>\n<\/ul>\n<p>&nbsp;<\/p>\n<p><strong>Demais documentos:<\/strong><\/p>\n<div class=\"entry-content\">\n<p>1. Formul\u00e1rio de Inscri\u00e7\u00e3o \u2013 <a href=\"https:\/\/docs.google.com\/forms\/d\/14Ijl_dYKap5lJpUEFi0YG81UT1_p8gNwD4_j95uhJXU\/viewform?edit_requested=true\">Clique para acessar o formul\u00e1rio<\/a><\/p>\n<p>2. Formul\u00e1rio para declara\u00e7\u00e3o de etnia (quando aplic\u00e1vel):\u00a0<a href=\"https:\/\/wp.ufpel.edu.br\/ppgcem\/files\/2017\/05\/Declara%C3%A7%C3%A3o-de-Etnia-edit%C3%A1vel-1.docx\">Declara\u00e7\u00e3o-de-Etnia-edit\u00e1vel-1<\/a><\/p>\n<p>3. Modelo de Projeto de Pesquisa,\u00a0<a href=\"https:\/\/wp.ufpel.edu.br\/ppgcem\/files\/2014\/10\/Modelo-de-Projeto-de-Pesquisa.doc\">clique aqui.<\/a><\/p>\n<p><span id=\"page1R_mcid8\" class=\"markedContent\"><span dir=\"ltr\" role=\"presentation\">4. AUTODECLARA\u00c7\u00c3O DE IDENTIDADE DE G\u00caNERO<\/span><\/span>\u00a0 \u2013\u00a0<a href=\"https:\/\/wp.ufpel.edu.br\/ppgcem\/files\/2022\/06\/Autodeclaracao-de-Identidade-de-Genero.pdf\">Clique aqui<\/a>:<\/p>\n<\/div>\n<p>&nbsp;<\/p>\n<p>Alunos aprovados:<\/p>\n<p><strong>Doutorado:<\/strong><\/p>\n<ol>\n<li>Frantchescole Borges Cardoso (30\/06)<\/li>\n<li>Vinicius Martins (01\/07)<\/li>\n<\/ol>\n<p>&nbsp;<\/p>\n<p><strong>Mestrado:<\/strong><\/p>\n<ol>\n<li>Lucas Gon\u00e7alves de Freitas (14\/07)<\/li>\n<\/ol>\n","protected":false},"excerpt":{"rendered":"<p>A Universidade Federal de Pelotas em conformidade com o Regimento Stricto Sensu da Pr\u00f3-Reitoria de Pesquisa e P\u00f3s-Gradua\u00e7\u00e3o e a Coordena\u00e7\u00e3o do Programa de P\u00f3s-gradua\u00e7\u00e3o em Ci\u00eancia e Engenharia de Materiais tornam p\u00fablico, para conhecimento dos interessados, o processo de sele\u00e7\u00e3o dos candidatos ao referido Programa, nos termos estabelecidos neste Edital. Documentos para sele\u00e7\u00e3o de [&hellip;]<\/p>\n","protected":false},"author":370,"featured_media":0,"parent":41,"menu_order":-40,"comment_status":"closed","ping_status":"closed","template":"","meta":{"jetpack_post_was_ever_published":false,"footnotes":""},"class_list":["post-5292","page","type-page","status-publish","hentry"],"yoast_head":"<!-- This site is optimized with the Yoast SEO plugin v26.7 - https:\/\/yoast.com\/wordpress\/plugins\/seo\/ -->\n<title>EDITAL DE FLUXO CONT\u00cdNUO PARA SELE\u00c7\u00c3O DE ALUNO REGULAR (2025) &#8211; Programa de P\u00f3s-Gradua\u00e7\u00e3o em Ci\u00eancia e Engenharia de Materiais<\/title>\n<meta name=\"robots\" content=\"index, follow, max-snippet:-1, max-image-preview:large, max-video-preview:-1\" \/>\n<link rel=\"canonical\" href=\"https:\/\/wp.ufpel.edu.br\/ppgcem\/editais\/edital-de-fluxo-continuo-para-selecao-de-aluno-regular-2025\/\" \/>\n<meta property=\"og:locale\" content=\"pt_BR\" \/>\n<meta property=\"og:type\" content=\"article\" \/>\n<meta property=\"og:title\" content=\"EDITAL DE FLUXO CONT\u00cdNUO PARA SELE\u00c7\u00c3O DE ALUNO REGULAR (2025) &#8211; Programa de P\u00f3s-Gradua\u00e7\u00e3o em Ci\u00eancia e Engenharia de Materiais\" \/>\n<meta property=\"og:description\" content=\"A Universidade Federal de Pelotas em conformidade com o Regimento Stricto Sensu da Pr\u00f3-Reitoria de Pesquisa e P\u00f3s-Gradua\u00e7\u00e3o e a Coordena\u00e7\u00e3o do Programa de P\u00f3s-gradua\u00e7\u00e3o em Ci\u00eancia e Engenharia de Materiais tornam p\u00fablico, para conhecimento dos interessados, o processo de sele\u00e7\u00e3o dos candidatos ao referido Programa, nos termos estabelecidos neste Edital. Documentos para sele\u00e7\u00e3o de [&hellip;]\" \/>\n<meta property=\"og:url\" content=\"https:\/\/wp.ufpel.edu.br\/ppgcem\/editais\/edital-de-fluxo-continuo-para-selecao-de-aluno-regular-2025\/\" \/>\n<meta property=\"og:site_name\" content=\"Programa de P\u00f3s-Gradua\u00e7\u00e3o em Ci\u00eancia e Engenharia de Materiais\" \/>\n<meta property=\"article:modified_time\" content=\"2025-08-11T17:33:51+00:00\" \/>\n<meta name=\"twitter:card\" content=\"summary_large_image\" \/>\n<meta name=\"twitter:label1\" content=\"Est. tempo de leitura\" \/>\n\t<meta name=\"twitter:data1\" content=\"1 minuto\" \/>\n<script type=\"application\/ld+json\" class=\"yoast-schema-graph\">{\"@context\":\"https:\/\/schema.org\",\"@graph\":[{\"@type\":\"WebPage\",\"@id\":\"https:\/\/wp.ufpel.edu.br\/ppgcem\/editais\/edital-de-fluxo-continuo-para-selecao-de-aluno-regular-2025\/\",\"url\":\"https:\/\/wp.ufpel.edu.br\/ppgcem\/editais\/edital-de-fluxo-continuo-para-selecao-de-aluno-regular-2025\/\",\"name\":\"EDITAL DE FLUXO CONT\u00cdNUO PARA SELE\u00c7\u00c3O DE ALUNO REGULAR (2025) &#8211; Programa de P\u00f3s-Gradua\u00e7\u00e3o em Ci\u00eancia e Engenharia de Materiais\",\"isPartOf\":{\"@id\":\"https:\/\/wp.ufpel.edu.br\/ppgcem\/pt\/#website\"},\"datePublished\":\"2025-08-11T17:31:00+00:00\",\"dateModified\":\"2025-08-11T17:33:51+00:00\",\"breadcrumb\":{\"@id\":\"https:\/\/wp.ufpel.edu.br\/ppgcem\/editais\/edital-de-fluxo-continuo-para-selecao-de-aluno-regular-2025\/#breadcrumb\"},\"inLanguage\":\"pt-BR\",\"potentialAction\":[{\"@type\":\"ReadAction\",\"target\":[\"https:\/\/wp.ufpel.edu.br\/ppgcem\/editais\/edital-de-fluxo-continuo-para-selecao-de-aluno-regular-2025\/\"]}]},{\"@type\":\"BreadcrumbList\",\"@id\":\"https:\/\/wp.ufpel.edu.br\/ppgcem\/editais\/edital-de-fluxo-continuo-para-selecao-de-aluno-regular-2025\/#breadcrumb\",\"itemListElement\":[{\"@type\":\"ListItem\",\"position\":1,\"name\":\"In\u00edcio\",\"item\":\"https:\/\/wp.ufpel.edu.br\/ppgcem\/pt\/\"},{\"@type\":\"ListItem\",\"position\":2,\"name\":\"Processo Seletivo\",\"item\":\"https:\/\/wp.ufpel.edu.br\/ppgcem\/editais\/\"},{\"@type\":\"ListItem\",\"position\":3,\"name\":\"EDITAL DE FLUXO CONT\u00cdNUO PARA SELE\u00c7\u00c3O DE ALUNO REGULAR (2025)\"}]},{\"@type\":\"WebSite\",\"@id\":\"https:\/\/wp.ufpel.edu.br\/ppgcem\/pt\/#website\",\"url\":\"https:\/\/wp.ufpel.edu.br\/ppgcem\/pt\/\",\"name\":\"Programa de P\u00f3s-Gradua\u00e7\u00e3o em Ci\u00eancia e Engenharia de Materiais\",\"description\":\"\",\"potentialAction\":[{\"@type\":\"SearchAction\",\"target\":{\"@type\":\"EntryPoint\",\"urlTemplate\":\"https:\/\/wp.ufpel.edu.br\/ppgcem\/pt\/?s={search_term_string}\"},\"query-input\":{\"@type\":\"PropertyValueSpecification\",\"valueRequired\":true,\"valueName\":\"search_term_string\"}}],\"inLanguage\":\"pt-BR\"}]}<\/script>\n<!-- \/ Yoast SEO plugin. -->","yoast_head_json":{"title":"EDITAL DE FLUXO CONT\u00cdNUO PARA SELE\u00c7\u00c3O DE ALUNO REGULAR (2025) &#8211; Programa de P\u00f3s-Gradua\u00e7\u00e3o em Ci\u00eancia e Engenharia de Materiais","robots":{"index":"index","follow":"follow","max-snippet":"max-snippet:-1","max-image-preview":"max-image-preview:large","max-video-preview":"max-video-preview:-1"},"canonical":"https:\/\/wp.ufpel.edu.br\/ppgcem\/editais\/edital-de-fluxo-continuo-para-selecao-de-aluno-regular-2025\/","og_locale":"pt_BR","og_type":"article","og_title":"EDITAL DE FLUXO CONT\u00cdNUO PARA SELE\u00c7\u00c3O DE ALUNO REGULAR (2025) &#8211; Programa de P\u00f3s-Gradua\u00e7\u00e3o em Ci\u00eancia e Engenharia de Materiais","og_description":"A Universidade Federal de Pelotas em conformidade com o Regimento Stricto Sensu da Pr\u00f3-Reitoria de Pesquisa e P\u00f3s-Gradua\u00e7\u00e3o e a Coordena\u00e7\u00e3o do Programa de P\u00f3s-gradua\u00e7\u00e3o em Ci\u00eancia e Engenharia de Materiais tornam p\u00fablico, para conhecimento dos interessados, o processo de sele\u00e7\u00e3o dos candidatos ao referido Programa, nos termos estabelecidos neste Edital. Documentos para sele\u00e7\u00e3o de [&hellip;]","og_url":"https:\/\/wp.ufpel.edu.br\/ppgcem\/editais\/edital-de-fluxo-continuo-para-selecao-de-aluno-regular-2025\/","og_site_name":"Programa de P\u00f3s-Gradua\u00e7\u00e3o em Ci\u00eancia e Engenharia de Materiais","article_modified_time":"2025-08-11T17:33:51+00:00","twitter_card":"summary_large_image","twitter_misc":{"Est. tempo de leitura":"1 minuto"},"schema":{"@context":"https:\/\/schema.org","@graph":[{"@type":"WebPage","@id":"https:\/\/wp.ufpel.edu.br\/ppgcem\/editais\/edital-de-fluxo-continuo-para-selecao-de-aluno-regular-2025\/","url":"https:\/\/wp.ufpel.edu.br\/ppgcem\/editais\/edital-de-fluxo-continuo-para-selecao-de-aluno-regular-2025\/","name":"EDITAL DE FLUXO CONT\u00cdNUO PARA SELE\u00c7\u00c3O DE ALUNO REGULAR (2025) &#8211; Programa de P\u00f3s-Gradua\u00e7\u00e3o em Ci\u00eancia e Engenharia de Materiais","isPartOf":{"@id":"https:\/\/wp.ufpel.edu.br\/ppgcem\/pt\/#website"},"datePublished":"2025-08-11T17:31:00+00:00","dateModified":"2025-08-11T17:33:51+00:00","breadcrumb":{"@id":"https:\/\/wp.ufpel.edu.br\/ppgcem\/editais\/edital-de-fluxo-continuo-para-selecao-de-aluno-regular-2025\/#breadcrumb"},"inLanguage":"pt-BR","potentialAction":[{"@type":"ReadAction","target":["https:\/\/wp.ufpel.edu.br\/ppgcem\/editais\/edital-de-fluxo-continuo-para-selecao-de-aluno-regular-2025\/"]}]},{"@type":"BreadcrumbList","@id":"https:\/\/wp.ufpel.edu.br\/ppgcem\/editais\/edital-de-fluxo-continuo-para-selecao-de-aluno-regular-2025\/#breadcrumb","itemListElement":[{"@type":"ListItem","position":1,"name":"In\u00edcio","item":"https:\/\/wp.ufpel.edu.br\/ppgcem\/pt\/"},{"@type":"ListItem","position":2,"name":"Processo Seletivo","item":"https:\/\/wp.ufpel.edu.br\/ppgcem\/editais\/"},{"@type":"ListItem","position":3,"name":"EDITAL DE FLUXO CONT\u00cdNUO PARA SELE\u00c7\u00c3O DE ALUNO REGULAR (2025)"}]},{"@type":"WebSite","@id":"https:\/\/wp.ufpel.edu.br\/ppgcem\/pt\/#website","url":"https:\/\/wp.ufpel.edu.br\/ppgcem\/pt\/","name":"Programa de P\u00f3s-Gradua\u00e7\u00e3o em Ci\u00eancia e Engenharia de Materiais","description":"","potentialAction":[{"@type":"SearchAction","target":{"@type":"EntryPoint","urlTemplate":"https:\/\/wp.ufpel.edu.br\/ppgcem\/pt\/?s={search_term_string}"},"query-input":{"@type":"PropertyValueSpecification","valueRequired":true,"valueName":"search_term_string"}}],"inLanguage":"pt-BR"}]}},"jetpack_sharing_enabled":true,"jetpack_shortlink":"https:\/\/wp.me\/P8zk0j-1nm","_links":{"self":[{"href":"https:\/\/wp.ufpel.edu.br\/ppgcem\/wp-json\/wp\/v2\/pages\/5292","targetHints":{"allow":["GET"]}}],"collection":[{"href":"https:\/\/wp.ufpel.edu.br\/ppgcem\/wp-json\/wp\/v2\/pages"}],"about":[{"href":"https:\/\/wp.ufpel.edu.br\/ppgcem\/wp-json\/wp\/v2\/types\/page"}],"author":[{"embeddable":true,"href":"https:\/\/wp.ufpel.edu.br\/ppgcem\/wp-json\/wp\/v2\/users\/370"}],"replies":[{"embeddable":true,"href":"https:\/\/wp.ufpel.edu.br\/ppgcem\/wp-json\/wp\/v2\/comments?post=5292"}],"version-history":[{"count":1,"href":"https:\/\/wp.ufpel.edu.br\/ppgcem\/wp-json\/wp\/v2\/pages\/5292\/revisions"}],"predecessor-version":[{"id":5294,"href":"https:\/\/wp.ufpel.edu.br\/ppgcem\/wp-json\/wp\/v2\/pages\/5292\/revisions\/5294"}],"up":[{"embeddable":true,"href":"https:\/\/wp.ufpel.edu.br\/ppgcem\/wp-json\/wp\/v2\/pages\/41"}],"wp:attachment":[{"href":"https:\/\/wp.ufpel.edu.br\/ppgcem\/wp-json\/wp\/v2\/media?parent=5292"}],"curies":[{"name":"wp","href":"https:\/\/api.w.org\/{rel}","templated":true}]}}