{"id":5212,"date":"2025-03-24T17:07:00","date_gmt":"2025-03-24T20:07:00","guid":{"rendered":"https:\/\/wp.ufpel.edu.br\/ppgcem\/?page_id=5212"},"modified":"2025-03-24T17:07:00","modified_gmt":"2025-03-24T20:07:00","slug":"surface-engineering-laboratory-lab-surf","status":"publish","type":"page","link":"https:\/\/wp.ufpel.edu.br\/ppgcem\/research-groups-laboratories\/surface-engineering-laboratory-lab-surf\/","title":{"rendered":"Surface Engineering Laboratory (Lab Surf)"},"content":{"rendered":"<p><strong>Leadership:<\/strong><br \/>\nLab Surf coordinates\u00a0<strong>Ct-Trib (National Institute of Tribology \u2013 INCT Tribologia)<\/strong> and is led by <strong>Profa. Dra. Henara Lillian Costa Murray<\/strong>\u00a0(<a href=\"http:\/\/buscatextual.cnpq.br\/buscatextual\/visualizacv.do?id=K4721823P9\" target=\"_blank\" rel=\"noopener noreferrer\">Lattes<\/a>) and <strong>Prof. Dr. Jos\u00e9 Henrique Alano<\/strong>\u00a0(<a href=\"http:\/\/lattes.cnpq.br\/0138403357197508\" target=\"_blank\" rel=\"noopener noreferrer\">Lattes<\/a>).<\/p>\n<p><strong>Mission:<\/strong><br \/>\nWith a transversal and multidisciplinary team, Lab Surf focuses on\u00a0<strong>developing and evaluating coatings and surface modifications<\/strong>\u00a0to:<\/p>\n<ul>\n<li>Enhance material performance against\u00a0<strong>Tribology and Corrosion<\/strong>;<\/li>\n<li>Investigate surface phenomena in\u00a0<strong>mechanical manufacturing processes<\/strong>;<\/li>\n<li>Deliver innovative solutions aligned with\u00a0<strong>SDG 9 (Industry, Innovation, and Infrastructure)<\/strong>\u00a0and\u00a0<strong>SDG 12 (Responsible Consumption)<\/strong>.<\/li>\n<\/ul>\n<p><strong>Ongoing Projects:<\/strong><\/p>\n<ol start=\"1\">\n<li><strong>Thermal Vision:<\/strong><br \/>\nIntegrated\u00a0<em>hardware<\/em>\u00a0and\u00a0<em>software<\/em>\u00a0platform for weld joint quality control, optimizing:<\/p>\n<ul>\n<li>Weldability<\/li>\n<li>Fracture toughness<\/li>\n<li>Corrosion resistance<br \/>\n<em>(Aligned with SDG 9)<\/em><\/li>\n<\/ul>\n<\/li>\n<li><strong>Corrosion and Electrochemistry:<\/strong><br \/>\nResearch on degradation mechanisms and development of protective coatings for industrial applications.<br \/>\n<em>(Aligned with SDGs 9 and 12)<\/em><\/li>\n<li><strong>Surface Modifications in Mechanical Forming:<\/strong>\n<ul>\n<li>Surface texturing<\/li>\n<li>Functional coatings<br \/>\n<em>(Aligned with SDG 9)<\/em><\/li>\n<\/ul>\n<\/li>\n<li><strong>Tribological Performance of Steels and Coatings:<\/strong><br \/>\nPerformance testing for forming tools to extend lifespan and improve energy efficiency.<br \/>\n<em>(Aligned with SDGs 7 and 9)<\/em><\/li>\n<\/ol>\n<p><strong>Key Strengths:<\/strong><\/p>\n<ul>\n<li>Advanced infrastructure for tribological and electrochemical testing;<\/li>\n<li>Partnerships with national\/international industries and research centers;<\/li>\n<li>Sustainable approaches to manufacturing processes.<\/li>\n<\/ul>\n<p><strong>Learn More:<\/strong><br \/>\nVisit our website for technical details and publications:<br \/>\n<a href=\"https:\/\/lab-surf.glitch.me\/\" target=\"_blank\" rel=\"noopener noreferrer\">Lab Surf Website<\/a><\/p>\n","protected":false},"excerpt":{"rendered":"<p>Leadership: Lab Surf coordinates\u00a0Ct-Trib (National Institute of Tribology \u2013 INCT Tribologia) and is led by Profa. Dra. Henara Lillian Costa Murray\u00a0(Lattes) and Prof. Dr. Jos\u00e9 Henrique Alano\u00a0(Lattes). Mission: With a transversal and multidisciplinary team, Lab Surf focuses on\u00a0developing and evaluating coatings and surface modifications\u00a0to: Enhance material performance against\u00a0Tribology and Corrosion; Investigate surface phenomena in\u00a0mechanical manufacturing [&hellip;]<\/p>\n","protected":false},"author":370,"featured_media":0,"parent":5163,"menu_order":0,"comment_status":"closed","ping_status":"closed","template":"","meta":{"jetpack_post_was_ever_published":false,"footnotes":""},"class_list":["post-5212","page","type-page","status-publish","hentry"],"yoast_head":"<!-- This site is optimized with the Yoast SEO plugin v26.7 - https:\/\/yoast.com\/wordpress\/plugins\/seo\/ -->\n<title>Surface Engineering Laboratory (Lab Surf) &#8211; Programa de P\u00f3s-Gradua\u00e7\u00e3o em Ci\u00eancia e Engenharia de Materiais<\/title>\n<meta name=\"robots\" content=\"index, follow, max-snippet:-1, max-image-preview:large, max-video-preview:-1\" \/>\n<link rel=\"canonical\" href=\"https:\/\/wp.ufpel.edu.br\/ppgcem\/en\/research-groups-laboratories\/surface-engineering-laboratory-lab-surf\/\" \/>\n<meta property=\"og:locale\" content=\"pt_BR\" \/>\n<meta property=\"og:type\" content=\"article\" \/>\n<meta property=\"og:title\" content=\"Surface Engineering Laboratory (Lab Surf) &#8211; Programa de P\u00f3s-Gradua\u00e7\u00e3o em Ci\u00eancia e Engenharia de Materiais\" \/>\n<meta property=\"og:description\" content=\"Leadership: Lab Surf coordinates\u00a0Ct-Trib (National Institute of Tribology \u2013 INCT Tribologia) and is led by Profa. Dra. Henara Lillian Costa Murray\u00a0(Lattes) and Prof. Dr. Jos\u00e9 Henrique Alano\u00a0(Lattes). Mission: With a transversal and multidisciplinary team, Lab Surf focuses on\u00a0developing and evaluating coatings and surface modifications\u00a0to: Enhance material performance against\u00a0Tribology and Corrosion; Investigate surface phenomena in\u00a0mechanical manufacturing [&hellip;]\" \/>\n<meta property=\"og:url\" content=\"https:\/\/wp.ufpel.edu.br\/ppgcem\/en\/research-groups-laboratories\/surface-engineering-laboratory-lab-surf\/\" \/>\n<meta property=\"og:site_name\" content=\"Programa de P\u00f3s-Gradua\u00e7\u00e3o em Ci\u00eancia e Engenharia de Materiais\" \/>\n<meta name=\"twitter:card\" content=\"summary_large_image\" \/>\n<meta name=\"twitter:label1\" content=\"Est. tempo de leitura\" \/>\n\t<meta name=\"twitter:data1\" content=\"2 minutos\" \/>\n<script type=\"application\/ld+json\" class=\"yoast-schema-graph\">{\"@context\":\"https:\/\/schema.org\",\"@graph\":[{\"@type\":\"WebPage\",\"@id\":\"https:\/\/wp.ufpel.edu.br\/ppgcem\/en\/research-groups-laboratories\/surface-engineering-laboratory-lab-surf\/\",\"url\":\"https:\/\/wp.ufpel.edu.br\/ppgcem\/en\/research-groups-laboratories\/surface-engineering-laboratory-lab-surf\/\",\"name\":\"Surface Engineering Laboratory (Lab Surf) &#8211; Programa de P\u00f3s-Gradua\u00e7\u00e3o em Ci\u00eancia e Engenharia de Materiais\",\"isPartOf\":{\"@id\":\"https:\/\/wp.ufpel.edu.br\/ppgcem\/pt\/#website\"},\"datePublished\":\"2025-03-24T20:07:00+00:00\",\"breadcrumb\":{\"@id\":\"https:\/\/wp.ufpel.edu.br\/ppgcem\/en\/research-groups-laboratories\/surface-engineering-laboratory-lab-surf\/#breadcrumb\"},\"inLanguage\":\"pt-BR\",\"potentialAction\":[{\"@type\":\"ReadAction\",\"target\":[\"https:\/\/wp.ufpel.edu.br\/ppgcem\/en\/research-groups-laboratories\/surface-engineering-laboratory-lab-surf\/\"]}]},{\"@type\":\"BreadcrumbList\",\"@id\":\"https:\/\/wp.ufpel.edu.br\/ppgcem\/en\/research-groups-laboratories\/surface-engineering-laboratory-lab-surf\/#breadcrumb\",\"itemListElement\":[{\"@type\":\"ListItem\",\"position\":1,\"name\":\"In\u00edcio\",\"item\":\"https:\/\/wp.ufpel.edu.br\/ppgcem\/pt\/\"},{\"@type\":\"ListItem\",\"position\":2,\"name\":\"Research Groups\/Laboratories\",\"item\":\"https:\/\/wp.ufpel.edu.br\/ppgcem\/en\/research-groups-laboratories\/\"},{\"@type\":\"ListItem\",\"position\":3,\"name\":\"Surface Engineering Laboratory (Lab Surf)\"}]},{\"@type\":\"WebSite\",\"@id\":\"https:\/\/wp.ufpel.edu.br\/ppgcem\/pt\/#website\",\"url\":\"https:\/\/wp.ufpel.edu.br\/ppgcem\/pt\/\",\"name\":\"Programa de P\u00f3s-Gradua\u00e7\u00e3o em Ci\u00eancia e Engenharia de Materiais\",\"description\":\"\",\"potentialAction\":[{\"@type\":\"SearchAction\",\"target\":{\"@type\":\"EntryPoint\",\"urlTemplate\":\"https:\/\/wp.ufpel.edu.br\/ppgcem\/pt\/?s={search_term_string}\"},\"query-input\":{\"@type\":\"PropertyValueSpecification\",\"valueRequired\":true,\"valueName\":\"search_term_string\"}}],\"inLanguage\":\"pt-BR\"}]}<\/script>\n<!-- \/ Yoast SEO plugin. -->","yoast_head_json":{"title":"Surface Engineering Laboratory (Lab Surf) &#8211; Programa de P\u00f3s-Gradua\u00e7\u00e3o em Ci\u00eancia e Engenharia de Materiais","robots":{"index":"index","follow":"follow","max-snippet":"max-snippet:-1","max-image-preview":"max-image-preview:large","max-video-preview":"max-video-preview:-1"},"canonical":"https:\/\/wp.ufpel.edu.br\/ppgcem\/en\/research-groups-laboratories\/surface-engineering-laboratory-lab-surf\/","og_locale":"pt_BR","og_type":"article","og_title":"Surface Engineering Laboratory (Lab Surf) &#8211; Programa de P\u00f3s-Gradua\u00e7\u00e3o em Ci\u00eancia e Engenharia de Materiais","og_description":"Leadership: Lab Surf coordinates\u00a0Ct-Trib (National Institute of Tribology \u2013 INCT Tribologia) and is led by Profa. Dra. Henara Lillian Costa Murray\u00a0(Lattes) and Prof. Dr. Jos\u00e9 Henrique Alano\u00a0(Lattes). Mission: With a transversal and multidisciplinary team, Lab Surf focuses on\u00a0developing and evaluating coatings and surface modifications\u00a0to: Enhance material performance against\u00a0Tribology and Corrosion; Investigate surface phenomena in\u00a0mechanical manufacturing [&hellip;]","og_url":"https:\/\/wp.ufpel.edu.br\/ppgcem\/en\/research-groups-laboratories\/surface-engineering-laboratory-lab-surf\/","og_site_name":"Programa de P\u00f3s-Gradua\u00e7\u00e3o em Ci\u00eancia e Engenharia de Materiais","twitter_card":"summary_large_image","twitter_misc":{"Est. tempo de leitura":"2 minutos"},"schema":{"@context":"https:\/\/schema.org","@graph":[{"@type":"WebPage","@id":"https:\/\/wp.ufpel.edu.br\/ppgcem\/en\/research-groups-laboratories\/surface-engineering-laboratory-lab-surf\/","url":"https:\/\/wp.ufpel.edu.br\/ppgcem\/en\/research-groups-laboratories\/surface-engineering-laboratory-lab-surf\/","name":"Surface Engineering Laboratory (Lab Surf) &#8211; Programa de P\u00f3s-Gradua\u00e7\u00e3o em Ci\u00eancia e Engenharia de Materiais","isPartOf":{"@id":"https:\/\/wp.ufpel.edu.br\/ppgcem\/pt\/#website"},"datePublished":"2025-03-24T20:07:00+00:00","breadcrumb":{"@id":"https:\/\/wp.ufpel.edu.br\/ppgcem\/en\/research-groups-laboratories\/surface-engineering-laboratory-lab-surf\/#breadcrumb"},"inLanguage":"pt-BR","potentialAction":[{"@type":"ReadAction","target":["https:\/\/wp.ufpel.edu.br\/ppgcem\/en\/research-groups-laboratories\/surface-engineering-laboratory-lab-surf\/"]}]},{"@type":"BreadcrumbList","@id":"https:\/\/wp.ufpel.edu.br\/ppgcem\/en\/research-groups-laboratories\/surface-engineering-laboratory-lab-surf\/#breadcrumb","itemListElement":[{"@type":"ListItem","position":1,"name":"In\u00edcio","item":"https:\/\/wp.ufpel.edu.br\/ppgcem\/pt\/"},{"@type":"ListItem","position":2,"name":"Research Groups\/Laboratories","item":"https:\/\/wp.ufpel.edu.br\/ppgcem\/en\/research-groups-laboratories\/"},{"@type":"ListItem","position":3,"name":"Surface Engineering Laboratory (Lab Surf)"}]},{"@type":"WebSite","@id":"https:\/\/wp.ufpel.edu.br\/ppgcem\/pt\/#website","url":"https:\/\/wp.ufpel.edu.br\/ppgcem\/pt\/","name":"Programa de P\u00f3s-Gradua\u00e7\u00e3o em Ci\u00eancia e Engenharia de Materiais","description":"","potentialAction":[{"@type":"SearchAction","target":{"@type":"EntryPoint","urlTemplate":"https:\/\/wp.ufpel.edu.br\/ppgcem\/pt\/?s={search_term_string}"},"query-input":{"@type":"PropertyValueSpecification","valueRequired":true,"valueName":"search_term_string"}}],"inLanguage":"pt-BR"}]}},"jetpack_sharing_enabled":true,"jetpack_shortlink":"https:\/\/wp.me\/P8zk0j-1m4","_links":{"self":[{"href":"https:\/\/wp.ufpel.edu.br\/ppgcem\/wp-json\/wp\/v2\/pages\/5212","targetHints":{"allow":["GET"]}}],"collection":[{"href":"https:\/\/wp.ufpel.edu.br\/ppgcem\/wp-json\/wp\/v2\/pages"}],"about":[{"href":"https:\/\/wp.ufpel.edu.br\/ppgcem\/wp-json\/wp\/v2\/types\/page"}],"author":[{"embeddable":true,"href":"https:\/\/wp.ufpel.edu.br\/ppgcem\/wp-json\/wp\/v2\/users\/370"}],"replies":[{"embeddable":true,"href":"https:\/\/wp.ufpel.edu.br\/ppgcem\/wp-json\/wp\/v2\/comments?post=5212"}],"version-history":[{"count":1,"href":"https:\/\/wp.ufpel.edu.br\/ppgcem\/wp-json\/wp\/v2\/pages\/5212\/revisions"}],"predecessor-version":[{"id":5214,"href":"https:\/\/wp.ufpel.edu.br\/ppgcem\/wp-json\/wp\/v2\/pages\/5212\/revisions\/5214"}],"up":[{"embeddable":true,"href":"https:\/\/wp.ufpel.edu.br\/ppgcem\/wp-json\/wp\/v2\/pages\/5163"}],"wp:attachment":[{"href":"https:\/\/wp.ufpel.edu.br\/ppgcem\/wp-json\/wp\/v2\/media?parent=5212"}],"curies":[{"name":"wp","href":"https:\/\/api.w.org\/{rel}","templated":true}]}}