{"id":5209,"date":"2025-03-24T17:05:39","date_gmt":"2025-03-24T20:05:39","guid":{"rendered":"https:\/\/wp.ufpel.edu.br\/ppgcem\/?page_id=5209"},"modified":"2025-03-24T17:05:39","modified_gmt":"2025-03-24T20:05:39","slug":"laboratorio-de-engenharia-de-superficies-lab-surf","status":"publish","type":"page","link":"https:\/\/wp.ufpel.edu.br\/ppgcem\/infraestrutura\/laboratorio-de-engenharia-de-superficies-lab-surf\/","title":{"rendered":"Laborat\u00f3rio de Engenharia de Superf\u00edcies (Lab Surf)"},"content":{"rendered":"<p><strong>Coordena\u00e7\u00e3o:<\/strong><br \/>\nO Lab Surf coordena o\u00a0<strong>Ct-Trib (INCT Tribologia)<\/strong>\u00a0e \u00e9 liderado pela\u00a0<strong>Profa. Dra. Henara Lillian Costa Murray<\/strong>\u00a0(<a href=\"http:\/\/buscatextual.cnpq.br\/buscatextual\/visualizacv.do?id=K4721823P9\" target=\"_blank\" rel=\"noopener noreferrer\">Lattes<\/a>) e pelo\u00a0<strong>Prof. Dr. Jos\u00e9 Henrique Alano<\/strong>\u00a0(<a href=\"http:\/\/lattes.cnpq.br\/0138403357197508\" target=\"_blank\" rel=\"noopener noreferrer\">Lattes<\/a>).<\/p>\n<p><strong>Miss\u00e3o:<\/strong><br \/>\nCom equipe transversal e multidisciplinar, o Lab Surf atua no\u00a0<strong>desenvolvimento e avalia\u00e7\u00e3o de revestimentos e modifica\u00e7\u00f5es superficiais<\/strong>, visando:<\/p>\n<ul>\n<li>Melhorar o desempenho de materiais frente a\u00a0<strong>Tribologia e Corros\u00e3o<\/strong>;<\/li>\n<li>Compreender fen\u00f4menos superficiais em\u00a0<strong>processos de fabrica\u00e7\u00e3o mec\u00e2nica<\/strong>;<\/li>\n<li>Promover solu\u00e7\u00f5es inovadoras alinhadas aos\u00a0<strong>ODS 9 (Ind\u00fastria, Inova\u00e7\u00e3o e Infraestrutura)<\/strong>\u00a0e\u00a0<strong>ODS 12 (Consumo Respons\u00e1vel)<\/strong>.<\/li>\n<\/ul>\n<p><strong>Projetos em Andamento:<\/strong><\/p>\n<ol start=\"1\">\n<li><strong>Termovis\u00e3o:<\/strong><br \/>\nPlataforma integrada de\u00a0<em>hardware<\/em>\u00a0e\u00a0<em>software<\/em>\u00a0para controle de qualidade de juntas soldadas, otimizando:<\/p>\n<ul>\n<li>Soldabilidade<\/li>\n<li>Tenacidade \u00e0 fratura<\/li>\n<li>Resist\u00eancia \u00e0 corros\u00e3o<br \/>\n<em>(Alinhado ao ODS 9)<\/em><\/li>\n<\/ul>\n<\/li>\n<li><strong>Corros\u00e3o e Eletroqu\u00edmica:<\/strong><br \/>\nPesquisa de mecanismos de degrada\u00e7\u00e3o e desenvolvimento de revestimentos protetivos para aplica\u00e7\u00f5es industriais.<br \/>\n<em>(Alinhado ao ODS 9 e 12)<\/em><\/li>\n<li><strong>Modifica\u00e7\u00f5es Superficiais na Conforma\u00e7\u00e3o Mec\u00e2nica:<\/strong>\n<ul>\n<li>Texturiza\u00e7\u00e3o superficial<\/li>\n<li>Revestimentos funcionais<br \/>\n<em>(Alinhado ao ODS 9)<\/em><\/li>\n<\/ul>\n<\/li>\n<li><strong>Avalia\u00e7\u00e3o Tribol\u00f3gica de A\u00e7os e Revestimentos:<\/strong><br \/>\nTestes de desempenho para ferramentas de conforma\u00e7\u00e3o, visando aumentar vida \u00fatil e efici\u00eancia energ\u00e9tica.<br \/>\n<em>(Alinhado ao ODS 7 e 9)<\/em><\/li>\n<\/ol>\n<p><strong>Diferenciais:<\/strong><\/p>\n<ul>\n<li>Infraestrutura avan\u00e7ada para ensaios tribol\u00f3gicos e eletroqu\u00edmicos;<\/li>\n<li>Parcerias com ind\u00fastrias e centros de pesquisa nacionais\/internacionais;<\/li>\n<li>Abordagem sustent\u00e1vel em processos de fabrica\u00e7\u00e3o.<\/li>\n<\/ul>\n<p><strong>Saiba Mais:<\/strong><br \/>\nAcesse nosso site para detalhes t\u00e9cnicos e publica\u00e7\u00f5es:<br \/>\n<a href=\"https:\/\/lab-surf.glitch.me\/\" target=\"_blank\" rel=\"noopener noreferrer\">Lab Surf Website<\/a><\/p>\n","protected":false},"excerpt":{"rendered":"<p>Coordena\u00e7\u00e3o: O Lab Surf coordena o\u00a0Ct-Trib (INCT Tribologia)\u00a0e \u00e9 liderado pela\u00a0Profa. Dra. Henara Lillian Costa Murray\u00a0(Lattes) e pelo\u00a0Prof. Dr. Jos\u00e9 Henrique Alano\u00a0(Lattes). Miss\u00e3o: Com equipe transversal e multidisciplinar, o Lab Surf atua no\u00a0desenvolvimento e avalia\u00e7\u00e3o de revestimentos e modifica\u00e7\u00f5es superficiais, visando: Melhorar o desempenho de materiais frente a\u00a0Tribologia e Corros\u00e3o; Compreender fen\u00f4menos superficiais em\u00a0processos de [&hellip;]<\/p>\n","protected":false},"author":370,"featured_media":0,"parent":88,"menu_order":0,"comment_status":"closed","ping_status":"closed","template":"","meta":{"jetpack_post_was_ever_published":false,"footnotes":""},"class_list":["post-5209","page","type-page","status-publish","hentry"],"yoast_head":"<!-- This site is optimized with the Yoast SEO plugin v26.7 - https:\/\/yoast.com\/wordpress\/plugins\/seo\/ -->\n<title>Laborat\u00f3rio de Engenharia de Superf\u00edcies (Lab Surf) &#8211; Programa de P\u00f3s-Gradua\u00e7\u00e3o em Ci\u00eancia e Engenharia de Materiais<\/title>\n<meta name=\"robots\" content=\"index, follow, max-snippet:-1, max-image-preview:large, max-video-preview:-1\" \/>\n<link rel=\"canonical\" href=\"https:\/\/wp.ufpel.edu.br\/ppgcem\/pt\/infraestrutura\/laboratorio-de-engenharia-de-superficies-lab-surf\/\" \/>\n<meta property=\"og:locale\" content=\"pt_BR\" \/>\n<meta property=\"og:type\" content=\"article\" \/>\n<meta property=\"og:title\" content=\"Laborat\u00f3rio de Engenharia de Superf\u00edcies (Lab Surf) &#8211; Programa de P\u00f3s-Gradua\u00e7\u00e3o em Ci\u00eancia e Engenharia de Materiais\" \/>\n<meta property=\"og:description\" content=\"Coordena\u00e7\u00e3o: O Lab Surf coordena o\u00a0Ct-Trib (INCT Tribologia)\u00a0e \u00e9 liderado pela\u00a0Profa. Dra. Henara Lillian Costa Murray\u00a0(Lattes) e pelo\u00a0Prof. Dr. Jos\u00e9 Henrique Alano\u00a0(Lattes). Miss\u00e3o: Com equipe transversal e multidisciplinar, o Lab Surf atua no\u00a0desenvolvimento e avalia\u00e7\u00e3o de revestimentos e modifica\u00e7\u00f5es superficiais, visando: Melhorar o desempenho de materiais frente a\u00a0Tribologia e Corros\u00e3o; Compreender fen\u00f4menos superficiais em\u00a0processos de [&hellip;]\" \/>\n<meta property=\"og:url\" content=\"https:\/\/wp.ufpel.edu.br\/ppgcem\/pt\/infraestrutura\/laboratorio-de-engenharia-de-superficies-lab-surf\/\" \/>\n<meta property=\"og:site_name\" content=\"Programa de P\u00f3s-Gradua\u00e7\u00e3o em Ci\u00eancia e Engenharia de Materiais\" \/>\n<meta name=\"twitter:card\" content=\"summary_large_image\" \/>\n<meta name=\"twitter:label1\" content=\"Est. tempo de leitura\" \/>\n\t<meta name=\"twitter:data1\" content=\"2 minutos\" \/>\n<script type=\"application\/ld+json\" class=\"yoast-schema-graph\">{\"@context\":\"https:\/\/schema.org\",\"@graph\":[{\"@type\":\"WebPage\",\"@id\":\"https:\/\/wp.ufpel.edu.br\/ppgcem\/pt\/infraestrutura\/laboratorio-de-engenharia-de-superficies-lab-surf\/\",\"url\":\"https:\/\/wp.ufpel.edu.br\/ppgcem\/pt\/infraestrutura\/laboratorio-de-engenharia-de-superficies-lab-surf\/\",\"name\":\"Laborat\u00f3rio de Engenharia de Superf\u00edcies (Lab Surf) &#8211; Programa de P\u00f3s-Gradua\u00e7\u00e3o em Ci\u00eancia e Engenharia de Materiais\",\"isPartOf\":{\"@id\":\"https:\/\/wp.ufpel.edu.br\/ppgcem\/pt\/#website\"},\"datePublished\":\"2025-03-24T20:05:39+00:00\",\"breadcrumb\":{\"@id\":\"https:\/\/wp.ufpel.edu.br\/ppgcem\/pt\/infraestrutura\/laboratorio-de-engenharia-de-superficies-lab-surf\/#breadcrumb\"},\"inLanguage\":\"pt-BR\",\"potentialAction\":[{\"@type\":\"ReadAction\",\"target\":[\"https:\/\/wp.ufpel.edu.br\/ppgcem\/pt\/infraestrutura\/laboratorio-de-engenharia-de-superficies-lab-surf\/\"]}]},{\"@type\":\"BreadcrumbList\",\"@id\":\"https:\/\/wp.ufpel.edu.br\/ppgcem\/pt\/infraestrutura\/laboratorio-de-engenharia-de-superficies-lab-surf\/#breadcrumb\",\"itemListElement\":[{\"@type\":\"ListItem\",\"position\":1,\"name\":\"In\u00edcio\",\"item\":\"https:\/\/wp.ufpel.edu.br\/ppgcem\/pt\/\"},{\"@type\":\"ListItem\",\"position\":2,\"name\":\"Grupos de Pesquisa\/Laborat\u00f3rios\",\"item\":\"https:\/\/wp.ufpel.edu.br\/ppgcem\/pt\/infraestrutura\/\"},{\"@type\":\"ListItem\",\"position\":3,\"name\":\"Laborat\u00f3rio de Engenharia de Superf\u00edcies (Lab Surf)\"}]},{\"@type\":\"WebSite\",\"@id\":\"https:\/\/wp.ufpel.edu.br\/ppgcem\/pt\/#website\",\"url\":\"https:\/\/wp.ufpel.edu.br\/ppgcem\/pt\/\",\"name\":\"Programa de P\u00f3s-Gradua\u00e7\u00e3o em Ci\u00eancia e Engenharia de Materiais\",\"description\":\"\",\"potentialAction\":[{\"@type\":\"SearchAction\",\"target\":{\"@type\":\"EntryPoint\",\"urlTemplate\":\"https:\/\/wp.ufpel.edu.br\/ppgcem\/pt\/?s={search_term_string}\"},\"query-input\":{\"@type\":\"PropertyValueSpecification\",\"valueRequired\":true,\"valueName\":\"search_term_string\"}}],\"inLanguage\":\"pt-BR\"}]}<\/script>\n<!-- \/ Yoast SEO plugin. -->","yoast_head_json":{"title":"Laborat\u00f3rio de Engenharia de Superf\u00edcies (Lab Surf) &#8211; Programa de P\u00f3s-Gradua\u00e7\u00e3o em Ci\u00eancia e Engenharia de Materiais","robots":{"index":"index","follow":"follow","max-snippet":"max-snippet:-1","max-image-preview":"max-image-preview:large","max-video-preview":"max-video-preview:-1"},"canonical":"https:\/\/wp.ufpel.edu.br\/ppgcem\/pt\/infraestrutura\/laboratorio-de-engenharia-de-superficies-lab-surf\/","og_locale":"pt_BR","og_type":"article","og_title":"Laborat\u00f3rio de Engenharia de Superf\u00edcies (Lab Surf) &#8211; Programa de P\u00f3s-Gradua\u00e7\u00e3o em Ci\u00eancia e Engenharia de Materiais","og_description":"Coordena\u00e7\u00e3o: O Lab Surf coordena o\u00a0Ct-Trib (INCT Tribologia)\u00a0e \u00e9 liderado pela\u00a0Profa. Dra. Henara Lillian Costa Murray\u00a0(Lattes) e pelo\u00a0Prof. Dr. Jos\u00e9 Henrique Alano\u00a0(Lattes). Miss\u00e3o: Com equipe transversal e multidisciplinar, o Lab Surf atua no\u00a0desenvolvimento e avalia\u00e7\u00e3o de revestimentos e modifica\u00e7\u00f5es superficiais, visando: Melhorar o desempenho de materiais frente a\u00a0Tribologia e Corros\u00e3o; Compreender fen\u00f4menos superficiais em\u00a0processos de [&hellip;]","og_url":"https:\/\/wp.ufpel.edu.br\/ppgcem\/pt\/infraestrutura\/laboratorio-de-engenharia-de-superficies-lab-surf\/","og_site_name":"Programa de P\u00f3s-Gradua\u00e7\u00e3o em Ci\u00eancia e Engenharia de Materiais","twitter_card":"summary_large_image","twitter_misc":{"Est. tempo de leitura":"2 minutos"},"schema":{"@context":"https:\/\/schema.org","@graph":[{"@type":"WebPage","@id":"https:\/\/wp.ufpel.edu.br\/ppgcem\/pt\/infraestrutura\/laboratorio-de-engenharia-de-superficies-lab-surf\/","url":"https:\/\/wp.ufpel.edu.br\/ppgcem\/pt\/infraestrutura\/laboratorio-de-engenharia-de-superficies-lab-surf\/","name":"Laborat\u00f3rio de Engenharia de Superf\u00edcies (Lab Surf) &#8211; Programa de P\u00f3s-Gradua\u00e7\u00e3o em Ci\u00eancia e Engenharia de Materiais","isPartOf":{"@id":"https:\/\/wp.ufpel.edu.br\/ppgcem\/pt\/#website"},"datePublished":"2025-03-24T20:05:39+00:00","breadcrumb":{"@id":"https:\/\/wp.ufpel.edu.br\/ppgcem\/pt\/infraestrutura\/laboratorio-de-engenharia-de-superficies-lab-surf\/#breadcrumb"},"inLanguage":"pt-BR","potentialAction":[{"@type":"ReadAction","target":["https:\/\/wp.ufpel.edu.br\/ppgcem\/pt\/infraestrutura\/laboratorio-de-engenharia-de-superficies-lab-surf\/"]}]},{"@type":"BreadcrumbList","@id":"https:\/\/wp.ufpel.edu.br\/ppgcem\/pt\/infraestrutura\/laboratorio-de-engenharia-de-superficies-lab-surf\/#breadcrumb","itemListElement":[{"@type":"ListItem","position":1,"name":"In\u00edcio","item":"https:\/\/wp.ufpel.edu.br\/ppgcem\/pt\/"},{"@type":"ListItem","position":2,"name":"Grupos de Pesquisa\/Laborat\u00f3rios","item":"https:\/\/wp.ufpel.edu.br\/ppgcem\/pt\/infraestrutura\/"},{"@type":"ListItem","position":3,"name":"Laborat\u00f3rio de Engenharia de Superf\u00edcies (Lab Surf)"}]},{"@type":"WebSite","@id":"https:\/\/wp.ufpel.edu.br\/ppgcem\/pt\/#website","url":"https:\/\/wp.ufpel.edu.br\/ppgcem\/pt\/","name":"Programa de P\u00f3s-Gradua\u00e7\u00e3o em Ci\u00eancia e Engenharia de Materiais","description":"","potentialAction":[{"@type":"SearchAction","target":{"@type":"EntryPoint","urlTemplate":"https:\/\/wp.ufpel.edu.br\/ppgcem\/pt\/?s={search_term_string}"},"query-input":{"@type":"PropertyValueSpecification","valueRequired":true,"valueName":"search_term_string"}}],"inLanguage":"pt-BR"}]}},"jetpack_sharing_enabled":true,"jetpack_shortlink":"https:\/\/wp.me\/P8zk0j-1m1","_links":{"self":[{"href":"https:\/\/wp.ufpel.edu.br\/ppgcem\/wp-json\/wp\/v2\/pages\/5209","targetHints":{"allow":["GET"]}}],"collection":[{"href":"https:\/\/wp.ufpel.edu.br\/ppgcem\/wp-json\/wp\/v2\/pages"}],"about":[{"href":"https:\/\/wp.ufpel.edu.br\/ppgcem\/wp-json\/wp\/v2\/types\/page"}],"author":[{"embeddable":true,"href":"https:\/\/wp.ufpel.edu.br\/ppgcem\/wp-json\/wp\/v2\/users\/370"}],"replies":[{"embeddable":true,"href":"https:\/\/wp.ufpel.edu.br\/ppgcem\/wp-json\/wp\/v2\/comments?post=5209"}],"version-history":[{"count":1,"href":"https:\/\/wp.ufpel.edu.br\/ppgcem\/wp-json\/wp\/v2\/pages\/5209\/revisions"}],"predecessor-version":[{"id":5211,"href":"https:\/\/wp.ufpel.edu.br\/ppgcem\/wp-json\/wp\/v2\/pages\/5209\/revisions\/5211"}],"up":[{"embeddable":true,"href":"https:\/\/wp.ufpel.edu.br\/ppgcem\/wp-json\/wp\/v2\/pages\/88"}],"wp:attachment":[{"href":"https:\/\/wp.ufpel.edu.br\/ppgcem\/wp-json\/wp\/v2\/media?parent=5209"}],"curies":[{"name":"wp","href":"https:\/\/api.w.org\/{rel}","templated":true}]}}