{"id":5188,"date":"2025-03-19T16:07:33","date_gmt":"2025-03-19T19:07:33","guid":{"rendered":"https:\/\/wp.ufpel.edu.br\/ppgcem\/?page_id=5188"},"modified":"2025-03-19T16:07:33","modified_gmt":"2025-03-19T19:07:33","slug":"publicacao-na-advanced-materials","status":"publish","type":"page","link":"https:\/\/wp.ufpel.edu.br\/ppgcem\/discentes\/publicacao-na-advanced-materials\/","title":{"rendered":"Publica\u00e7\u00e3o na Advanced Materials"},"content":{"rendered":"<p>O PPGCEM\u00a0 compartilha com muita satisfa\u00e7\u00e3o a recente publica\u00e7\u00e3o envolvendo um egresso do PPGCEM, Bruno, assim com a discente de mestrado Ana Carolina e o orientador prof. Andr\u00e9 Missio do PPGCEM, em colabora\u00e7\u00e3o internacional, na prestigiosa Advanced Materials, trabalho intitulado &#8220;<strong>Versatile Assembly of Metal-Phenolic Network Foams Enabled by Tannin-Cellulose Nanofibers<\/strong>&#8220;, a Advanced Materials possui um elevado fator de impacto, bem como um dos jornais cient\u00edficos da \u00e1rea de Materiais de maior relev\u00e2ncia na atualidade.<\/p>\n<p><a href=\"https:\/\/onlinelibrary.wiley.com\/doi\/10.1002\/adma.202209685\">Versatile Assembly of Metal\u2013Phenolic Network Foams Enabled by Tannin\u2013Cellulose Nanofibers<\/a><\/p>\n<p><a href=\"https:\/\/wp.ufpel.edu.br\/ppgcem\/files\/2023\/02\/WhatsApp-Image-2023-02-03-at-13.45.37.jpeg\"><img class=\"alignleft wp-image-4264\" src=\"https:\/\/wp.ufpel.edu.br\/ppgcem\/files\/2023\/02\/WhatsApp-Image-2023-02-03-at-13.45.37-320x400.jpeg\" alt=\"\" width=\"266\" height=\"333\" srcset=\"https:\/\/wp.ufpel.edu.br\/ppgcem\/files\/2023\/02\/WhatsApp-Image-2023-02-03-at-13.45.37-320x400.jpeg 320w, https:\/\/wp.ufpel.edu.br\/ppgcem\/files\/2023\/02\/WhatsApp-Image-2023-02-03-at-13.45.37-820x1024.jpeg 820w, https:\/\/wp.ufpel.edu.br\/ppgcem\/files\/2023\/02\/WhatsApp-Image-2023-02-03-at-13.45.37-768x959.jpeg 768w, https:\/\/wp.ufpel.edu.br\/ppgcem\/files\/2023\/02\/WhatsApp-Image-2023-02-03-at-13.45.37.jpeg 1080w\" sizes=\"(max-width: 266px) 100vw, 266px\" \/><\/a><\/p>\n<p><a href=\"https:\/\/wp.ufpel.edu.br\/ppgcem\/files\/2023\/02\/indice.jpg\"><img class=\"alignleft wp-image-4263\" src=\"https:\/\/wp.ufpel.edu.br\/ppgcem\/files\/2023\/02\/indice-320x400.jpg\" alt=\"\" width=\"269\" height=\"336\" srcset=\"https:\/\/wp.ufpel.edu.br\/ppgcem\/files\/2023\/02\/indice-320x400.jpg 320w, https:\/\/wp.ufpel.edu.br\/ppgcem\/files\/2023\/02\/indice-820x1024.jpg 820w, https:\/\/wp.ufpel.edu.br\/ppgcem\/files\/2023\/02\/indice-768x959.jpg 768w, https:\/\/wp.ufpel.edu.br\/ppgcem\/files\/2023\/02\/indice.jpg 1080w\" sizes=\"(max-width: 269px) 100vw, 269px\" \/><\/a><\/p>\n","protected":false},"excerpt":{"rendered":"<p>O PPGCEM\u00a0 compartilha com muita satisfa\u00e7\u00e3o a recente publica\u00e7\u00e3o envolvendo um egresso do PPGCEM, Bruno, assim com a discente de mestrado Ana Carolina e o orientador prof. Andr\u00e9 Missio do PPGCEM, em colabora\u00e7\u00e3o internacional, na prestigiosa Advanced Materials, trabalho intitulado &#8220;Versatile Assembly of Metal-Phenolic Network Foams Enabled by Tannin-Cellulose Nanofibers&#8220;, a Advanced Materials possui um [&hellip;]<\/p>\n","protected":false},"author":370,"featured_media":0,"parent":5139,"menu_order":1,"comment_status":"closed","ping_status":"closed","template":"","meta":{"jetpack_post_was_ever_published":false,"footnotes":""},"class_list":["post-5188","page","type-page","status-publish","hentry"],"yoast_head":"<!-- This site is optimized with the Yoast SEO plugin v26.7 - https:\/\/yoast.com\/wordpress\/plugins\/seo\/ -->\n<title>Publica\u00e7\u00e3o na Advanced Materials &#8211; Programa de P\u00f3s-Gradua\u00e7\u00e3o em Ci\u00eancia e Engenharia de Materiais<\/title>\n<meta name=\"robots\" content=\"index, follow, max-snippet:-1, max-image-preview:large, max-video-preview:-1\" \/>\n<link rel=\"canonical\" href=\"https:\/\/wp.ufpel.edu.br\/ppgcem\/pt\/discentes\/publicacao-na-advanced-materials\/\" \/>\n<meta property=\"og:locale\" content=\"pt_BR\" \/>\n<meta property=\"og:type\" content=\"article\" \/>\n<meta property=\"og:title\" content=\"Publica\u00e7\u00e3o na Advanced Materials &#8211; Programa de P\u00f3s-Gradua\u00e7\u00e3o em Ci\u00eancia e Engenharia de Materiais\" \/>\n<meta property=\"og:description\" content=\"O PPGCEM\u00a0 compartilha com muita satisfa\u00e7\u00e3o a recente publica\u00e7\u00e3o envolvendo um egresso do PPGCEM, Bruno, assim com a discente de mestrado Ana Carolina e o orientador prof. Andr\u00e9 Missio do PPGCEM, em colabora\u00e7\u00e3o internacional, na prestigiosa Advanced Materials, trabalho intitulado &#8220;Versatile Assembly of Metal-Phenolic Network Foams Enabled by Tannin-Cellulose Nanofibers&#8220;, a Advanced Materials possui um [&hellip;]\" \/>\n<meta property=\"og:url\" content=\"https:\/\/wp.ufpel.edu.br\/ppgcem\/pt\/discentes\/publicacao-na-advanced-materials\/\" \/>\n<meta property=\"og:site_name\" content=\"Programa de P\u00f3s-Gradua\u00e7\u00e3o em Ci\u00eancia e Engenharia de Materiais\" \/>\n<meta property=\"og:image\" content=\"https:\/\/wp.ufpel.edu.br\/ppgcem\/files\/2023\/02\/WhatsApp-Image-2023-02-03-at-13.45.37.jpeg\" \/>\n\t<meta property=\"og:image:width\" content=\"1080\" \/>\n\t<meta property=\"og:image:height\" content=\"1349\" \/>\n\t<meta property=\"og:image:type\" content=\"image\/jpeg\" \/>\n<meta name=\"twitter:card\" content=\"summary_large_image\" \/>\n<meta name=\"twitter:label1\" content=\"Est. tempo de leitura\" \/>\n\t<meta name=\"twitter:data1\" content=\"1 minuto\" \/>\n<script type=\"application\/ld+json\" class=\"yoast-schema-graph\">{\"@context\":\"https:\/\/schema.org\",\"@graph\":[{\"@type\":\"WebPage\",\"@id\":\"https:\/\/wp.ufpel.edu.br\/ppgcem\/pt\/discentes\/publicacao-na-advanced-materials\/\",\"url\":\"https:\/\/wp.ufpel.edu.br\/ppgcem\/pt\/discentes\/publicacao-na-advanced-materials\/\",\"name\":\"Publica\u00e7\u00e3o na Advanced Materials &#8211; Programa de P\u00f3s-Gradua\u00e7\u00e3o em Ci\u00eancia e Engenharia de Materiais\",\"isPartOf\":{\"@id\":\"https:\/\/wp.ufpel.edu.br\/ppgcem\/pt\/#website\"},\"primaryImageOfPage\":{\"@id\":\"https:\/\/wp.ufpel.edu.br\/ppgcem\/pt\/discentes\/publicacao-na-advanced-materials\/#primaryimage\"},\"image\":{\"@id\":\"https:\/\/wp.ufpel.edu.br\/ppgcem\/pt\/discentes\/publicacao-na-advanced-materials\/#primaryimage\"},\"thumbnailUrl\":\"https:\/\/wp.ufpel.edu.br\/ppgcem\/files\/2023\/02\/WhatsApp-Image-2023-02-03-at-13.45.37-320x400.jpeg\",\"datePublished\":\"2025-03-19T19:07:33+00:00\",\"breadcrumb\":{\"@id\":\"https:\/\/wp.ufpel.edu.br\/ppgcem\/pt\/discentes\/publicacao-na-advanced-materials\/#breadcrumb\"},\"inLanguage\":\"pt-BR\",\"potentialAction\":[{\"@type\":\"ReadAction\",\"target\":[\"https:\/\/wp.ufpel.edu.br\/ppgcem\/pt\/discentes\/publicacao-na-advanced-materials\/\"]}]},{\"@type\":\"ImageObject\",\"inLanguage\":\"pt-BR\",\"@id\":\"https:\/\/wp.ufpel.edu.br\/ppgcem\/pt\/discentes\/publicacao-na-advanced-materials\/#primaryimage\",\"url\":\"https:\/\/wp.ufpel.edu.br\/ppgcem\/files\/2023\/02\/WhatsApp-Image-2023-02-03-at-13.45.37.jpeg\",\"contentUrl\":\"https:\/\/wp.ufpel.edu.br\/ppgcem\/files\/2023\/02\/WhatsApp-Image-2023-02-03-at-13.45.37.jpeg\",\"width\":1080,\"height\":1349},{\"@type\":\"BreadcrumbList\",\"@id\":\"https:\/\/wp.ufpel.edu.br\/ppgcem\/pt\/discentes\/publicacao-na-advanced-materials\/#breadcrumb\",\"itemListElement\":[{\"@type\":\"ListItem\",\"position\":1,\"name\":\"In\u00edcio\",\"item\":\"https:\/\/wp.ufpel.edu.br\/ppgcem\/pt\/\"},{\"@type\":\"ListItem\",\"position\":2,\"name\":\"Discentes\",\"item\":\"https:\/\/wp.ufpel.edu.br\/ppgcem\/pt\/discentes\/\"},{\"@type\":\"ListItem\",\"position\":3,\"name\":\"Publica\u00e7\u00e3o na Advanced Materials\"}]},{\"@type\":\"WebSite\",\"@id\":\"https:\/\/wp.ufpel.edu.br\/ppgcem\/pt\/#website\",\"url\":\"https:\/\/wp.ufpel.edu.br\/ppgcem\/pt\/\",\"name\":\"Programa de P\u00f3s-Gradua\u00e7\u00e3o em Ci\u00eancia e Engenharia de Materiais\",\"description\":\"\",\"potentialAction\":[{\"@type\":\"SearchAction\",\"target\":{\"@type\":\"EntryPoint\",\"urlTemplate\":\"https:\/\/wp.ufpel.edu.br\/ppgcem\/pt\/?s={search_term_string}\"},\"query-input\":{\"@type\":\"PropertyValueSpecification\",\"valueRequired\":true,\"valueName\":\"search_term_string\"}}],\"inLanguage\":\"pt-BR\"}]}<\/script>\n<!-- \/ Yoast SEO plugin. -->","yoast_head_json":{"title":"Publica\u00e7\u00e3o na Advanced Materials &#8211; Programa de P\u00f3s-Gradua\u00e7\u00e3o em Ci\u00eancia e Engenharia de Materiais","robots":{"index":"index","follow":"follow","max-snippet":"max-snippet:-1","max-image-preview":"max-image-preview:large","max-video-preview":"max-video-preview:-1"},"canonical":"https:\/\/wp.ufpel.edu.br\/ppgcem\/pt\/discentes\/publicacao-na-advanced-materials\/","og_locale":"pt_BR","og_type":"article","og_title":"Publica\u00e7\u00e3o na Advanced Materials &#8211; Programa de P\u00f3s-Gradua\u00e7\u00e3o em Ci\u00eancia e Engenharia de Materiais","og_description":"O PPGCEM\u00a0 compartilha com muita satisfa\u00e7\u00e3o a recente publica\u00e7\u00e3o envolvendo um egresso do PPGCEM, Bruno, assim com a discente de mestrado Ana Carolina e o orientador prof. Andr\u00e9 Missio do PPGCEM, em colabora\u00e7\u00e3o internacional, na prestigiosa Advanced Materials, trabalho intitulado &#8220;Versatile Assembly of Metal-Phenolic Network Foams Enabled by Tannin-Cellulose Nanofibers&#8220;, a Advanced Materials possui um [&hellip;]","og_url":"https:\/\/wp.ufpel.edu.br\/ppgcem\/pt\/discentes\/publicacao-na-advanced-materials\/","og_site_name":"Programa de P\u00f3s-Gradua\u00e7\u00e3o em Ci\u00eancia e Engenharia de Materiais","og_image":[{"width":1080,"height":1349,"url":"https:\/\/wp.ufpel.edu.br\/ppgcem\/files\/2023\/02\/WhatsApp-Image-2023-02-03-at-13.45.37.jpeg","type":"image\/jpeg"}],"twitter_card":"summary_large_image","twitter_misc":{"Est. tempo de leitura":"1 minuto"},"schema":{"@context":"https:\/\/schema.org","@graph":[{"@type":"WebPage","@id":"https:\/\/wp.ufpel.edu.br\/ppgcem\/pt\/discentes\/publicacao-na-advanced-materials\/","url":"https:\/\/wp.ufpel.edu.br\/ppgcem\/pt\/discentes\/publicacao-na-advanced-materials\/","name":"Publica\u00e7\u00e3o na Advanced Materials &#8211; Programa de P\u00f3s-Gradua\u00e7\u00e3o em Ci\u00eancia e Engenharia de Materiais","isPartOf":{"@id":"https:\/\/wp.ufpel.edu.br\/ppgcem\/pt\/#website"},"primaryImageOfPage":{"@id":"https:\/\/wp.ufpel.edu.br\/ppgcem\/pt\/discentes\/publicacao-na-advanced-materials\/#primaryimage"},"image":{"@id":"https:\/\/wp.ufpel.edu.br\/ppgcem\/pt\/discentes\/publicacao-na-advanced-materials\/#primaryimage"},"thumbnailUrl":"https:\/\/wp.ufpel.edu.br\/ppgcem\/files\/2023\/02\/WhatsApp-Image-2023-02-03-at-13.45.37-320x400.jpeg","datePublished":"2025-03-19T19:07:33+00:00","breadcrumb":{"@id":"https:\/\/wp.ufpel.edu.br\/ppgcem\/pt\/discentes\/publicacao-na-advanced-materials\/#breadcrumb"},"inLanguage":"pt-BR","potentialAction":[{"@type":"ReadAction","target":["https:\/\/wp.ufpel.edu.br\/ppgcem\/pt\/discentes\/publicacao-na-advanced-materials\/"]}]},{"@type":"ImageObject","inLanguage":"pt-BR","@id":"https:\/\/wp.ufpel.edu.br\/ppgcem\/pt\/discentes\/publicacao-na-advanced-materials\/#primaryimage","url":"https:\/\/wp.ufpel.edu.br\/ppgcem\/files\/2023\/02\/WhatsApp-Image-2023-02-03-at-13.45.37.jpeg","contentUrl":"https:\/\/wp.ufpel.edu.br\/ppgcem\/files\/2023\/02\/WhatsApp-Image-2023-02-03-at-13.45.37.jpeg","width":1080,"height":1349},{"@type":"BreadcrumbList","@id":"https:\/\/wp.ufpel.edu.br\/ppgcem\/pt\/discentes\/publicacao-na-advanced-materials\/#breadcrumb","itemListElement":[{"@type":"ListItem","position":1,"name":"In\u00edcio","item":"https:\/\/wp.ufpel.edu.br\/ppgcem\/pt\/"},{"@type":"ListItem","position":2,"name":"Discentes","item":"https:\/\/wp.ufpel.edu.br\/ppgcem\/pt\/discentes\/"},{"@type":"ListItem","position":3,"name":"Publica\u00e7\u00e3o na Advanced Materials"}]},{"@type":"WebSite","@id":"https:\/\/wp.ufpel.edu.br\/ppgcem\/pt\/#website","url":"https:\/\/wp.ufpel.edu.br\/ppgcem\/pt\/","name":"Programa de P\u00f3s-Gradua\u00e7\u00e3o em Ci\u00eancia e Engenharia de Materiais","description":"","potentialAction":[{"@type":"SearchAction","target":{"@type":"EntryPoint","urlTemplate":"https:\/\/wp.ufpel.edu.br\/ppgcem\/pt\/?s={search_term_string}"},"query-input":{"@type":"PropertyValueSpecification","valueRequired":true,"valueName":"search_term_string"}}],"inLanguage":"pt-BR"}]}},"jetpack_sharing_enabled":true,"jetpack_shortlink":"https:\/\/wp.me\/P8zk0j-1lG","_links":{"self":[{"href":"https:\/\/wp.ufpel.edu.br\/ppgcem\/wp-json\/wp\/v2\/pages\/5188","targetHints":{"allow":["GET"]}}],"collection":[{"href":"https:\/\/wp.ufpel.edu.br\/ppgcem\/wp-json\/wp\/v2\/pages"}],"about":[{"href":"https:\/\/wp.ufpel.edu.br\/ppgcem\/wp-json\/wp\/v2\/types\/page"}],"author":[{"embeddable":true,"href":"https:\/\/wp.ufpel.edu.br\/ppgcem\/wp-json\/wp\/v2\/users\/370"}],"replies":[{"embeddable":true,"href":"https:\/\/wp.ufpel.edu.br\/ppgcem\/wp-json\/wp\/v2\/comments?post=5188"}],"version-history":[{"count":1,"href":"https:\/\/wp.ufpel.edu.br\/ppgcem\/wp-json\/wp\/v2\/pages\/5188\/revisions"}],"predecessor-version":[{"id":5190,"href":"https:\/\/wp.ufpel.edu.br\/ppgcem\/wp-json\/wp\/v2\/pages\/5188\/revisions\/5190"}],"up":[{"embeddable":true,"href":"https:\/\/wp.ufpel.edu.br\/ppgcem\/wp-json\/wp\/v2\/pages\/5139"}],"wp:attachment":[{"href":"https:\/\/wp.ufpel.edu.br\/ppgcem\/wp-json\/wp\/v2\/media?parent=5188"}],"curies":[{"name":"wp","href":"https:\/\/api.w.org\/{rel}","templated":true}]}}